{"id":117,"date":"2026-04-17T07:15:29","date_gmt":"2026-04-17T10:15:29","guid":{"rendered":"https:\/\/www.hediyepazar.com\/?page_id=117"},"modified":"2026-04-18T14:28:22","modified_gmt":"2026-04-18T17:28:22","slug":"cerez-politikasi","status":"publish","type":"page","link":"https:\/\/www.hediyepazar.com\/?page_id=117","title":{"rendered":"\u00c7erez Politikas\u0131"},"content":{"rendered":"\n<p>\u0130nternet sitemizden (<a href=\"https:\/\/www.hediyepazar.com\/\" data-type=\"page\" data-id=\"220\">www.hediyepazar.com<\/a>) en verimli \u015fekilde faydalanabilmeniz ve kullan\u0131c\u0131 deneyiminizi geli\u015ftirebilmek i\u00e7in Cookie kullan\u0131yoruz. <br>Web sitemize giri\u015f yapt\u0131\u011f\u0131n\u0131z zaman, sizlere, Cookie kullan\u0131m\u0131 kabul edip etmedi\u011finize dair bir soru sorulmaktad\u0131r. &#8216;Kabul Et&#8217; se\u00e7ene\u011fini se\u00e7tikten sonra Cookie&#8217;ler aktif olacakt\u0131r. <br>Sonradan fikrinizi de\u011fi\u015ftirirseniz ve Cookie kullan\u0131lmas\u0131n\u0131 tercih etmezseniz taray\u0131c\u0131n\u0131z\u0131n ayarlar\u0131ndan Cookie\u2019leri her zaman silebilir ya da engelleyebilirsiniz. Ancak bunun internet sitemizi kullan\u0131m\u0131n\u0131z\u0131 etkileyebilece\u011fini hat\u0131rlatmak isteriz. <br>Taray\u0131c\u0131n\u0131zdan Cookie ayarlar\u0131n\u0131z\u0131 de\u011fi\u015ftirmedi\u011finiz s\u00fcrece bu sitede Cookie&#8217;ler kullan\u0131lmaya devam edecektir. <br>Cookie&#8217;lerin hangi ama\u00e7la kullan\u0131ld\u0131\u011f\u0131 ve ne kadar s\u00fcre depoland\u0131\u011f\u0131 a\u015fa\u011f\u0131da belirtilmektedir. <br>Sitemizde yer alan servislerin kullan\u0131m\u0131 i\u00e7in bizimle do\u011frudan veya dolayl\u0131 olarak baz\u0131 bilgi ve veriler payla\u015fmaktas\u0131n\u0131z. <br>Bu bilgiler siteye kay\u0131t olurken verdi\u011finiz ki\u015fisel bilgiler (isim, e-posta adresi, telefon gibi) veya siteyi kullan\u0131m\u0131n\u0131z (ileti\u015fim formunu kullan\u0131rken, yorum yaparken vb.) esnas\u0131nda toplad\u0131\u011f\u0131m\u0131z bilgilerdir (IP, cihaz, konum ve taray\u0131c\u0131 bilgileri, gezinti ve etkile\u015fim i\u00e7eri\u011fi, tarih ve ba\u011flant\u0131 s\u00fcresi gibi veriler). <br>Bilgi ve verilerinizi saklama konusunda azami \u00f6zeni g\u00f6stermekteyiz. <br>Web sitemiz, sunucumuzda depolanan Cookie verilerinizi 3. parti ki\u015filer ile payla\u015f\u0131lmamaktad\u0131r. <br>Sitede bulunan harici hizmetler (Canl\u0131 Destek eklentisi, Facebook eklentisi, YouTube videosu, Twitter i\u00e7eri\u011fi vb.) taraf\u0131ndan depolanan Cookie verileriniz ise harici hizmetlerin sorumlulu\u011fundad\u0131r.<\/p>\n\n\n\n<p><\/p>\n","protected":false},"excerpt":{"rendered":"<p>\u0130nternet sitemizden (www.hediyepazar.com) en verimli \u015fekilde faydalanabilmeniz ve kullan\u0131c\u0131 deneyiminizi geli\u015ftirebilmek i\u00e7in Cookie kullan\u0131yoruz. Web sitemize giri\u015f yapt\u0131\u011f\u0131n\u0131z zaman, sizlere, Cookie kullan\u0131m\u0131 kabul edip etmedi\u011finize dair bir soru sorulmaktad\u0131r. &#8216;Kabul Et&#8217; se\u00e7ene\u011fini se\u00e7tikten sonra Cookie&#8217;ler aktif olacakt\u0131r. Sonradan fikrinizi de\u011fi\u015ftirirseniz ve Cookie kullan\u0131lmas\u0131n\u0131 tercih etmezseniz taray\u0131c\u0131n\u0131z\u0131n ayarlar\u0131ndan Cookie\u2019leri her zaman silebilir ya da engelleyebilirsiniz. Ancak&#8230;<\/p>\n","protected":false},"author":1,"featured_media":0,"parent":0,"menu_order":0,"comment_status":"closed","ping_status":"closed","template":"","meta":{"_kad_post_transparent":"","_kad_post_title":"","_kad_post_layout":"","_kad_post_sidebar_id":"","_kad_post_content_style":"","_kad_post_vertical_padding":"","_kad_post_feature":"","_kad_post_feature_position":"","_kad_post_header":false,"_kad_post_footer":false,"_kad_post_classname":"","footnotes":""},"class_list":["post-117","page","type-page","status-publish","hentry"],"_links":{"self":[{"href":"https:\/\/www.hediyepazar.com\/index.php?rest_route=\/wp\/v2\/pages\/117","targetHints":{"allow":["GET"]}}],"collection":[{"href":"https:\/\/www.hediyepazar.com\/index.php?rest_route=\/wp\/v2\/pages"}],"about":[{"href":"https:\/\/www.hediyepazar.com\/index.php?rest_route=\/wp\/v2\/types\/page"}],"author":[{"embeddable":true,"href":"https:\/\/www.hediyepazar.com\/index.php?rest_route=\/wp\/v2\/users\/1"}],"replies":[{"embeddable":true,"href":"https:\/\/www.hediyepazar.com\/index.php?rest_route=%2Fwp%2Fv2%2Fcomments&post=117"}],"version-history":[{"count":3,"href":"https:\/\/www.hediyepazar.com\/index.php?rest_route=\/wp\/v2\/pages\/117\/revisions"}],"predecessor-version":[{"id":482,"href":"https:\/\/www.hediyepazar.com\/index.php?rest_route=\/wp\/v2\/pages\/117\/revisions\/482"}],"wp:attachment":[{"href":"https:\/\/www.hediyepazar.com\/index.php?rest_route=%2Fwp%2Fv2%2Fmedia&parent=117"}],"curies":[{"name":"wp","href":"https:\/\/api.w.org\/{rel}","templated":true}]}}