{"id":91494,"date":"2026-04-30T16:34:07","date_gmt":"2026-04-30T19:34:07","guid":{"rendered":"https:\/\/www.hediyepazar.com\/?page_id=91494"},"modified":"2026-04-30T16:34:08","modified_gmt":"2026-04-30T19:34:08","slug":"flas-urunler","status":"publish","type":"page","link":"https:\/\/www.hediyepazar.com\/?page_id=91494","title":{"rendered":"Fla\u015f \u00dcr\u00fcnler"},"content":{"rendered":"","protected":false},"excerpt":{"rendered":"","protected":false},"author":1,"featured_media":0,"parent":0,"menu_order":0,"comment_status":"closed","ping_status":"closed","template":"","meta":{"_kad_post_transparent":"","_kad_post_title":"","_kad_post_layout":"","_kad_post_sidebar_id":"","_kad_post_content_style":"","_kad_post_vertical_padding":"","_kad_post_feature":"","_kad_post_feature_position":"","_kad_post_header":false,"_kad_post_footer":false,"_kad_post_classname":"","footnotes":""},"class_list":["post-91494","page","type-page","status-publish","hentry"],"_links":{"self":[{"href":"https:\/\/www.hediyepazar.com\/index.php?rest_route=\/wp\/v2\/pages\/91494","targetHints":{"allow":["GET"]}}],"collection":[{"href":"https:\/\/www.hediyepazar.com\/index.php?rest_route=\/wp\/v2\/pages"}],"about":[{"href":"https:\/\/www.hediyepazar.com\/index.php?rest_route=\/wp\/v2\/types\/page"}],"author":[{"embeddable":true,"href":"https:\/\/www.hediyepazar.com\/index.php?rest_route=\/wp\/v2\/users\/1"}],"replies":[{"embeddable":true,"href":"https:\/\/www.hediyepazar.com\/index.php?rest_route=%2Fwp%2Fv2%2Fcomments&post=91494"}],"version-history":[{"count":1,"href":"https:\/\/www.hediyepazar.com\/index.php?rest_route=\/wp\/v2\/pages\/91494\/revisions"}],"predecessor-version":[{"id":91499,"href":"https:\/\/www.hediyepazar.com\/index.php?rest_route=\/wp\/v2\/pages\/91494\/revisions\/91499"}],"wp:attachment":[{"href":"https:\/\/www.hediyepazar.com\/index.php?rest_route=%2Fwp%2Fv2%2Fmedia&parent=91494"}],"curies":[{"name":"wp","href":"https:\/\/api.w.org\/{rel}","templated":true}]}}