{"id":10020,"date":"2026-04-26T07:23:07","date_gmt":"2026-04-26T10:23:07","guid":{"rendered":"https:\/\/www.hediyepazar.com\/?product=mag-60-cm-ofset-canak-anten-kucuk-mount-10lu-paket"},"modified":"2026-04-26T07:23:08","modified_gmt":"2026-04-26T10:23:08","slug":"mag-60-cm-ofset-canak-anten-kucuk-mount-10lu-paket","status":"publish","type":"product","link":"https:\/\/www.hediyepazar.com\/?product=mag-60-cm-ofset-canak-anten-kucuk-mount-10lu-paket","title":{"rendered":"Mag 60 Cm Ofset \u00c7anak Anten (k\u00fc\u00e7\u00fck Mount) (10&#8217;lu Paket)"},"content":{"rendered":"<p>Mag 60 Cm Ofset \u00c7anak Anten (k\u00fc\u00e7\u00fck Mount) (10&#8217;lu Paket)<\/p>\n","protected":false},"excerpt":{"rendered":"<p>Mag 60 Cm Ofset \u00c7anak Anten (k\u00fc\u00e7\u00fck Mount) (10&#8217;lu Paket)<\/p>\n","protected":false},"featured_media":10021,"comment_status":"closed","ping_status":"open","template":"","meta":{"_kad_post_transparent":"","_kad_post_title":"","_kad_post_layout":"","_kad_post_sidebar_id":"","_kad_post_content_style":"","_kad_post_vertical_padding":"","_kad_post_feature":"","_kad_post_feature_position":"","_kad_post_header":false,"_kad_post_footer":false,"_kad_post_classname":""},"product_brand":[],"product_cat":[434],"product_tag":[],"class_list":{"0":"post-10020","1":"product","2":"type-product","3":"status-publish","4":"has-post-thumbnail","6":"product_cat-uydu-alici-sistemleri-canak-anten-canak-antenler","8":"first","9":"instock","10":"purchasable","11":"product-type-simple","12":"entry","13":"content-bg","14":"loop-entry"},"_links":{"self":[{"href":"https:\/\/www.hediyepazar.com\/index.php?rest_route=\/wp\/v2\/product\/10020","targetHints":{"allow":["GET"]}}],"collection":[{"href":"https:\/\/www.hediyepazar.com\/index.php?rest_route=\/wp\/v2\/product"}],"about":[{"href":"https:\/\/www.hediyepazar.com\/index.php?rest_route=\/wp\/v2\/types\/product"}],"replies":[{"embeddable":true,"href":"https:\/\/www.hediyepazar.com\/index.php?rest_route=%2Fwp%2Fv2%2Fcomments&post=10020"}],"wp:featuredmedia":[{"embeddable":true,"href":"https:\/\/www.hediyepazar.com\/index.php?rest_route=\/wp\/v2\/media\/10021"}],"wp:attachment":[{"href":"https:\/\/www.hediyepazar.com\/index.php?rest_route=%2Fwp%2Fv2%2Fmedia&parent=10020"}],"wp:term":[{"taxonomy":"product_brand","embeddable":true,"href":"https:\/\/www.hediyepazar.com\/index.php?rest_route=%2Fwp%2Fv2%2Fproduct_brand&post=10020"},{"taxonomy":"product_cat","embeddable":true,"href":"https:\/\/www.hediyepazar.com\/index.php?rest_route=%2Fwp%2Fv2%2Fproduct_cat&post=10020"},{"taxonomy":"product_tag","embeddable":true,"href":"https:\/\/www.hediyepazar.com\/index.php?rest_route=%2Fwp%2Fv2%2Fproduct_tag&post=10020"}],"curies":[{"name":"wp","href":"https:\/\/api.w.org\/{rel}","templated":true}]}}