{"id":101963,"date":"2026-05-04T03:57:30","date_gmt":"2026-05-04T06:57:30","guid":{"rendered":"https:\/\/www.hediyepazar.com\/?product=turk-kuafor-berber-ense-aynasi-absolue-professional"},"modified":"2026-05-04T04:25:33","modified_gmt":"2026-05-04T07:25:33","slug":"turk-kuafor-berber-ense-aynasi-absolue-professional","status":"publish","type":"product","link":"https:\/\/www.hediyepazar.com\/?product=turk-kuafor-berber-ense-aynasi-absolue-professional","title":{"rendered":"Turk Kuaf\u00f6r Berber Ense Aynas\u0131 Absolue Professional"},"content":{"rendered":"<p>\t<strong>\u00dcr\u00fcn \u00d6zellikleri : <\/strong><\/p>\n<p>\t<strong>Materyal :\u00a0 %100\u00a0<\/strong>Cam ve d\u0131\u015f y\u00fczey dayan\u0131kl\u0131 ABS plastikten<\/p>\n<p>\t<strong>Adet \/ Renk \/ Tasar\u0131m : <\/strong> 1 Adet, Turk Absolute Professional Design olarak tasarlad\u0131\u011f\u0131m\u0131z, resimde yer alan rengi, s\u00fcrpriz ya\u015famaman\u0131z i\u00e7in birebir g\u00f6nderiyoruz<\/p>\n<p>\t<strong>\u00d6l\u00e7\u00fcler : 28 cm \u00e7ap\u0131nda<\/strong><\/p>\n<p>\tARTIRILMI\u015e G\u00d6R\u00dcN\u00dcRL\u00dcKL\u00dc B\u00dcY\u00dcK AYNA: B\u00fcy\u00fck boy yuvarlak \u015fekilli ayna, m\u00fc\u015fterinizin resmin tamam\u0131n\u0131 g\u00f6rebilmesi i\u00e7in geni\u015f a\u00e7\u0131l\u0131 bir g\u00f6r\u00fcn\u00fcm sa\u011flar.<\/p>\n<p>\tARKADAN TUTU\u015e TASARIMI\u00a0 Ergonomik sap tutmay\u0131 kolayla\u015ft\u0131r\u0131r ve m\u00fc\u015fterinize yeni stilini veya sa\u00e7 kesimini her a\u00e7\u0131dan g\u00f6stermenize olanak tan\u0131r.<\/p>\n<p>\tTEM\u0130ZL\u0130\u011e\u0130 KOLAY: Kuaf\u00f6r aynam\u0131z\u0131n \u00e7evresi k nemli bir bezle kolayca silinebilir. Salon ortam\u0131nda \u00e7ok fazla \u00fcr\u00fcn var ve sa\u00e7 spreyi s\u0131k\u0131l\u0131yor, bu y\u00fczden kar\u0131\u015f\u0131kl\u0131ktan endi\u015felenmeyin!<\/p>\n<p>\tY\u00dcKSEK KAL\u0130TE: Y\u00fcksek kaliteli cam malzemeden yap\u0131lm\u0131\u015f el tipi berber aynas\u0131, \u015feffaf ayna y\u00fczeyi, p\u00fcr\u00fczs\u00fcz ve dalgalanmas\u0131zi deforme olmas\u0131 ve eskimesi en zor tasar\u0131ma sahiptir.<\/p>\n<p>\tSALON VE K\u0130\u015e\u0130SEL KULLANIM: Makyaj El Aynas\u0131, tasar\u0131m\u0131n sa\u011flaml\u0131\u011f\u0131n\u0131 ve tutarl\u0131 estetik g\u00fczelli\u011fini garanti eder, daha fazla \u0131\u015f\u0131k ve derinlik yan\u0131lsamas\u0131 verir. Herkes i\u00e7in ideal olan b\u00fcy\u00fck \u015feffaf ayna<\/p>\n<p>\tCam ve d\u0131\u015f y\u00fczey dayan\u0131kl\u0131 ABS plastikten yap\u0131lm\u0131\u015ft\u0131r. Y\u00fcksek kaliteli malzemeler bozulma olmadan ger\u00e7ek yans\u0131ma sa\u011flar; cam, plasti\u011fe s\u0131k\u0131 bir \u015fekilde kal\u0131planm\u0131\u015ft\u0131r ve \u00e7izilmeleri \u00f6nlemek i\u00e7in hafif\u00e7e girintilidir.<\/p>\n<p>\t<strong>M\u00dcKEMMEL SATI\u015e SONRASI H\u0130ZMET : <\/strong>Turk \/ Turk olarak m\u00fc\u015fterilerimize en iyi hizmeti sunmay\u0131 ama\u00e7l\u0131yor, g\u00fcvenle sat\u0131n alabilmeniz i\u00e7in, ambalaj kalitemize g\u00fcveniyor, her \u00fcr\u00fcn sorunsuz teslimat i\u00e7in \u00f6zenle paketliyor ve resimde belirtilen renk, ebat, \u00f6zelikte \u00fcr\u00fcn g\u00f6ndermeyi taahh\u00fct ediyoruz. Hasarl\u0131 \u00fcr\u00fcn ald\u0131ysan\u0131z veya di\u011fer \u00fcr\u00fcn ve paket teslimat sorunlar\u0131 oldu\u011funda bizimle ileti\u015fime ge\u00e7mekten \u00e7ekinmeyin.<\/p>\n<p>\t<strong>Detayl\u0131 bilgi i\u00e7in ek resimleri inceleyebilirsiniz<\/strong><\/p>\n<p><\/p>\n<p>\t<strong><strong><img decoding=\"async\" alt=\"\" src=\"https:\/\/arabayaservis.com\/skins\/shared\/images\/NEWMAYIS\/7430000720475-1.jpg\" \/> <\/strong><\/strong><\/p>\n<p>\t\u00a0<\/p>\n","protected":false},"excerpt":{"rendered":"<p>\u00dcr\u00fcn \u00d6zellikleri : Materyal :\u00a0 %100\u00a0Cam ve d\u0131\u015f y\u00fczey dayan\u0131kl\u0131 ABS plastikten Adet \/ Renk \/ Tasar\u0131m : 1 Adet, Turk Absolute Professional Design olarak tasarlad\u0131\u011f\u0131m\u0131z, resimde yer alan rengi, s\u00fcrpriz ya\u015famaman\u0131z i\u00e7in birebir g\u00f6nderiyoruz \u00d6l\u00e7\u00fcler : 28 cm \u00e7ap\u0131nda ARTIRILMI\u015e G\u00d6R\u00dcN\u00dcRL\u00dcKL\u00dc B\u00dcY\u00dcK AYNA: B\u00fcy\u00fck boy yuvarlak \u015fekilli ayna, m\u00fc\u015fterinizin resmin tamam\u0131n\u0131 g\u00f6rebilmesi i\u00e7in geni\u015f&#8230;<\/p>\n","protected":false},"featured_media":0,"comment_status":"open","ping_status":"closed","template":"","meta":{"_kad_post_transparent":"","_kad_post_title":"","_kad_post_layout":"","_kad_post_sidebar_id":"","_kad_post_content_style":"","_kad_post_vertical_padding":"","_kad_post_feature":"","_kad_post_feature_position":"","_kad_post_header":false,"_kad_post_footer":false,"_kad_post_classname":""},"product_brand":[],"product_cat":[7819],"product_tag":[],"class_list":{"0":"post-101963","1":"product","2":"type-product","3":"status-publish","5":"product_cat-ense-ayna-ve-fircalari-kuafor-urunleri-erkek-kuafor-ense-ayna-ve-fircalari","7":"first","8":"instock","9":"purchasable","10":"product-type-simple","11":"entry","12":"content-bg","13":"loop-entry"},"_links":{"self":[{"href":"https:\/\/www.hediyepazar.com\/index.php?rest_route=\/wp\/v2\/product\/101963","targetHints":{"allow":["GET"]}}],"collection":[{"href":"https:\/\/www.hediyepazar.com\/index.php?rest_route=\/wp\/v2\/product"}],"about":[{"href":"https:\/\/www.hediyepazar.com\/index.php?rest_route=\/wp\/v2\/types\/product"}],"replies":[{"embeddable":true,"href":"https:\/\/www.hediyepazar.com\/index.php?rest_route=%2Fwp%2Fv2%2Fcomments&post=101963"}],"wp:attachment":[{"href":"https:\/\/www.hediyepazar.com\/index.php?rest_route=%2Fwp%2Fv2%2Fmedia&parent=101963"}],"wp:term":[{"taxonomy":"product_brand","embeddable":true,"href":"https:\/\/www.hediyepazar.com\/index.php?rest_route=%2Fwp%2Fv2%2Fproduct_brand&post=101963"},{"taxonomy":"product_cat","embeddable":true,"href":"https:\/\/www.hediyepazar.com\/index.php?rest_route=%2Fwp%2Fv2%2Fproduct_cat&post=101963"},{"taxonomy":"product_tag","embeddable":true,"href":"https:\/\/www.hediyepazar.com\/index.php?rest_route=%2Fwp%2Fv2%2Fproduct_tag&post=101963"}],"curies":[{"name":"wp","href":"https:\/\/api.w.org\/{rel}","templated":true}]}}