{"id":101967,"date":"2026-05-04T04:02:04","date_gmt":"2026-05-04T07:02:04","guid":{"rendered":"https:\/\/www.hediyepazar.com\/?product=turk-2-adet-pipet-emzik-caydanlik-temizleyici-firca"},"modified":"2026-05-04T04:26:54","modified_gmt":"2026-05-04T07:26:54","slug":"turk-2-adet-pipet-emzik-caydanlik-temizleyici-firca","status":"publish","type":"product","link":"https:\/\/www.hediyepazar.com\/?product=turk-2-adet-pipet-emzik-caydanlik-temizleyici-firca","title":{"rendered":"Turk 2 Adet Pipet Emzik \u00c7aydanl\u0131k Temizleyici F\u0131r\u00e7a"},"content":{"rendered":"<p>\t<strong>\u00dcr\u00fcn \u00d6zellikleri : <\/strong><\/p>\n<p>\t<strong>RENK : <\/strong> Turk Elitis serisi olarak tasarlad\u0131\u011f\u0131m\u0131z bu \u00fcr\u00fcn\u00fc Renk\/tasar\u0131m\u0131 birebir g\u00f6re g\u00f6nderiyoruz. S\u00fcrpriz ya\u015famazs\u0131n\u0131z.<\/p>\n<p>\t<strong>ADET : 2<\/strong><\/p>\n<p>\t<strong>\u00d6L\u00c7\u00dcLER : uzunluk 20 cm x f\u0131r\u00e7a \u00e7ap\u0131 1 cm x f\u0131r\u00e7a y\u00fcksekli\u011fi 5 cm\u00a0<\/strong><\/p>\n<p>\t<strong>GEN\u0130\u015e KULLANIM ALANI :\u00a0<\/strong>Bu pipet temizleyiciler, pipetleri, Biberon u\u00e7lar\u0131, \u00e7aydanl\u0131k u\u00e7lar\u0131, huni boyunlar\u0131n\u0131, t\u00fcpleri veya silindirleri ve di\u011fer eri\u015filmesi zor k\u00f6\u015feleri (plastik\/cam\/paslanmaz \u00e7elik\/smoothie\/silikon pipetler, \u00e7e\u015fitli bardaklar, su \u015fi\u015fesi ve di\u011ferleri dahil) temizlemek i\u00e7in m\u00fckemmeldir. ayr\u0131ca i\u00e7ini \u00e7izmezler.<\/p>\n<p>\t<strong>\u00d6NE \u00c7IKAN \u00d6ZELL\u0130K :\u00a0<\/strong>YEN\u0130DEN KULLANILAB\u0130L\u0130R: Dar temizleme f\u0131r\u00e7as\u0131, sadece sap\u0131 tutun ve y\u0131kand\u0131ktan sonra deforme olmazlar. \u00dcst raf bula\u015f\u0131k makinesinde y\u0131kanabilir. Paslanma endi\u015fesi olmadan temizleyin ve yeniden kullan\u0131n. Gerekmedi\u011finde g\u00fcvenle saklamak i\u00e7in ask\u0131 halkas\u0131 bulunur<\/p>\n<p>\t<strong>MALZEME: <\/strong>304 Paslanmaz \u00c7elik Telden ve dayan\u0131kl\u0131 yumu\u015fak Uzun Naylon K\u0131llardan yap\u0131lm\u0131\u015ft\u0131r. Yeniden kullan\u0131labilir ve esnek temizleme f\u0131r\u00e7as\u0131 ara\u00e7lar\u0131, neredeyse t\u00fcm pipetler, \u015fi\u015fe a\u011fz\u0131, d\u00f6k\u00fcc\u00fcler, k\u00fc\u00e7\u00fck huniler veya di\u011fer boru \u015feklindeki \u00f6\u011feler i\u00e7in m\u00fckemmeldir.<\/p>\n<p><strong>  Ekran fark\u0131 nedeniyle, renk tonlar\u0131 %0,5 oran\u0131nda fark, Manuel \u00f6l\u00e7\u00fcm nedeniyle Milimetre fark olabilir. anlay\u0131\u015f g\u00f6stermenizi rica ederiz. <\/strong>  <\/p>\n<p>DETAYLI B\u0130LG\u0130 \u0130\u00c7\u0130N EK RES\u0130MLER\u0130 \u0130NCELEYEB\u0130L\u0130RS\u0130N\u0130Z. <\/li>\n<p> <img decoding=\"async\" alt=\"\" src=\"https:\/\/arabayaservis.com\/skins\/shared\/images\/newocak\/7430000718031-1.jpg\" \/><\/p>\n","protected":false},"excerpt":{"rendered":"<p>\u00dcr\u00fcn \u00d6zellikleri : RENK : Turk Elitis serisi olarak tasarlad\u0131\u011f\u0131m\u0131z bu \u00fcr\u00fcn\u00fc Renk\/tasar\u0131m\u0131 birebir g\u00f6re g\u00f6nderiyoruz. S\u00fcrpriz ya\u015famazs\u0131n\u0131z. ADET : 2 \u00d6L\u00c7\u00dcLER : uzunluk 20 cm x f\u0131r\u00e7a \u00e7ap\u0131 1 cm x f\u0131r\u00e7a y\u00fcksekli\u011fi 5 cm\u00a0 GEN\u0130\u015e KULLANIM ALANI :\u00a0Bu pipet temizleyiciler, pipetleri, Biberon u\u00e7lar\u0131, \u00e7aydanl\u0131k u\u00e7lar\u0131, huni boyunlar\u0131n\u0131, t\u00fcpleri veya silindirleri ve di\u011fer eri\u015filmesi&#8230;<\/p>\n","protected":false},"featured_media":0,"comment_status":"open","ping_status":"closed","template":"","meta":{"_kad_post_transparent":"","_kad_post_title":"","_kad_post_layout":"","_kad_post_sidebar_id":"","_kad_post_content_style":"","_kad_post_vertical_padding":"","_kad_post_feature":"","_kad_post_feature_position":"","_kad_post_header":false,"_kad_post_footer":false,"_kad_post_classname":""},"product_brand":[],"product_cat":[7826],"product_tag":[],"class_list":{"0":"post-101967","1":"product","2":"type-product","3":"status-publish","5":"product_cat-endustriyel-mutfak-ekipmanlari-sofra-sofra-mutfak-ev-yasam-endustriyel-mutfak-ekipmanlari","7":"first","8":"instock","9":"purchasable","10":"product-type-simple","11":"entry","12":"content-bg","13":"loop-entry"},"_links":{"self":[{"href":"https:\/\/www.hediyepazar.com\/index.php?rest_route=\/wp\/v2\/product\/101967","targetHints":{"allow":["GET"]}}],"collection":[{"href":"https:\/\/www.hediyepazar.com\/index.php?rest_route=\/wp\/v2\/product"}],"about":[{"href":"https:\/\/www.hediyepazar.com\/index.php?rest_route=\/wp\/v2\/types\/product"}],"replies":[{"embeddable":true,"href":"https:\/\/www.hediyepazar.com\/index.php?rest_route=%2Fwp%2Fv2%2Fcomments&post=101967"}],"wp:attachment":[{"href":"https:\/\/www.hediyepazar.com\/index.php?rest_route=%2Fwp%2Fv2%2Fmedia&parent=101967"}],"wp:term":[{"taxonomy":"product_brand","embeddable":true,"href":"https:\/\/www.hediyepazar.com\/index.php?rest_route=%2Fwp%2Fv2%2Fproduct_brand&post=101967"},{"taxonomy":"product_cat","embeddable":true,"href":"https:\/\/www.hediyepazar.com\/index.php?rest_route=%2Fwp%2Fv2%2Fproduct_cat&post=101967"},{"taxonomy":"product_tag","embeddable":true,"href":"https:\/\/www.hediyepazar.com\/index.php?rest_route=%2Fwp%2Fv2%2Fproduct_tag&post=101967"}],"curies":[{"name":"wp","href":"https:\/\/api.w.org\/{rel}","templated":true}]}}