{"id":101968,"date":"2026-05-04T04:02:31","date_gmt":"2026-05-04T07:02:31","guid":{"rendered":"https:\/\/www.hediyepazar.com\/?product=turk-caydanlik-sizdirma-onleyici-aparat-seti"},"modified":"2026-05-04T04:27:21","modified_gmt":"2026-05-04T07:27:21","slug":"turk-caydanlik-sizdirma-onleyici-aparat-seti","status":"publish","type":"product","link":"https:\/\/www.hediyepazar.com\/?product=turk-caydanlik-sizdirma-onleyici-aparat-seti","title":{"rendered":"Turk \u00c7aydanl\u0131k S\u0131zd\u0131rma \u00d6nleyici Aparat Seti"},"content":{"rendered":"<p>\t<strong>\u00dcr\u00fcn \u00d6zellikleri : <\/strong><\/p>\n<p>\t<strong>Materyal :\u00a0\u00a0<\/strong><strong>Silikon<\/strong><\/p>\n<p>\t<strong>Adet \/ Renk \/ Tasar\u0131m : <\/strong> 2 Adet, Turk olarak tasarlad\u0131\u011f\u0131m\u0131z, resimde yer alan model\u015f, s\u00fcrpriz ya\u015famaman\u0131z i\u00e7in birebir g\u00f6nderiyoruz. Renklerde farkl\u0131l\u0131klar olabilir\u00a0<\/p>\n<p>\t<strong>Adet : Hem alt hem \u00fcst i\u00e7in 1 \u00e7ift<\/strong><\/p>\n<p>\t<strong>\u00d6l\u00e7\u00fcler : HER \u00c7AYDANLIK T\u0130P\u0130NE UYGUNDUR <\/strong><\/p>\n<p>\t\u00c7aydanl\u0131klar\u0131n s\u0131zd\u0131rma yapmas\u0131n\u0131 engelleyecek \u00f6zel \u00f6l\u00e7\u00fcleri ile t\u00fcm \u00e7aydanl\u0131kla uygundur.<\/p>\n<p>\t\u00c7ay d\u00f6k\u00fclmelerine kar\u015f\u0131 %100 \u00e7\u00f6z\u00fcm \u00fcretir.<\/p>\n<p>\tBula\u015f\u0131k makinas\u0131ndan y\u0131kanabilir.<\/p>\n<p>\tBarda\u011f\u0131 \u0131skalamaya, tezgahlar\u0131 bat\u0131rmaya son. Is\u0131ya dayan\u0131kl\u0131 yanmaz ve yap\u0131\u015fmazd\u0131r. \u00c7aydanl\u0131k s\u0131v\u0131 s\u0131zd\u0131rma \u00f6nleyici, her \u00e7aydanl\u0131k boyutuna uygundur. NOT : Kullan\u0131m \u015fekli s\u0131cak suda 1dk beklektikten sonra tak\u0131n\u0131z.<\/p>\n","protected":false},"excerpt":{"rendered":"<p>\u00dcr\u00fcn \u00d6zellikleri : Materyal :\u00a0\u00a0Silikon Adet \/ Renk \/ Tasar\u0131m : 2 Adet, Turk olarak tasarlad\u0131\u011f\u0131m\u0131z, resimde yer alan model\u015f, s\u00fcrpriz ya\u015famaman\u0131z i\u00e7in birebir g\u00f6nderiyoruz. Renklerde farkl\u0131l\u0131klar olabilir\u00a0 Adet : Hem alt hem \u00fcst i\u00e7in 1 \u00e7ift \u00d6l\u00e7\u00fcler : HER \u00c7AYDANLIK T\u0130P\u0130NE UYGUNDUR \u00c7aydanl\u0131klar\u0131n s\u0131zd\u0131rma yapmas\u0131n\u0131 engelleyecek \u00f6zel \u00f6l\u00e7\u00fcleri ile t\u00fcm \u00e7aydanl\u0131kla uygundur. \u00c7ay d\u00f6k\u00fclmelerine&#8230;<\/p>\n","protected":false},"featured_media":0,"comment_status":"open","ping_status":"closed","template":"","meta":{"_kad_post_transparent":"","_kad_post_title":"","_kad_post_layout":"","_kad_post_sidebar_id":"","_kad_post_content_style":"","_kad_post_vertical_padding":"","_kad_post_feature":"","_kad_post_feature_position":"","_kad_post_header":false,"_kad_post_footer":false,"_kad_post_classname":""},"product_brand":[],"product_cat":[7841],"product_tag":[],"class_list":{"0":"post-101968","1":"product","2":"type-product","3":"status-publish","5":"product_cat-cay-kahve-yardimcilari-sofra-sofra-mutfak-ev-yasam-cay-kahve-yardimcilari","7":"first","8":"instock","9":"purchasable","10":"product-type-simple","11":"entry","12":"content-bg","13":"loop-entry"},"_links":{"self":[{"href":"https:\/\/www.hediyepazar.com\/index.php?rest_route=\/wp\/v2\/product\/101968","targetHints":{"allow":["GET"]}}],"collection":[{"href":"https:\/\/www.hediyepazar.com\/index.php?rest_route=\/wp\/v2\/product"}],"about":[{"href":"https:\/\/www.hediyepazar.com\/index.php?rest_route=\/wp\/v2\/types\/product"}],"replies":[{"embeddable":true,"href":"https:\/\/www.hediyepazar.com\/index.php?rest_route=%2Fwp%2Fv2%2Fcomments&post=101968"}],"wp:attachment":[{"href":"https:\/\/www.hediyepazar.com\/index.php?rest_route=%2Fwp%2Fv2%2Fmedia&parent=101968"}],"wp:term":[{"taxonomy":"product_brand","embeddable":true,"href":"https:\/\/www.hediyepazar.com\/index.php?rest_route=%2Fwp%2Fv2%2Fproduct_brand&post=101968"},{"taxonomy":"product_cat","embeddable":true,"href":"https:\/\/www.hediyepazar.com\/index.php?rest_route=%2Fwp%2Fv2%2Fproduct_cat&post=101968"},{"taxonomy":"product_tag","embeddable":true,"href":"https:\/\/www.hediyepazar.com\/index.php?rest_route=%2Fwp%2Fv2%2Fproduct_tag&post=101968"}],"curies":[{"name":"wp","href":"https:\/\/api.w.org\/{rel}","templated":true}]}}