{"id":101969,"date":"2026-05-04T04:02:57","date_gmt":"2026-05-04T07:02:57","guid":{"rendered":"https:\/\/www.hediyepazar.com\/?product=turk-bahce-kuregi-gubre-yem-icin-olcekli-2-adet-monitillo"},"modified":"2026-05-04T04:27:46","modified_gmt":"2026-05-04T07:27:46","slug":"turk-bahce-kuregi-gubre-yem-icin-olcekli-2-adet-monitillo","status":"publish","type":"product","link":"https:\/\/www.hediyepazar.com\/?product=turk-bahce-kuregi-gubre-yem-icin-olcekli-2-adet-monitillo","title":{"rendered":"Turk Bah\u00e7e K\u00fcre\u011fi G\u00fcbre Yem i\u00e7in \u00d6l\u00e7ekli 2 ADET Monitillo"},"content":{"rendered":"<p>\t<strong>\u00dcr\u00fcn \u00d6zellikleri :\u00a0<\/strong><\/p>\n<p>\t<strong>Materyal : Plastik <\/strong><\/p>\n<p>\t<strong>\u00d6l\u00e7\u00fcler : <\/strong> 30 cm uzunluk x K\u00fcrek 19 x 9 cm x 5 cm derinlik &#8211; Ekran yan\u0131lmalar\u0131na kar\u015f\u0131 l\u00fctfen \u00f6l\u00e7\u00fcleri kar\u015f\u0131la\u015ft\u0131r\u0131n.<\/p>\n<p>\t<strong>GEN\u0130\u015e KULLANIM ALANI : \u00c7i\u00e7ek ekimi, tohum, ku\u015f yemi, evcil hayvan mamas\u0131 ve g\u00fcbre aktarmak i\u00e7in uygundur. <\/strong><\/p>\n<p>\t<strong>\u00d6NE \u00c7IKAN \u00d6ZELL\u0130K : 1 den 14,5 cm\u2019e kadar \u00f6l\u00e7ek \u00e7izgileri bulunur. <\/strong><\/p>\n<p>\t<strong>MALZEME : <\/strong>Birinci s\u0131n\u0131f plastik malzemeden yap\u0131lm\u0131\u015f, hafif, dayan\u0131kl\u0131 ve temizlenmesi kolayd\u0131r; Bah\u00e7e i\u015fleri, d\u0131\u015f mekan dikimleri i\u00e7in uygund<\/p>\n<p>\t<strong>ASILAB\u0130L\u0130R DEL\u0130K TASARIMI :<\/strong> As\u0131l\u0131 delik tasar\u0131m\u0131 ile kaymaz ergonomik sap, kullan\u0131m\u0131 kolay ve rahatl\u0131k sa\u011flar. \u00c7i\u00e7ek dikim k\u00fcre\u011fi, sebze dikim k\u00fcre\u011fi, toprak gev\u015fetici k\u00fcrek olarak kullanabilirsiniz.<\/p>\n<p>\t<strong>\u00d6L\u00c7EKL\u0130 : <\/strong>B\u0131\u00e7a\u011f\u0131n \u00fczerindeki santimetre i\u015faretleri tohumlar\u0131n, so\u011fanlar\u0131n ve k\u00fc\u00e7\u00fck bitkinin do\u011fru derinli\u011fe ayarland\u0131\u011f\u0131ndan emin olmay\u0131 kolayla\u015ft\u0131r\u0131r; Bu \u00e7ok ama\u00e7l\u0131 bah\u00e7e kep\u00e7esi bah\u00e7enizde harika bir ara\u00e7 olabilir.<\/p>\n<p><strong>M\u00dcKEMMEL SATI\u015e SONRASI H\u0130ZMET : <\/strong>Turk \/ Turk olarak m\u00fc\u015fterilerimize en iyi hizmeti sunmay\u0131 ama\u00e7l\u0131yor, g\u00fcvenle sat\u0131n alabilmeniz i\u00e7in, ambalaj kalitemize g\u00fcveniyor, her \u00fcr\u00fcn sorunsuz teslimat i\u00e7in \u00f6zenle paketliyor ve resimde belirtilen renk, ebat, \u00f6zelikte \u00fcr\u00fcn g\u00f6ndermeyi taahh\u00fct ediyoruz. Hasarl\u0131 \u00fcr\u00fcn ald\u0131ysan\u0131z veya di\u011fer \u00fcr\u00fcn ve paket teslimat sorunlar\u0131 oldu\u011funda bizimle ileti\u015fime ge\u00e7mekten \u00e7ekinmeyin.<\/p>\n<p><strong>Detayl\u0131 bilgi i\u00e7in ek resimleri inceleyebilirsiniz<\/p>\n<p>\t<img decoding=\"async\" alt=\"\" src=\"https:\/\/arabayaservis.com\/skins\/shared\/images\/pimm\/7430000716546-1.jpg\" \/><\/p>\n","protected":false},"excerpt":{"rendered":"<p>\u00dcr\u00fcn \u00d6zellikleri :\u00a0 Materyal : Plastik \u00d6l\u00e7\u00fcler : 30 cm uzunluk x K\u00fcrek 19 x 9 cm x 5 cm derinlik &#8211; Ekran yan\u0131lmalar\u0131na kar\u015f\u0131 l\u00fctfen \u00f6l\u00e7\u00fcleri kar\u015f\u0131la\u015ft\u0131r\u0131n. GEN\u0130\u015e KULLANIM ALANI : \u00c7i\u00e7ek ekimi, tohum, ku\u015f yemi, evcil hayvan mamas\u0131 ve g\u00fcbre aktarmak i\u00e7in uygundur. \u00d6NE \u00c7IKAN \u00d6ZELL\u0130K : 1 den 14,5 cm\u2019e kadar \u00f6l\u00e7ek&#8230;<\/p>\n","protected":false},"featured_media":0,"comment_status":"open","ping_status":"closed","template":"","meta":{"_kad_post_transparent":"","_kad_post_title":"","_kad_post_layout":"","_kad_post_sidebar_id":"","_kad_post_content_style":"","_kad_post_vertical_padding":"","_kad_post_feature":"","_kad_post_feature_position":"","_kad_post_header":false,"_kad_post_footer":false,"_kad_post_classname":""},"product_brand":[],"product_cat":[7848],"product_tag":[],"class_list":{"0":"post-101969","1":"product","2":"type-product","3":"status-publish","5":"product_cat-saksi-cicek-bakimi-bitki-yetistirme-bahce-ev-yasam-saksi","7":"first","8":"instock","9":"purchasable","10":"product-type-simple","11":"entry","12":"content-bg","13":"loop-entry"},"_links":{"self":[{"href":"https:\/\/www.hediyepazar.com\/index.php?rest_route=\/wp\/v2\/product\/101969","targetHints":{"allow":["GET"]}}],"collection":[{"href":"https:\/\/www.hediyepazar.com\/index.php?rest_route=\/wp\/v2\/product"}],"about":[{"href":"https:\/\/www.hediyepazar.com\/index.php?rest_route=\/wp\/v2\/types\/product"}],"replies":[{"embeddable":true,"href":"https:\/\/www.hediyepazar.com\/index.php?rest_route=%2Fwp%2Fv2%2Fcomments&post=101969"}],"wp:attachment":[{"href":"https:\/\/www.hediyepazar.com\/index.php?rest_route=%2Fwp%2Fv2%2Fmedia&parent=101969"}],"wp:term":[{"taxonomy":"product_brand","embeddable":true,"href":"https:\/\/www.hediyepazar.com\/index.php?rest_route=%2Fwp%2Fv2%2Fproduct_brand&post=101969"},{"taxonomy":"product_cat","embeddable":true,"href":"https:\/\/www.hediyepazar.com\/index.php?rest_route=%2Fwp%2Fv2%2Fproduct_cat&post=101969"},{"taxonomy":"product_tag","embeddable":true,"href":"https:\/\/www.hediyepazar.com\/index.php?rest_route=%2Fwp%2Fv2%2Fproduct_tag&post=101969"}],"curies":[{"name":"wp","href":"https:\/\/api.w.org\/{rel}","templated":true}]}}