{"id":101973,"date":"2026-05-04T04:03:15","date_gmt":"2026-05-04T07:03:15","guid":{"rendered":"https:\/\/www.hediyepazar.com\/?product=turk-bulasik-durulama-sepeti-tabaklik-bulasik-kurutmalik-kahve-alessi"},"modified":"2026-05-04T04:28:02","modified_gmt":"2026-05-04T07:28:02","slug":"turk-bulasik-durulama-sepeti-tabaklik-bulasik-kurutmalik-kahve-alessi","status":"publish","type":"product","link":"https:\/\/www.hediyepazar.com\/?product=turk-bulasik-durulama-sepeti-tabaklik-bulasik-kurutmalik-kahve-alessi","title":{"rendered":"Turk Bula\u015f\u0131k Durulama Sepeti Tabakl\u0131k Bula\u015f\u0131k Kurutmal\u0131k KAHVE Alessi"},"content":{"rendered":"<p>\t<strong>\u00dcr\u00fcn \u00d6zellikleri : <\/strong><\/p>\n<p>\t<strong>RENK : <\/strong> Turk Alessi serisi olarak tasarlad\u0131\u011f\u0131m\u0131z bu \u00fcr\u00fcn\u00fc LATTE Renk\/tasar\u0131m\u0131 birebir g\u00f6re g\u00f6nderiyoruz. S\u00fcrpriz ya\u015famazs\u0131n\u0131z.<\/p>\n<p>\t<strong>MATERYAL : Plastik <\/strong><\/p>\n<p>\t<strong>\u00d6L\u00c7\u00dcLER :\u00a0\u00a0<\/strong>47 x 36 x 9 cm<\/p>\n<p>\tMaxi boy ve ergonomik kullan\u0131m sunar. 3 Yan g\u00f6z ve 12 tabak g\u00f6z\u00fc i\u00e7erir. Alt k\u0131s\u0131mda tepsisi bulunur<\/p>\n<p>\t<strong>YERDEN TASARRUF SA\u011eLAR : <\/strong> Turk Alessi\u00a0 serisi olarak tasarlad\u0131\u011f\u0131m\u0131z bu \u00fcr\u00fcnle, a\u011f\u0131r tencerelerden narin cam e\u015fyalara ve tabaklara kadar her \u015feyi bar\u0131nd\u0131ran, geni\u015f alana sahip bula\u015f\u0131k kurutma organizeri , mutfa\u011f\u0131n\u0131z\u0131n temiz ve d\u00fczenli g\u00f6r\u00fcnmesini sa\u011flar, fazla e\u015fyas\u0131 olmayan k\u00fc\u00e7\u00fck evler veya daireler i\u00e7in m\u00fckemmeldir<\/p>\n<p>\t<strong>SA\u011eLAM PLAST\u0130K TASARIM <\/strong> Kir tutmazi, su kolayca lekelenmez ve e\u011fim tasar\u0131m\u0131yla kolayca akar.<\/p>\n<p>\t<strong>M\u00dcKEMMEL ORGAN\u0130ZE : <\/strong> Oval kanallara sahip tabakl\u0131k<\/p>\n<p>\t<strong>HIZLI KURUTMA : <\/strong> Mutfak tezgah\u0131 bula\u015f\u0131k kurutma, her \u015feyi ayr\u0131 tutmaya yard\u0131mc\u0131 olur, kuruma s\u00fcresini etkili bir \u015fekilde h\u0131zland\u0131r\u0131r.<\/p>\n<p><p><strong>M\u00dcKEMMEL SATI\u015e SONRASI H\u0130ZMET : <\/strong>Bu \u00fcr\u00fcne daha avantajl\u0131 sahip olabilmeniz i\u00e7in ma\u011fazam\u0131z\u0131 ziyaret ederek, kampanyalar\u0131 inceleyebilirsiniz. Turk \/ Turk olarak m\u00fc\u015fterilerimize en iyi hizmeti sunmay\u0131 ama\u00e7l\u0131yor, g\u00fcvenle sat\u0131n alabilmeniz i\u00e7in, ambalaj kalitemize g\u00fcveniyor, her \u00fcr\u00fcn sorunsuz teslimat i\u00e7in \u00f6zenle paketliyor ve resimde belirtilen renk, ebat, \u00f6zelikte \u00fcr\u00fcn g\u00f6ndermeyi taahh\u00fct ediyoruz. Hasarl\u0131 \u00fcr\u00fcn ald\u0131ysan\u0131z veya di\u011fer \u00fcr\u00fcn ve paket teslimat sorunlar\u0131 oldu\u011funda bizimle ileti\u015fime ge\u00e7mekten \u00e7ekinmeyin.<\/p>\n<p><strong>Detayl\u0131 bilgi i\u00e7in ek resimleri inceleyebilirsiniz<\/p>\n<p> <strong><img decoding=\"async\" alt=\"\" src=\"https:\/\/arabayaservis.com\/skins\/shared\/images\/NEWEKIM\/7430000715438-1.jpg\" \/> <\/strong><\/strong><\/strong><\/p>\n","protected":false},"excerpt":{"rendered":"<p>\u00dcr\u00fcn \u00d6zellikleri : RENK : Turk Alessi serisi olarak tasarlad\u0131\u011f\u0131m\u0131z bu \u00fcr\u00fcn\u00fc LATTE Renk\/tasar\u0131m\u0131 birebir g\u00f6re g\u00f6nderiyoruz. S\u00fcrpriz ya\u015famazs\u0131n\u0131z. MATERYAL : Plastik \u00d6L\u00c7\u00dcLER :\u00a0\u00a047 x 36 x 9 cm Maxi boy ve ergonomik kullan\u0131m sunar. 3 Yan g\u00f6z ve 12 tabak g\u00f6z\u00fc i\u00e7erir. Alt k\u0131s\u0131mda tepsisi bulunur YERDEN TASARRUF SA\u011eLAR : Turk Alessi\u00a0 serisi olarak&#8230;<\/p>\n","protected":false},"featured_media":101925,"comment_status":"open","ping_status":"closed","template":"","meta":{"_kad_post_transparent":"","_kad_post_title":"","_kad_post_layout":"","_kad_post_sidebar_id":"","_kad_post_content_style":"","_kad_post_vertical_padding":"","_kad_post_feature":"","_kad_post_feature_position":"","_kad_post_header":false,"_kad_post_footer":false,"_kad_post_classname":""},"product_brand":[],"product_cat":[7865],"product_tag":[],"class_list":{"0":"post-101973","1":"product","2":"type-product","3":"status-publish","4":"has-post-thumbnail","6":"product_cat-bulasik-sungeri-fircasi-temizlik-gerecleri-ev-temizlik-supermarket-bulasik-sungeri-fircasi","8":"first","9":"instock","10":"purchasable","11":"product-type-simple","12":"entry","13":"content-bg","14":"loop-entry"},"_links":{"self":[{"href":"https:\/\/www.hediyepazar.com\/index.php?rest_route=\/wp\/v2\/product\/101973","targetHints":{"allow":["GET"]}}],"collection":[{"href":"https:\/\/www.hediyepazar.com\/index.php?rest_route=\/wp\/v2\/product"}],"about":[{"href":"https:\/\/www.hediyepazar.com\/index.php?rest_route=\/wp\/v2\/types\/product"}],"replies":[{"embeddable":true,"href":"https:\/\/www.hediyepazar.com\/index.php?rest_route=%2Fwp%2Fv2%2Fcomments&post=101973"}],"wp:featuredmedia":[{"embeddable":true,"href":"https:\/\/www.hediyepazar.com\/index.php?rest_route=\/wp\/v2\/media\/101925"}],"wp:attachment":[{"href":"https:\/\/www.hediyepazar.com\/index.php?rest_route=%2Fwp%2Fv2%2Fmedia&parent=101973"}],"wp:term":[{"taxonomy":"product_brand","embeddable":true,"href":"https:\/\/www.hediyepazar.com\/index.php?rest_route=%2Fwp%2Fv2%2Fproduct_brand&post=101973"},{"taxonomy":"product_cat","embeddable":true,"href":"https:\/\/www.hediyepazar.com\/index.php?rest_route=%2Fwp%2Fv2%2Fproduct_cat&post=101973"},{"taxonomy":"product_tag","embeddable":true,"href":"https:\/\/www.hediyepazar.com\/index.php?rest_route=%2Fwp%2Fv2%2Fproduct_tag&post=101973"}],"curies":[{"name":"wp","href":"https:\/\/api.w.org\/{rel}","templated":true}]}}