{"id":101974,"date":"2026-05-04T04:03:38","date_gmt":"2026-05-04T07:03:38","guid":{"rendered":"https:\/\/www.hediyepazar.com\/?product=turk-her-araca-uygun-komple-isikli-cakmak"},"modified":"2026-05-04T04:28:27","modified_gmt":"2026-05-04T07:28:27","slug":"turk-her-araca-uygun-komple-isikli-cakmak","status":"publish","type":"product","link":"https:\/\/www.hediyepazar.com\/?product=turk-her-araca-uygun-komple-isikli-cakmak","title":{"rendered":"Turk Her Araca Uygun Komple I\u015f\u0131kl\u0131 \u00c7akmak"},"content":{"rendered":"<p>\t<strong>\u00dcr\u00fcn \u00d6zellikleri : <\/strong><\/p>\n<p>\tD\u0131\u015f g\u00f6vde ve i\u00e7 \u00e7akmak \u00fcnitesinden olu\u015fan komple settir.<\/p>\n<p>\tHer araca uygulanabilecek tasar\u0131ml\u0131d\u0131r ve Ye\u015fil \u0131\u015f\u0131kl\u0131d\u0131r<br \/>\t12 volt&#8217;a sahip Otomobil,hafif ve Ticari ara\u00e7lar,karavan,yat,tekne vb t\u00fcm ara\u00e7lar\u0131n t\u00fcm\u00fcnde kullan\u0131laiblir<\/p>\n<p>\t<strong>Bu \u00fcr\u00fcn 12 volt tur?<\/strong><br \/>\t12 volt nedir? \/ Genel olarak binek otomobiller,hafif ticari ara\u00e7lar,minib\u00fcs,panelvan gibi ara\u00e7lar 12 volt g\u00fc\u00e7 \u00e7\u0131k\u0131\u015f\u0131na sahiptir.24 volt ? Kamyon,otob\u00fcs,baz\u0131 ticari minib\u00fcsler,TIR,baz\u0131 tekneler 24 volt g\u00fc\u00e7 \u00e7\u0131k\u0131\u015f\u0131na sahiptir.<\/p>\n<p>\t<strong>M\u00dcKEMMEL SATI\u015e SONRASI H\u0130ZMET : <\/strong>Bu \u00fcr\u00fcne daha avantajl\u0131 sahip olabilmeniz i\u00e7in ma\u011fazam\u0131z\u0131 ziyaret ederek, kampanyalar\u0131 inceleyebilirsiniz. Turk \/ Turk olarak m\u00fc\u015fterilerimize en iyi hizmeti sunmay\u0131 ama\u00e7l\u0131yor, g\u00fcvenle sat\u0131n alabilmeniz i\u00e7in, ambalaj kalitemize g\u00fcveniyor, her \u00fcr\u00fcn sorunsuz teslimat i\u00e7in \u00f6zenle paketliyor ve resimde belirtilen renk, ebat, \u00f6zelikte \u00fcr\u00fcn g\u00f6ndermeyi taahh\u00fct ediyoruz. Hasarl\u0131 \u00fcr\u00fcn ald\u0131ysan\u0131z veya di\u011fer \u00fcr\u00fcn ve paket teslimat sorunlar\u0131 oldu\u011funda bizimle ileti\u015fime ge\u00e7mekten \u00e7ekinmeyin.<\/p>\n<p>\t<strong>Detayl\u0131 bilgi i\u00e7in ek resimleri inceleyebilirsiniz<\/strong><\/p>\n<p><\/p>\n<p>\t<strong><strong><img decoding=\"async\" alt=\"\" src=\"https:\/\/arabayaservis.com\/skins\/shared\/images\/NEWEKIM\/7410000424492-1.jpg\" \/> <\/strong><\/strong><\/p>\n<p>\t\u00a0<\/p>\n","protected":false},"excerpt":{"rendered":"<p>\u00dcr\u00fcn \u00d6zellikleri : D\u0131\u015f g\u00f6vde ve i\u00e7 \u00e7akmak \u00fcnitesinden olu\u015fan komple settir. Her araca uygulanabilecek tasar\u0131ml\u0131d\u0131r ve Ye\u015fil \u0131\u015f\u0131kl\u0131d\u0131r 12 volt&#8217;a sahip Otomobil,hafif ve Ticari ara\u00e7lar,karavan,yat,tekne vb t\u00fcm ara\u00e7lar\u0131n t\u00fcm\u00fcnde kullan\u0131laiblir Bu \u00fcr\u00fcn 12 volt tur? 12 volt nedir? \/ Genel olarak binek otomobiller,hafif ticari ara\u00e7lar,minib\u00fcs,panelvan gibi ara\u00e7lar 12 volt g\u00fc\u00e7 \u00e7\u0131k\u0131\u015f\u0131na sahiptir.24 volt ?&#8230;<\/p>\n","protected":false},"featured_media":0,"comment_status":"open","ping_status":"closed","template":"","meta":{"_kad_post_transparent":"","_kad_post_title":"","_kad_post_layout":"","_kad_post_sidebar_id":"","_kad_post_content_style":"","_kad_post_vertical_padding":"","_kad_post_feature":"","_kad_post_feature_position":"","_kad_post_header":false,"_kad_post_footer":false,"_kad_post_classname":""},"product_brand":[],"product_cat":[7872],"product_tag":[],"class_list":{"0":"post-101974","1":"product","2":"type-product","3":"status-publish","5":"product_cat-arac-ici-telefon-tutucular-oto-aksesuarlari-cep-telefonu-elektronik-arac-ici-telefon-tutucular","7":"first","8":"instock","9":"purchasable","10":"product-type-simple","11":"entry","12":"content-bg","13":"loop-entry"},"_links":{"self":[{"href":"https:\/\/www.hediyepazar.com\/index.php?rest_route=\/wp\/v2\/product\/101974","targetHints":{"allow":["GET"]}}],"collection":[{"href":"https:\/\/www.hediyepazar.com\/index.php?rest_route=\/wp\/v2\/product"}],"about":[{"href":"https:\/\/www.hediyepazar.com\/index.php?rest_route=\/wp\/v2\/types\/product"}],"replies":[{"embeddable":true,"href":"https:\/\/www.hediyepazar.com\/index.php?rest_route=%2Fwp%2Fv2%2Fcomments&post=101974"}],"wp:attachment":[{"href":"https:\/\/www.hediyepazar.com\/index.php?rest_route=%2Fwp%2Fv2%2Fmedia&parent=101974"}],"wp:term":[{"taxonomy":"product_brand","embeddable":true,"href":"https:\/\/www.hediyepazar.com\/index.php?rest_route=%2Fwp%2Fv2%2Fproduct_brand&post=101974"},{"taxonomy":"product_cat","embeddable":true,"href":"https:\/\/www.hediyepazar.com\/index.php?rest_route=%2Fwp%2Fv2%2Fproduct_cat&post=101974"},{"taxonomy":"product_tag","embeddable":true,"href":"https:\/\/www.hediyepazar.com\/index.php?rest_route=%2Fwp%2Fv2%2Fproduct_tag&post=101974"}],"curies":[{"name":"wp","href":"https:\/\/api.w.org\/{rel}","templated":true}]}}