{"id":101976,"date":"2026-05-04T04:04:27","date_gmt":"2026-05-04T07:04:27","guid":{"rendered":"https:\/\/www.hediyepazar.com\/?product=turk-2-li-baharat-tuz-ogutucu-set-dees-dickerhoof-design"},"modified":"2026-05-04T04:29:15","modified_gmt":"2026-05-04T07:29:15","slug":"turk-2-li-baharat-tuz-ogutucu-set-dees-dickerhoof-design","status":"publish","type":"product","link":"https:\/\/www.hediyepazar.com\/?product=turk-2-li-baharat-tuz-ogutucu-set-dees-dickerhoof-design","title":{"rendered":"Turk 2 Li Baharat Tuz \u00d6\u011f\u00fct\u00fcc\u00fc Set Dees Dickerhoof Design"},"content":{"rendered":"<p>\t<strong>\u00dcr\u00fcn \u00d6zellikleri : <\/strong><\/p>\n<p>\t<strong>Materyal : <\/strong> Cam + \u00c7elik<\/p>\n<p>\t<strong>Adet \/ Renk \/ Tasar\u0131m : <\/strong> 2 Adet, SERAM\u0130K DE\u011e\u0130RMENL\u0130, Turk Dees Dickerhoof Design olarak tasarlad\u0131\u011f\u0131m\u0131z, resimde yer alan rengi, s\u00fcrpriz ya\u015famaman\u0131z i\u00e7in birebir g\u00f6nderiyoruz<\/p>\n<p>\t<strong>\u00d6l\u00e7\u00fcler : <\/strong> 18 X 6.3 CM<\/p>\n<p>\tTUZ VE B\u0130BER DAH\u0130L DE\u011e\u0130LD\u0130R.<\/p>\n<p>\tBirinci S\u0131n\u0131f Paslanmaz \u00c7elik Tuz ve Karabiber \u00d6\u011f\u00fct\u00fcc\u00fc Seti, Doldurulabilir Tuz De\u011firmeni, Deniz Tuzu De\u011firmeni, kullan\u0131mdan sonra da\u011f\u0131n\u0131k bir toz kal\u0131nt\u0131s\u0131 b\u0131rakmayacak, kolay kavranabilen kulplu bir kapa\u011fa sahiptir. Kavisli temperli cam malzeme tasar\u0131m\u0131, sa\u011flam ve uzun \u00f6m\u00fcrl\u00fc olman\u0131n yan\u0131 s\u0131ra mutfa\u011f\u0131n\u0131za profesyonel bir hava katar.<\/p>\n<p>\t<strong>TIKANMAYA DAYANIKLI VE AYARLANAB\u0130L\u0130R UZUN SERAM\u0130K DE\u011e\u0130RMEN\u0130:<\/strong> Ayarlanabilir \u00d6\u011f\u00fct\u00fcc\u00fcye sahip bu de\u011firmen ne kal\u0131n veya ince olmas\u0131n\u0131 istedi\u011finizi ayarlayabilmeniz i\u00e7in tamamen ayarlanabilir be\u015f seviyeli bir \u00f6\u011f\u00fctme de\u011firmenine sahiptir.<\/p>\n<p>\t<strong>PREMIUM PASLANMAZ \u00c7EL\u0130K KAPAK : <\/strong>Hava ge\u00e7irmez bir s\u0131zd\u0131rmazl\u0131k sa\u011flar. T\u0131kanmaya dayan\u0131kl\u0131 tuz ve karabiber \u00f6\u011f\u00fct\u00fcc\u00fc de\u011firmeni, bu harika yeniden doldurulabilir tuz ve karabiber \u00f6\u011f\u00fct\u00fcc\u00fc seti ile h\u0131zl\u0131 ve zahmetsiz b\u00fck\u00fcmler sa\u011flar.<\/p>\n<p>\t<strong>DOLDURMASI VE KULLANIMI KOLAY. <\/strong>Doldurulabilir De\u011firmenimiz 175 ML baharat\u0131 her g\u00fcn taze ve kullan\u0131ma haz\u0131r tuttu\u011fundan s\u0131k s\u0131k doldurmaya gerek yoktur!<\/p>\n<p>\t<strong>M\u00dcKEMMEL SATI\u015e SONRASI H\u0130ZMET : <\/strong>Turk \/ Turk olarak m\u00fc\u015fterilerimize en iyi hizmeti sunmay\u0131 ama\u00e7l\u0131yor, g\u00fcvenle sat\u0131n alabilmeniz i\u00e7in, ambalaj kalitemize g\u00fcveniyor, her \u00fcr\u00fcn sorunsuz teslimat i\u00e7in \u00f6zenle paketliyor ve resimde belirtilen renk, ebat, \u00f6zelikte \u00fcr\u00fcn g\u00f6ndermeyi taahh\u00fct ediyoruz. Hasarl\u0131 \u00fcr\u00fcn ald\u0131ysan\u0131z veya di\u011fer \u00fcr\u00fcn ve paket teslimat sorunlar\u0131 oldu\u011funda bizimle ileti\u015fime ge\u00e7mekten \u00e7ekinmeyin.<\/p>\n<p>\t<strong>Detayl\u0131 bilgi i\u00e7in ek resimleri inceleyebilirsiniz<\/strong><\/p>\n<p><\/p>\n<p>\t<strong><strong><img decoding=\"async\" alt=\"\" src=\"https:\/\/arabayaservis.com\/skins\/shared\/images\/newtemmuz\/7430000718753-1.jpg\" \/> <\/strong><\/strong><\/p>\n<p>\t\u00a0<\/p>\n","protected":false},"excerpt":{"rendered":"<p>\u00dcr\u00fcn \u00d6zellikleri : Materyal : Cam + \u00c7elik Adet \/ Renk \/ Tasar\u0131m : 2 Adet, SERAM\u0130K DE\u011e\u0130RMENL\u0130, Turk Dees Dickerhoof Design olarak tasarlad\u0131\u011f\u0131m\u0131z, resimde yer alan rengi, s\u00fcrpriz ya\u015famaman\u0131z i\u00e7in birebir g\u00f6nderiyoruz \u00d6l\u00e7\u00fcler : 18 X 6.3 CM TUZ VE B\u0130BER DAH\u0130L DE\u011e\u0130LD\u0130R. Birinci S\u0131n\u0131f Paslanmaz \u00c7elik Tuz ve Karabiber \u00d6\u011f\u00fct\u00fcc\u00fc Seti, Doldurulabilir Tuz&#8230;<\/p>\n","protected":false},"featured_media":0,"comment_status":"open","ping_status":"closed","template":"","meta":{"_kad_post_transparent":"","_kad_post_title":"","_kad_post_layout":"","_kad_post_sidebar_id":"","_kad_post_content_style":"","_kad_post_vertical_padding":"","_kad_post_feature":"","_kad_post_feature_position":"","_kad_post_header":false,"_kad_post_footer":false,"_kad_post_classname":""},"product_brand":[],"product_cat":[7826],"product_tag":[],"class_list":{"0":"post-101976","1":"product","2":"type-product","3":"status-publish","5":"product_cat-endustriyel-mutfak-ekipmanlari-sofra-sofra-mutfak-ev-yasam-endustriyel-mutfak-ekipmanlari","7":"first","8":"instock","9":"purchasable","10":"product-type-simple","11":"entry","12":"content-bg","13":"loop-entry"},"_links":{"self":[{"href":"https:\/\/www.hediyepazar.com\/index.php?rest_route=\/wp\/v2\/product\/101976","targetHints":{"allow":["GET"]}}],"collection":[{"href":"https:\/\/www.hediyepazar.com\/index.php?rest_route=\/wp\/v2\/product"}],"about":[{"href":"https:\/\/www.hediyepazar.com\/index.php?rest_route=\/wp\/v2\/types\/product"}],"replies":[{"embeddable":true,"href":"https:\/\/www.hediyepazar.com\/index.php?rest_route=%2Fwp%2Fv2%2Fcomments&post=101976"}],"wp:attachment":[{"href":"https:\/\/www.hediyepazar.com\/index.php?rest_route=%2Fwp%2Fv2%2Fmedia&parent=101976"}],"wp:term":[{"taxonomy":"product_brand","embeddable":true,"href":"https:\/\/www.hediyepazar.com\/index.php?rest_route=%2Fwp%2Fv2%2Fproduct_brand&post=101976"},{"taxonomy":"product_cat","embeddable":true,"href":"https:\/\/www.hediyepazar.com\/index.php?rest_route=%2Fwp%2Fv2%2Fproduct_cat&post=101976"},{"taxonomy":"product_tag","embeddable":true,"href":"https:\/\/www.hediyepazar.com\/index.php?rest_route=%2Fwp%2Fv2%2Fproduct_tag&post=101976"}],"curies":[{"name":"wp","href":"https:\/\/api.w.org\/{rel}","templated":true}]}}