{"id":101978,"date":"2026-05-04T04:13:25","date_gmt":"2026-05-04T07:13:25","guid":{"rendered":"https:\/\/www.hediyepazar.com\/?product=turk-silver-mor-sampuan-500-ml-absolute-professional"},"modified":"2026-05-04T04:30:04","modified_gmt":"2026-05-04T07:30:04","slug":"turk-silver-mor-sampuan-500-ml-absolute-professional","status":"publish","type":"product","link":"https:\/\/www.hediyepazar.com\/?product=turk-silver-mor-sampuan-500-ml-absolute-professional","title":{"rendered":"Turk Silver Mor \u015eampuan 500 ML Absolute Professional"},"content":{"rendered":"<p>\t<strong>\u00dcr\u00fcn \u00d6zellikleri : <\/strong><\/p>\n<p>\t<strong>Adet \/ Renk \/ Tasar\u0131m : <\/strong> 1 Adet 500 ML, Turk Nano Absolute Professional \u00fcr\u00fcn\u00fcn\u00fc g\u00f6nderiyoruz<\/p>\n<p>\tProfesyonel kullan\u0131m ve profesyonel sonu\u00e7lar i\u00e7in tasarland\u0131.\u00a0<\/p>\n<p>\t\u0130\u00e7erisinde yer alan mavi pigmentler sa\u00e7taki sar\u0131\/turuncu pigmentleri n\u00f6tralize eder<\/p>\n<p>\tRengin a\u00e7\u0131k ve parlak kalmas\u0131n\u0131 sa\u011flar.<\/p>\n<p>\t\u0130\u015flem sonras\u0131 sa\u00e7\u0131 p\u00fcr\u00fczs\u00fcz ve yumu\u015fak b\u0131rak\u0131r.<\/p>\n<p>\tSa\u00e7\u0131n kolay taranmas\u0131na yard\u0131mc\u0131 olur.<\/p>\n<p>\tGri ve beyaz sa\u00e7lar\u0131n parlak ve \u0131\u015f\u0131lt\u0131l\u0131 g\u00f6r\u00fcnmesini sa\u011flar.<\/p>\n<p>\tBoyal\u0131, a\u011fart\u0131lm\u0131\u015f, gri veya sar\u0131 sa\u00e7lar i\u00e7in idealdir.<\/p>\n<p>\tSilver (Mor) \u015fampuan, gri ve beyaz sa\u00e7lar\u0131n \u00e7ok daha canl\u0131, parlak g\u00f6r\u00fcnmesini sa\u011flar. Ayr\u0131ca bu \u015fampunlar\u0131n en \u00e7ok tercih edilme sebebi ise, sar\u0131 sa\u00e7lardaki istenmeyen turunculuklar\u0131 (doreli\u011fi) almas\u0131d\u0131r. B\u00f6ylece sa\u00e7lar daha k\u00fcll\u00fc, daha g\u00fczel bir sar\u0131ya d\u00f6n\u00fc\u015f\u00fcr.<\/p>\n<p>\t\u00a0<\/p>\n<p>\t<strong>M\u00dcKEMMEL SATI\u015e SONRASI H\u0130ZMET : <\/strong>Turk \/ Turk olarak m\u00fc\u015fterilerimize en iyi hizmeti sunmay\u0131 ama\u00e7l\u0131yor, g\u00fcvenle sat\u0131n alabilmeniz i\u00e7in, ambalaj kalitemize g\u00fcveniyor, her \u00fcr\u00fcn sorunsuz teslimat i\u00e7in \u00f6zenle paketliyor ve resimde belirtilen renk, ebat, \u00f6zelikte \u00fcr\u00fcn g\u00f6ndermeyi taahh\u00fct ediyoruz. Hasarl\u0131 \u00fcr\u00fcn ald\u0131ysan\u0131z veya di\u011fer \u00fcr\u00fcn ve paket teslimat sorunlar\u0131 oldu\u011funda bizimle ileti\u015fime ge\u00e7mekten \u00e7ekinmeyin.<\/p>\n","protected":false},"excerpt":{"rendered":"<p>\u00dcr\u00fcn \u00d6zellikleri : Adet \/ Renk \/ Tasar\u0131m : 1 Adet 500 ML, Turk Nano Absolute Professional \u00fcr\u00fcn\u00fcn\u00fc g\u00f6nderiyoruz Profesyonel kullan\u0131m ve profesyonel sonu\u00e7lar i\u00e7in tasarland\u0131.\u00a0 \u0130\u00e7erisinde yer alan mavi pigmentler sa\u00e7taki sar\u0131\/turuncu pigmentleri n\u00f6tralize eder Rengin a\u00e7\u0131k ve parlak kalmas\u0131n\u0131 sa\u011flar. \u0130\u015flem sonras\u0131 sa\u00e7\u0131 p\u00fcr\u00fczs\u00fcz ve yumu\u015fak b\u0131rak\u0131r. Sa\u00e7\u0131n kolay taranmas\u0131na yard\u0131mc\u0131 olur. Gri&#8230;<\/p>\n","protected":false},"featured_media":0,"comment_status":"open","ping_status":"closed","template":"","meta":{"_kad_post_transparent":"","_kad_post_title":"","_kad_post_layout":"","_kad_post_sidebar_id":"","_kad_post_content_style":"","_kad_post_vertical_padding":"","_kad_post_feature":"","_kad_post_feature_position":"","_kad_post_header":false,"_kad_post_footer":false,"_kad_post_classname":""},"product_brand":[],"product_cat":[7881],"product_tag":[],"class_list":{"0":"post-101978","1":"product","2":"type-product","3":"status-publish","5":"product_cat-unisex-sac-ve-sakal-bakimi-erkek-kuafor-unisex-sac-ve-sakal-bakimi","7":"first","8":"instock","9":"purchasable","10":"product-type-simple","11":"entry","12":"content-bg","13":"loop-entry"},"_links":{"self":[{"href":"https:\/\/www.hediyepazar.com\/index.php?rest_route=\/wp\/v2\/product\/101978","targetHints":{"allow":["GET"]}}],"collection":[{"href":"https:\/\/www.hediyepazar.com\/index.php?rest_route=\/wp\/v2\/product"}],"about":[{"href":"https:\/\/www.hediyepazar.com\/index.php?rest_route=\/wp\/v2\/types\/product"}],"replies":[{"embeddable":true,"href":"https:\/\/www.hediyepazar.com\/index.php?rest_route=%2Fwp%2Fv2%2Fcomments&post=101978"}],"wp:attachment":[{"href":"https:\/\/www.hediyepazar.com\/index.php?rest_route=%2Fwp%2Fv2%2Fmedia&parent=101978"}],"wp:term":[{"taxonomy":"product_brand","embeddable":true,"href":"https:\/\/www.hediyepazar.com\/index.php?rest_route=%2Fwp%2Fv2%2Fproduct_brand&post=101978"},{"taxonomy":"product_cat","embeddable":true,"href":"https:\/\/www.hediyepazar.com\/index.php?rest_route=%2Fwp%2Fv2%2Fproduct_cat&post=101978"},{"taxonomy":"product_tag","embeddable":true,"href":"https:\/\/www.hediyepazar.com\/index.php?rest_route=%2Fwp%2Fv2%2Fproduct_tag&post=101978"}],"curies":[{"name":"wp","href":"https:\/\/api.w.org\/{rel}","templated":true}]}}