{"id":101979,"date":"2026-05-04T04:13:51","date_gmt":"2026-05-04T07:13:51","guid":{"rendered":"https:\/\/www.hediyepazar.com\/?product=turk-oto-koltuk-arasi-filesi-ceplik"},"modified":"2026-05-04T04:30:28","modified_gmt":"2026-05-04T07:30:28","slug":"turk-oto-koltuk-arasi-filesi-ceplik","status":"publish","type":"product","link":"https:\/\/www.hediyepazar.com\/?product=turk-oto-koltuk-arasi-filesi-ceplik","title":{"rendered":"Turk Oto Koltuk Aras\u0131 Filesi Ceplik"},"content":{"rendered":"<p>\t<strong>\u00dcr\u00fcn \u00d6zellikleri : <\/strong><\/p>\n<p>\t<strong>AKSESUARLAR \u00dcR\u00dcNE DAH\u0130L DE\u011e\u0130LD\u0130R. <\/strong><\/p>\n<p>\t<strong>1 Adet , Turk Professional Design olarak tasarlad\u0131\u011f\u0131m\u0131z, resimde yer alan S\u0130YAH\u00a0 rengi , s\u00fcrpriz ya\u015famaman\u0131z i\u00e7in birebir g\u00f6nderiyoruz . <\/strong><\/p>\n<p>\t<strong>\u00d6l\u00e7\u00fcler (bir cep telefonu ortalama 16 cm dir. K\u0131yaslaman\u0131z i\u00e7in kolayl\u0131k de\u011fil mi ? ) : 28 x 30 cm\u00a0<\/strong><\/p>\n<p>\t2 ama\u00e7l\u0131 kullan\u0131m i\u00e7in tasarland\u0131 : Koltuk aras\u0131 ve koltuk arkas\u0131nda kullan\u0131labilir<\/p>\n<p>\tKenarlar elastiktir, arka ve \u00f6n koltuklar aras\u0131nda ay\u0131rma duvar\u0131 olarak kullan\u0131labilir.<\/p>\n<p>\tAra\u00e7 file d\u00fczenleyici : File cep e\u015fyalar\u0131n\u0131z\u0131 g\u00fcvenli bir \u015fekilde saklayabilir ve iyi durumda tutabilirsiniz. Ayr\u0131ca arka koltuktaki yaramaz \u00e7ocuklar\u0131n veya evcil hayvanlar\u0131n g\u00fcnl\u00fck s\u00fcr\u00fc\u015f\u00fcn\u00fcz\u00fc etkilemesini \u00f6nlemek i\u00e7in \u00f6zel bir bariyer g\u00f6revi de g\u00f6r\u00fcr.<\/p>\n<p>\tYiyecek, elbise, \u015femsiye, el \u00e7antas\u0131, su \u015fi\u015fesi, \u00e7ocuk oyunca\u011f\u0131, \u015femsiye, al\u0131\u015fveri\u015f \u00e7antas\u0131 ve daha fazlas\u0131n\u0131 asmak i\u00e7in arac\u0131n\u0131z\u0131n ba\u015f deste\u011fini rahat bir depolama alan\u0131na d\u00f6n\u00fc\u015ft\u00fcr\u00fcr.<\/p>\n<p>\tKolay kurulum : Elastik bantlar ve g\u00fcvenlik kancalar\u0131 sayesinde a\u011f, ba\u015fl\u0131k s\u00fctununu \u00fcstten ba\u011flay\u0131n ve bir nesnenin sert kenar\u0131n\u0131 koltu\u011fun alt\u0131na tak\u0131n. Kanca. \u00d6n veya arka koltuklar\u0131n ba\u015f desteklerinin yuvarlak desteklerine kolayca sabitleyin.<\/p>\n<p>\t<strong>M\u00dcKEMMEL SATI\u015e SONRASI H\u0130ZMET : <\/strong>Bu \u00fcr\u00fcne daha avantajl\u0131 sahip olabilmeniz i\u00e7in ma\u011fazam\u0131z\u0131 ziyaret ederek, kampanyalar\u0131 inceleyebilirsiniz. Turk \/ Turk olarak m\u00fc\u015fterilerimize en iyi hizmeti sunmay\u0131 ama\u00e7l\u0131yor, g\u00fcvenle sat\u0131n alabilmeniz i\u00e7in, ambalaj kalitemize g\u00fcveniyor, her \u00fcr\u00fcn sorunsuz teslimat i\u00e7in \u00f6zenle paketliyor ve resimde belirtilen renk, ebat, \u00f6zelikte \u00fcr\u00fcn g\u00f6ndermeyi taahh\u00fct ediyoruz. Hasarl\u0131 \u00fcr\u00fcn ald\u0131ysan\u0131z veya di\u011fer \u00fcr\u00fcn ve paket teslimat sorunlar\u0131 oldu\u011funda bizimle ileti\u015fime ge\u00e7mekten \u00e7ekinmeyin.<\/p>\n<p>\t<strong>Detayl\u0131 bilgi i\u00e7in ek resimleri inceleyebilirsiniz<\/strong><\/p>\n<p><\/p>\n<p>\t<strong><strong><img decoding=\"async\" alt=\"\" src=\"https:\/\/arabayaservis.com\/skins\/shared\/images\/NEWEKIM\/7430000720922-1.jpg\" \/> <\/strong><\/strong><\/p>\n<p>\t\u00a0<\/p>\n","protected":false},"excerpt":{"rendered":"<p>\u00dcr\u00fcn \u00d6zellikleri : AKSESUARLAR \u00dcR\u00dcNE DAH\u0130L DE\u011e\u0130LD\u0130R. 1 Adet , Turk Professional Design olarak tasarlad\u0131\u011f\u0131m\u0131z, resimde yer alan S\u0130YAH\u00a0 rengi , s\u00fcrpriz ya\u015famaman\u0131z i\u00e7in birebir g\u00f6nderiyoruz . \u00d6l\u00e7\u00fcler (bir cep telefonu ortalama 16 cm dir. K\u0131yaslaman\u0131z i\u00e7in kolayl\u0131k de\u011fil mi ? ) : 28 x 30 cm\u00a0 2 ama\u00e7l\u0131 kullan\u0131m i\u00e7in tasarland\u0131 : Koltuk aras\u0131&#8230;<\/p>\n","protected":false},"featured_media":0,"comment_status":"open","ping_status":"closed","template":"","meta":{"_kad_post_transparent":"","_kad_post_title":"","_kad_post_layout":"","_kad_post_sidebar_id":"","_kad_post_content_style":"","_kad_post_vertical_padding":"","_kad_post_feature":"","_kad_post_feature_position":"","_kad_post_header":false,"_kad_post_footer":false,"_kad_post_classname":""},"product_brand":[],"product_cat":[7872],"product_tag":[],"class_list":{"0":"post-101979","1":"product","2":"type-product","3":"status-publish","5":"product_cat-arac-ici-telefon-tutucular-oto-aksesuarlari-cep-telefonu-elektronik-arac-ici-telefon-tutucular","7":"first","8":"instock","9":"purchasable","10":"product-type-simple","11":"entry","12":"content-bg","13":"loop-entry"},"_links":{"self":[{"href":"https:\/\/www.hediyepazar.com\/index.php?rest_route=\/wp\/v2\/product\/101979","targetHints":{"allow":["GET"]}}],"collection":[{"href":"https:\/\/www.hediyepazar.com\/index.php?rest_route=\/wp\/v2\/product"}],"about":[{"href":"https:\/\/www.hediyepazar.com\/index.php?rest_route=\/wp\/v2\/types\/product"}],"replies":[{"embeddable":true,"href":"https:\/\/www.hediyepazar.com\/index.php?rest_route=%2Fwp%2Fv2%2Fcomments&post=101979"}],"wp:attachment":[{"href":"https:\/\/www.hediyepazar.com\/index.php?rest_route=%2Fwp%2Fv2%2Fmedia&parent=101979"}],"wp:term":[{"taxonomy":"product_brand","embeddable":true,"href":"https:\/\/www.hediyepazar.com\/index.php?rest_route=%2Fwp%2Fv2%2Fproduct_brand&post=101979"},{"taxonomy":"product_cat","embeddable":true,"href":"https:\/\/www.hediyepazar.com\/index.php?rest_route=%2Fwp%2Fv2%2Fproduct_cat&post=101979"},{"taxonomy":"product_tag","embeddable":true,"href":"https:\/\/www.hediyepazar.com\/index.php?rest_route=%2Fwp%2Fv2%2Fproduct_tag&post=101979"}],"curies":[{"name":"wp","href":"https:\/\/api.w.org\/{rel}","templated":true}]}}