{"id":101980,"date":"2026-05-04T04:13:56","date_gmt":"2026-05-04T07:13:56","guid":{"rendered":"https:\/\/www.hediyepazar.com\/?product=turk-keratin-kaynak-sokucu-absolute-professional"},"modified":"2026-05-04T04:30:33","modified_gmt":"2026-05-04T07:30:33","slug":"turk-keratin-kaynak-sokucu-absolute-professional","status":"publish","type":"product","link":"https:\/\/www.hediyepazar.com\/?product=turk-keratin-kaynak-sokucu-absolute-professional","title":{"rendered":"Turk Keratin Kaynak S\u00f6k\u00fcc\u00fc Absolute Professional"},"content":{"rendered":"<p>\t<strong>\u00dcr\u00fcn \u00d6zellikleri : <\/strong><\/p>\n<p>\t<strong>Adet \/ Renk \/ Tasar\u0131m : <\/strong> 1 Adet 125 ML, Turk Nano Absolute Professional \u00fcr\u00fcn\u00fcn\u00fc g\u00f6nderiyoruz<\/p>\n<p>\tProfesyonel kullan\u0131m ve profesyonel sonu\u00e7lar i\u00e7in tasarland\u0131.\u00a0<\/p>\n<p>\tKeratin ile sabitlenen kaynaklar\u0131 s\u00f6kmek i\u00e7in kullan\u0131lan \u00e7\u00f6z\u00fcc\u00fcd\u00fcr.<\/p>\n<p>\tKullan\u0131m Talimat\u0131: Keratin \u00e7\u00f6z\u00fcc\u00fcy\u00fc sa\u00e7 uzant\u0131lar\u0131n\u0131n keratin ile sabitlenen k\u0131sm\u0131na e\u015fit miktarda uygulay\u0131n. Keratin ba\u011flar\u0131 yumu\u015famaya ba\u015flayacak. K\u0131ska\u00e7 yard\u0131m\u0131 ile yumu\u015fayan keratinleri \u00e7\u0131kart\u0131n. Kal\u0131nt\u0131lar\u0131 gidermek i\u00e7in f\u0131r\u00e7a yard\u0131m\u0131yla temizleyin. Keratinler temizlendikten sonra sa\u00e7lar\u0131 iyice y\u0131kay\u0131n ve \u015fekillendirmeye devam edin.<\/p>\n<p>\tDikkat: Kolayca yan\u0131c\u0131d\u0131r. Do\u011frudan g\u00f6z ile temastan ka\u00e7\u0131n\u0131n. G\u00f6ze temas etmesi halinde bol su ile durulay\u0131n. \u00c7ocuklar\u0131n ula\u015famayaca\u011f\u0131 yerlerde muhafaza edin<\/p>\n<p>\t<strong>M\u00dcKEMMEL SATI\u015e SONRASI H\u0130ZMET : <\/strong>Turk \/ Turk olarak m\u00fc\u015fterilerimize en iyi hizmeti sunmay\u0131 ama\u00e7l\u0131yor, g\u00fcvenle sat\u0131n alabilmeniz i\u00e7in, ambalaj kalitemize g\u00fcveniyor, her \u00fcr\u00fcn sorunsuz teslimat i\u00e7in \u00f6zenle paketliyor ve resimde belirtilen renk, ebat, \u00f6zelikte \u00fcr\u00fcn g\u00f6ndermeyi taahh\u00fct ediyoruz. Hasarl\u0131 \u00fcr\u00fcn ald\u0131ysan\u0131z veya di\u011fer \u00fcr\u00fcn ve paket teslimat sorunlar\u0131 oldu\u011funda bizimle ileti\u015fime ge\u00e7mekten \u00e7ekinmeyin.<\/p>\n","protected":false},"excerpt":{"rendered":"<p>\u00dcr\u00fcn \u00d6zellikleri : Adet \/ Renk \/ Tasar\u0131m : 1 Adet 125 ML, Turk Nano Absolute Professional \u00fcr\u00fcn\u00fcn\u00fc g\u00f6nderiyoruz Profesyonel kullan\u0131m ve profesyonel sonu\u00e7lar i\u00e7in tasarland\u0131.\u00a0 Keratin ile sabitlenen kaynaklar\u0131 s\u00f6kmek i\u00e7in kullan\u0131lan \u00e7\u00f6z\u00fcc\u00fcd\u00fcr. Kullan\u0131m Talimat\u0131: Keratin \u00e7\u00f6z\u00fcc\u00fcy\u00fc sa\u00e7 uzant\u0131lar\u0131n\u0131n keratin ile sabitlenen k\u0131sm\u0131na e\u015fit miktarda uygulay\u0131n. Keratin ba\u011flar\u0131 yumu\u015famaya ba\u015flayacak. K\u0131ska\u00e7 yard\u0131m\u0131 ile yumu\u015fayan&#8230;<\/p>\n","protected":false},"featured_media":101933,"comment_status":"open","ping_status":"closed","template":"","meta":{"_kad_post_transparent":"","_kad_post_title":"","_kad_post_layout":"","_kad_post_sidebar_id":"","_kad_post_content_style":"","_kad_post_vertical_padding":"","_kad_post_feature":"","_kad_post_feature_position":"","_kad_post_header":false,"_kad_post_footer":false,"_kad_post_classname":""},"product_brand":[],"product_cat":[7881],"product_tag":[],"class_list":{"0":"post-101980","1":"product","2":"type-product","3":"status-publish","4":"has-post-thumbnail","6":"product_cat-unisex-sac-ve-sakal-bakimi-erkek-kuafor-unisex-sac-ve-sakal-bakimi","8":"first","9":"instock","10":"purchasable","11":"product-type-simple","12":"entry","13":"content-bg","14":"loop-entry"},"_links":{"self":[{"href":"https:\/\/www.hediyepazar.com\/index.php?rest_route=\/wp\/v2\/product\/101980","targetHints":{"allow":["GET"]}}],"collection":[{"href":"https:\/\/www.hediyepazar.com\/index.php?rest_route=\/wp\/v2\/product"}],"about":[{"href":"https:\/\/www.hediyepazar.com\/index.php?rest_route=\/wp\/v2\/types\/product"}],"replies":[{"embeddable":true,"href":"https:\/\/www.hediyepazar.com\/index.php?rest_route=%2Fwp%2Fv2%2Fcomments&post=101980"}],"wp:featuredmedia":[{"embeddable":true,"href":"https:\/\/www.hediyepazar.com\/index.php?rest_route=\/wp\/v2\/media\/101933"}],"wp:attachment":[{"href":"https:\/\/www.hediyepazar.com\/index.php?rest_route=%2Fwp%2Fv2%2Fmedia&parent=101980"}],"wp:term":[{"taxonomy":"product_brand","embeddable":true,"href":"https:\/\/www.hediyepazar.com\/index.php?rest_route=%2Fwp%2Fv2%2Fproduct_brand&post=101980"},{"taxonomy":"product_cat","embeddable":true,"href":"https:\/\/www.hediyepazar.com\/index.php?rest_route=%2Fwp%2Fv2%2Fproduct_cat&post=101980"},{"taxonomy":"product_tag","embeddable":true,"href":"https:\/\/www.hediyepazar.com\/index.php?rest_route=%2Fwp%2Fv2%2Fproduct_tag&post=101980"}],"curies":[{"name":"wp","href":"https:\/\/api.w.org\/{rel}","templated":true}]}}