{"id":101993,"date":"2026-05-04T04:17:06","date_gmt":"2026-05-04T07:17:06","guid":{"rendered":"https:\/\/www.hediyepazar.com\/?product=turk-berber-kuafor-sac-kesim-taragi-karbon-nano-absolute-professional"},"modified":"2026-05-04T04:33:27","modified_gmt":"2026-05-04T07:33:27","slug":"turk-berber-kuafor-sac-kesim-taragi-karbon-nano-absolute-professional","status":"publish","type":"product","link":"https:\/\/www.hediyepazar.com\/?product=turk-berber-kuafor-sac-kesim-taragi-karbon-nano-absolute-professional","title":{"rendered":"Turk Berber Kuaf\u00f6r Sa\u00e7 Kesim Tara\u011f\u0131 Karbon Nano Absolute Professional"},"content":{"rendered":"<p><strong>&Uuml;r&uuml;n &Ouml;zellikleri : <\/strong><\/p>\n<p><strong>Materyal :&nbsp;<\/strong><strong>Anti-statik karbon&nbsp;<\/strong><\/p>\n<p><strong>Adet \/ Renk \/ Tasar\u0131m : <\/strong> 1 Adet, Turk Nano Absolute Professional Design olarak tasarlad\u0131\u011f\u0131m\u0131z, resimde yer alan rengi, s&uuml;rpriz ya\u015famaman\u0131z i&ccedil;in birebir g&ouml;nderiyoruz<\/p>\n<p><strong>&Ouml;l&ccedil;&uuml;ler (bir cep telefonu ortalama 16 cm dir. K\u0131yaslaman\u0131z i&ccedil;in kolayl\u0131k de\u011fil mi ? ) : 21.5 CM&nbsp;<\/strong><\/p>\n<p><strong>Bu tarak, anti-statik karbon-ion teknolojisine sahiptir ve normal plastik taraklara g&ouml;re 5 kat daha uzun &ouml;m&uuml;rl&uuml; ve 4 kat daha az statik elektri\u011fe sahiptir. <\/strong><\/p>\n<p><strong>T&Uuml;M SA&Ccedil; T\u0130PLER\u0130 \u0130&Ccedil;\u0130N UYGUN:<\/strong>&nbsp;Profesyonel tasar\u0131m ve kullan\u0131ma tam uygunlu\u011fa sahiptir. Berber\/Kuaf&ouml;rler sa&ccedil; kesiminde m&uuml;kemmel i\u015flev g&ouml;recektir.&nbsp;&nbsp;<\/p>\n<p><strong>Malzeme: <\/strong>Antistatik ve \u0131s\u0131ya dayan\u0131kl\u0131, neredeyse k\u0131r\u0131lmaz, hafif ve dayan\u0131kl\u0131, uzun s&uuml;reli kullan\u0131ma hizmet edebilir<\/p>\n<p><strong>\u0130\u015flev: <\/strong>Sakal, b\u0131y\u0131k, sa&ccedil; tarama , sa&ccedil; boyama ve di\u011fer i\u015fleri daha iyi yapmak i&ccedil;in uygundur, d&uuml;zenli kullan\u0131m, donuk sa&ccedil;lara parlak parlakl\u0131k ve parlakl\u0131k katar, sa&ccedil;lar\u0131 p&uuml;r&uuml;zs&uuml;z ve ipeksi yumu\u015fak b\u0131rak\u0131r, sa&ccedil;\u0131n\u0131z ve sa&ccedil; deriniz daha sa\u011fl\u0131kl\u0131 olur<\/p>\n<p><strong>M&Uuml;KEMMEL SATI\u015e SONRASI H\u0130ZMET : <\/strong>Bu &uuml;r&uuml;ne daha avantajl\u0131 sahip olabilmeniz i&ccedil;in ma\u011fazam\u0131z\u0131 ziyaret ederek, kampanyalar\u0131 inceleyebilirsiniz. Turk \/ Turk olarak m&uuml;\u015fterilerimize en iyi hizmeti sunmay\u0131 ama&ccedil;l\u0131yor, g&uuml;venle sat\u0131n alabilmeniz i&ccedil;in, ambalaj kalitemize g&uuml;veniyor, her &uuml;r&uuml;n sorunsuz teslimat i&ccedil;in &ouml;zenle paketliyor ve resimde belirtilen renk, ebat, &ouml;zelikte &uuml;r&uuml;n g&ouml;ndermeyi taahh&uuml;t ediyoruz. Hasarl\u0131 &uuml;r&uuml;n ald\u0131ysan\u0131z veya di\u011fer &uuml;r&uuml;n ve paket teslimat sorunlar\u0131 oldu\u011funda bizimle ileti\u015fime ge&ccedil;mekten &ccedil;ekinmeyin.<\/p>\n<p><strong>Detayl\u0131 bilgi i&ccedil;in ek resimleri inceleyebilirsiniz<\/strong><\/p>\n<p>&nbsp;<\/p>\n<p><strong><strong><img decoding=\"async\" alt=\"\" src=\"https:\/\/arabayaservis.com\/skins\/shared\/images\/NEWEKIM\/7430000720887-1.jpg\" \/> <\/strong><\/strong><\/p>\n<p>&nbsp;<\/p>\n<p>&nbsp;<\/p>\n","protected":false},"excerpt":{"rendered":"<p>&Uuml;r&uuml;n &Ouml;zellikleri : Materyal :&nbsp;Anti-statik karbon&nbsp; Adet \/ Renk \/ Tasar\u0131m : 1 Adet, Turk Nano Absolute Professional Design olarak tasarlad\u0131\u011f\u0131m\u0131z, resimde yer alan rengi, s&uuml;rpriz ya\u015famaman\u0131z i&ccedil;in birebir g&ouml;nderiyoruz &Ouml;l&ccedil;&uuml;ler (bir cep telefonu ortalama 16 cm dir. K\u0131yaslaman\u0131z i&ccedil;in kolayl\u0131k de\u011fil mi ? ) : 21.5 CM&nbsp; Bu tarak, anti-statik karbon-ion teknolojisine sahiptir ve&#8230;<\/p>\n","protected":false},"featured_media":101953,"comment_status":"open","ping_status":"closed","template":"","meta":{"_kad_post_transparent":"","_kad_post_title":"","_kad_post_layout":"","_kad_post_sidebar_id":"","_kad_post_content_style":"","_kad_post_vertical_padding":"","_kad_post_feature":"","_kad_post_feature_position":"","_kad_post_header":false,"_kad_post_footer":false,"_kad_post_classname":""},"product_brand":[],"product_cat":[7917],"product_tag":[],"class_list":{"0":"post-101993","1":"product","2":"type-product","3":"status-publish","4":"has-post-thumbnail","6":"product_cat-tarak-ve-makaslar-kuafor-urunleri-erkek-kuafor-tarak-ve-makaslar","8":"first","9":"instock","10":"purchasable","11":"product-type-simple","12":"entry","13":"content-bg","14":"loop-entry"},"_links":{"self":[{"href":"https:\/\/www.hediyepazar.com\/index.php?rest_route=\/wp\/v2\/product\/101993","targetHints":{"allow":["GET"]}}],"collection":[{"href":"https:\/\/www.hediyepazar.com\/index.php?rest_route=\/wp\/v2\/product"}],"about":[{"href":"https:\/\/www.hediyepazar.com\/index.php?rest_route=\/wp\/v2\/types\/product"}],"replies":[{"embeddable":true,"href":"https:\/\/www.hediyepazar.com\/index.php?rest_route=%2Fwp%2Fv2%2Fcomments&post=101993"}],"wp:featuredmedia":[{"embeddable":true,"href":"https:\/\/www.hediyepazar.com\/index.php?rest_route=\/wp\/v2\/media\/101953"}],"wp:attachment":[{"href":"https:\/\/www.hediyepazar.com\/index.php?rest_route=%2Fwp%2Fv2%2Fmedia&parent=101993"}],"wp:term":[{"taxonomy":"product_brand","embeddable":true,"href":"https:\/\/www.hediyepazar.com\/index.php?rest_route=%2Fwp%2Fv2%2Fproduct_brand&post=101993"},{"taxonomy":"product_cat","embeddable":true,"href":"https:\/\/www.hediyepazar.com\/index.php?rest_route=%2Fwp%2Fv2%2Fproduct_cat&post=101993"},{"taxonomy":"product_tag","embeddable":true,"href":"https:\/\/www.hediyepazar.com\/index.php?rest_route=%2Fwp%2Fv2%2Fproduct_tag&post=101993"}],"curies":[{"name":"wp","href":"https:\/\/api.w.org\/{rel}","templated":true}]}}