{"id":101996,"date":"2026-05-04T04:18:02","date_gmt":"2026-05-04T07:18:02","guid":{"rendered":"https:\/\/www.hediyepazar.com\/?product=turk-hassas-mutfak-terazisi-kuafor-terazisi-10-kg"},"modified":"2026-05-04T04:34:19","modified_gmt":"2026-05-04T07:34:19","slug":"turk-hassas-mutfak-terazisi-kuafor-terazisi-10-kg","status":"publish","type":"product","link":"https:\/\/www.hediyepazar.com\/?product=turk-hassas-mutfak-terazisi-kuafor-terazisi-10-kg","title":{"rendered":"Turk Hassas Mutfak Terazisi Kuaf\u00f6r Terazisi 10 Kg"},"content":{"rendered":"<p>\t<strong>\u00dcr\u00fcn \u00d6zellikleri : <\/strong><\/p>\n<p>\t<strong>2 adet pil \u00dcR\u00dcNE DAH\u0130LD\u0130R. <\/strong><\/p>\n<p>\tGEN\u0130\u015e KULLANIM ALANI : Mutfaklarda, sanatsal i\u015flemlerde veya kuaf\u00f6rlerde sa\u00e7 boya kar\u0131\u015f\u0131mlar\u0131 i\u00e7in tasarlanm\u0131\u015ft\u0131r.<\/p>\n<p dir=\"ltr\" style=\"line-height: 1.38; margin-top: 0pt; margin-bottom: 0pt;\">\tDijital hassas terazi, malzeme eklerken h\u0131zl\u0131 ve do\u011fru \u00f6l\u00e7\u00fcm yapar<\/p>\n<p dir=\"ltr\" style=\"line-height: 1.38; margin-top: 0pt; margin-bottom: 0pt;\">\t\u015e\u0131k Beyaz dayan\u0131kl\u0131 plastik g\u00f6r\u00fcn\u00fcmle tasarlanm\u0131\u015ft\u0131r. Kolayca temizlenir ve saklan\u0131r. Kullan\u0131m K\u0131lavuzu Dahildir.<br \/>\tDara hesaplamas\u0131 i\u00e7in kullan\u0131\u015fl\u0131 tar d\u00fc\u011fmesi, tabak veya kab\u0131n a\u011f\u0131rl\u0131\u011f\u0131n\u0131 \u00e7\u0131karman\u0131za olanak tan\u0131r ve b\u00f6ylece malzemelerin do\u011fru okumalar\u0131n\u0131 elde etmenizi kolayla\u015ft\u0131r\u0131r. AA pillerle \u00e7al\u0131\u015f\u0131r, 1 dakika sonra otomatik kapanma ile birlikte gelir. Kolay eri\u015fimli pil b\u00f6lmesine sahiptir. \u00a0<\/p>\n<p>\t<strong>M\u00dcKEMMEL SATI\u015e SONRASI H\u0130ZMET : <\/strong>Bu \u00fcr\u00fcne daha avantajl\u0131 sahip olabilmeniz i\u00e7in ma\u011fazam\u0131z\u0131 ziyaret ederek, kampanyalar\u0131 inceleyebilirsiniz. Turk \/ Turk olarak m\u00fc\u015fterilerimize en iyi hizmeti sunmay\u0131 ama\u00e7l\u0131yor, g\u00fcvenle sat\u0131n alabilmeniz i\u00e7in, ambalaj kalitemize g\u00fcveniyor, her \u00fcr\u00fcn sorunsuz teslimat i\u00e7in \u00f6zenle paketliyor ve resimde belirtilen renk, ebat, \u00f6zelikte \u00fcr\u00fcn g\u00f6ndermeyi taahh\u00fct ediyoruz. Hasarl\u0131 \u00fcr\u00fcn ald\u0131ysan\u0131z veya di\u011fer \u00fcr\u00fcn ve paket teslimat sorunlar\u0131 oldu\u011funda bizimle ileti\u015fime ge\u00e7mekten \u00e7ekinmeyin.<\/p>\n","protected":false},"excerpt":{"rendered":"<p>\u00dcr\u00fcn \u00d6zellikleri : 2 adet pil \u00dcR\u00dcNE DAH\u0130LD\u0130R. GEN\u0130\u015e KULLANIM ALANI : Mutfaklarda, sanatsal i\u015flemlerde veya kuaf\u00f6rlerde sa\u00e7 boya kar\u0131\u015f\u0131mlar\u0131 i\u00e7in tasarlanm\u0131\u015ft\u0131r. Dijital hassas terazi, malzeme eklerken h\u0131zl\u0131 ve do\u011fru \u00f6l\u00e7\u00fcm yapar \u015e\u0131k Beyaz dayan\u0131kl\u0131 plastik g\u00f6r\u00fcn\u00fcmle tasarlanm\u0131\u015ft\u0131r. Kolayca temizlenir ve saklan\u0131r. Kullan\u0131m K\u0131lavuzu Dahildir. Dara hesaplamas\u0131 i\u00e7in kullan\u0131\u015fl\u0131 tar d\u00fc\u011fmesi, tabak veya kab\u0131n a\u011f\u0131rl\u0131\u011f\u0131n\u0131&#8230;<\/p>\n","protected":false},"featured_media":0,"comment_status":"open","ping_status":"closed","template":"","meta":{"_kad_post_transparent":"","_kad_post_title":"","_kad_post_layout":"","_kad_post_sidebar_id":"","_kad_post_content_style":"","_kad_post_vertical_padding":"","_kad_post_feature":"","_kad_post_feature_position":"","_kad_post_header":false,"_kad_post_footer":false,"_kad_post_classname":""},"product_brand":[],"product_cat":[7826],"product_tag":[],"class_list":{"0":"post-101996","1":"product","2":"type-product","3":"status-publish","5":"product_cat-endustriyel-mutfak-ekipmanlari-sofra-sofra-mutfak-ev-yasam-endustriyel-mutfak-ekipmanlari","7":"first","8":"instock","9":"purchasable","10":"product-type-simple","11":"entry","12":"content-bg","13":"loop-entry"},"_links":{"self":[{"href":"https:\/\/www.hediyepazar.com\/index.php?rest_route=\/wp\/v2\/product\/101996","targetHints":{"allow":["GET"]}}],"collection":[{"href":"https:\/\/www.hediyepazar.com\/index.php?rest_route=\/wp\/v2\/product"}],"about":[{"href":"https:\/\/www.hediyepazar.com\/index.php?rest_route=\/wp\/v2\/types\/product"}],"replies":[{"embeddable":true,"href":"https:\/\/www.hediyepazar.com\/index.php?rest_route=%2Fwp%2Fv2%2Fcomments&post=101996"}],"wp:attachment":[{"href":"https:\/\/www.hediyepazar.com\/index.php?rest_route=%2Fwp%2Fv2%2Fmedia&parent=101996"}],"wp:term":[{"taxonomy":"product_brand","embeddable":true,"href":"https:\/\/www.hediyepazar.com\/index.php?rest_route=%2Fwp%2Fv2%2Fproduct_brand&post=101996"},{"taxonomy":"product_cat","embeddable":true,"href":"https:\/\/www.hediyepazar.com\/index.php?rest_route=%2Fwp%2Fv2%2Fproduct_cat&post=101996"},{"taxonomy":"product_tag","embeddable":true,"href":"https:\/\/www.hediyepazar.com\/index.php?rest_route=%2Fwp%2Fv2%2Fproduct_tag&post=101996"}],"curies":[{"name":"wp","href":"https:\/\/api.w.org\/{rel}","templated":true}]}}