{"id":101999,"date":"2026-05-04T04:18:33","date_gmt":"2026-05-04T07:18:33","guid":{"rendered":"https:\/\/www.hediyepazar.com\/?product=turk-oto-bagaj-filesi-cirtli-ceplikli-bagaj-filesi"},"modified":"2026-05-04T04:34:47","modified_gmt":"2026-05-04T07:34:47","slug":"turk-oto-bagaj-filesi-cirtli-ceplikli-bagaj-filesi","status":"publish","type":"product","link":"https:\/\/www.hediyepazar.com\/?product=turk-oto-bagaj-filesi-cirtli-ceplikli-bagaj-filesi","title":{"rendered":"Turk Oto Bagaj Filesi C\u0131rtl\u0131 Ceplikli Bagaj Filesi"},"content":{"rendered":"<p>\t<strong>\u00dcr\u00fcn \u00d6zellikleri : <\/strong><\/p>\n<p>\t<strong>AKSESUARLAR \u00dcR\u00dcNE DAH\u0130L DE\u011e\u0130LD\u0130R. <\/strong><\/p>\n<p>\t<strong>1 Adet , Turk\u00a0 Design olarak tasarlad\u0131\u011f\u0131m\u0131z, resimde yer alan S\u0130YAH RENG\u0130 , s\u00fcrpriz ya\u015famaman\u0131z i\u00e7in birebir g\u00f6nderiyoruz . <\/strong><\/p>\n<p>\t<strong>\u00d6l\u00e7\u00fcler (bir cep telefonu ortalama 16 cm dir. K\u0131yaslaman\u0131z i\u00e7in kolayl\u0131k de\u011fil mi ? ) : 25 x 47 cm\u00a0<\/strong><\/p>\n<p>\tBu file \u00e7anta ile yiyecek, \u015fi\u015fe, temizlik spreyi, temizlik bezi, bilet vb. gibi arabadaki e\u015fyalar\u0131 d\u00fczenleyebilir ve s\u0131ralayabilir, araban\u0131z\u0131 daha temiz ve d\u00fczenli hale getirebilirsiniz. Kullan\u0131lmad\u0131\u011f\u0131nda, kolay saklama i\u00e7in d\u00fcz bir \u015fekle katlayabilirsiniz.<\/p>\n<p>\t\u00dcst\u00fcn malzeme: Bu bagaj filesi y\u00fcksek kaliteli elastik polyesterden yap\u0131lm\u0131\u015ft\u0131r, dayan\u0131kl\u0131 ve pratiktir. Kompakt kenar ve \u00e7ift katman ile file cepler daha dayan\u0131kl\u0131d\u0131r. Sihirli \u00e7\u0131kartmalar ile file \u00e7antan\u0131n kurulumu kolayd\u0131r. Bagaj filesini sadece g\u00f6vdeye, s\u0131rt dayana\u011f\u0131na veya di\u011fer flanel pozisyonlar\u0131na yap\u0131\u015ft\u0131r\u0131n, file \u00e7antalar\u0131 \u00e7\u0131kard\u0131\u011f\u0131n\u0131zda i\u00e7 k\u0131s\u0131m tahrip olmaz.<\/p>\n<p>\tKullan\u0131m \u015eekli: Montaj yapaca\u011f\u0131n\u0131z alan\u0131 temizleyip kurulay\u0131n; \u00fcr\u00fcn\u00fc ambalaj\u0131ndan \u00e7\u0131kar\u0131n; arka y\u00fcz\u00fcndeki \u00e7ift tarafl\u0131 c\u0131rt\u0131 \u00fc montaj yapaca\u011f\u0131n\u0131z alana yap\u0131\u015ft\u0131r\u0131n.<\/p>\n<p>\tArka koltuklar, kap\u0131 panelleri, bagaj, karavan ve motokaravanlardaki depolama alanlar\u0131, i\u00e7in \u00e7ok uygundur.<\/p>\n<p>\t<strong>M\u00dcKEMMEL SATI\u015e SONRASI H\u0130ZMET : <\/strong>Bu \u00fcr\u00fcne daha avantajl\u0131 sahip olabilmeniz i\u00e7in ma\u011fazam\u0131z\u0131 ziyaret ederek, kampanyalar\u0131 inceleyebilirsiniz. Turk \/ Turk olarak m\u00fc\u015fterilerimize en iyi hizmeti sunmay\u0131 ama\u00e7l\u0131yor, g\u00fcvenle sat\u0131n alabilmeniz i\u00e7in, ambalaj kalitemize g\u00fcveniyor, her \u00fcr\u00fcn sorunsuz teslimat i\u00e7in \u00f6zenle paketliyor ve resimde belirtilen renk, ebat, \u00f6zelikte \u00fcr\u00fcn g\u00f6ndermeyi taahh\u00fct ediyoruz. Hasarl\u0131 \u00fcr\u00fcn ald\u0131ysan\u0131z veya di\u011fer \u00fcr\u00fcn ve paket teslimat sorunlar\u0131 oldu\u011funda bizimle ileti\u015fime ge\u00e7mekten \u00e7ekinmeyin.<\/p>\n<p>\t<strong>Detayl\u0131 bilgi i\u00e7in ek resimleri inceleyebilirsiniz<\/strong><\/p>\n<p><\/p>\n<p>\t<strong><strong><img decoding=\"async\" alt=\"\" src=\"https:\/\/arabayaservis.com\/skins\/shared\/images\/NEWEKIM\/7430000720921-1.jpg\" \/> <\/strong><\/strong><\/p>\n<p>\t\u00a0<\/p>\n","protected":false},"excerpt":{"rendered":"<p>\u00dcr\u00fcn \u00d6zellikleri : AKSESUARLAR \u00dcR\u00dcNE DAH\u0130L DE\u011e\u0130LD\u0130R. 1 Adet , Turk\u00a0 Design olarak tasarlad\u0131\u011f\u0131m\u0131z, resimde yer alan S\u0130YAH RENG\u0130 , s\u00fcrpriz ya\u015famaman\u0131z i\u00e7in birebir g\u00f6nderiyoruz . \u00d6l\u00e7\u00fcler (bir cep telefonu ortalama 16 cm dir. K\u0131yaslaman\u0131z i\u00e7in kolayl\u0131k de\u011fil mi ? ) : 25 x 47 cm\u00a0 Bu file \u00e7anta ile yiyecek, \u015fi\u015fe, temizlik spreyi, temizlik&#8230;<\/p>\n","protected":false},"featured_media":0,"comment_status":"open","ping_status":"closed","template":"","meta":{"_kad_post_transparent":"","_kad_post_title":"","_kad_post_layout":"","_kad_post_sidebar_id":"","_kad_post_content_style":"","_kad_post_vertical_padding":"","_kad_post_feature":"","_kad_post_feature_position":"","_kad_post_header":false,"_kad_post_footer":false,"_kad_post_classname":""},"product_brand":[],"product_cat":[7872],"product_tag":[],"class_list":{"0":"post-101999","1":"product","2":"type-product","3":"status-publish","5":"product_cat-arac-ici-telefon-tutucular-oto-aksesuarlari-cep-telefonu-elektronik-arac-ici-telefon-tutucular","7":"first","8":"instock","9":"purchasable","10":"product-type-simple","11":"entry","12":"content-bg","13":"loop-entry"},"_links":{"self":[{"href":"https:\/\/www.hediyepazar.com\/index.php?rest_route=\/wp\/v2\/product\/101999","targetHints":{"allow":["GET"]}}],"collection":[{"href":"https:\/\/www.hediyepazar.com\/index.php?rest_route=\/wp\/v2\/product"}],"about":[{"href":"https:\/\/www.hediyepazar.com\/index.php?rest_route=\/wp\/v2\/types\/product"}],"replies":[{"embeddable":true,"href":"https:\/\/www.hediyepazar.com\/index.php?rest_route=%2Fwp%2Fv2%2Fcomments&post=101999"}],"wp:attachment":[{"href":"https:\/\/www.hediyepazar.com\/index.php?rest_route=%2Fwp%2Fv2%2Fmedia&parent=101999"}],"wp:term":[{"taxonomy":"product_brand","embeddable":true,"href":"https:\/\/www.hediyepazar.com\/index.php?rest_route=%2Fwp%2Fv2%2Fproduct_brand&post=101999"},{"taxonomy":"product_cat","embeddable":true,"href":"https:\/\/www.hediyepazar.com\/index.php?rest_route=%2Fwp%2Fv2%2Fproduct_cat&post=101999"},{"taxonomy":"product_tag","embeddable":true,"href":"https:\/\/www.hediyepazar.com\/index.php?rest_route=%2Fwp%2Fv2%2Fproduct_tag&post=101999"}],"curies":[{"name":"wp","href":"https:\/\/api.w.org\/{rel}","templated":true}]}}