{"id":102007,"date":"2026-05-04T04:20:31","date_gmt":"2026-05-04T07:20:31","guid":{"rendered":"https:\/\/www.hediyepazar.com\/?product=turk-kasikli-mama-silikon-biberon-erkek-bebek-besleyici"},"modified":"2026-05-04T04:36:35","modified_gmt":"2026-05-04T07:36:35","slug":"turk-kasikli-mama-silikon-biberon-erkek-bebek-besleyici","status":"publish","type":"product","link":"https:\/\/www.hediyepazar.com\/?product=turk-kasikli-mama-silikon-biberon-erkek-bebek-besleyici","title":{"rendered":"Turk Ka\u015f\u0131kl\u0131 Mama Silikon Biberon ERKEK Bebek Besleyici"},"content":{"rendered":"<p>\t<strong>\u00dcr\u00fcn \u00d6zellikleri :\u00a0 ERKEK \u00e7ocuklar\u0131na \u00f6zel renklerde, MAV\u0130, YE\u015e\u0130L gibi renkler de\u011fi\u015fkenlik g\u00f6sterebilir.<\/strong><\/p>\n<p>\t<strong>Materyal : Silikon<\/strong><\/p>\n<p>\t<strong>Adet \/ Renk \/ Tasar\u0131m : <\/strong> 1 Adet, Turk\u00a0 Littloo\u00a0 Design olarak tasarlad\u0131\u011f\u0131m\u0131z, resimde yer alan tasar\u0131m\u0131\u00a0 \u00a0, s\u00fcrpriz ya\u015famaman\u0131z i\u00e7in birebir g\u00f6nderiyoruz.\u00a0<br \/>\t<strong>\u00d6l\u00e7\u00fcler : 20 cm x 5 cm\u00a0<\/strong><\/p>\n<p>\tGIDA SINIFI S\u0130L\u0130KON MALZEME: Kolay s\u0131kma ve rahat tutu\u015f i\u00e7in g\u0131da s\u0131n\u0131f\u0131 yumu\u015fak silikon malzemeyle birlikte gelen Littloo Bebek Ka\u015f\u0131k Besleyici ile bebe\u011fe en iyi bak\u0131m\u0131n\u0131 sa\u011flay\u0131n.<\/p>\n<p>\t\u00c7OK AMA\u00c7LI KULLANIM: Littloo Bebek Ka\u015f\u0131k Besleyici, mamay\u0131 ka\u015f\u0131\u011fa getirmek ve bir bebe\u011fe meyve sular\u0131, tah\u0131llar, pirin\u00e7 p\u00fcresi, sebzeler ve di\u011fer yar\u0131 kat\u0131lar gibi temel besinleri veya g\u0131da kar\u0131\u015f\u0131mlar\u0131n\u0131 beslemek i\u00e7in ergonomik olarak tasarlanm\u0131\u015ft\u0131r.<\/p>\n<p>\tTEM\u0130ZL\u0130\u011e\u0130 VE YIKANMASI KOLAY: Littloo Ka\u015f\u0131k Besleyici, kavramay\u0131 destekleyen ve uygun hijyen sa\u011flayan yumu\u015fak silikon g\u0131da s\u0131n\u0131f\u0131 ile donat\u0131lm\u0131\u015ft\u0131r. G\u00fcvenli\u011fini ve hijyenini sa\u011flamak i\u00e7in kaynar suda kolayca y\u0131kay\u0131p sterilize edebilirsiniz.<\/p>\n<p>\tD\u00dcZENL\u0130 VE DO\u011eRU \u00dcR\u00dcN : Littloo Bebek Ka\u015f\u0131k Besleyici, tah\u0131llar, s\u00fct ve sebzeler gibi yiyecek kar\u0131\u015f\u0131mlar\u0131n\u0131n e\u015fit ve do\u011fru \u015fekilde da\u011f\u0131t\u0131lmas\u0131 i\u00e7in bir delikli ve yuvarlak kenarl\u0131 ka\u015f\u0131kla birlikte gelir. Do\u011fru ve hassas teslimat i\u00e7in 90 ml&#8217;ye kadar kademeli i\u015faretlerle birlikte gelir.<\/p>\n<p>\tKULLANICI DOSTU VE ZEH\u0130RL\u0130 OLMAYAN: Littloo Bebek Ka\u015f\u0131k Besleyici, tekrar tekrar s\u0131k\u0131ld\u0131ktan sonra \u015feklini yeniden kazanan, toksik olmayan, n yumu\u015fak silikondan yap\u0131lm\u0131\u015ft\u0131r. Tekrarlanan a\u015f\u0131nma alt\u0131nda m\u00fckemmel stabilite sunar. Her yere ve her zaman kolayl\u0131kla ta\u015f\u0131nabilir, dolay\u0131s\u0131yla portatiftir. Yiyecek besleyici, yiyecek s\u0131z\u0131nt\u0131s\u0131n\u0131 \u00f6nlemek ve d\u0131\u015f mekan kullan\u0131m\u0131n\u0131 kolayla\u015ft\u0131rmak i\u00e7in bir s\u0131zd\u0131rmazl\u0131k kapa\u011f\u0131yla birlikte gelir. Ayr\u0131ca toz izolasyonu i\u00e7in toz kapa\u011f\u0131 da bulunmaktad\u0131r.<br \/>\tSIKMA KONTROL\u00dc BESLEME BEBE\u011e\u0130 KORKMAZ : S\u0131kma tasar\u0131m\u0131 \u00e7ocu\u011fun kendi kendine beslenmesini etkili bir \u015fekilde uygulayabilir ve al\u0131m\u0131 kontrol etmek kolayd\u0131r. Ka\u015f\u0131k besleyici, el-g\u00f6z koordinasyonunu ve ince motor becerilerini geli\u015ftirir.<\/p>\n<p>\t<strong>M\u00dcKEMMEL SATI\u015e SONRASI H\u0130ZMET :\u00a0<\/strong>Turk \/ Turk olarak m\u00fc\u015fterilerimize en iyi hizmeti sunmay\u0131 ama\u00e7l\u0131yor, g\u00fcvenle sat\u0131n alabilmeniz i\u00e7in, ambalaj kalitemize g\u00fcveniyor, her \u00fcr\u00fcn sorunsuz teslimat i\u00e7in \u00f6zenle paketliyor ve resimde belirtilen renk, ebat, \u00f6zelikte \u00fcr\u00fcn g\u00f6ndermeyi taahh\u00fct ediyoruz. Hasarl\u0131 \u00fcr\u00fcn ald\u0131ysan\u0131z veya di\u011fer \u00fcr\u00fcn ve paket teslimat sorunlar\u0131 oldu\u011funda bizimle ileti\u015fime ge\u00e7mekten \u00e7ekinmeyin.<\/p>\n<p>\t<strong>Detayl\u0131 bilgi i\u00e7in ek resimleri inceleyebilirsiniz<\/strong><\/p>\n<p><\/p>\n<p>\t<strong><strong><img decoding=\"async\" alt=\"\" src=\"https:\/\/arabayaservis.com\/skins\/shared\/images\/NEWKASIM\/7430001719715-1.jpg\" \/> <\/strong><\/strong><\/p>\n<p>\t\u00a0<\/p>\n<p>\t<strong>M\u00dcKEMMEL SATI\u015e SONRASI H\u0130ZMET :\u00a0<\/strong>Turk \/ Turk olarak m\u00fc\u015fterilerimize en iyi hizmeti sunmay\u0131 ama\u00e7l\u0131yor, g\u00fcvenle sat\u0131n alabilmeniz i\u00e7in, ambalaj kalitemize g\u00fcveniyor, her \u00fcr\u00fcn sorunsuz teslimat i\u00e7in \u00f6zenle paketliyor ve resimde belirtilen renk, ebat, \u00f6zelikte \u00fcr\u00fcn g\u00f6ndermeyi taahh\u00fct ediyoruz. Hasarl\u0131 \u00fcr\u00fcn ald\u0131ysan\u0131z veya di\u011fer \u00fcr\u00fcn ve paket teslimat sorunlar\u0131 oldu\u011funda bizimle ileti\u015fime ge\u00e7mekten \u00e7ekinmeyin.<\/p>\n","protected":false},"excerpt":{"rendered":"<p>\u00dcr\u00fcn \u00d6zellikleri :\u00a0 ERKEK \u00e7ocuklar\u0131na \u00f6zel renklerde, MAV\u0130, YE\u015e\u0130L gibi renkler de\u011fi\u015fkenlik g\u00f6sterebilir. Materyal : Silikon Adet \/ Renk \/ Tasar\u0131m : 1 Adet, Turk\u00a0 Littloo\u00a0 Design olarak tasarlad\u0131\u011f\u0131m\u0131z, resimde yer alan tasar\u0131m\u0131\u00a0 \u00a0, s\u00fcrpriz ya\u015famaman\u0131z i\u00e7in birebir g\u00f6nderiyoruz.\u00a0 \u00d6l\u00e7\u00fcler : 20 cm x 5 cm\u00a0 GIDA SINIFI S\u0130L\u0130KON MALZEME: Kolay s\u0131kma ve rahat tutu\u015f&#8230;<\/p>\n","protected":false},"featured_media":102006,"comment_status":"open","ping_status":"closed","template":"","meta":{"_kad_post_transparent":"","_kad_post_title":"","_kad_post_layout":"","_kad_post_sidebar_id":"","_kad_post_content_style":"","_kad_post_vertical_padding":"","_kad_post_feature":"","_kad_post_feature_position":"","_kad_post_header":false,"_kad_post_footer":false,"_kad_post_classname":""},"product_brand":[],"product_cat":[14160],"product_tag":[],"class_list":{"0":"post-102007","1":"product","2":"type-product","3":"status-publish","4":"has-post-thumbnail","6":"product_cat-suluk-ve-matara-sofra-mutfak-ev-yasam-suluk-ve-matara-sofra-mutfak","8":"first","9":"instock","10":"purchasable","11":"product-type-simple","12":"entry","13":"content-bg","14":"loop-entry"},"_links":{"self":[{"href":"https:\/\/www.hediyepazar.com\/index.php?rest_route=\/wp\/v2\/product\/102007","targetHints":{"allow":["GET"]}}],"collection":[{"href":"https:\/\/www.hediyepazar.com\/index.php?rest_route=\/wp\/v2\/product"}],"about":[{"href":"https:\/\/www.hediyepazar.com\/index.php?rest_route=\/wp\/v2\/types\/product"}],"replies":[{"embeddable":true,"href":"https:\/\/www.hediyepazar.com\/index.php?rest_route=%2Fwp%2Fv2%2Fcomments&post=102007"}],"wp:featuredmedia":[{"embeddable":true,"href":"https:\/\/www.hediyepazar.com\/index.php?rest_route=\/wp\/v2\/media\/102006"}],"wp:attachment":[{"href":"https:\/\/www.hediyepazar.com\/index.php?rest_route=%2Fwp%2Fv2%2Fmedia&parent=102007"}],"wp:term":[{"taxonomy":"product_brand","embeddable":true,"href":"https:\/\/www.hediyepazar.com\/index.php?rest_route=%2Fwp%2Fv2%2Fproduct_brand&post=102007"},{"taxonomy":"product_cat","embeddable":true,"href":"https:\/\/www.hediyepazar.com\/index.php?rest_route=%2Fwp%2Fv2%2Fproduct_cat&post=102007"},{"taxonomy":"product_tag","embeddable":true,"href":"https:\/\/www.hediyepazar.com\/index.php?rest_route=%2Fwp%2Fv2%2Fproduct_tag&post=102007"}],"curies":[{"name":"wp","href":"https:\/\/api.w.org\/{rel}","templated":true}]}}