{"id":102009,"date":"2026-05-04T04:20:35","date_gmt":"2026-05-04T07:20:35","guid":{"rendered":"https:\/\/www.hediyepazar.com\/?product=turk-elastik-toka-12-adet-siyah"},"modified":"2026-05-04T04:36:39","modified_gmt":"2026-05-04T07:36:39","slug":"turk-elastik-toka-12-adet-siyah","status":"publish","type":"product","link":"https:\/\/www.hediyepazar.com\/?product=turk-elastik-toka-12-adet-siyah","title":{"rendered":"Turk Elastik Toka 12 ADET S\u0130YAH"},"content":{"rendered":"<p>\t<strong>\u00dcr\u00fcn \u00d6zellikleri : <\/strong><\/p>\n<p>\t<strong>Materyal : Esnek Kuma\u015f<\/strong><\/p>\n<p>\t<strong>Adet \/ Renk \/ Tasar\u0131m :\u00a0 12\u00a0<\/strong>Adet, Transformacion Casta\u00f1eda Design Olarak Tasarlad\u0131\u011f\u0131m\u0131z, Resimde Yer Alan Siyah Rengi, S\u00fcrpriz Ya\u015famaman\u0131z \u0130\u00e7in Birebir G\u00f6nderiyoruz<\/p>\n<p>\t<strong>\u00d6l\u00e7\u00fcler : 5 Cm \u00c7ap X Esnek 16 Cm E Kadar Geni\u015fler\u00a0<\/strong><\/p>\n<p>\t48 Adet Lastik Toka, \u0130nce Sa\u00e7lar, Kal\u0131n Sa\u00e7lar, D\u00fcz Sa\u00e7lar, A\u011f\u0131r Sa\u00e7lar Ve K\u0131v\u0131rc\u0131k Sa\u00e7lar \u0130\u00e7in Harikad\u0131r, G\u00fczel Al\u00e7ak Veya Y\u00fcksek At Kuyru\u011fu Olu\u015fturmas\u0131 Kolayd\u0131r, Her T\u00fcrl\u00fc K\u0131yafet Veya Sa\u00e7 Stiline M\u00fckemmel \u015eekilde Uyacak \u015eekilde Zarif Ve \u015e\u0131kt\u0131r.<br \/>\tY\u00fcksek Elastik Kal\u0131n Malzemeden Yap\u0131lm\u0131\u015flard\u0131r, Sa\u00e7 Bantlar\u0131 Yumu\u015fak Ve Esnektir, Sa\u00e7\u0131n\u0131za Zarar Vermeden Tutabilir. Ayn\u0131 Zamanda Sa\u00e7lar\u0131n\u0131z\u0131 S\u0131k\u0131 Bir \u015eekilde Tutabilir Ve Gev\u015femez.<br \/>\tKusursuz Tasar\u0131m\u0131 Ve Yumu\u015fak Malzemesiyle Kad\u0131n Sa\u00e7 Bantlar\u0131, Kullan\u0131p \u00c7\u0131karabilece\u011finiz Kadar Yumu\u015fakt\u0131r Ve Sa\u00e7\u0131n\u0131za Tak\u0131lmaz Veya \u00c7ekmez. Bu Sa\u00e7 Ba\u011flar\u0131 16 Cm\u2019&#8217;E Kadar Gerilebilir(U Ancak Kolayca Gerilmez), Bu B\u00fcy\u00fck Bir Esnekliktir Ve Kal\u0131n Sa\u00e7lar \u0130\u00e7in \u0130yidir. Siyah Renkler Farkl\u0131 Sa\u00e7 Renkleriyle Kolayl\u0131kla Uyum Sa\u011flayabilece\u011fi Gibi, T\u00fcm Giyim Ve Sa\u00e7 Stillerinizle De Uyum Sa\u011flayabilir.<br \/>\tOkulda, Evde, Ofiste Veya Spor Yaparken Kullanmak Gibi \u00c7e\u015fitli Durumlarda Uygulanabilir.<\/p>\n<p>\t<strong>M\u00fckemmel Sat\u0131\u015f Sonras\u0131 Hizmet : <\/strong>Transformacion \/ Kakt\u00fcskedi Olarak M\u00fc\u015fterilerimize En \u0130yi Hizmeti Sunmay\u0131 Ama\u00e7l\u0131yor, G\u00fcvenle Sat\u0131n Alabilmeniz \u0130\u00e7in, Ambalaj Kalitemize G\u00fcveniyor, Her \u00dcr\u00fcn Sorunsuz Teslimat \u0130\u00e7in \u00d6zenle Paketliyor Ve Resimde Belirtilen Renk, Ebat, \u00d6zelikte \u00dcr\u00fcn G\u00f6ndermeyi Taahh\u00fct Ediyoruz. Hasarl\u0131 \u00dcr\u00fcn Ald\u0131ysan\u0131z Veya Di\u011fer \u00dcr\u00fcn Ve Paket Teslimat Sorunlar\u0131 Oldu\u011funda Bizimle \u0130leti\u015fime Ge\u00e7mekten \u00c7ekinmeyin.<\/p>\n<p>\t<strong>Detayl\u0131 Bilgi \u0130\u00e7in Ek Resimleri \u0130nceleyebilirsiniz<\/strong><\/p>\n<p><\/p>\n<p>\t\u00a0<\/p>\n","protected":false},"excerpt":{"rendered":"<p>\u00dcr\u00fcn \u00d6zellikleri : Materyal : Esnek Kuma\u015f Adet \/ Renk \/ Tasar\u0131m :\u00a0 12\u00a0Adet, Transformacion Casta\u00f1eda Design Olarak Tasarlad\u0131\u011f\u0131m\u0131z, Resimde Yer Alan Siyah Rengi, S\u00fcrpriz Ya\u015famaman\u0131z \u0130\u00e7in Birebir G\u00f6nderiyoruz \u00d6l\u00e7\u00fcler : 5 Cm \u00c7ap X Esnek 16 Cm E Kadar Geni\u015fler\u00a0 48 Adet Lastik Toka, \u0130nce Sa\u00e7lar, Kal\u0131n Sa\u00e7lar, D\u00fcz Sa\u00e7lar, A\u011f\u0131r Sa\u00e7lar Ve K\u0131v\u0131rc\u0131k&#8230;<\/p>\n","protected":false},"featured_media":102008,"comment_status":"open","ping_status":"closed","template":"","meta":{"_kad_post_transparent":"","_kad_post_title":"","_kad_post_layout":"","_kad_post_sidebar_id":"","_kad_post_content_style":"","_kad_post_vertical_padding":"","_kad_post_feature":"","_kad_post_feature_position":"","_kad_post_header":false,"_kad_post_footer":false,"_kad_post_classname":""},"product_brand":[],"product_cat":[7813],"product_tag":[],"class_list":{"0":"post-102009","1":"product","2":"type-product","3":"status-publish","4":"has-post-thumbnail","6":"product_cat-toka-tac-sac-bandi-toka-aksesuar-kadin-toka","8":"first","9":"instock","10":"purchasable","11":"product-type-simple","12":"entry","13":"content-bg","14":"loop-entry"},"_links":{"self":[{"href":"https:\/\/www.hediyepazar.com\/index.php?rest_route=\/wp\/v2\/product\/102009","targetHints":{"allow":["GET"]}}],"collection":[{"href":"https:\/\/www.hediyepazar.com\/index.php?rest_route=\/wp\/v2\/product"}],"about":[{"href":"https:\/\/www.hediyepazar.com\/index.php?rest_route=\/wp\/v2\/types\/product"}],"replies":[{"embeddable":true,"href":"https:\/\/www.hediyepazar.com\/index.php?rest_route=%2Fwp%2Fv2%2Fcomments&post=102009"}],"wp:featuredmedia":[{"embeddable":true,"href":"https:\/\/www.hediyepazar.com\/index.php?rest_route=\/wp\/v2\/media\/102008"}],"wp:attachment":[{"href":"https:\/\/www.hediyepazar.com\/index.php?rest_route=%2Fwp%2Fv2%2Fmedia&parent=102009"}],"wp:term":[{"taxonomy":"product_brand","embeddable":true,"href":"https:\/\/www.hediyepazar.com\/index.php?rest_route=%2Fwp%2Fv2%2Fproduct_brand&post=102009"},{"taxonomy":"product_cat","embeddable":true,"href":"https:\/\/www.hediyepazar.com\/index.php?rest_route=%2Fwp%2Fv2%2Fproduct_cat&post=102009"},{"taxonomy":"product_tag","embeddable":true,"href":"https:\/\/www.hediyepazar.com\/index.php?rest_route=%2Fwp%2Fv2%2Fproduct_tag&post=102009"}],"curies":[{"name":"wp","href":"https:\/\/api.w.org\/{rel}","templated":true}]}}