{"id":102011,"date":"2026-05-04T04:20:38","date_gmt":"2026-05-04T07:20:38","guid":{"rendered":"https:\/\/www.hediyepazar.com\/?product=turk-dis-tasi-temizleyici"},"modified":"2026-05-04T04:36:42","modified_gmt":"2026-05-04T07:36:42","slug":"turk-dis-tasi-temizleyici","status":"publish","type":"product","link":"https:\/\/www.hediyepazar.com\/?product=turk-dis-tasi-temizleyici","title":{"rendered":"Turk Di\u015f Ta\u015f\u0131 Temizleyici"},"content":{"rendered":"<p>\t<strong>\u00dcr\u00fcn \u00d6zellikleri : <\/strong><\/p>\n<p>\t<strong>1 Adet , Turk Professional Design olarak tasarlad\u0131\u011f\u0131m\u0131z modeli, s\u00fcrpriz ya\u015famaman\u0131z i\u00e7in birebir g\u00f6nderiyoruz . <\/strong><\/p>\n<p>\tDi\u015f bak\u0131m\u0131: Di\u015f aralar\u0131na n\u00fcfuz eder, \u00e7aprazlar\u0131 ve di\u015fleri temizler ve di\u015f eti sa\u011fl\u0131\u011f\u0131n\u0131 korur.<br \/>\tA\u011f\u0131z kokusunu \u00f6nleyin: di\u015f tutma aparat\u0131n\u0131n k\u00f6\u015felerindeki di\u015f ta\u015flar\u0131ndan dolay\u0131 a\u011f\u0131z kokusunu \u00f6nlemek i\u00e7in di\u015f ta\u015f\u0131n\u0131 yumu\u015fak bir \u015fekilde temizler.<br \/>\t\u0130nat\u00e7\u0131 lekeleri \u00e7\u0131karma: A\u011fz\u0131n\u0131zdaki \u00f6l\u00fc noktalar\u0131 temizleyebilir, inat\u00e7\u0131 lekeleri \u00e7\u0131karabilir ve di\u015fleri daha temiz hale getirebilir.<\/p>\n<p>\t<strong>M\u00dcKEMMEL SATI\u015e SONRASI H\u0130ZMET : <\/strong>Bu \u00fcr\u00fcne daha avantajl\u0131 sahip olabilmeniz i\u00e7in ma\u011fazam\u0131z\u0131 ziyaret ederek, kampanyalar\u0131 inceleyebilirsiniz. Turk \/ Turk olarak m\u00fc\u015fterilerimize en iyi hizmeti sunmay\u0131 ama\u00e7l\u0131yor, g\u00fcvenle sat\u0131n alabilmeniz i\u00e7in, ambalaj kalitemize g\u00fcveniyor, her \u00fcr\u00fcn sorunsuz teslimat i\u00e7in \u00f6zenle paketliyor ve resimde belirtilen renk, ebat, \u00f6zelikte \u00fcr\u00fcn g\u00f6ndermeyi taahh\u00fct ediyoruz. Hasarl\u0131 \u00fcr\u00fcn ald\u0131ysan\u0131z veya di\u011fer \u00fcr\u00fcn ve paket teslimat sorunlar\u0131 oldu\u011funda bizimle ileti\u015fime ge\u00e7mekten \u00e7ekinmeyin.<\/p>\n<p>\t<strong>Detayl\u0131 bilgi i\u00e7in ek resimleri inceleyebilirsiniz<\/strong><\/p>\n<p><\/p>\n<p>\t<strong><strong><img decoding=\"async\" alt=\"\" src=\"https:\/\/arabayaservis.com\/skins\/shared\/images\/NEWKASIM\/7430000720967-1.jpg\" \/> <\/strong><\/strong><\/p>\n<p>\t\u00a0<\/p>\n","protected":false},"excerpt":{"rendered":"<p>\u00dcr\u00fcn \u00d6zellikleri : 1 Adet , Turk Professional Design olarak tasarlad\u0131\u011f\u0131m\u0131z modeli, s\u00fcrpriz ya\u015famaman\u0131z i\u00e7in birebir g\u00f6nderiyoruz . Di\u015f bak\u0131m\u0131: Di\u015f aralar\u0131na n\u00fcfuz eder, \u00e7aprazlar\u0131 ve di\u015fleri temizler ve di\u015f eti sa\u011fl\u0131\u011f\u0131n\u0131 korur. A\u011f\u0131z kokusunu \u00f6nleyin: di\u015f tutma aparat\u0131n\u0131n k\u00f6\u015felerindeki di\u015f ta\u015flar\u0131ndan dolay\u0131 a\u011f\u0131z kokusunu \u00f6nlemek i\u00e7in di\u015f ta\u015f\u0131n\u0131 yumu\u015fak bir \u015fekilde temizler. \u0130nat\u00e7\u0131 lekeleri&#8230;<\/p>\n","protected":false},"featured_media":102010,"comment_status":"open","ping_status":"closed","template":"","meta":{"_kad_post_transparent":"","_kad_post_title":"","_kad_post_layout":"","_kad_post_sidebar_id":"","_kad_post_content_style":"","_kad_post_vertical_padding":"","_kad_post_feature":"","_kad_post_feature_position":"","_kad_post_header":false,"_kad_post_footer":false,"_kad_post_classname":""},"product_brand":[],"product_cat":[14169],"product_tag":[],"class_list":{"0":"post-102011","1":"product","2":"type-product","3":"status-publish","4":"has-post-thumbnail","6":"product_cat-kisisel-bakim-aletleri-elektronik-kisisel-bakim-aletleri-elektronik","8":"first","9":"instock","10":"purchasable","11":"product-type-simple","12":"entry","13":"content-bg","14":"loop-entry"},"_links":{"self":[{"href":"https:\/\/www.hediyepazar.com\/index.php?rest_route=\/wp\/v2\/product\/102011","targetHints":{"allow":["GET"]}}],"collection":[{"href":"https:\/\/www.hediyepazar.com\/index.php?rest_route=\/wp\/v2\/product"}],"about":[{"href":"https:\/\/www.hediyepazar.com\/index.php?rest_route=\/wp\/v2\/types\/product"}],"replies":[{"embeddable":true,"href":"https:\/\/www.hediyepazar.com\/index.php?rest_route=%2Fwp%2Fv2%2Fcomments&post=102011"}],"wp:featuredmedia":[{"embeddable":true,"href":"https:\/\/www.hediyepazar.com\/index.php?rest_route=\/wp\/v2\/media\/102010"}],"wp:attachment":[{"href":"https:\/\/www.hediyepazar.com\/index.php?rest_route=%2Fwp%2Fv2%2Fmedia&parent=102011"}],"wp:term":[{"taxonomy":"product_brand","embeddable":true,"href":"https:\/\/www.hediyepazar.com\/index.php?rest_route=%2Fwp%2Fv2%2Fproduct_brand&post=102011"},{"taxonomy":"product_cat","embeddable":true,"href":"https:\/\/www.hediyepazar.com\/index.php?rest_route=%2Fwp%2Fv2%2Fproduct_cat&post=102011"},{"taxonomy":"product_tag","embeddable":true,"href":"https:\/\/www.hediyepazar.com\/index.php?rest_route=%2Fwp%2Fv2%2Fproduct_tag&post=102011"}],"curies":[{"name":"wp","href":"https:\/\/api.w.org\/{rel}","templated":true}]}}