{"id":102014,"date":"2026-05-04T04:37:11","date_gmt":"2026-05-04T07:37:11","guid":{"rendered":"https:\/\/www.hediyepazar.com\/?product=turk-absolute-sakal-dolgunluk-kalemi"},"modified":"2026-05-04T04:37:11","modified_gmt":"2026-05-04T07:37:11","slug":"turk-absolute-sakal-dolgunluk-kalemi","status":"publish","type":"product","link":"https:\/\/www.hediyepazar.com\/?product=turk-absolute-sakal-dolgunluk-kalemi","title":{"rendered":"Turk Absolute Sakal Dolgunluk Kalemi"},"content":{"rendered":"<div class=\"embed-responsive embed-responsive-16by9\">\t<iframe class=\"embed-responsive-item\" src=\"https:\/\/www.youtube.com\/embed\/fidd2j6qre4\"><\/iframe><\/div>\n<p>\t<strong>\u00dcr\u00fcn \u00d6zellikleri : <\/strong><\/p>\n<p>\t<strong>Renk : Resimdeki S\u0130YAH Renk\/tasar\u0131m birebir g\u00f6nderilir ve s\u00fcrpriz ya\u015famazs\u0131n\u0131z. DETAY RES\u0130MLERDEK\u0130 RENKLER \u00d6RNEKT\u0130R.<\/strong><\/p>\n<p>\t<strong>Adet : 1 SET <\/strong><\/p>\n<p>\t<strong>DO\u011eAL SAKAL G\u00d6R\u00dcN\u00dcM\u00dc: <\/strong>Sakal kalemi dolgumuz size sakal\u0131n en iyi \u015feklini ve m\u00fckemmel konturlu g\u00f6r\u00fcn\u00fcm\u00fcn\u00fc verecektir; Sakal dolgumuz sakal, b\u0131y\u0131k ve hatta ka\u015flar\u0131n\u0131zdaki bo\u015fluklar\u0131n g\u00f6r\u00fcn\u00fcm\u00fcn\u00fc azaltmak i\u00e7in tasarlanm\u0131\u015ft\u0131r! Size temiz, do\u011fal ve taze bir g\u00f6r\u00fcn\u00fcm kazand\u0131r\u0131r.<\/p>\n<p>\t<strong>SAKALINIZI E\u015e\u0130T DOLDURUM :<\/strong> Sakal kalemi size en iyi sakal \u015feklini ve m\u00fckemmel konturlu g\u00f6r\u00fcn\u00fcm\u00fcn\u00fc verecektir. D\u00fczensiz sakal \u00e7\u0131kma problemini \u00e7\u00f6z\u00fcn, sakal\u0131n seyrek olan k\u0131s\u0131mlar\u0131n\u0131 doldurun, sakallar aras\u0131ndaki bo\u015flu\u011fu azalt\u0131n, sakal\u0131n\u0131z\u0131n d\u00fczg\u00fcn ve kal\u0131n g\u00f6r\u00fcnmesini sa\u011flay\u0131n, farkl\u0131 sakal \u015fekilleri yarat\u0131n.<\/p>\n<p>\tDolgu kalemi, do\u011fal ve taze bir g\u00f6r\u00fcn\u00fcme sahip olmak i\u00e7in ger\u00e7ek\u00e7i sakal\u0131 geri y\u00fcklemenize yard\u0131mc\u0131 olan yumu\u015fak k\u0131ll\u0131 bir f\u0131r\u00e7a ile birlikte gelir. Bu profesyonel berber kalemi sadece sakal \u00e7izginize de\u011fil ayn\u0131 zamanda sa\u00e7 \u00e7izgisine, ka\u015flara, yanak \u00e7izgilerine ve boyun \u00e7izgilerine de uygundur. EKSTRA sakal \u015fekillendirme tara\u011f\u0131 ile gerisini \u015fekillendirin.<\/p>\n<p>\t<strong>DAYANIKLILIK :<\/strong> Sakal boyas\u0131n\u0131n t\u00fcm malzemeleri do\u011fald\u0131r. \u0130yile\u015ftirilmi\u015f bile\u015fenlerle, bu sakal dolgu kalemi seti, bir mikro b\u00fcz\u00fcc\u00fc g\u00f6revi g\u00f6r\u00fcr ve boya renginin y\u0131kanmas\u0131 kolay de\u011fildir. T\u00fcm sa\u00e7 tiplerinde cilt dostu ve g\u00fcvenli kullan\u0131m.<\/p>\n<p>\t<strong>TA\u015eIMASI KOLAY : <\/strong>Siyah erkekler i\u00e7in sakal kalemi dolgusu kullan\u0131m\u0131 \u00e7ok kolay ve ayn\u0131 zamanda kullan\u0131\u015fl\u0131d\u0131r. Bu etkili ve do\u011fal sakal doldurma kalem seti ile yamal\u0131 sakal\u0131n\u0131za ve azalan sa\u00e7 \u00e7izginize dikkat edin. Sakal kalemi, i\u015f gezileri veya ba\u015fka herhangi bir aktivite s\u0131ras\u0131nda kullan\u0131m i\u00e7in bir s\u0131rt \u00e7antas\u0131na rahatl\u0131kla yerle\u015ftirilebilir.<\/p>\n<p>\t<strong>KOLAY KULLANIM : <\/strong>Sakal Kalemi dolgumuz, sakallar\u0131 kolayca dolduran ve sa\u00e7 \u00e7izgilerini keskinle\u015ftiren d\u00f6rt \u00e7atal u\u00e7lu bir kafa ile tasarlanm\u0131\u015ft\u0131r. Sakal, b\u0131y\u0131k ve sa\u00e7 \u00e7izgilerinin g\u00fczel ve dolgun g\u00f6r\u00fcnmesini sa\u011flar. Sakal\u0131n\u0131z\u0131n veya b\u0131y\u0131\u011f\u0131n\u0131z\u0131n konturunu \u00e7izerek ba\u015flay\u0131n ve istedi\u011finiz \u015fekil boyunca e\u015fit olarak renklendirmeye devam edin. \u00dcr\u00fcn\u00fc uygularken daha do\u011fal bir g\u00f6r\u00fcn\u00fcm elde etmek i\u00e7in Soft Bristle Brush ile uygulaman\u0131n \u00fczerini f\u0131r\u00e7alay\u0131n.<\/p>\n<p>\t<strong>UZUN \u00d6M\u00dcRL\u00dc: <\/strong>Saniyeler \u0130\u00e7inde uygulan\u0131r, t\u00fcm G\u00fcn S\u00fcrer! Uzun \u00f6m\u00fcrl\u00fc form\u00fcl\u00fcm\u00fcz, tere ve suya dayan\u0131kl\u0131, 24 saate kadar kullan\u0131m sa\u011flar. Sakal\u0131n veya sa\u00e7\u0131n ter veya ya\u011fmurdan bula\u015fmadan veya solmadan olmas\u0131n\u0131 sa\u011flay\u0131n.<\/p>\n<p>\t<strong>HED\u0130YE FIR\u00c7A:<\/strong> Biti\u015fi ve harmanlama elde etmenize yard\u0131mc\u0131 olmak i\u00e7in Yumu\u015fak K\u0131ll\u0131 F\u0131r\u00e7a ekliyoruz.<\/p>\n<p>\t<strong>KULLANMA TAL\u0130MATI: <\/strong>\u00dcr\u00fcn\u00fc uygulamak istedi\u011finiz b\u00f6lgeyi temizleyin ve kurulay\u0131n. Su ge\u00e7irmez sakal dolgu kalemi setini sa\u00e7\u0131n\u0131z\u0131n y\u00f6n\u00fcne do\u011fru ok\u015fayarak bo\u015fluklar\u0131 doldurmak i\u00e7in kullan\u0131n. Rengi ayn\u0131 y\u00f6nde kar\u0131\u015ft\u0131rmak i\u00e7in f\u0131r\u00e7ay\u0131 kullan\u0131n.<\/p>\n<p>\t<strong>Ekran fark\u0131 nedeniyle, renk tonlar\u0131 %0,5 oran\u0131nda fark, Manuel \u00f6l\u00e7\u00fcm nedeniyle MM fark olabilir. anlay\u0131\u015f g\u00f6stermenizi rica ederiz. <\/strong><\/p>\n<p>\tDETAYLI B\u0130LG\u0130 \u0130\u00c7\u0130N EK RES\u0130MLER\u0130 \u0130NCELEYEB\u0130L\u0130RS\u0130N\u0130Z.<br \/>\t<img decoding=\"async\" alt=\"\" src=\"https:\/\/arabayaservis.com\/skins\/shared\/images\/pimmM\/7430000717178-1.jpg\" \/><\/p>\n","protected":false},"excerpt":{"rendered":"<p>\u00dcr\u00fcn \u00d6zellikleri : Renk : Resimdeki S\u0130YAH Renk\/tasar\u0131m birebir g\u00f6nderilir ve s\u00fcrpriz ya\u015famazs\u0131n\u0131z. DETAY RES\u0130MLERDEK\u0130 RENKLER \u00d6RNEKT\u0130R. Adet : 1 SET DO\u011eAL SAKAL G\u00d6R\u00dcN\u00dcM\u00dc: Sakal kalemi dolgumuz size sakal\u0131n en iyi \u015feklini ve m\u00fckemmel konturlu g\u00f6r\u00fcn\u00fcm\u00fcn\u00fc verecektir; Sakal dolgumuz sakal, b\u0131y\u0131k ve hatta ka\u015flar\u0131n\u0131zdaki bo\u015fluklar\u0131n g\u00f6r\u00fcn\u00fcm\u00fcn\u00fc azaltmak i\u00e7in tasarlanm\u0131\u015ft\u0131r! Size temiz, do\u011fal ve taze bir&#8230;<\/p>\n","protected":false},"featured_media":102013,"comment_status":"open","ping_status":"closed","template":"","meta":{"_kad_post_transparent":"","_kad_post_title":"","_kad_post_layout":"","_kad_post_sidebar_id":"","_kad_post_content_style":"","_kad_post_vertical_padding":"","_kad_post_feature":"","_kad_post_feature_position":"","_kad_post_header":false,"_kad_post_footer":false,"_kad_post_classname":""},"product_brand":[],"product_cat":[7881],"product_tag":[],"class_list":{"0":"post-102014","1":"product","2":"type-product","3":"status-publish","4":"has-post-thumbnail","6":"product_cat-unisex-sac-ve-sakal-bakimi-erkek-kuafor-unisex-sac-ve-sakal-bakimi","8":"first","9":"instock","10":"purchasable","11":"product-type-simple","12":"entry","13":"content-bg","14":"loop-entry"},"_links":{"self":[{"href":"https:\/\/www.hediyepazar.com\/index.php?rest_route=\/wp\/v2\/product\/102014","targetHints":{"allow":["GET"]}}],"collection":[{"href":"https:\/\/www.hediyepazar.com\/index.php?rest_route=\/wp\/v2\/product"}],"about":[{"href":"https:\/\/www.hediyepazar.com\/index.php?rest_route=\/wp\/v2\/types\/product"}],"replies":[{"embeddable":true,"href":"https:\/\/www.hediyepazar.com\/index.php?rest_route=%2Fwp%2Fv2%2Fcomments&post=102014"}],"wp:featuredmedia":[{"embeddable":true,"href":"https:\/\/www.hediyepazar.com\/index.php?rest_route=\/wp\/v2\/media\/102013"}],"wp:attachment":[{"href":"https:\/\/www.hediyepazar.com\/index.php?rest_route=%2Fwp%2Fv2%2Fmedia&parent=102014"}],"wp:term":[{"taxonomy":"product_brand","embeddable":true,"href":"https:\/\/www.hediyepazar.com\/index.php?rest_route=%2Fwp%2Fv2%2Fproduct_brand&post=102014"},{"taxonomy":"product_cat","embeddable":true,"href":"https:\/\/www.hediyepazar.com\/index.php?rest_route=%2Fwp%2Fv2%2Fproduct_cat&post=102014"},{"taxonomy":"product_tag","embeddable":true,"href":"https:\/\/www.hediyepazar.com\/index.php?rest_route=%2Fwp%2Fv2%2Fproduct_tag&post=102014"}],"curies":[{"name":"wp","href":"https:\/\/api.w.org\/{rel}","templated":true}]}}