{"id":102017,"date":"2026-05-04T04:37:42","date_gmt":"2026-05-04T07:37:42","guid":{"rendered":"https:\/\/www.hediyepazar.com\/?product=turk-5-boy-arac-detay-temizlik-firca-seti-slalom-design"},"modified":"2026-05-04T04:37:42","modified_gmt":"2026-05-04T07:37:42","slug":"turk-5-boy-arac-detay-temizlik-firca-seti-slalom-design","status":"publish","type":"product","link":"https:\/\/www.hediyepazar.com\/?product=turk-5-boy-arac-detay-temizlik-firca-seti-slalom-design","title":{"rendered":"Turk 5 Boy Ara\u00e7 Detay Temizlik F\u0131r\u00e7a Seti Slalom Design"},"content":{"rendered":"<p>\t<strong>\u00dcr\u00fcn \u00d6zellikleri : <\/strong><\/p>\n<p>\t<strong>RENK : <\/strong> Turk Slalom Design olarak tasarlad\u0131\u011f\u0131m\u0131z bu \u00fcr\u00fcn\u00fc Renk\/tasar\u0131m\u0131 birebir g\u00f6re g\u00f6nderiyoruz. S\u00fcrpriz ya\u015famazs\u0131n\u0131z.<\/p>\n<p>\t<strong>ADET : 5 L\u0130 set\u00a0<\/strong><\/p>\n<p>\t<strong>\u00d6L\u00c7\u00dcLER : Teknik \u00f6l\u00e7\u00fcler detay resimlerde yazmaktad\u0131r.<\/strong><\/p>\n<p>\t<strong>GEN\u0130\u015e KULLANIM ALANI :\u00a0<\/strong>\u00c7ok esnektir, k\u0131llar\u0131 d\u00fc\u015fmeyecek \u015fekilde sa\u011flamd\u0131r. Ara\u00e7 i\u00e7i bak\u0131m, hassas y\u00fczeyler ve hava \u00e7\u0131k\u0131\u015flar\u0131, ekran, deri koltuklar, parlak y\u00fczeyler, d\u00fc\u011fmeler, jant, panjur, kap\u0131 a\u00e7ma kollar\u0131 gibi akl\u0131n\u0131za gelecek t\u00fcm ince detay b\u00f6lgelerde etkili olacakt\u0131r.<\/p>\n<p>\tAyn\u0131 zamanda araba f\u0131r\u00e7as\u0131, amblemler, jantlar, motor b\u00f6lmesi gibi araba d\u0131\u015f temizli\u011fi i\u00e7in de kir, toz ve birikintileri kolayca silkeleyecek kadar serttir.<\/p>\n<p>\t<strong>M\u00dcKEMMEL SATI\u015e SONRASI H\u0130ZMET : <\/strong>Turk \/ Turk olarak m\u00fc\u015fterilerimize en iyi hizmeti sunmay\u0131 ama\u00e7l\u0131yor, g\u00fcvenle sat\u0131n alabilmeniz i\u00e7in, ambalaj kalitemize g\u00fcveniyor, her \u00fcr\u00fcn sorunsuz teslimat i\u00e7in \u00f6zenle paketliyor ve resimde belirtilen renk, ebat, \u00f6zelikte \u00fcr\u00fcn g\u00f6ndermeyi taahh\u00fct ediyoruz. Hasarl\u0131 \u00fcr\u00fcn ald\u0131ysan\u0131z veya di\u011fer \u00fcr\u00fcn ve paket teslimat sorunlar\u0131 oldu\u011funda bizimle ileti\u015fime ge\u00e7mekten \u00e7ekinmeyin.<\/p>\n<p>\t<strong>Detayl\u0131 bilgi i\u00e7in ek resimleri inceleyebilirsiniz<\/strong><\/p>\n<p><\/p>\n<p>\t<strong><strong><img decoding=\"async\" alt=\"\" src=\"https:\/\/arabayaservis.com\/skins\/shared\/images\/NEWKASIM\/7410001429052-1.jpg\" \/> <\/strong><\/strong><\/p>\n<p>\t\u00a0<\/p>\n","protected":false},"excerpt":{"rendered":"<p>\u00dcr\u00fcn \u00d6zellikleri : RENK : Turk Slalom Design olarak tasarlad\u0131\u011f\u0131m\u0131z bu \u00fcr\u00fcn\u00fc Renk\/tasar\u0131m\u0131 birebir g\u00f6re g\u00f6nderiyoruz. S\u00fcrpriz ya\u015famazs\u0131n\u0131z. ADET : 5 L\u0130 set\u00a0 \u00d6L\u00c7\u00dcLER : Teknik \u00f6l\u00e7\u00fcler detay resimlerde yazmaktad\u0131r. GEN\u0130\u015e KULLANIM ALANI :\u00a0\u00c7ok esnektir, k\u0131llar\u0131 d\u00fc\u015fmeyecek \u015fekilde sa\u011flamd\u0131r. Ara\u00e7 i\u00e7i bak\u0131m, hassas y\u00fczeyler ve hava \u00e7\u0131k\u0131\u015flar\u0131, ekran, deri koltuklar, parlak y\u00fczeyler, d\u00fc\u011fmeler, jant, panjur,&#8230;<\/p>\n","protected":false},"featured_media":102016,"comment_status":"open","ping_status":"closed","template":"","meta":{"_kad_post_transparent":"","_kad_post_title":"","_kad_post_layout":"","_kad_post_sidebar_id":"","_kad_post_content_style":"","_kad_post_vertical_padding":"","_kad_post_feature":"","_kad_post_feature_position":"","_kad_post_header":false,"_kad_post_footer":false,"_kad_post_classname":""},"product_brand":[],"product_cat":[14181],"product_tag":[],"class_list":{"0":"post-102017","1":"product","2":"type-product","3":"status-publish","4":"has-post-thumbnail","6":"product_cat-oto-aksesuarlari-oto-aksesuarlari-cep-telefonu-elektronik-oto-bakim-seti","8":"first","9":"instock","10":"purchasable","11":"product-type-simple","12":"entry","13":"content-bg","14":"loop-entry"},"_links":{"self":[{"href":"https:\/\/www.hediyepazar.com\/index.php?rest_route=\/wp\/v2\/product\/102017","targetHints":{"allow":["GET"]}}],"collection":[{"href":"https:\/\/www.hediyepazar.com\/index.php?rest_route=\/wp\/v2\/product"}],"about":[{"href":"https:\/\/www.hediyepazar.com\/index.php?rest_route=\/wp\/v2\/types\/product"}],"replies":[{"embeddable":true,"href":"https:\/\/www.hediyepazar.com\/index.php?rest_route=%2Fwp%2Fv2%2Fcomments&post=102017"}],"wp:featuredmedia":[{"embeddable":true,"href":"https:\/\/www.hediyepazar.com\/index.php?rest_route=\/wp\/v2\/media\/102016"}],"wp:attachment":[{"href":"https:\/\/www.hediyepazar.com\/index.php?rest_route=%2Fwp%2Fv2%2Fmedia&parent=102017"}],"wp:term":[{"taxonomy":"product_brand","embeddable":true,"href":"https:\/\/www.hediyepazar.com\/index.php?rest_route=%2Fwp%2Fv2%2Fproduct_brand&post=102017"},{"taxonomy":"product_cat","embeddable":true,"href":"https:\/\/www.hediyepazar.com\/index.php?rest_route=%2Fwp%2Fv2%2Fproduct_cat&post=102017"},{"taxonomy":"product_tag","embeddable":true,"href":"https:\/\/www.hediyepazar.com\/index.php?rest_route=%2Fwp%2Fv2%2Fproduct_tag&post=102017"}],"curies":[{"name":"wp","href":"https:\/\/api.w.org\/{rel}","templated":true}]}}