{"id":102025,"date":"2026-05-04T04:40:45","date_gmt":"2026-05-04T07:40:45","guid":{"rendered":"https:\/\/www.hediyepazar.com\/?product=turk-tirnak-profesyonel-karbon-celik"},"modified":"2026-05-04T04:40:45","modified_gmt":"2026-05-04T07:40:45","slug":"turk-tirnak-profesyonel-karbon-celik","status":"publish","type":"product","link":"https:\/\/www.hediyepazar.com\/?product=turk-tirnak-profesyonel-karbon-celik","title":{"rendered":"Turk T\u0131rnak Profesyonel Karbon \u00c7elik"},"content":{"rendered":"<div class=\"embed-responsive embed-responsive-16by9\">\t<iframe class=\"embed-responsive-item\" src=\"https:\/\/youtube.com\/shorts\/iPNnrOg70EE\"><\/iframe><\/div>\n<p>\t<strong>\u00dcr\u00fcn \u00d6zellikleri : <\/strong><\/p>\n<p>\t<strong>RENK : <\/strong> Turk\u00a0<span style=\"color: rgb(1, 15, 38); font-family: Roboto, sans-serif; font-size: 13px;\">Profesyonel\u00a0<\/span>serisi olarak tasarlad\u0131\u011f\u0131m\u0131z bu \u00fcr\u00fcn\u00fc\u00a0 tasar\u0131m\u0131 birebir g\u00f6re g\u00f6nderiyoruz. S\u00fcrpriz ya\u015famazs\u0131n\u0131z.<\/p>\n<p>\t<strong>MATERYAL : % 100 Krom, Karbon, Magnezyum ve \u00c7elik i\u00e7erir\u00a0 &#8211; ORTALAMA KULLANIM \u00d6MR\u00dc 50 YILDIR.<\/strong><\/p>\n<p>\t<strong>\u00d6NE \u00c7IKAN \u00d6ZELL\u0130K : Cepte, \u00e7antada, seyahtte ta\u015f\u0131nabilir\u00a0<\/strong><\/p>\n<p>\tT\u0131rnaklar\u0131n\u0131z\u0131 daha do\u011fal ve rahat a\u00e7\u0131lardan kesmeniz i\u00e7in ergonomik uygulama b\u00f6lgesi<\/p>\n<p>\t\u00f6zel parmak g\u00fc\u00e7 tasar\u0131m\u0131 sayesinde t\u0131rnak\u00a0 kesmek i\u00e7in daha az g\u00fc\u00e7 kullan\u0131n.<\/p>\n<p>\tEkstra kal\u0131n t\u0131rnaklar ve ayak t\u0131rnaklar\u0131 i\u00e7in daha uygundur\u00a0<\/p>\n<p>\tKaliteli paslanmaz \u00e7elikten yap\u0131lm\u0131\u015f \u00e7ift kavisli kenarlara sahip sa\u011flam sivri u\u00e7lu t\u0131rnak makas\u0131, \u00f6zellikle el ve ayak t\u0131rnaklar\u0131n\u0131n hassas \u015fekilde kesilmesi i\u00e7in iyi \u00e7al\u0131\u015f\u0131r ve \u00e7ok fazla \u00e7aba harcamadan t\u0131rnaklar\u0131n\u0131za daha d\u00fczg\u00fcn bir g\u00f6r\u00fcn\u00fcm verir.<\/p>\n<p>\t<strong>ergonomik Tasar\u0131m: <\/strong>Sap\u0131n d\u00fc\u015f\u00fcnceli tasar\u0131m\u0131, parmaklar\u0131n\u0131za uymas\u0131n\u0131 sa\u011flayarak kontrol\u00fc kolayla\u015ft\u0131r\u0131r ve size daha g\u00fcvenli bir klips sunar; G\u00fc\u00e7lendirilmi\u015f tutaca\u011f\u0131, kal\u0131n t\u0131rnaklar i\u00e7in bile \u00e7abalar\u0131n\u0131z\u0131 azaltabilen daha fazla diren\u00e7 ve kald\u0131ra\u00e7 olu\u015fturur; Kullan\u0131m\u0131 rahat, iyi bir kavrama ve kayma \u00f6nleyici etkiye sahiptir.<\/p>\n<p>\t\u00c7ok keskindir ve kontrol sizdedir.\u00a0 \u00a0<br \/>\t<strong>M\u00dcKEMMEL SATI\u015e SONRASI H\u0130ZMET : <\/strong>Bu \u00fcr\u00fcne daha avantajl\u0131 sahip olabilmeniz i\u00e7in ma\u011fazam\u0131z\u0131 ziyaret ederek, kampanyalar\u0131 inceleyebilirsiniz. Turk \/ Turk olarak m\u00fc\u015fterilerimize en iyi hizmeti sunmay\u0131 ama\u00e7l\u0131yor, g\u00fcvenle sat\u0131n alabilmeniz i\u00e7in, ambalaj kalitemize g\u00fcveniyor, her \u00fcr\u00fcn sorunsuz teslimat i\u00e7in \u00f6zenle paketliyor ve resimde belirtilen renk, ebat, \u00f6zelikte \u00fcr\u00fcn g\u00f6ndermeyi taahh\u00fct ediyoruz. Hasarl\u0131 \u00fcr\u00fcn ald\u0131ysan\u0131z veya di\u011fer \u00fcr\u00fcn ve paket teslimat sorunlar\u0131 oldu\u011funda bizimle ileti\u015fime ge\u00e7mekten \u00e7ekinmeyin.<\/p>\n<p>\t<strong>Detayl\u0131 bilgi i\u00e7in ek resimleri inceleyebilirsiniz<\/strong><\/p>\n<p><\/p>\n<p>\t<strong><strong><img decoding=\"async\" alt=\"\" src=\"https:\/\/arabayaservis.com\/skins\/shared\/images\/NEWNISAN\/7430000720425-1.jpg\" \/> <\/strong><\/strong><\/p>\n<p>\t\u00a0<\/p>\n","protected":false},"excerpt":{"rendered":"<p>\u00dcr\u00fcn \u00d6zellikleri : RENK : Turk\u00a0Profesyonel\u00a0serisi olarak tasarlad\u0131\u011f\u0131m\u0131z bu \u00fcr\u00fcn\u00fc\u00a0 tasar\u0131m\u0131 birebir g\u00f6re g\u00f6nderiyoruz. S\u00fcrpriz ya\u015famazs\u0131n\u0131z. MATERYAL : % 100 Krom, Karbon, Magnezyum ve \u00c7elik i\u00e7erir\u00a0 &#8211; ORTALAMA KULLANIM \u00d6MR\u00dc 50 YILDIR. \u00d6NE \u00c7IKAN \u00d6ZELL\u0130K : Cepte, \u00e7antada, seyahtte ta\u015f\u0131nabilir\u00a0 T\u0131rnaklar\u0131n\u0131z\u0131 daha do\u011fal ve rahat a\u00e7\u0131lardan kesmeniz i\u00e7in ergonomik uygulama b\u00f6lgesi \u00f6zel parmak g\u00fc\u00e7 tasar\u0131m\u0131&#8230;<\/p>\n","protected":false},"featured_media":0,"comment_status":"open","ping_status":"closed","template":"","meta":{"_kad_post_transparent":"","_kad_post_title":"","_kad_post_layout":"","_kad_post_sidebar_id":"","_kad_post_content_style":"","_kad_post_vertical_padding":"","_kad_post_feature":"","_kad_post_feature_position":"","_kad_post_header":false,"_kad_post_footer":false,"_kad_post_classname":""},"product_brand":[],"product_cat":[14207],"product_tag":[],"class_list":{"0":"post-102025","1":"product","2":"type-product","3":"status-publish","5":"product_cat-el-tirnak-bakim-ve-aksesuarlar-kisisel-bakim-aletleri-elektronik-el-tirnak-bakim-ve-aksesuarlar","7":"first","8":"instock","9":"purchasable","10":"product-type-simple","11":"entry","12":"content-bg","13":"loop-entry"},"_links":{"self":[{"href":"https:\/\/www.hediyepazar.com\/index.php?rest_route=\/wp\/v2\/product\/102025","targetHints":{"allow":["GET"]}}],"collection":[{"href":"https:\/\/www.hediyepazar.com\/index.php?rest_route=\/wp\/v2\/product"}],"about":[{"href":"https:\/\/www.hediyepazar.com\/index.php?rest_route=\/wp\/v2\/types\/product"}],"replies":[{"embeddable":true,"href":"https:\/\/www.hediyepazar.com\/index.php?rest_route=%2Fwp%2Fv2%2Fcomments&post=102025"}],"wp:attachment":[{"href":"https:\/\/www.hediyepazar.com\/index.php?rest_route=%2Fwp%2Fv2%2Fmedia&parent=102025"}],"wp:term":[{"taxonomy":"product_brand","embeddable":true,"href":"https:\/\/www.hediyepazar.com\/index.php?rest_route=%2Fwp%2Fv2%2Fproduct_brand&post=102025"},{"taxonomy":"product_cat","embeddable":true,"href":"https:\/\/www.hediyepazar.com\/index.php?rest_route=%2Fwp%2Fv2%2Fproduct_cat&post=102025"},{"taxonomy":"product_tag","embeddable":true,"href":"https:\/\/www.hediyepazar.com\/index.php?rest_route=%2Fwp%2Fv2%2Fproduct_tag&post=102025"}],"curies":[{"name":"wp","href":"https:\/\/api.w.org\/{rel}","templated":true}]}}