{"id":102029,"date":"2026-05-04T04:41:44","date_gmt":"2026-05-04T07:41:44","guid":{"rendered":"https:\/\/www.hediyepazar.com\/?product=turk-masa-ortusu-kelepcesi-metal-8-adet"},"modified":"2026-05-04T04:42:44","modified_gmt":"2026-05-04T07:42:44","slug":"turk-masa-ortusu-kelepcesi-metal-8-adet","status":"publish","type":"product","link":"https:\/\/www.hediyepazar.com\/?product=turk-masa-ortusu-kelepcesi-metal-8-adet","title":{"rendered":"Turk Masa \u00d6rt\u00fcs\u00fc Kelep\u00e7esi Metal 8 ADET"},"content":{"rendered":"<p>\t<strong>\u00dcr\u00fcn \u00d6zellikleri : <\/strong><\/p>\n<p>\t<strong>NE G\u00d6NDER\u0130YORUZ ? <\/strong>8 ADET, Metal, Masa \u00f6rt\u00fcs\u00fc k\u0131skac\u0131 g\u00f6nderiyoruz<br \/>\t<b>\u00a0<\/b><br \/>\t<strong>GEN\u0130\u015e KULLANIM ALANI : Bah\u00e7e masalar\u0131, mutfak masas\u0131, \u00e7ocuk masalar\u0131, kahvehaneler oyun salonlar\u0131, pikniklerde, Parti, d\u00fc\u011f\u00fcn, vb <\/strong><\/p>\n<p>\t1,5 cm &#8211; 2,5 cm aras\u0131 kal\u0131nl\u0131kta masa kenarlar\u0131na uygundur.<br \/>\tMasa kelep\u00e7eleri ev, partiler, piknikler, restoran, d\u00fc\u011f\u00fcnler, b\u00fcfeler, ak\u015fam yemekleri vb. i\u00e7in uygundur, d\u0131\u015f mekan masalar\u0131 i\u00e7in masa \u00f6rt\u00fcs\u00fc klipsleri masa \u00f6rt\u00fclerinin r\u00fczgarda bile masalardan kaymamas\u0131n\u0131 sa\u011flar.<br \/>\tKULLANIMI KOLAY: masa \u00f6rt\u00fcs\u00fc klipslerinin tak\u0131lmas\u0131 ve \u00e7\u0131kar\u0131lmas\u0131 kolayd\u0131r, sadece masa klipsini s\u0131k\u0131\u015ft\u0131r\u0131n ve yerine kayd\u0131r\u0131n.<\/p>\n<p>\t\u00a0<\/p>\n<p><strong>M\u00dcKEMMEL SATI\u015e SONRASI H\u0130ZMET : <\/strong>Turk \/ Turk m\u00fc\u015fterilerimize en iyi hizmeti sunmay\u0131 ama\u00e7l\u0131yor ve resimde belirtilen renk, ebat, \u00f6zelikte \u00fcr\u00fcn g\u00f6ndermeyi taahh\u00fct ediyoruz. G\u00fcvenle sat\u0131n alabilirsiniz. Hasarl\u0131 \u00fcr\u00fcn ald\u0131ysan\u0131z veya di\u011fer \u00fcr\u00fcn ve paket teslimat sorunlar\u0131 oldu\u011funda bizimle ileti\u015fime ge\u00e7mekten \u00e7ekinmeyin.<\/p>\n","protected":false},"excerpt":{"rendered":"<p>\u00dcr\u00fcn \u00d6zellikleri : NE G\u00d6NDER\u0130YORUZ ? 8 ADET, Metal, Masa \u00f6rt\u00fcs\u00fc k\u0131skac\u0131 g\u00f6nderiyoruz \u00a0 GEN\u0130\u015e KULLANIM ALANI : Bah\u00e7e masalar\u0131, mutfak masas\u0131, \u00e7ocuk masalar\u0131, kahvehaneler oyun salonlar\u0131, pikniklerde, Parti, d\u00fc\u011f\u00fcn, vb 1,5 cm &#8211; 2,5 cm aras\u0131 kal\u0131nl\u0131kta masa kenarlar\u0131na uygundur. Masa kelep\u00e7eleri ev, partiler, piknikler, restoran, d\u00fc\u011f\u00fcnler, b\u00fcfeler, ak\u015fam yemekleri vb. i\u00e7in uygundur, d\u0131\u015f&#8230;<\/p>\n","protected":false},"featured_media":102028,"comment_status":"open","ping_status":"closed","template":"","meta":{"_kad_post_transparent":"","_kad_post_title":"","_kad_post_layout":"","_kad_post_sidebar_id":"","_kad_post_content_style":"","_kad_post_vertical_padding":"","_kad_post_feature":"","_kad_post_feature_position":"","_kad_post_header":false,"_kad_post_footer":false,"_kad_post_classname":""},"product_brand":[],"product_cat":[14216],"product_tag":[],"class_list":{"0":"post-102029","1":"product","2":"type-product","3":"status-publish","4":"has-post-thumbnail","6":"product_cat-camasir-ipi-ve-mandal-ev-gerecleri-ev-yasam-camasir-ipi-ve-mandal","8":"first","9":"instock","10":"purchasable","11":"product-type-simple","12":"entry","13":"content-bg","14":"loop-entry"},"_links":{"self":[{"href":"https:\/\/www.hediyepazar.com\/index.php?rest_route=\/wp\/v2\/product\/102029","targetHints":{"allow":["GET"]}}],"collection":[{"href":"https:\/\/www.hediyepazar.com\/index.php?rest_route=\/wp\/v2\/product"}],"about":[{"href":"https:\/\/www.hediyepazar.com\/index.php?rest_route=\/wp\/v2\/types\/product"}],"replies":[{"embeddable":true,"href":"https:\/\/www.hediyepazar.com\/index.php?rest_route=%2Fwp%2Fv2%2Fcomments&post=102029"}],"wp:featuredmedia":[{"embeddable":true,"href":"https:\/\/www.hediyepazar.com\/index.php?rest_route=\/wp\/v2\/media\/102028"}],"wp:attachment":[{"href":"https:\/\/www.hediyepazar.com\/index.php?rest_route=%2Fwp%2Fv2%2Fmedia&parent=102029"}],"wp:term":[{"taxonomy":"product_brand","embeddable":true,"href":"https:\/\/www.hediyepazar.com\/index.php?rest_route=%2Fwp%2Fv2%2Fproduct_brand&post=102029"},{"taxonomy":"product_cat","embeddable":true,"href":"https:\/\/www.hediyepazar.com\/index.php?rest_route=%2Fwp%2Fv2%2Fproduct_cat&post=102029"},{"taxonomy":"product_tag","embeddable":true,"href":"https:\/\/www.hediyepazar.com\/index.php?rest_route=%2Fwp%2Fv2%2Fproduct_tag&post=102029"}],"curies":[{"name":"wp","href":"https:\/\/api.w.org\/{rel}","templated":true}]}}