{"id":102031,"date":"2026-05-04T04:41:48","date_gmt":"2026-05-04T07:41:48","guid":{"rendered":"https:\/\/www.hediyepazar.com\/?product=turk-dogal-kokulu-dekoratif-gul-yapraklari"},"modified":"2026-05-04T04:41:48","modified_gmt":"2026-05-04T07:41:48","slug":"turk-dogal-kokulu-dekoratif-gul-yapraklari","status":"publish","type":"product","link":"https:\/\/www.hediyepazar.com\/?product=turk-dogal-kokulu-dekoratif-gul-yapraklari","title":{"rendered":"Turk Do\u011fal Kokulu Dekoratif G\u00fcl Yapraklar\u0131"},"content":{"rendered":"<p>\t<strong>\u00dcr\u00fcn \u00d6zellikleri : <\/strong><\/p>\n<p>\t<strong>Renk : <\/strong>Resimdeki Renk birebir g\u00f6nderilir ve s\u00fcrpriz ya\u015famazs\u0131n\u0131z. G\u00fcl hasad\u0131na g\u00f6re hafif ton kaymalar\u0131 olabilir.<\/p>\n<p>\t<strong>Ne Alacaks\u0131n\u0131z ? 50 gram paket <\/strong><\/p>\n<p>\t<strong>GEN\u0130\u015e KULLANIM ALANI : D\u00fc\u011f\u00fcn konfeti, teklif, Sevgililer G\u00fcn\u00fc veya a\u00e7\u0131k hava partiniz, k\u00fcvet, vazo i\u00e7erisine, El yap\u0131m\u0131 sabun yap\u0131m\u0131, banyo bombalar\u0131, mumlar, po\u015fetler, g\u00fcl suyu, ya\u011f, re\u00e7ine tak\u0131lar, el sanatlar\u0131 <\/strong><\/p>\n<p>\t<strong>%100 DO\u011eAL G\u00dcL YAPRAKLARI : <\/strong>Biyolojik olarak par\u00e7alanabilen toplu kurutulmu\u015f g\u00fcl yapraklar\u0131, hi\u00e7bir katk\u0131 maddesi i\u00e7ermeyen, ger\u00e7ek k\u0131rm\u0131z\u0131 g\u00fcl yapraklar\u0131 i\u00e7erir. Kuru g\u00fcl yapraklar\u0131, insanlar ve makineler taraf\u0131ndan bir\u00e7ok kez se\u00e7ilir, en iyi kaliteyi sa\u011flamak i\u00e7in kal\u0131nt\u0131, toz, sararma olmaz. Dekor i\u00e7in k\u0131rm\u0131z\u0131 g\u00fcl yapraklar\u0131 yenmeyen \u00fcr\u00fcnlerdir. (Canl\u0131l\u0131k ve sabitleme i\u00e7in i\u015flemden ge\u00e7irilir)<\/p>\n<p>\t<strong>DEKOR \u0130\u00c7\u0130N HAR\u0130KA : <\/strong>D\u00fc\u011f\u00fcn konfeti, teklif, Sevgililer G\u00fcn\u00fc veya a\u00e7\u0131k hava partiniz i\u00e7in b\u00fcy\u00fck g\u00fcn\u00fcn\u00fczde do\u011fal kuru g\u00fcl yapraklar\u0131 kullan\u0131n, romantik bir atmosfer yarat\u0131n, ayr\u0131ca k\u00fcvette serpmek i\u00e7in m\u00fckemmeldir, stresinizi hafifletmeye ve ruh halinizi hafifletmeye yard\u0131mc\u0131 olur. Banyo i\u00e7in ger\u00e7ek g\u00fcl yapraklar\u0131, kendinizi \u015f\u0131martmak veya banyo yapmay\u0131 seven herhangi bir arkada\u015f\u0131n\u0131z i\u00e7in harika bir hediye olabilir..<\/p>\n<p>\tEl yap\u0131m\u0131 sabun yap\u0131m\u0131, banyo bombalar\u0131, mumlar, po\u015fetler, g\u00fcl suyu, ya\u011f, re\u00e7ine tak\u0131lar, el sanatlar\u0131 i\u00e7in kurutulmu\u015f g\u00fcl yapraklar\u0131n\u0131 daha farkl\u0131 ve de\u011ferli kullanabilirsiniz.<\/p>\n<p>\t<strong>\u00d6NER\u0130LEN KULLANIM :<\/strong> Organik g\u00fcl yapraklar\u0131, g\u00fcl yapraklar\u0131n\u0131n tam tazeli\u011fini sa\u011flamak i\u00e7in en son y\u0131lda toplan\u0131r. Ger\u00e7ek g\u00fcl yapraklar\u0131 suya bat\u0131r\u0131ld\u0131ktan sonra renk de\u011fi\u015ftiren do\u011fal antosiyaninler i\u00e7erir. Alkali suyla kar\u015f\u0131la\u015ft\u0131\u011f\u0131nda mavi-mor, asitle kar\u015f\u0131la\u015ft\u0131\u011f\u0131nda ise k\u0131rm\u0131z\u0131d\u0131r ki bu normal bir olgudur. Kurutulmu\u015f g\u00fcl yapraklar\u0131n\u0131 ald\u0131ktan sonra \u00f6nerilen tarihten \u00f6nce kullan\u0131n, serin ve kuru bir yerde saklay\u0131n, kulland\u0131ktan sonra tekrar kapat\u0131n.<\/p>\n<p>\t<strong>KOKULU :<\/strong> Kokulu g\u00fcl yapraklar\u0131; masa \u00fczerindeki vazo benzeri dekoratif kaplarda s\u00fcs olarak kullanabilirsiniz. Evinizin i\u00e7inde mis gibi koku yayacakt\u0131r. Ayr\u0131ca \u00f6zel anlar\u0131n\u0131zda s\u00fcsleme olarak da kullanabilirsiniz.<\/p>\n<p>\t<strong>M\u00dcKEMMEL SATI\u015e SONRASI H\u0130ZMET : <\/strong>Turk \/ Turk olarak m\u00fc\u015fterilerimize en iyi hizmeti sunmay\u0131 ama\u00e7l\u0131yor, g\u00fcvenle sat\u0131n alabilmeniz i\u00e7in, ambalaj kalitemize g\u00fcveniyor, her \u00fcr\u00fcn sorunsuz teslimat i\u00e7in \u00f6zenle paketliyor ve resimde belirtilen renk, ebat, \u00f6zelikte \u00fcr\u00fcn g\u00f6ndermeyi taahh\u00fct ediyoruz. Hasarl\u0131 \u00fcr\u00fcn ald\u0131ysan\u0131z veya di\u011fer \u00fcr\u00fcn ve paket teslimat sorunlar\u0131 oldu\u011funda bizimle ileti\u015fime ge\u00e7mekten \u00e7ekinmeyin.<\/p>\n<p>\t<strong>DETAYLI B\u0130LG\u0130 \u0130\u00c7\u0130N EK RES\u0130MLER\u0130 \u0130NCELEYEB\u0130L\u0130RS\u0130N\u0130Z. <img decoding=\"async\" height=\"100%\" src=\"https:\/\/arabayaservis.com\/skins\/shared\/images\/pimm\/7430000716927-1.jpg\" width=\"100%\" \/><\/strong><\/p>\n<p>\t\u00a0<\/p>\n<p>\t\u00a0<\/p>\n","protected":false},"excerpt":{"rendered":"<p>\u00dcr\u00fcn \u00d6zellikleri : Renk : Resimdeki Renk birebir g\u00f6nderilir ve s\u00fcrpriz ya\u015famazs\u0131n\u0131z. G\u00fcl hasad\u0131na g\u00f6re hafif ton kaymalar\u0131 olabilir. Ne Alacaks\u0131n\u0131z ? 50 gram paket GEN\u0130\u015e KULLANIM ALANI : D\u00fc\u011f\u00fcn konfeti, teklif, Sevgililer G\u00fcn\u00fc veya a\u00e7\u0131k hava partiniz, k\u00fcvet, vazo i\u00e7erisine, El yap\u0131m\u0131 sabun yap\u0131m\u0131, banyo bombalar\u0131, mumlar, po\u015fetler, g\u00fcl suyu, ya\u011f, re\u00e7ine tak\u0131lar, el&#8230;<\/p>\n","protected":false},"featured_media":102030,"comment_status":"open","ping_status":"closed","template":"","meta":{"_kad_post_transparent":"","_kad_post_title":"","_kad_post_layout":"","_kad_post_sidebar_id":"","_kad_post_content_style":"","_kad_post_vertical_padding":"","_kad_post_feature":"","_kad_post_feature_position":"","_kad_post_header":false,"_kad_post_footer":false,"_kad_post_classname":""},"product_brand":[],"product_cat":[14221],"product_tag":[],"class_list":{"0":"post-102031","1":"product","2":"type-product","3":"status-publish","4":"has-post-thumbnail","6":"product_cat-dekoratif-obje-biblo-ev-dekorasyon-ev-yasam-dekoratif-obje-biblo-ev-dekorasyon-ev-yasam","8":"first","9":"instock","10":"purchasable","11":"product-type-simple","12":"entry","13":"content-bg","14":"loop-entry"},"_links":{"self":[{"href":"https:\/\/www.hediyepazar.com\/index.php?rest_route=\/wp\/v2\/product\/102031","targetHints":{"allow":["GET"]}}],"collection":[{"href":"https:\/\/www.hediyepazar.com\/index.php?rest_route=\/wp\/v2\/product"}],"about":[{"href":"https:\/\/www.hediyepazar.com\/index.php?rest_route=\/wp\/v2\/types\/product"}],"replies":[{"embeddable":true,"href":"https:\/\/www.hediyepazar.com\/index.php?rest_route=%2Fwp%2Fv2%2Fcomments&post=102031"}],"wp:featuredmedia":[{"embeddable":true,"href":"https:\/\/www.hediyepazar.com\/index.php?rest_route=\/wp\/v2\/media\/102030"}],"wp:attachment":[{"href":"https:\/\/www.hediyepazar.com\/index.php?rest_route=%2Fwp%2Fv2%2Fmedia&parent=102031"}],"wp:term":[{"taxonomy":"product_brand","embeddable":true,"href":"https:\/\/www.hediyepazar.com\/index.php?rest_route=%2Fwp%2Fv2%2Fproduct_brand&post=102031"},{"taxonomy":"product_cat","embeddable":true,"href":"https:\/\/www.hediyepazar.com\/index.php?rest_route=%2Fwp%2Fv2%2Fproduct_cat&post=102031"},{"taxonomy":"product_tag","embeddable":true,"href":"https:\/\/www.hediyepazar.com\/index.php?rest_route=%2Fwp%2Fv2%2Fproduct_tag&post=102031"}],"curies":[{"name":"wp","href":"https:\/\/api.w.org\/{rel}","templated":true}]}}