{"id":102037,"date":"2026-05-04T04:42:00","date_gmt":"2026-05-04T07:42:00","guid":{"rendered":"https:\/\/www.hediyepazar.com\/?product=turk-metal-8-5-cm-ataturk-imzasi-sticker"},"modified":"2026-05-04T04:42:00","modified_gmt":"2026-05-04T07:42:00","slug":"turk-metal-8-5-cm-ataturk-imzasi-sticker","status":"publish","type":"product","link":"https:\/\/www.hediyepazar.com\/?product=turk-metal-8-5-cm-ataturk-imzasi-sticker","title":{"rendered":"Turk Metal 8.5 Cm Atat\u00fcrk \u0130mzas\u0131 Sticker"},"content":{"rendered":"<p>\t<span style=\"color:#ff0000;\"><strong>Nerelerde Kullan\u0131r\u0131m ? <\/strong><\/span>De\u011fi\u015fik ama\u00e7larla ,de\u011fi\u015fik alanlarda<\/p>\n<p>\t<span style=\"color:#ff0000;\"><span style=\"color:#ff0000;\"><strong>\u00dcr\u00fcn \u00d6zellikleri : <\/strong><\/span><\/span>8,5 x 1 \u00f6l\u00e7\u00fclerinde k\u00fc\u00e7\u00fck boy<br \/>\tAliminyum,ultra incelikte,esnek yap\u0131s\u0131yla \u00e7ok \u015f\u0131k ve sportif g\u00f6r\u00fcn\u00fcm<br \/>\tKendinden yap\u0131\u015fkanl\u0131d\u0131r<br \/>\tSu,\u00e7amur,toz dan etkilenmez,solmaz ve y\u0131pranmaz \u00f6zelliktedir<span style=\"color:#ff0000;\"><span style=\"color:#ff0000;\">. <\/span><\/span><\/p>\n<p>\t<span style=\"color:#ff0000;\"><span style=\"color:#ff0000;\"><span style=\"color:#ff0000;\"><strong>Nas\u0131l Kullan\u0131r\u0131m ? <\/strong><\/span><\/span><\/span>Yap\u0131\u015ft\u0131raca\u011f\u0131n\u0131z y\u00fczeyi kir,ya\u011f,tozdan ar\u0131nd\u0131r\u0131n.<br \/>\tKuru olmal\u0131d\u0131r.<br \/>\t\u00dcr\u00fcn alt\u0131ndaki \u00e7ift tarafl\u0131 yap\u0131\u015fkan bant\u0131n koruyucu zar\u0131n\u0131 \u00e7\u0131Kart\u0131n ve zemine yap\u0131\u015ft\u0131r\u0131n<br \/>\t1 dk elinizle bast\u0131rarak yap\u0131\u015fmay\u0131 sa\u011flamla\u015ft\u0131r\u0131n<\/p>\n<p><center>\t<\/p>\n<p>\t\t<span style=\"color:#ff0000;\"><span style=\"color:#ff0000;\"><span style=\"color:#ff0000;\"><img decoding=\"async\" alt=\"\" src=\"https:\/\/modacar.com.tr\/PImm\/ISL.jpg\" \/><\/span><\/span><\/span><\/p>\n<p><\/center><\/p>\n<p>\t<span style=\"color:#ff0000;\"><span style=\"color:#ff0000;\"><span style=\"color:#ff0000;\">&#8220;><\/p>\n","protected":false},"excerpt":{"rendered":"<p>Nerelerde Kullan\u0131r\u0131m ? De\u011fi\u015fik ama\u00e7larla ,de\u011fi\u015fik alanlarda \u00dcr\u00fcn \u00d6zellikleri : 8,5 x 1 \u00f6l\u00e7\u00fclerinde k\u00fc\u00e7\u00fck boy Aliminyum,ultra incelikte,esnek yap\u0131s\u0131yla \u00e7ok \u015f\u0131k ve sportif g\u00f6r\u00fcn\u00fcm Kendinden yap\u0131\u015fkanl\u0131d\u0131r Su,\u00e7amur,toz dan etkilenmez,solmaz ve y\u0131pranmaz \u00f6zelliktedir. Nas\u0131l Kullan\u0131r\u0131m ? Yap\u0131\u015ft\u0131raca\u011f\u0131n\u0131z y\u00fczeyi kir,ya\u011f,tozdan ar\u0131nd\u0131r\u0131n. Kuru olmal\u0131d\u0131r. \u00dcr\u00fcn alt\u0131ndaki \u00e7ift tarafl\u0131 yap\u0131\u015fkan bant\u0131n koruyucu zar\u0131n\u0131 \u00e7\u0131Kart\u0131n ve zemine yap\u0131\u015ft\u0131r\u0131n 1 dk&#8230;<\/p>\n","protected":false},"featured_media":102036,"comment_status":"open","ping_status":"closed","template":"","meta":{"_kad_post_transparent":"","_kad_post_title":"","_kad_post_layout":"","_kad_post_sidebar_id":"","_kad_post_content_style":"","_kad_post_vertical_padding":"","_kad_post_feature":"","_kad_post_feature_position":"","_kad_post_header":false,"_kad_post_footer":false,"_kad_post_classname":""},"product_brand":[],"product_cat":[7878],"product_tag":[],"class_list":{"0":"post-102037","1":"product","2":"type-product","3":"status-publish","4":"has-post-thumbnail","6":"product_cat-oto-aksesuarlari-oto-aksesuarlari-cep-telefonu-elektronik-arac-disi-aksesuar","8":"first","9":"instock","10":"purchasable","11":"product-type-simple","12":"entry","13":"content-bg","14":"loop-entry"},"_links":{"self":[{"href":"https:\/\/www.hediyepazar.com\/index.php?rest_route=\/wp\/v2\/product\/102037","targetHints":{"allow":["GET"]}}],"collection":[{"href":"https:\/\/www.hediyepazar.com\/index.php?rest_route=\/wp\/v2\/product"}],"about":[{"href":"https:\/\/www.hediyepazar.com\/index.php?rest_route=\/wp\/v2\/types\/product"}],"replies":[{"embeddable":true,"href":"https:\/\/www.hediyepazar.com\/index.php?rest_route=%2Fwp%2Fv2%2Fcomments&post=102037"}],"wp:featuredmedia":[{"embeddable":true,"href":"https:\/\/www.hediyepazar.com\/index.php?rest_route=\/wp\/v2\/media\/102036"}],"wp:attachment":[{"href":"https:\/\/www.hediyepazar.com\/index.php?rest_route=%2Fwp%2Fv2%2Fmedia&parent=102037"}],"wp:term":[{"taxonomy":"product_brand","embeddable":true,"href":"https:\/\/www.hediyepazar.com\/index.php?rest_route=%2Fwp%2Fv2%2Fproduct_brand&post=102037"},{"taxonomy":"product_cat","embeddable":true,"href":"https:\/\/www.hediyepazar.com\/index.php?rest_route=%2Fwp%2Fv2%2Fproduct_cat&post=102037"},{"taxonomy":"product_tag","embeddable":true,"href":"https:\/\/www.hediyepazar.com\/index.php?rest_route=%2Fwp%2Fv2%2Fproduct_tag&post=102037"}],"curies":[{"name":"wp","href":"https:\/\/api.w.org\/{rel}","templated":true}]}}