{"id":102047,"date":"2026-05-04T04:44:03","date_gmt":"2026-05-04T07:44:03","guid":{"rendered":"https:\/\/www.hediyepazar.com\/?product=turk-banyo-kesesi-dus-lifi-solingen-professional"},"modified":"2026-05-04T04:44:03","modified_gmt":"2026-05-04T07:44:03","slug":"turk-banyo-kesesi-dus-lifi-solingen-professional","status":"publish","type":"product","link":"https:\/\/www.hediyepazar.com\/?product=turk-banyo-kesesi-dus-lifi-solingen-professional","title":{"rendered":"Turk Banyo Kesesi Du\u015f Lifi Solingen Professional"},"content":{"rendered":"<p>\t<strong>NEYE SAH\u0130P OLACAKSINIZ ? <\/strong>1 Adet, beyaz renk, 25&#215;18 cm ebatlar\u0131nda, Turk Solingen Professional\u00a0 olarak tasarlad\u0131\u011f\u0131m\u0131z \u00fcr\u00fcn\u00fc g\u00f6nderiyoruz. Renk birebir g\u00f6nderilir ve s\u00fcrpriz ya\u015famazs\u0131n\u0131z.\u00a0\u00a0<\/p>\n<p>\t<strong>\u00dcr\u00fcn \u00d6zellikleri : <\/strong><\/p>\n<p>\tKi\u015fisel kullan\u0131m, normal ve dayan\u0131kl\u0131 ciltler i\u00e7in ayr\u0131ca hamam, spa, sauna da da kullan\u0131labilir.<br \/>\t%100 Natural Viskose. orta sertliktedir.<\/p>\n<p>\t<strong>M\u00dcKEMMEL SATI\u015e SONRASI H\u0130ZMET : <\/strong>Turk \/ Turk m\u00fc\u015fterilerimize en iyi hizmeti sunmay\u0131 ama\u00e7l\u0131yor ve resimde belirtilen renk, ebat, \u00f6zelikte \u00fcr\u00fcn g\u00f6ndermeyi taahh\u00fct ediyoruz. G\u00fcvenle sat\u0131n alabilirsiniz. Hasarl\u0131 \u00fcr\u00fcn ald\u0131ysan\u0131z veya di\u011fer \u00fcr\u00fcn ve paket teslimat sorunlar\u0131 oldu\u011funda bizimle ileti\u015fime ge\u00e7mekten \u00e7ekinmeyin.<\/p>\n<p><\/p>\n<p>\t<strong><img decoding=\"async\" alt=\"\" src=\"https:\/\/arabayaservis.com\/skins\/shared\/images\/NEWARALIK\/7430002718364-1.jpg\" \/> <\/strong><\/p>\n<p>\t\u00a0<\/p>\n","protected":false},"excerpt":{"rendered":"<p>NEYE SAH\u0130P OLACAKSINIZ ? 1 Adet, beyaz renk, 25&#215;18 cm ebatlar\u0131nda, Turk Solingen Professional\u00a0 olarak tasarlad\u0131\u011f\u0131m\u0131z \u00fcr\u00fcn\u00fc g\u00f6nderiyoruz. Renk birebir g\u00f6nderilir ve s\u00fcrpriz ya\u015famazs\u0131n\u0131z.\u00a0\u00a0 \u00dcr\u00fcn \u00d6zellikleri : Ki\u015fisel kullan\u0131m, normal ve dayan\u0131kl\u0131 ciltler i\u00e7in ayr\u0131ca hamam, spa, sauna da da kullan\u0131labilir. %100 Natural Viskose. orta sertliktedir. M\u00dcKEMMEL SATI\u015e SONRASI H\u0130ZMET : Turk \/ Turk m\u00fc\u015fterilerimize&#8230;<\/p>\n","protected":false},"featured_media":0,"comment_status":"open","ping_status":"closed","template":"","meta":{"_kad_post_transparent":"","_kad_post_title":"","_kad_post_layout":"","_kad_post_sidebar_id":"","_kad_post_content_style":"","_kad_post_vertical_padding":"","_kad_post_feature":"","_kad_post_feature_position":"","_kad_post_header":false,"_kad_post_footer":false,"_kad_post_classname":""},"product_brand":[],"product_cat":[14246],"product_tag":[],"class_list":{"0":"post-102047","1":"product","2":"type-product","3":"status-publish","5":"product_cat-banyo-lifi-ve-sungeri-banyo-dus-urunleri-cilt-bakimi-kozmetik-banyo-lifi-ve-sungeri","7":"first","8":"instock","9":"purchasable","10":"product-type-simple","11":"entry","12":"content-bg","13":"loop-entry"},"_links":{"self":[{"href":"https:\/\/www.hediyepazar.com\/index.php?rest_route=\/wp\/v2\/product\/102047","targetHints":{"allow":["GET"]}}],"collection":[{"href":"https:\/\/www.hediyepazar.com\/index.php?rest_route=\/wp\/v2\/product"}],"about":[{"href":"https:\/\/www.hediyepazar.com\/index.php?rest_route=\/wp\/v2\/types\/product"}],"replies":[{"embeddable":true,"href":"https:\/\/www.hediyepazar.com\/index.php?rest_route=%2Fwp%2Fv2%2Fcomments&post=102047"}],"wp:attachment":[{"href":"https:\/\/www.hediyepazar.com\/index.php?rest_route=%2Fwp%2Fv2%2Fmedia&parent=102047"}],"wp:term":[{"taxonomy":"product_brand","embeddable":true,"href":"https:\/\/www.hediyepazar.com\/index.php?rest_route=%2Fwp%2Fv2%2Fproduct_brand&post=102047"},{"taxonomy":"product_cat","embeddable":true,"href":"https:\/\/www.hediyepazar.com\/index.php?rest_route=%2Fwp%2Fv2%2Fproduct_cat&post=102047"},{"taxonomy":"product_tag","embeddable":true,"href":"https:\/\/www.hediyepazar.com\/index.php?rest_route=%2Fwp%2Fv2%2Fproduct_tag&post=102047"}],"curies":[{"name":"wp","href":"https:\/\/api.w.org\/{rel}","templated":true}]}}