{"id":102050,"date":"2026-05-04T04:45:18","date_gmt":"2026-05-04T07:45:18","guid":{"rendered":"https:\/\/www.hediyepazar.com\/?product=turk-tekerlekli-saksi-altigi-37-cm-beyaz"},"modified":"2026-05-04T04:45:18","modified_gmt":"2026-05-04T07:45:18","slug":"turk-tekerlekli-saksi-altigi-37-cm-beyaz","status":"publish","type":"product","link":"https:\/\/www.hediyepazar.com\/?product=turk-tekerlekli-saksi-altigi-37-cm-beyaz","title":{"rendered":"Turk Tekerlekli Saks\u0131 Alt\u0131\u011f\u0131 37 CM BEYAZ"},"content":{"rendered":"<p>\t<strong>Spesifikasyonlar : <\/strong><\/p>\n<p>\t<strong>Renk : Resimdeki beyaz Renk-Desen Kombinasyonu birebir g\u00f6nderilir.\u00a0DETAY RES\u0130MLERDEK\u0130 RENKLER \u00d6RNEKT\u0130R<\/strong><\/p>\n<p>\t<strong>Materyal : Plastik <\/strong><\/p>\n<p>\t<strong>Adet : 1 <\/strong><\/p>\n<p>\t<strong>\u00d6l\u00e7\u00fcler :\u00a0\u00a037\u00a0 cm \u00c7ap x\u00a0 Y\u00fckseklik 10,7 cm (tekerlek dahhil)\u00a0\u00a0\u00a0<\/strong><\/p>\n<p>\t<strong>GEN\u0130\u015e KULLANIM ALANI :\u00a0\u00a0<\/strong>\u00c7oklu Kullan\u0131m: B\u00fcy\u00fck, a\u011f\u0131r bitkileri i\u00e7eriden d\u0131\u015far\u0131ya kolayca ta\u015f\u0131mak i\u00e7in evde, salonda, balkonda, avluda ve bah\u00e7ede kullan\u0131labilir.<\/p>\n<p>\t<strong>\u00d6NE \u00c7IKAN \u00d6ZELL\u0130K : 3 TEKERL\u0130\u00a0<\/strong><\/p>\n<p>\t<strong>\u00c7al\u0131\u015fma Yap\u0131s\u0131 ve G\u00fc\u00e7l\u00fc Y\u00fck Ta\u015f\u0131y\u0131c\u0131: <\/strong>Her bir ta\u015f\u0131y\u0131c\u0131s\u0131 ve tekeri, uzun s\u00fcreli performans i\u00e7in iyi tasarlanm\u0131\u015ft\u0131r. A\u011f\u0131r hizmet tipi plastik malzemelerden yap\u0131lm\u0131\u015ft\u0131r ve 54 kg\u2019a kadar y\u00fck ta\u015f\u0131yacak kadar g\u00fc\u00e7l\u00fcd\u00fcrler. Kolay sulama i\u00e7in b\u00fcy\u00fck, a\u011f\u0131r saks\u0131lar\u0131 istedi\u011finiz yere ta\u015f\u0131yabilirsiniz..<\/p>\n<p>\t<strong>360 Derece d\u00f6ner Tekerlekler: <\/strong>3 tekerle\u011fi alet kullanmadan monte etmek ve s\u0131kmak \u00e7ok kolayd\u0131r. Ah\u015fap zeminlerde ve hal\u0131larda (zemini \u00e7izme riski olmadan) kolayca hareket eder.<\/p>\n<p>\t<strong>Zemini Koruyun: <\/strong>Bitkileri sularken drenaj delikleri olmadan suyu yakalamak i\u00e7in bitki taba\u011f\u0131 olarak kullan\u0131labilirler. Bu i\u015flev, sulama s\u0131ras\u0131nda \u0131slanmay\u0131 \u00f6nleyecek ve zemini temiz tutmaya ve su lekelerini \u00f6nlemeye yard\u0131mc\u0131 olacakt\u0131r.<\/p>\n<p>\tOrijinal kaliteyi garanti etmek i\u00e7in hammadde olarak daha iyi sertli\u011fe sahip sertle\u015ftirilmi\u015f temperli plastik kullan\u0131lm\u0131\u015ft\u0131r. Tekerlekler y\u00fck\u00fc etkin bir \u015fekilde da\u011f\u0131t\u0131r.<\/p>\n<p>\t<strong>\u0130\u00e7 ve D\u0131\u015f Mekan Pratik Kullan\u0131m: <\/strong>D\u0131\u015f mekanlar i\u00e7in teraslarda, ah\u015fap zeminlerde \u00e7al\u0131\u015facak \u015fekilde tasarlanm\u0131\u015ft\u0131r. \u0130\u00e7 mekan kullan\u0131m\u0131 i\u00e7in m\u00fckemmel olan parke, beton ve hatta hal\u0131 \u00fczerinde sorunsuz bir \u015fekilde hareket eder.<\/p>\n<p><\/p>\n<p><p><strong>M\u00dcKEMMEL SATI\u015e SONRASI H\u0130ZMET : <\/strong>Bu \u00fcr\u00fcne daha avantajl\u0131 sahip olabilmeniz i\u00e7in ma\u011fazam\u0131z\u0131 ziyaret ederek, kampanyalar\u0131 inceleyebilirsiniz. Turk \/ Turk olarak m\u00fc\u015fterilerimize en iyi hizmeti sunmay\u0131 ama\u00e7l\u0131yor, g\u00fcvenle sat\u0131n alabilmeniz i\u00e7in, ambalaj kalitemize g\u00fcveniyor, her \u00fcr\u00fcn sorunsuz teslimat i\u00e7in \u00f6zenle paketliyor ve resimde belirtilen renk, ebat, \u00f6zelikte \u00fcr\u00fcn g\u00f6ndermeyi taahh\u00fct ediyoruz. Hasarl\u0131 \u00fcr\u00fcn ald\u0131ysan\u0131z veya di\u011fer \u00fcr\u00fcn ve paket teslimat sorunlar\u0131 oldu\u011funda bizimle ileti\u015fime ge\u00e7mekten \u00e7ekinmeyin.<\/p>\n<p>\t<strong>DETAYLI B\u0130LG\u0130 \u0130\u00c7\u0130N EK RES\u0130MLER\u0130 \u0130NCELEYEB\u0130L\u0130RS\u0130N\u0130Z. <img decoding=\"async\" height=\"100%\" src=\"https:\/\/arabayaservis.com\/skins\/shared\/images\/newnisan\/7430000714453-1.jpg\" width=\"100%\" \/><\/strong><\/p>\n<p>\t\u00a0<\/p>\n","protected":false},"excerpt":{"rendered":"<p>Spesifikasyonlar : Renk : Resimdeki beyaz Renk-Desen Kombinasyonu birebir g\u00f6nderilir.\u00a0DETAY RES\u0130MLERDEK\u0130 RENKLER \u00d6RNEKT\u0130R Materyal : Plastik Adet : 1 \u00d6l\u00e7\u00fcler :\u00a0\u00a037\u00a0 cm \u00c7ap x\u00a0 Y\u00fckseklik 10,7 cm (tekerlek dahhil)\u00a0\u00a0\u00a0 GEN\u0130\u015e KULLANIM ALANI :\u00a0\u00a0\u00c7oklu Kullan\u0131m: B\u00fcy\u00fck, a\u011f\u0131r bitkileri i\u00e7eriden d\u0131\u015far\u0131ya kolayca ta\u015f\u0131mak i\u00e7in evde, salonda, balkonda, avluda ve bah\u00e7ede kullan\u0131labilir. \u00d6NE \u00c7IKAN \u00d6ZELL\u0130K : 3 TEKERL\u0130\u00a0&#8230;<\/p>\n","protected":false},"featured_media":0,"comment_status":"open","ping_status":"closed","template":"","meta":{"_kad_post_transparent":"","_kad_post_title":"","_kad_post_layout":"","_kad_post_sidebar_id":"","_kad_post_content_style":"","_kad_post_vertical_padding":"","_kad_post_feature":"","_kad_post_feature_position":"","_kad_post_header":false,"_kad_post_footer":false,"_kad_post_classname":""},"product_brand":[],"product_cat":[7848],"product_tag":[],"class_list":{"0":"post-102050","1":"product","2":"type-product","3":"status-publish","5":"product_cat-saksi-cicek-bakimi-bitki-yetistirme-bahce-ev-yasam-saksi","7":"first","8":"instock","9":"purchasable","10":"product-type-simple","11":"entry","12":"content-bg","13":"loop-entry"},"_links":{"self":[{"href":"https:\/\/www.hediyepazar.com\/index.php?rest_route=\/wp\/v2\/product\/102050","targetHints":{"allow":["GET"]}}],"collection":[{"href":"https:\/\/www.hediyepazar.com\/index.php?rest_route=\/wp\/v2\/product"}],"about":[{"href":"https:\/\/www.hediyepazar.com\/index.php?rest_route=\/wp\/v2\/types\/product"}],"replies":[{"embeddable":true,"href":"https:\/\/www.hediyepazar.com\/index.php?rest_route=%2Fwp%2Fv2%2Fcomments&post=102050"}],"wp:attachment":[{"href":"https:\/\/www.hediyepazar.com\/index.php?rest_route=%2Fwp%2Fv2%2Fmedia&parent=102050"}],"wp:term":[{"taxonomy":"product_brand","embeddable":true,"href":"https:\/\/www.hediyepazar.com\/index.php?rest_route=%2Fwp%2Fv2%2Fproduct_brand&post=102050"},{"taxonomy":"product_cat","embeddable":true,"href":"https:\/\/www.hediyepazar.com\/index.php?rest_route=%2Fwp%2Fv2%2Fproduct_cat&post=102050"},{"taxonomy":"product_tag","embeddable":true,"href":"https:\/\/www.hediyepazar.com\/index.php?rest_route=%2Fwp%2Fv2%2Fproduct_tag&post=102050"}],"curies":[{"name":"wp","href":"https:\/\/api.w.org\/{rel}","templated":true}]}}