{"id":102052,"date":"2026-05-04T04:46:08","date_gmt":"2026-05-04T07:46:08","guid":{"rendered":"https:\/\/www.hediyepazar.com\/?product=turk-sarimsak-ezici-304-paslanmaz-celik-stella-classic-design"},"modified":"2026-05-04T04:46:08","modified_gmt":"2026-05-04T07:46:08","slug":"turk-sarimsak-ezici-304-paslanmaz-celik-stella-classic-design","status":"publish","type":"product","link":"https:\/\/www.hediyepazar.com\/?product=turk-sarimsak-ezici-304-paslanmaz-celik-stella-classic-design","title":{"rendered":"Turk Sar\u0131msak Ezici 304 Paslanmaz \u00c7elik Stella Classic Design"},"content":{"rendered":"<p>\t<strong>304 paslanmaz \u00e7elik nedir ? <\/strong><br \/>\tGenel kullan\u0131m alanlar\u0131nda ve 50 y\u0131la dayanabilen kullan\u0131m \u00f6mr\u00fcylr, 304 kalite paslanmaz \u00e7elik, korozyon dayan\u0131m\u0131, \u0131s\u0131 dayan\u0131m\u0131, mekanik \u00f6zellikleri, kaynak yap\u0131labilirli\u011fi, i\u015flenebilirli\u011fi ve d\u00f6v\u00fclebilmeye yatk\u0131nl\u0131\u011f\u0131 konular\u0131nda de\u011ferlendirilebilir. Korozyon Dayan\u0131m\u0131: 304 kalite paslanmaz \u00e7elik, di\u011fer paslanmaz \u00e7eliklere oranla \u00e7ok daha iyi korozyon dayan\u0131m\u0131na sahiptir.<\/p>\n<p>\t<strong>Adet : 1<\/strong><\/p>\n<p>\t<strong>SARIMSAK EZ\u0130C\u0130 :<\/strong> Sa\u011flam paslanmaz \u00e7elik malzeme, daha yo\u011fun bir kuvvet sa\u011flar ve sar\u0131msa\u011f\u0131 k\u0131y\u0131lm\u0131\u015f sar\u0131msa\u011fa kolayca bast\u0131rabilir. \u015eimdi sadece iki basit ad\u0131ma ihtiyac\u0131n\u0131z var: koyun ve bast\u0131r\u0131n, ard\u0131ndan kokuya hay\u0131r deyin, kolayca k\u0131y\u0131lm\u0131\u015f sar\u0131msak al\u0131n.<\/p>\n<p>\t<strong>ERGONOM\u0130K SAP :<\/strong> Di\u011fer \u00fcr\u00fcnlerle kar\u015f\u0131la\u015ft\u0131r\u0131ld\u0131\u011f\u0131nda, Kaitse sar\u0131msak presi uzat\u0131lm\u0131\u015f sap\u0131 daha uygun ergonomik tasar\u0131m, zamandan ve emekten tasarruf sa\u011flayarak sar\u0131msak presini kolayla\u015ft\u0131r\u0131r. Sar\u0131msak bask\u0131 aya\u011f\u0131, \u00e7al\u0131\u015fma g\u00fcvenli\u011finizi sa\u011flayacak kadar sa\u011flam ve g\u00fc\u00e7l\u00fcd\u00fcr.<\/p>\n<p>\t<strong>KOLAY TEM\u0130ZL\u0130K : <\/strong>\u00c7\u0131kar\u0131labilir bir pres kutusu ile tasarlanan, ayr\u0131ca ka\u015f\u0131kla art\u0131k posalar\u0131 ve sar\u0131msak kabu\u011funu da \u00e7\u0131karabilirsiniz.. Ard\u0131ndan sar\u0131msak presini su alt\u0131nda durulayabilir veya bula\u015f\u0131k makinesinde y\u0131kayabilirsiniz. Bula\u015f\u0131k makinesinde y\u00fcksek s\u0131cakl\u0131kta y\u0131kama s\u0131ras\u0131nda biraz rengi solabilir, ancak kullan\u0131m\u0131 etkilemez.<\/p>\n<p>\t<strong>M\u00dcKEMMEL TASARIM VE SA\u011eLAMLIK : <\/strong>304 paslanmaz \u00e7elikten yap\u0131lm\u0131\u015f pres kutusu, 430 paslanmaz \u00e7elikten yap\u0131lm\u0131\u015f tutamak ve \u00e7inko ala\u015f\u0131m\u0131ndan yap\u0131lm\u0131\u015f pres kutusu d\u0131\u015f halkas\u0131. Bunlar g\u00fc\u00e7l\u00fc g\u00fcvenlik s\u0131n\u0131f\u0131 malzemelerdir. Bu nedenle bu malzemelerden yap\u0131lan sar\u0131msak presi \u00e7ok dokuludur. Paslanmaz \u00e7elik sap kaliteli ve k\u0131r\u0131lmas\u0131 zor. Bu dayan\u0131kl\u0131 sar\u0131msak ezici, mutfakta yemek pi\u015firmede zamandan tasarruf sa\u011flar.<\/p>\n<p>\t<strong>M\u00dcKEMMEL SATI\u015e SONRASI H\u0130ZMET : <\/strong>Bu \u00fcr\u00fcne daha avantajl\u0131 sahip olabilmeniz i\u00e7in ma\u011fazam\u0131z\u0131 ziyaret ederek, kampanyalar\u0131 inceleyebilirsiniz. Turk \/ Turk olarak m\u00fc\u015fterilerimize en iyi hizmeti sunmay\u0131 ama\u00e7l\u0131yor, g\u00fcvenle sat\u0131n alabilmeniz i\u00e7in, ambalaj kalitemize g\u00fcveniyor, her \u00fcr\u00fcn sorunsuz teslimat i\u00e7in \u00f6zenle paketliyor ve resimde belirtilen renk, ebat, \u00f6zelikte \u00fcr\u00fcn g\u00f6ndermeyi taahh\u00fct ediyoruz. Hasarl\u0131 \u00fcr\u00fcn ald\u0131ysan\u0131z veya di\u011fer \u00fcr\u00fcn ve paket teslimat sorunlar\u0131 oldu\u011funda bizimle ileti\u015fime ge\u00e7mekten \u00e7ekinmeyin.<\/p>\n<p>\t<strong>Detayl\u0131 bilgi i\u00e7in ek resimleri inceleyebilirsiniz<\/strong><\/p>\n<p><\/p>\n<p>\t<strong><strong><img decoding=\"async\" alt=\"\" src=\"https:\/\/arabayaservis.com\/skins\/shared\/images\/NEWARALIK\/7430000721064-1.jpg\" \/> <\/strong><\/strong><\/p>\n<p>\t\u00a0<\/p>\n","protected":false},"excerpt":{"rendered":"<p>304 paslanmaz \u00e7elik nedir ? Genel kullan\u0131m alanlar\u0131nda ve 50 y\u0131la dayanabilen kullan\u0131m \u00f6mr\u00fcylr, 304 kalite paslanmaz \u00e7elik, korozyon dayan\u0131m\u0131, \u0131s\u0131 dayan\u0131m\u0131, mekanik \u00f6zellikleri, kaynak yap\u0131labilirli\u011fi, i\u015flenebilirli\u011fi ve d\u00f6v\u00fclebilmeye yatk\u0131nl\u0131\u011f\u0131 konular\u0131nda de\u011ferlendirilebilir. Korozyon Dayan\u0131m\u0131: 304 kalite paslanmaz \u00e7elik, di\u011fer paslanmaz \u00e7eliklere oranla \u00e7ok daha iyi korozyon dayan\u0131m\u0131na sahiptir. Adet : 1 SARIMSAK EZ\u0130C\u0130 : Sa\u011flam&#8230;<\/p>\n","protected":false},"featured_media":0,"comment_status":"open","ping_status":"closed","template":"","meta":{"_kad_post_transparent":"","_kad_post_title":"","_kad_post_layout":"","_kad_post_sidebar_id":"","_kad_post_content_style":"","_kad_post_vertical_padding":"","_kad_post_feature":"","_kad_post_feature_position":"","_kad_post_header":false,"_kad_post_footer":false,"_kad_post_classname":""},"product_brand":[],"product_cat":[7826],"product_tag":[],"class_list":{"0":"post-102052","1":"product","2":"type-product","3":"status-publish","5":"product_cat-endustriyel-mutfak-ekipmanlari-sofra-sofra-mutfak-ev-yasam-endustriyel-mutfak-ekipmanlari","7":"first","8":"instock","9":"purchasable","10":"product-type-simple","11":"entry","12":"content-bg","13":"loop-entry"},"_links":{"self":[{"href":"https:\/\/www.hediyepazar.com\/index.php?rest_route=\/wp\/v2\/product\/102052","targetHints":{"allow":["GET"]}}],"collection":[{"href":"https:\/\/www.hediyepazar.com\/index.php?rest_route=\/wp\/v2\/product"}],"about":[{"href":"https:\/\/www.hediyepazar.com\/index.php?rest_route=\/wp\/v2\/types\/product"}],"replies":[{"embeddable":true,"href":"https:\/\/www.hediyepazar.com\/index.php?rest_route=%2Fwp%2Fv2%2Fcomments&post=102052"}],"wp:attachment":[{"href":"https:\/\/www.hediyepazar.com\/index.php?rest_route=%2Fwp%2Fv2%2Fmedia&parent=102052"}],"wp:term":[{"taxonomy":"product_brand","embeddable":true,"href":"https:\/\/www.hediyepazar.com\/index.php?rest_route=%2Fwp%2Fv2%2Fproduct_brand&post=102052"},{"taxonomy":"product_cat","embeddable":true,"href":"https:\/\/www.hediyepazar.com\/index.php?rest_route=%2Fwp%2Fv2%2Fproduct_cat&post=102052"},{"taxonomy":"product_tag","embeddable":true,"href":"https:\/\/www.hediyepazar.com\/index.php?rest_route=%2Fwp%2Fv2%2Fproduct_tag&post=102052"}],"curies":[{"name":"wp","href":"https:\/\/api.w.org\/{rel}","templated":true}]}}