{"id":102054,"date":"2026-05-04T04:46:13","date_gmt":"2026-05-04T07:46:13","guid":{"rendered":"https:\/\/www.hediyepazar.com\/?product=turk-12-li-muffin-kalibi-teflon-celik-100-muffin-kagitli"},"modified":"2026-05-04T04:46:13","modified_gmt":"2026-05-04T07:46:13","slug":"turk-12-li-muffin-kalibi-teflon-celik-100-muffin-kagitli","status":"publish","type":"product","link":"https:\/\/www.hediyepazar.com\/?product=turk-12-li-muffin-kalibi-teflon-celik-100-muffin-kagitli","title":{"rendered":"Turk 12 li Muffin Kal\u0131b\u0131 Teflon \u00c7elik 100 Muffin Ka\u011f\u0131tl\u0131"},"content":{"rendered":"<p>\t<strong>\u00dcr\u00fcn \u00d6zellikleri : <\/strong><\/p>\n<p>\t<strong>Materyal :\u00a0 Karbon \u00c7elik\u00a0<\/strong><\/p>\n<p>\t<strong>Adet \/ Renk \/ Tasar\u0131m :\u00a0<\/strong>1 Adet Muffin kal\u0131b\u0131 + 100 adet muffin ka\u011f\u0131d\u0131 SET\u0130, Turk Sergi Sebastiani Design olarak tasarlad\u0131\u011f\u0131m\u0131z, resimde yer alan MODEL\u0130 , s\u00fcrpriz ya\u015famaman\u0131z i\u00e7in birebir g\u00f6nderiyoruz<\/p>\n<p>\t<strong>\u00d6l\u00e7\u00fcler : 35 x 27 cm\u00a0<\/strong><\/p>\n<p>\tYap\u0131\u015fmaz \u00c7elik : Y\u00fcksek kaliteli yap\u0131\u015fmaz \u00e7elik y\u00fczey, yiyecekleri kolayca serbest b\u0131rak\u0131r. Rahat kullan\u0131m ve b\u00fck\u00fclmeyi \u00f6nlemek i\u00e7in g\u00fc\u00e7lendirilmi\u015f kenar. Daha uzun servis \u00f6mr\u00fc sa\u011flay\u0131n.<\/p>\n<p>\tKULLANIMI KOLAY + KALIP \u00c7IKARMA : M\u00fckemmel yap\u0131\u015fmaz, Karbon \u00c7elik 12 muffin tepsisi, daha az pi\u015firme ya\u011f\u0131 ve pi\u015firme s\u00fcresiyle elde edilebilir. Tavadan \u00e7\u0131kan ekmekleri\/kekleri almak kolayd\u0131r.<\/p>\n<p>\tE\u011eLENCEL\u0130 VE \u00c7OK Y\u00d6NL\u00dc : Sadece Muffin i\u00e7in de\u011fil, kek pi\u015firme tepsisi ayn\u0131 zamanda kekler, Mini lazanya kaplar\u0131, F\u0131r\u0131nda Yulaf Ezmesi Kaplar\u0131, Tavuklu Turta Kaplar\u0131 VE \u00c7OK DAHA FAZLASI i\u00e7in de kullan\u0131labilir! T\u00fcm aile i\u00e7in harika, ayn\u0131 anda daha fazla ikram pi\u015firebilir, zamandan ve paradan tasarruf edebilirsiniz.<\/p>\n<p>\t<strong>M\u00dcKEMMEL SATI\u015e SONRASI H\u0130ZMET : <\/strong>Turk \/ Turk olarak m\u00fc\u015fterilerimize en iyi hizmeti sunmay\u0131 ama\u00e7l\u0131yor, g\u00fcvenle sat\u0131n alabilmeniz i\u00e7in, ambalaj kalitemize g\u00fcveniyor, her \u00fcr\u00fcn sorunsuz teslimat i\u00e7in \u00f6zenle paketliyor ve resimde belirtilen renk, ebat, \u00f6zelikte \u00fcr\u00fcn g\u00f6ndermeyi taahh\u00fct ediyoruz. Hasarl\u0131 \u00fcr\u00fcn ald\u0131ysan\u0131z veya di\u011fer \u00fcr\u00fcn ve paket teslimat sorunlar\u0131 oldu\u011funda bizimle ileti\u015fime ge\u00e7mekten \u00e7ekinmeyin.<\/p>\n<p>\t<strong>Detayl\u0131 bilgi i\u00e7in ek resimleri inceleyebilirsiniz<\/strong><\/p>\n<p><\/p>\n<p>\t<strong><strong><img decoding=\"async\" alt=\"\" src=\"https:\/\/arabayaservis.com\/skins\/shared\/images\/NEWARALIK\/7430000719516-1.jpg\" \/> <\/strong><\/strong><\/p>\n<p>\t\u00a0<\/p>\n","protected":false},"excerpt":{"rendered":"<p>\u00dcr\u00fcn \u00d6zellikleri : Materyal :\u00a0 Karbon \u00c7elik\u00a0 Adet \/ Renk \/ Tasar\u0131m :\u00a01 Adet Muffin kal\u0131b\u0131 + 100 adet muffin ka\u011f\u0131d\u0131 SET\u0130, Turk Sergi Sebastiani Design olarak tasarlad\u0131\u011f\u0131m\u0131z, resimde yer alan MODEL\u0130 , s\u00fcrpriz ya\u015famaman\u0131z i\u00e7in birebir g\u00f6nderiyoruz \u00d6l\u00e7\u00fcler : 35 x 27 cm\u00a0 Yap\u0131\u015fmaz \u00c7elik : Y\u00fcksek kaliteli yap\u0131\u015fmaz \u00e7elik y\u00fczey, yiyecekleri kolayca serbest&#8230;<\/p>\n","protected":false},"featured_media":102053,"comment_status":"open","ping_status":"closed","template":"","meta":{"_kad_post_transparent":"","_kad_post_title":"","_kad_post_layout":"","_kad_post_sidebar_id":"","_kad_post_content_style":"","_kad_post_vertical_padding":"","_kad_post_feature":"","_kad_post_feature_position":"","_kad_post_header":false,"_kad_post_footer":false,"_kad_post_classname":""},"product_brand":[],"product_cat":[14249],"product_tag":[],"class_list":{"0":"post-102054","1":"product","2":"type-product","3":"status-publish","4":"has-post-thumbnail","6":"product_cat-yemek-hazirlik-sofra-mutfak-ev-yasam-yemek-hazirlik-sofra-mutfak","8":"first","9":"instock","10":"purchasable","11":"product-type-simple","12":"entry","13":"content-bg","14":"loop-entry"},"_links":{"self":[{"href":"https:\/\/www.hediyepazar.com\/index.php?rest_route=\/wp\/v2\/product\/102054","targetHints":{"allow":["GET"]}}],"collection":[{"href":"https:\/\/www.hediyepazar.com\/index.php?rest_route=\/wp\/v2\/product"}],"about":[{"href":"https:\/\/www.hediyepazar.com\/index.php?rest_route=\/wp\/v2\/types\/product"}],"replies":[{"embeddable":true,"href":"https:\/\/www.hediyepazar.com\/index.php?rest_route=%2Fwp%2Fv2%2Fcomments&post=102054"}],"wp:featuredmedia":[{"embeddable":true,"href":"https:\/\/www.hediyepazar.com\/index.php?rest_route=\/wp\/v2\/media\/102053"}],"wp:attachment":[{"href":"https:\/\/www.hediyepazar.com\/index.php?rest_route=%2Fwp%2Fv2%2Fmedia&parent=102054"}],"wp:term":[{"taxonomy":"product_brand","embeddable":true,"href":"https:\/\/www.hediyepazar.com\/index.php?rest_route=%2Fwp%2Fv2%2Fproduct_brand&post=102054"},{"taxonomy":"product_cat","embeddable":true,"href":"https:\/\/www.hediyepazar.com\/index.php?rest_route=%2Fwp%2Fv2%2Fproduct_cat&post=102054"},{"taxonomy":"product_tag","embeddable":true,"href":"https:\/\/www.hediyepazar.com\/index.php?rest_route=%2Fwp%2Fv2%2Fproduct_tag&post=102054"}],"curies":[{"name":"wp","href":"https:\/\/api.w.org\/{rel}","templated":true}]}}