{"id":102069,"date":"2026-05-04T04:48:14","date_gmt":"2026-05-04T07:48:14","guid":{"rendered":"https:\/\/www.hediyepazar.com\/?product=turk-tirnak-torpusu-et-iticili-et-kesici-celik-solingen-profesyonel"},"modified":"2026-05-04T04:48:14","modified_gmt":"2026-05-04T07:48:14","slug":"turk-tirnak-torpusu-et-iticili-et-kesici-celik-solingen-profesyonel","status":"publish","type":"product","link":"https:\/\/www.hediyepazar.com\/?product=turk-tirnak-torpusu-et-iticili-et-kesici-celik-solingen-profesyonel","title":{"rendered":"Turk T\u0131rnak T\u00f6rp\u00fcs\u00fc Et \u0130ticili Et Kesici \u00c7elik Solingen Profesyonel"},"content":{"rendered":"<p>\n\t<strong>\u00dcr\u00fcn \u00d6zellikleri : <\/strong><\/p>\n<p>\t<strong>RENK : <\/strong> HSNET Solingen Profesyonel olarak tasarlad\u0131\u011f\u0131m\u0131z bu \u00fcr\u00fcn\u00fc Renk\/tasar\u0131m\u0131 birebir g\u00f6re g\u00f6nderiyoruz. S\u00fcrpriz ya\u015famazs\u0131n\u0131z.<\/p>\n<p>\t<strong>MATERYAL : % 100 \u00c7elik\u00a0\u00a0<\/strong><\/p>\n<p>\t<strong>ADET : 1<\/strong><\/p>\n<p>\t<strong>\u00d6NE \u00c7IKAN \u00d6ZELL\u0130K : Her zaman \u00e7antan\u0131zda ta\u015f\u0131yabilece\u011finiz kadar ince tasar\u0131ma sahiptir. Yer kaplamaz<\/strong><\/p>\n<p>\n\t<b>DAYANIKLI PASLANMAZ \u00c7EL\u0130K &#8211;<\/b>T\u0131rnak t\u00f6rp\u00fcleri paslanmaz \u00e7elikten imal edilmi\u015ftir. \u00c7ift tarafl\u0131 t\u0131rnak t\u00f6rp\u00fcs\u00fc, uygulamas\u0131 kolayd\u0131r. Kaymay\u0131 \u00f6nler ve b\u00fcy\u00fck bir kald\u0131ra\u00e7 sa\u011flar, s\u00fcreci daha sorunsuz hale getirir.<\/p>\n<div>\n\t<b>PROFESYONEL MAN\u0130K\u00dcR ARA\u00c7LARI &#8211;<\/b>T\u0131rnak tedavisi, t\u0131rnak uzatma ve manik\u00fcr i\u015flemlerinden \u00f6nce t\u0131rnaklar\u0131 t\u00f6rp\u00fclemek i\u00e7in profesyonel t\u0131rnak t\u00f6rp\u00fcs\u00fcd\u00fcr.<\/div>\n<div>\n\t\u00a0<\/div>\n<div>\n\tDo\u011fal t\u0131rnaklar\u0131, sahte t\u0131rnaklar\u0131, t\u0131rnak uzant\u0131lar\u0131n\u0131 dosyalamak i\u00e7in kullan\u0131labilir. Bu t\u0131rnak t\u00f6rp\u00fcleri, t\u0131rna\u011f\u0131 istedi\u011finiz \u015fekil veya uzunlukta kolayca \u015fekillendirmenize yard\u0131mc\u0131 olur, t\u0131rnaklar\u0131n\u0131z\u0131 iyi durumda tutar.<\/div>\n<div>\n\t\u00a0<\/div>\n<div>\n\t<b>SALONLARDA VE EVDE GEREKL\u0130 &#8211;<\/b>Genel manik\u00fcr ama\u00e7l\u0131, evcil hayvan bak\u0131m\u0131, a\u011fa\u00e7 i\u015fleri ve salon kullan\u0131m\u0131 i\u00e7in de m\u00fckemmeldir. Profesyonel salonlar\u0131n kullan\u0131m\u0131na ve evde g\u00fcnl\u00fck t\u0131rnak sanat\u0131na uygun t\u00fcm dosyalama ihtiya\u00e7lar\u0131n\u0131z i\u00e7in harika. bazen art\u0131k bir g\u00fczellik salonunda \u00e7ok pahal\u0131ya mal olman\u0131za gerek yok.<\/div>\n<p>\n\t<strong>M\u00dcKEMMEL SATI\u015e SONRASI H\u0130ZMET : <\/strong>HSNET \/ HSNET olarak m\u00fc\u015fterilerimize en iyi hizmeti sunmay\u0131 ama\u00e7l\u0131yor, g\u00fcvenle sat\u0131n alabilmeniz i\u00e7in, ambalaj kalitemize g\u00fcveniyor, her \u00fcr\u00fcn sorunsuz teslimat i\u00e7in \u00f6zenle paketliyor ve resimde belirtilen renk, ebat, \u00f6zelikte \u00fcr\u00fcn g\u00f6ndermeyi taahh\u00fct ediyoruz. Hasarl\u0131 \u00fcr\u00fcn ald\u0131ysan\u0131z veya di\u011fer \u00fcr\u00fcn ve paket teslimat sorunlar\u0131 oldu\u011funda bizimle ileti\u015fime ge\u00e7mekten \u00e7ekinmeyin.<\/p>\n<p>\n","protected":false},"excerpt":{"rendered":"<p>\u00dcr\u00fcn \u00d6zellikleri : RENK : HSNET Solingen Profesyonel olarak tasarlad\u0131\u011f\u0131m\u0131z bu \u00fcr\u00fcn\u00fc Renk\/tasar\u0131m\u0131 birebir g\u00f6re g\u00f6nderiyoruz. S\u00fcrpriz ya\u015famazs\u0131n\u0131z. MATERYAL : % 100 \u00c7elik\u00a0\u00a0 ADET : 1 \u00d6NE \u00c7IKAN \u00d6ZELL\u0130K : Her zaman \u00e7antan\u0131zda ta\u015f\u0131yabilece\u011finiz kadar ince tasar\u0131ma sahiptir. Yer kaplamaz DAYANIKLI PASLANMAZ \u00c7EL\u0130K &#8211;T\u0131rnak t\u00f6rp\u00fcleri paslanmaz \u00e7elikten imal edilmi\u015ftir. \u00c7ift tarafl\u0131 t\u0131rnak t\u00f6rp\u00fcs\u00fc, uygulamas\u0131 kolayd\u0131r&#8230;.<\/p>\n","protected":false},"featured_media":102068,"comment_status":"open","ping_status":"closed","template":"","meta":{"_kad_post_transparent":"","_kad_post_title":"","_kad_post_layout":"","_kad_post_sidebar_id":"","_kad_post_content_style":"","_kad_post_vertical_padding":"","_kad_post_feature":"","_kad_post_feature_position":"","_kad_post_header":false,"_kad_post_footer":false,"_kad_post_classname":""},"product_brand":[],"product_cat":[14207],"product_tag":[],"class_list":{"0":"post-102069","1":"product","2":"type-product","3":"status-publish","4":"has-post-thumbnail","6":"product_cat-el-tirnak-bakim-ve-aksesuarlar-kisisel-bakim-aletleri-elektronik-el-tirnak-bakim-ve-aksesuarlar","8":"first","9":"instock","10":"purchasable","11":"product-type-simple","12":"entry","13":"content-bg","14":"loop-entry"},"_links":{"self":[{"href":"https:\/\/www.hediyepazar.com\/index.php?rest_route=\/wp\/v2\/product\/102069","targetHints":{"allow":["GET"]}}],"collection":[{"href":"https:\/\/www.hediyepazar.com\/index.php?rest_route=\/wp\/v2\/product"}],"about":[{"href":"https:\/\/www.hediyepazar.com\/index.php?rest_route=\/wp\/v2\/types\/product"}],"replies":[{"embeddable":true,"href":"https:\/\/www.hediyepazar.com\/index.php?rest_route=%2Fwp%2Fv2%2Fcomments&post=102069"}],"wp:featuredmedia":[{"embeddable":true,"href":"https:\/\/www.hediyepazar.com\/index.php?rest_route=\/wp\/v2\/media\/102068"}],"wp:attachment":[{"href":"https:\/\/www.hediyepazar.com\/index.php?rest_route=%2Fwp%2Fv2%2Fmedia&parent=102069"}],"wp:term":[{"taxonomy":"product_brand","embeddable":true,"href":"https:\/\/www.hediyepazar.com\/index.php?rest_route=%2Fwp%2Fv2%2Fproduct_brand&post=102069"},{"taxonomy":"product_cat","embeddable":true,"href":"https:\/\/www.hediyepazar.com\/index.php?rest_route=%2Fwp%2Fv2%2Fproduct_cat&post=102069"},{"taxonomy":"product_tag","embeddable":true,"href":"https:\/\/www.hediyepazar.com\/index.php?rest_route=%2Fwp%2Fv2%2Fproduct_tag&post=102069"}],"curies":[{"name":"wp","href":"https:\/\/api.w.org\/{rel}","templated":true}]}}