{"id":102086,"date":"2026-05-04T04:50:42","date_gmt":"2026-05-04T07:50:42","guid":{"rendered":"https:\/\/www.hediyepazar.com\/?product=turk-nano-sac-sert-wax-orumcek-spider-wax-absolute-professional"},"modified":"2026-05-04T04:50:42","modified_gmt":"2026-05-04T07:50:42","slug":"turk-nano-sac-sert-wax-orumcek-spider-wax-absolute-professional","status":"publish","type":"product","link":"https:\/\/www.hediyepazar.com\/?product=turk-nano-sac-sert-wax-orumcek-spider-wax-absolute-professional","title":{"rendered":"Turk Nano Sa\u00e7 Sert Wax \u00d6r\u00fcmcek Spider Wax Absolute Professional"},"content":{"rendered":"<p> <strong>\u00dcr\u00fcn \u00d6zellikleri : <\/strong><\/p>\n<p> <strong>Materyal : Sa\u00e7 Kili Balmumu i\u00e7erir ve orta sertliktedir .<\/strong><\/p>\n<p> <strong>Adet \/ Renk \/ Tasar\u0131m : <\/strong> 1 Adet, Turk Nano Absolute Professional olarak tasarlad\u0131\u011f\u0131m\u0131z, resimde yer alan modeli, s\u00fcrpriz ya\u015famaman\u0131z i\u00e7in birebir g\u00f6nderiyoruz<\/p>\n<p> <strong>\u00d6l\u00e7\u00fcler : 100 ml\u00a0<\/strong><\/p>\n<p> Sa\u00e7lar\u0131n\u0131z\u0131 \u015fekillendirmek, hacim kazand\u0131rmak ve istedi\u011finiz tarzda modellemek i\u00e7in \u00f6zel olarak form\u00fcle edilmi\u015f bir sa\u00e7 \u015fekillendirme \u00fcr\u00fcn\u00fcd\u00fcr. Bu sa\u00e7 wax&#8217;\u0131, esnek tutu\u015fu, mat biti\u015fi ile sa\u00e7lar\u0131n\u0131za istedi\u011finiz tarz\u0131 kolayca kazand\u0131rman\u0131za yard\u0131mc\u0131 olur.<\/p>\n<p> Ana \u00d6zellikler:<\/p>\n<p> Esnek Tutu\u015f: Sa\u00e7lar\u0131n\u0131za esnek bir tutu\u015f sa\u011flar, b\u00f6ylece g\u00fcn boyu rahat\u00e7a \u015feklini korur.<br \/> Mat Biti\u015f: \u00dcr\u00fcn, mat bir do\u011fal g\u00f6r\u00fcn\u00fcm sa\u011flamak i\u00e7in kullan\u0131labilir, bu sayede sa\u00e7 stilinizi ki\u015fisel tercihinize g\u00f6re \u00f6zelle\u015ftirebilirsiniz.<br \/> Do\u011fal Hareket ve Hacim: Sa\u00e7lara do\u011fal bir hacim ve hareket kazand\u0131rarak, sa\u00e7lar\u0131n do\u011fal ve canl\u0131 g\u00f6r\u00fcnmesini sa\u011flar.<br \/> Kolay Uygulama ve Temizleme: Wax, kolayca uygulanabilir ve ayn\u0131 \u015fekilde kolayca y\u0131kanabilir, b\u00f6ylece kullan\u0131m sonras\u0131 sa\u00e7larda kal\u0131nt\u0131 b\u0131rakmaz.<br \/> \u00c7e\u015fitli Sa\u00e7 Tipleri \u0130\u00e7in Uygundur: K\u0131sa, orta veya uzun sa\u00e7larda kullan\u0131ma uygun olan bu wax, \u00e7e\u015fitli sa\u00e7 tiplerine uyum sa\u011flar.<br \/> Ho\u015f Koku: Sa\u00e7lara ho\u015f bir koku b\u0131rakarak, kullan\u0131c\u0131ya ferah bir his sa\u011flar.<\/p>\n<p> Kullan\u0131m Talimatlar\u0131:<br \/> K\u00fc\u00e7\u00fck bir miktar Turk Nano Absolute Professional wax &#8216;\u0131 avu\u00e7 i\u00e7ine al\u0131n.<br \/> Wax&#8217;\u0131 \u0131s\u0131nmas\u0131 i\u00e7in elleriniz aras\u0131nda ovu\u015fturun.<br \/> Sa\u00e7lar\u0131n\u0131za istedi\u011finiz \u015fekli vermek i\u00e7in d\u00fczenleyin ve modele uygun olarak taray\u0131n veya parmaklar\u0131n\u0131zla \u015fekillendirin.<br \/> \u0130stedi\u011finiz tarz\u0131 elde etti\u011finizde sa\u00e7lar\u0131n\u0131z\u0131 b\u0131rak\u0131n ve g\u00fcn boyu keyfini \u00e7\u0131kar\u0131n.<\/p>\n<p> Turk Nano Absolute Professional, sa\u00e7 \u015fekillendirme konusunda esneklik ve kontrol sa\u011flayarak, kullan\u0131c\u0131lar\u0131n kendi stilini yaratmalar\u0131na olanak tan\u0131r.<\/p>\n<p> <strong>M\u00dcKEMMEL SATI\u015e SONRASI H\u0130ZMET : <\/strong>Turk \/ Turk olarak m\u00fc\u015fterilerimize en iyi hizmeti sunmay\u0131 ama\u00e7l\u0131yor, g\u00fcvenle sat\u0131n alabilmeniz i\u00e7in, ambalaj kalitemize g\u00fcveniyor, her \u00fcr\u00fcn sorunsuz teslimat i\u00e7in \u00f6zenle paketliyor ve resimde belirtilen renk, ebat, \u00f6zelikte \u00fcr\u00fcn g\u00f6ndermeyi taahh\u00fct ediyoruz. Hasarl\u0131 \u00fcr\u00fcn ald\u0131ysan\u0131z veya di\u011fer \u00fcr\u00fcn ve paket teslimat sorunlar\u0131 oldu\u011funda bizimle ileti\u015fime ge\u00e7mekten \u00e7ekinmeyin.<\/p>\n<p>\n","protected":false},"excerpt":{"rendered":"<p>\u00dcr\u00fcn \u00d6zellikleri : Materyal : Sa\u00e7 Kili Balmumu i\u00e7erir ve orta sertliktedir . Adet \/ Renk \/ Tasar\u0131m : 1 Adet, Turk Nano Absolute Professional olarak tasarlad\u0131\u011f\u0131m\u0131z, resimde yer alan modeli, s\u00fcrpriz ya\u015famaman\u0131z i\u00e7in birebir g\u00f6nderiyoruz \u00d6l\u00e7\u00fcler : 100 ml\u00a0 Sa\u00e7lar\u0131n\u0131z\u0131 \u015fekillendirmek, hacim kazand\u0131rmak ve istedi\u011finiz tarzda modellemek i\u00e7in \u00f6zel olarak form\u00fcle edilmi\u015f bir sa\u00e7&#8230;<\/p>\n","protected":false},"featured_media":102085,"comment_status":"open","ping_status":"closed","template":"","meta":{"_kad_post_transparent":"","_kad_post_title":"","_kad_post_layout":"","_kad_post_sidebar_id":"","_kad_post_content_style":"","_kad_post_vertical_padding":"","_kad_post_feature":"","_kad_post_feature_position":"","_kad_post_header":false,"_kad_post_footer":false,"_kad_post_classname":""},"product_brand":[],"product_cat":[7881],"product_tag":[],"class_list":{"0":"post-102086","1":"product","2":"type-product","3":"status-publish","4":"has-post-thumbnail","6":"product_cat-unisex-sac-ve-sakal-bakimi-erkek-kuafor-unisex-sac-ve-sakal-bakimi","8":"first","9":"instock","10":"purchasable","11":"product-type-simple","12":"entry","13":"content-bg","14":"loop-entry"},"_links":{"self":[{"href":"https:\/\/www.hediyepazar.com\/index.php?rest_route=\/wp\/v2\/product\/102086","targetHints":{"allow":["GET"]}}],"collection":[{"href":"https:\/\/www.hediyepazar.com\/index.php?rest_route=\/wp\/v2\/product"}],"about":[{"href":"https:\/\/www.hediyepazar.com\/index.php?rest_route=\/wp\/v2\/types\/product"}],"replies":[{"embeddable":true,"href":"https:\/\/www.hediyepazar.com\/index.php?rest_route=%2Fwp%2Fv2%2Fcomments&post=102086"}],"wp:featuredmedia":[{"embeddable":true,"href":"https:\/\/www.hediyepazar.com\/index.php?rest_route=\/wp\/v2\/media\/102085"}],"wp:attachment":[{"href":"https:\/\/www.hediyepazar.com\/index.php?rest_route=%2Fwp%2Fv2%2Fmedia&parent=102086"}],"wp:term":[{"taxonomy":"product_brand","embeddable":true,"href":"https:\/\/www.hediyepazar.com\/index.php?rest_route=%2Fwp%2Fv2%2Fproduct_brand&post=102086"},{"taxonomy":"product_cat","embeddable":true,"href":"https:\/\/www.hediyepazar.com\/index.php?rest_route=%2Fwp%2Fv2%2Fproduct_cat&post=102086"},{"taxonomy":"product_tag","embeddable":true,"href":"https:\/\/www.hediyepazar.com\/index.php?rest_route=%2Fwp%2Fv2%2Fproduct_tag&post=102086"}],"curies":[{"name":"wp","href":"https:\/\/api.w.org\/{rel}","templated":true}]}}