{"id":102104,"date":"2026-05-04T04:53:43","date_gmt":"2026-05-04T07:53:43","guid":{"rendered":"https:\/\/www.hediyepazar.com\/?product=turk-agda-spatulasi-solingen-kucuk-boy-100-adet"},"modified":"2026-05-04T04:53:43","modified_gmt":"2026-05-04T07:53:43","slug":"turk-agda-spatulasi-solingen-kucuk-boy-100-adet","status":"publish","type":"product","link":"https:\/\/www.hediyepazar.com\/?product=turk-agda-spatulasi-solingen-kucuk-boy-100-adet","title":{"rendered":"Turk A\u011fda Spatulas\u0131 Solingen K\u00fc\u00e7\u00fck Boy 100 ADET"},"content":{"rendered":"<p>\n\t<strong>\u00dcr\u00fcn \u00d6zellikleri : <\/strong><\/p>\n<p><strong> A\u011eDA B\u0130LG\u0130 AMA\u00c7LI VE \u00dcR\u00dcNE DAH\u0130L DE\u011e\u0130LD\u0130R. <\/strong>  <\/p>\n<p>\n\t<strong>Materyal : Ah\u015fap\u00a0<\/strong><\/p>\n<p>\t<strong>Adet \/ Renk \/ Tasar\u0131m :\u00a0 100\u00a0<\/strong>\u00a0Adet, HSNET\u00a0<span style=\"background-color: rgb(247, 247, 247); color: rgb(1, 15, 38); font-family: Roboto, sans-serif; font-size: 13px;\">Solingen Professional\u00a0<\/span>olarak tasarlad\u0131\u011f\u0131m\u0131z, resimde yer alan modeli, s\u00fcrpriz ya\u015famaman\u0131z i\u00e7in birebir g\u00f6nderiyoruz<\/p>\n<p>\n\t<br \/>\n\t<strong>\u00d6l\u00e7\u00fcler : 9 x 1 cm\u00a0<\/strong><\/p>\n<p>\n\t<strong>KAYIN A\u011eACI &#8211; DO\u011eAL : <\/strong>Bu sebeple, kullan at de\u011fildir. Kaliteli ah\u015fap malzemeden yap\u0131lm\u0131\u015f bu a\u011fda aplikat\u00f6r \u00e7ubuklar\u0131 cilal\u0131 ve p\u00fcr\u00fczs\u00fcz bir y\u00fczeye sahiptir, cildinizi \u00e7izmez veya incitmez, size a\u011fda s\u00fcrecinde iyi bir deneyim ya\u015fat\u0131r, uzun s\u00fcreli kullan\u0131m i\u00e7in g\u00fcvenlidir<\/p>\n<p>\n\t<strong>\u0130DEAL BOYUT : <\/strong>K\u00dc\u00c7\u00dcK- Ka\u015flar\u0131, y\u00fcz\u00fc, epilasyonu ve di\u011fer k\u00fc\u00e7\u00fck veya ayr\u0131nt\u0131l\u0131 alanlar\u0131\u00a0\u00a0<\/p>\n<p>\n\tKOLAY KULLANIM : Bu ah\u015fap aplikat\u00f6r\u00fc cilde a\u011fda s\u00fcrmek i\u00e7in uygulay\u0131n. \u00c7ok zaman harcaman\u0131za gerek yok &#8211; YETERL\u0130 B\u00dcY\u00dcKL\u00dcKTE<\/p>\n<p>\n\t<strong>M\u00dcKEMMEL SATI\u015e SONRASI H\u0130ZMET : <\/strong>HSNET \/ HSNET olarak m\u00fc\u015fterilerimize en iyi hizmeti sunmay\u0131 ama\u00e7l\u0131yor, g\u00fcvenle sat\u0131n alabilmeniz i\u00e7in, ambalaj kalitemize g\u00fcveniyor, her \u00fcr\u00fcn sorunsuz teslimat i\u00e7in \u00f6zenle paketliyor ve resimde belirtilen renk, ebat, \u00f6zelikte \u00fcr\u00fcn g\u00f6ndermeyi taahh\u00fct ediyoruz. Hasarl\u0131 \u00fcr\u00fcn ald\u0131ysan\u0131z veya di\u011fer \u00fcr\u00fcn ve paket teslimat sorunlar\u0131 oldu\u011funda bizimle ileti\u015fime ge\u00e7mekten \u00e7ekinmeyin.<\/p>\n<p>\n\t<strong>Detayl\u0131 bilgi i\u00e7in ek resimleri inceleyebilirsiniz<\/strong><\/p>\n<p>\n\t<img decoding=\"async\"  src=\"https:\/\/hepsicdn.com.tr\/static\/product_detail\/hbnet0c89c0c4_4761901.jpg\"><\/p>\n<p>\n\t\u00a0<\/p>\n","protected":false},"excerpt":{"rendered":"<p>\u00dcr\u00fcn \u00d6zellikleri : A\u011eDA B\u0130LG\u0130 AMA\u00c7LI VE \u00dcR\u00dcNE DAH\u0130L DE\u011e\u0130LD\u0130R. Materyal : Ah\u015fap\u00a0 Adet \/ Renk \/ Tasar\u0131m :\u00a0 100\u00a0\u00a0Adet, HSNET\u00a0Solingen Professional\u00a0olarak tasarlad\u0131\u011f\u0131m\u0131z, resimde yer alan modeli, s\u00fcrpriz ya\u015famaman\u0131z i\u00e7in birebir g\u00f6nderiyoruz \u00d6l\u00e7\u00fcler : 9 x 1 cm\u00a0 KAYIN A\u011eACI &#8211; DO\u011eAL : Bu sebeple, kullan at de\u011fildir. Kaliteli ah\u015fap malzemeden yap\u0131lm\u0131\u015f bu a\u011fda aplikat\u00f6r&#8230;<\/p>\n","protected":false},"featured_media":102103,"comment_status":"open","ping_status":"closed","template":"","meta":{"_kad_post_transparent":"","_kad_post_title":"","_kad_post_layout":"","_kad_post_sidebar_id":"","_kad_post_content_style":"","_kad_post_vertical_padding":"","_kad_post_feature":"","_kad_post_feature_position":"","_kad_post_header":false,"_kad_post_footer":false,"_kad_post_classname":""},"product_brand":[],"product_cat":[14176],"product_tag":[],"class_list":{"0":"post-102104","1":"product","2":"type-product","3":"status-publish","4":"has-post-thumbnail","6":"product_cat-agda-agda-ve-tuy-dokucu-epilasyon-tiras-kozmetik-agda","8":"first","9":"instock","10":"purchasable","11":"product-type-simple","12":"entry","13":"content-bg","14":"loop-entry"},"_links":{"self":[{"href":"https:\/\/www.hediyepazar.com\/index.php?rest_route=\/wp\/v2\/product\/102104","targetHints":{"allow":["GET"]}}],"collection":[{"href":"https:\/\/www.hediyepazar.com\/index.php?rest_route=\/wp\/v2\/product"}],"about":[{"href":"https:\/\/www.hediyepazar.com\/index.php?rest_route=\/wp\/v2\/types\/product"}],"replies":[{"embeddable":true,"href":"https:\/\/www.hediyepazar.com\/index.php?rest_route=%2Fwp%2Fv2%2Fcomments&post=102104"}],"wp:featuredmedia":[{"embeddable":true,"href":"https:\/\/www.hediyepazar.com\/index.php?rest_route=\/wp\/v2\/media\/102103"}],"wp:attachment":[{"href":"https:\/\/www.hediyepazar.com\/index.php?rest_route=%2Fwp%2Fv2%2Fmedia&parent=102104"}],"wp:term":[{"taxonomy":"product_brand","embeddable":true,"href":"https:\/\/www.hediyepazar.com\/index.php?rest_route=%2Fwp%2Fv2%2Fproduct_brand&post=102104"},{"taxonomy":"product_cat","embeddable":true,"href":"https:\/\/www.hediyepazar.com\/index.php?rest_route=%2Fwp%2Fv2%2Fproduct_cat&post=102104"},{"taxonomy":"product_tag","embeddable":true,"href":"https:\/\/www.hediyepazar.com\/index.php?rest_route=%2Fwp%2Fv2%2Fproduct_tag&post=102104"}],"curies":[{"name":"wp","href":"https:\/\/api.w.org\/{rel}","templated":true}]}}