{"id":102112,"date":"2026-05-04T04:55:09","date_gmt":"2026-05-04T07:55:09","guid":{"rendered":"https:\/\/www.hediyepazar.com\/?product=turk-tarak-temizleyici-mini-tirmik-2-adet"},"modified":"2026-05-04T04:55:09","modified_gmt":"2026-05-04T07:55:09","slug":"turk-tarak-temizleyici-mini-tirmik-2-adet","status":"publish","type":"product","link":"https:\/\/www.hediyepazar.com\/?product=turk-tarak-temizleyici-mini-tirmik-2-adet","title":{"rendered":"Turk Tarak Temizleyici Mini T\u0131rm\u0131k 2 ADET"},"content":{"rendered":"<p><strong>&Uuml;r&uuml;n &Ouml;zellikleri : <\/strong><\/p>\n<p><strong>AKSESUARLAR &Uuml;R&Uuml;NE DAH\u0130L DE\u011e\u0130LD\u0130R. <\/strong><\/p>\n<p><strong>Materyal : Plastik&nbsp;<\/strong><\/p>\n<p><strong>Adet \/ Renk \/ Tasar\u0131m : <\/strong> 2 Adet, HSNET&nbsp; Design olarak tasarlad\u0131\u011f\u0131m\u0131z, resimde yer alan rengi, s&uuml;rpriz ya\u015famaman\u0131z i&ccedil;in birebir g&ouml;nderiyoruz<\/p>\n<p><strong>&Ouml;l&ccedil;&uuml;ler (bir cep telefonu ortalama 16 cm dir. K\u0131yaslaman\u0131z i&ccedil;in kolayl\u0131k de\u011fil mi ? ) :&nbsp; 8,5 x 3,5 cm&nbsp;<\/strong><\/p>\n<p>\nYEN\u0130L\u0130K&Ccedil;\u0130 TASARIM: Aral\u0131kl\u0131 tasar\u0131m, f\u0131r&ccedil;a k\u0131llar\u0131n\u0131 &ccedil;ekmek yerine hareket ettirir. Bu, eski moda parmak temizleme veya harap olmu\u015f f\u0131r&ccedil;alardan kaynaklanan hayal k\u0131r\u0131kl\u0131\u011f\u0131n\u0131n art\u0131k ortadan kalkt\u0131\u011f\u0131 anlam\u0131na gelir<\/p>\n<p>KOLAY KAVRAMA KOLU: Kavramas\u0131 ve tutmas\u0131 kolay, kaymas\u0131 kolay olmayan ergonomik sap tasar\u0131m\u0131n\u0131 benimser. Top ve kavisli \u015fekli, f\u0131r&ccedil;a temizleme tara\u011f\u0131n\u0131 s\u0131k\u0131 bir \u015fekilde kavraman\u0131z\u0131 sa\u011flar, b&ouml;ylece endi\u015felenmenize gerek kalmaz. elinden kay\u0131p gidiyor<\/p>\n<p>SA&Ccedil; FIR&Ccedil;ASI TIRMIK TASARIMI: Tarak temizleyici, tara\u011f\u0131n\u0131zdaki veya f\u0131r&ccedil;an\u0131zdaki kir ve sa&ccedil;lar\u0131 etkili ve kolay bir \u015fekilde temizlemek i&ccedil;in &ouml;zel olarak tasarlanm\u0131\u015ft\u0131r. 7 t\u0131rm\u0131kl\u0131 tasar\u0131m, herhangi bir domuz f\u0131r&ccedil;as\u0131, dalgal\u0131 f\u0131r&ccedil;a veya taraktan ge&ccedil;irmeyi kolayla\u015ft\u0131r\u0131r.<\/p>\n<p>K&Uuml;&Ccedil;&Uuml;K BOYUT: Kompakt boyut, seyahat ihtiya&ccedil;lar\u0131n\u0131zdan birini &ccedil;\u0131karman\u0131za gerek kalmadan onu tuvalet &ccedil;antan\u0131za, el &ccedil;antan\u0131za veya s\u0131rt &ccedil;antan\u0131za ekleyebilece\u011finiz anlam\u0131na gelir<\/p>\n<p>T&Uuml;M SA&Ccedil; FIR&Ccedil;ALARI VE TARAKLAR \u0130&Ccedil;\u0130N UYGUN: Bu tarak temizleyici, sakal f\u0131r&ccedil;as\u0131, sa&ccedil; tara\u011f\u0131 vb. gibi &ccedil;e\u015fitli taraklar i&ccedil;in ideal bir ara&ccedil;t\u0131r. Domuz k\u0131ll\u0131 f\u0131r&ccedil;an\u0131zdan, geni\u015f k\u0131ll\u0131 f\u0131r&ccedil;a koleksiyonunuza kadar her \u015feyi temizlemek i&ccedil;in kullanmaktan &ccedil;ekinmeyeceksiniz. Ayr\u0131ca evcil hayvan\u0131n\u0131z\u0131n f\u0131r&ccedil;alar\u0131n\u0131 temizlemek i&ccedil;in m&uuml;kemmel bir ara&ccedil;t\u0131r.<\/p>\n<p><strong>M&Uuml;KEMMEL SATI\u015e SONRASI H\u0130ZMET : <\/strong>Bu &uuml;r&uuml;ne daha avantajl\u0131 sahip olabilmeniz i&ccedil;in ma\u011fazam\u0131z\u0131 ziyaret ederek, kampanyalar\u0131 inceleyebilirsiniz. HSNET \/ HSNET olarak m&uuml;\u015fterilerimize en iyi hizmeti sunmay\u0131 ama&ccedil;l\u0131yor, g&uuml;venle sat\u0131n alabilmeniz i&ccedil;in, ambalaj kalitemize g&uuml;veniyor, her &uuml;r&uuml;n sorunsuz teslimat i&ccedil;in &ouml;zenle paketliyor ve resimde belirtilen renk, ebat, &ouml;zelikte &uuml;r&uuml;n g&ouml;ndermeyi taahh&uuml;t ediyoruz. Hasarl\u0131 &uuml;r&uuml;n ald\u0131ysan\u0131z veya di\u011fer &uuml;r&uuml;n ve paket teslimat sorunlar\u0131 oldu\u011funda bizimle ileti\u015fime ge&ccedil;mekten &ccedil;ekinmeyin.<\/p>\n<p><strong>Detayl\u0131 bilgi i&ccedil;in ek resimleri inceleyebilirsiniz<\/strong><\/p>\n<p>&nbsp;<\/p>\n<p><strong><img decoding=\"async\" src=\"https:\/\/hepsicdn.com.tr\/static\/product_detail\/hbnet7647b055_4763401.jpg\" \/><\/strong><\/p>\n<p>&nbsp;<\/p>\n<p>&nbsp;<\/p>\n","protected":false},"excerpt":{"rendered":"<p>&Uuml;r&uuml;n &Ouml;zellikleri : AKSESUARLAR &Uuml;R&Uuml;NE DAH\u0130L DE\u011e\u0130LD\u0130R. Materyal : Plastik&nbsp; Adet \/ Renk \/ Tasar\u0131m : 2 Adet, HSNET&nbsp; Design olarak tasarlad\u0131\u011f\u0131m\u0131z, resimde yer alan rengi, s&uuml;rpriz ya\u015famaman\u0131z i&ccedil;in birebir g&ouml;nderiyoruz &Ouml;l&ccedil;&uuml;ler (bir cep telefonu ortalama 16 cm dir. K\u0131yaslaman\u0131z i&ccedil;in kolayl\u0131k de\u011fil mi ? ) :&nbsp; 8,5 x 3,5 cm&nbsp; YEN\u0130L\u0130K&Ccedil;\u0130 TASARIM: Aral\u0131kl\u0131 tasar\u0131m,&#8230;<\/p>\n","protected":false},"featured_media":102111,"comment_status":"open","ping_status":"closed","template":"","meta":{"_kad_post_transparent":"","_kad_post_title":"","_kad_post_layout":"","_kad_post_sidebar_id":"","_kad_post_content_style":"","_kad_post_vertical_padding":"","_kad_post_feature":"","_kad_post_feature_position":"","_kad_post_header":false,"_kad_post_footer":false,"_kad_post_classname":""},"product_brand":[],"product_cat":[14302],"product_tag":[],"class_list":{"0":"post-102112","1":"product","2":"type-product","3":"status-publish","4":"has-post-thumbnail","6":"product_cat-sac-fircasi-ve-tarak-sac-bakimi-kozmetik-sac-fircasi-ve-tarak-sac-bakimi-kozmetik","8":"first","9":"instock","10":"purchasable","11":"product-type-simple","12":"entry","13":"content-bg","14":"loop-entry"},"_links":{"self":[{"href":"https:\/\/www.hediyepazar.com\/index.php?rest_route=\/wp\/v2\/product\/102112","targetHints":{"allow":["GET"]}}],"collection":[{"href":"https:\/\/www.hediyepazar.com\/index.php?rest_route=\/wp\/v2\/product"}],"about":[{"href":"https:\/\/www.hediyepazar.com\/index.php?rest_route=\/wp\/v2\/types\/product"}],"replies":[{"embeddable":true,"href":"https:\/\/www.hediyepazar.com\/index.php?rest_route=%2Fwp%2Fv2%2Fcomments&post=102112"}],"wp:featuredmedia":[{"embeddable":true,"href":"https:\/\/www.hediyepazar.com\/index.php?rest_route=\/wp\/v2\/media\/102111"}],"wp:attachment":[{"href":"https:\/\/www.hediyepazar.com\/index.php?rest_route=%2Fwp%2Fv2%2Fmedia&parent=102112"}],"wp:term":[{"taxonomy":"product_brand","embeddable":true,"href":"https:\/\/www.hediyepazar.com\/index.php?rest_route=%2Fwp%2Fv2%2Fproduct_brand&post=102112"},{"taxonomy":"product_cat","embeddable":true,"href":"https:\/\/www.hediyepazar.com\/index.php?rest_route=%2Fwp%2Fv2%2Fproduct_cat&post=102112"},{"taxonomy":"product_tag","embeddable":true,"href":"https:\/\/www.hediyepazar.com\/index.php?rest_route=%2Fwp%2Fv2%2Fproduct_tag&post=102112"}],"curies":[{"name":"wp","href":"https:\/\/api.w.org\/{rel}","templated":true}]}}