{"id":102121,"date":"2026-05-04T04:56:41","date_gmt":"2026-05-04T07:56:41","guid":{"rendered":"https:\/\/www.hediyepazar.com\/?product=turk-maskeleme-bandi-25-metre-cikarilabilir-boyaci-bandi"},"modified":"2026-05-04T04:56:41","modified_gmt":"2026-05-04T07:56:41","slug":"turk-maskeleme-bandi-25-metre-cikarilabilir-boyaci-bandi","status":"publish","type":"product","link":"https:\/\/www.hediyepazar.com\/?product=turk-maskeleme-bandi-25-metre-cikarilabilir-boyaci-bandi","title":{"rendered":"Turk Maskeleme Band\u0131 25 Metre \u00c7\u0131kar\u0131labilir Boyac\u0131 Band\u0131"},"content":{"rendered":"<p>\n\t<strong>\u00dcr\u00fcn \u00d6zellikleri : <\/strong><\/p>\n<p>\t<strong>Materyal : Ka\u011f\u0131t Bant<\/strong><\/p>\n<p>\t<strong>Adet \/ Renk \/ Tasar\u0131m : <\/strong> 1 Top , HSNET\u00a0 olarak tasarlad\u0131\u011f\u0131m\u0131z, resimde yer alan rengi, s\u00fcrpriz ya\u015famaman\u0131z i\u00e7in birebir g\u00f6nderiyoruz<\/p>\n<p>\t<strong>\u00d6l\u00e7\u00fcler\u00a0 ) :\u00a0 18 mm geni\u015flik x 25 metre uzunluk\u00a0<\/strong><\/p>\n<p>\n\tSIFIR KALINTI &#8211; KOLAY TEM\u0130ZL\u0130K : Profesyonel kalitedeki bantlar\u0131m\u0131z, boya veya macun kullanmadan \u00f6nce duvarlar\u0131, hal\u0131lar\u0131 ve g\u00fcverteleri kolayca maskelemenizi sa\u011flar. Yap\u0131\u015fkan yap\u0131\u015ft\u0131r\u0131c\u0131 kal\u0131nt\u0131s\u0131 olmadan zeminleri ve bord\u00fcrleri damlamaktan koruyun.<\/p>\n<p>\tS\u00d6K\u00dcLMES\u0130, UYGULANMASI VE \u00c7IKARILMASI \u00c7OK KOLAY. Boyac\u0131 bantlar\u0131m\u0131z kolayca y\u0131rt\u0131l\u0131r, b\u00f6ylece her seferinde m\u00fckemmel par\u00e7ay\u0131 h\u0131zl\u0131ca elde edebilirsiniz. \u0130\u015fi bitti\u011finde, hassas y\u00fczeylere zarar vermeden temiz bir \u015fekilde \u00e7\u0131kar\u0131l\u0131r.<\/p>\n<p>\tEV\u0130N ETRAFINDA KULLANILAB\u0130LECEK \u00c7OK AMA\u00c7LI BANT! Bu bant duvar boyamaktan daha fazlas\u0131 i\u00e7in idealdir. Sanat, paketleme, ofis bak\u0131m\u0131, otomobil temizli\u011fi ve \u00e7ocuklar\u0131n okul \u00f6\u011fle yeme\u011fi kutular\u0131n\u0131 etiketlemek i\u00e7in idealdir.<\/p>\n<p>\tTOPLU PAKETLERLE SONRAK\u0130 BOYAMA \u0130\u015e\u0130N\u0130Z\u0130 BA\u015eARIYLA YAPIN. \u0130\u00e7 mekan boya i\u015fleri i\u00e7in kaynak sa\u011flayan bir m\u00fcteahhit misiniz? Evinizi yenileyen bir amat\u00f6r boya tutkunu musunuz?<\/p>\n<p>\n\t<strong>M\u00dcKEMMEL SATI\u015e SONRASI H\u0130ZMET : <\/strong>Bu \u00fcr\u00fcne daha avantajl\u0131 sahip olabilmeniz i\u00e7in ma\u011fazam\u0131z\u0131 ziyaret ederek, kampanyalar\u0131 inceleyebilirsiniz. HSNET \/ HSNET olarak m\u00fc\u015fterilerimize en iyi hizmeti sunmay\u0131 ama\u00e7l\u0131yor, g\u00fcvenle sat\u0131n alabilmeniz i\u00e7in, ambalaj kalitemize g\u00fcveniyor, her \u00fcr\u00fcn sorunsuz teslimat i\u00e7in \u00f6zenle paketliyor ve resimde belirtilen renk, ebat, \u00f6zelikte \u00fcr\u00fcn g\u00f6ndermeyi taahh\u00fct ediyoruz. Hasarl\u0131 \u00fcr\u00fcn ald\u0131ysan\u0131z veya di\u011fer \u00fcr\u00fcn ve paket teslimat sorunlar\u0131 oldu\u011funda bizimle ileti\u015fime ge\u00e7mekten \u00e7ekinmeyin.<\/p>\n","protected":false},"excerpt":{"rendered":"<p>\u00dcr\u00fcn \u00d6zellikleri : Materyal : Ka\u011f\u0131t Bant Adet \/ Renk \/ Tasar\u0131m : 1 Top , HSNET\u00a0 olarak tasarlad\u0131\u011f\u0131m\u0131z, resimde yer alan rengi, s\u00fcrpriz ya\u015famaman\u0131z i\u00e7in birebir g\u00f6nderiyoruz \u00d6l\u00e7\u00fcler\u00a0 ) :\u00a0 18 mm geni\u015flik x 25 metre uzunluk\u00a0 SIFIR KALINTI &#8211; KOLAY TEM\u0130ZL\u0130K : Profesyonel kalitedeki bantlar\u0131m\u0131z, boya veya macun kullanmadan \u00f6nce duvarlar\u0131, hal\u0131lar\u0131 ve&#8230;<\/p>\n","protected":false},"featured_media":102120,"comment_status":"open","ping_status":"closed","template":"","meta":{"_kad_post_transparent":"","_kad_post_title":"","_kad_post_layout":"","_kad_post_sidebar_id":"","_kad_post_content_style":"","_kad_post_vertical_padding":"","_kad_post_feature":"","_kad_post_feature_position":"","_kad_post_header":false,"_kad_post_footer":false,"_kad_post_classname":""},"product_brand":[],"product_cat":[14329],"product_tag":[],"class_list":{"0":"post-102121","1":"product","2":"type-product","3":"status-publish","4":"has-post-thumbnail","6":"product_cat-hirdavat-urunleri-yapi-market-bahce-yapi-market-ev-yasam-tarafli-ve-yapistiricilar","8":"first","9":"instock","10":"purchasable","11":"product-type-simple","12":"entry","13":"content-bg","14":"loop-entry"},"_links":{"self":[{"href":"https:\/\/www.hediyepazar.com\/index.php?rest_route=\/wp\/v2\/product\/102121","targetHints":{"allow":["GET"]}}],"collection":[{"href":"https:\/\/www.hediyepazar.com\/index.php?rest_route=\/wp\/v2\/product"}],"about":[{"href":"https:\/\/www.hediyepazar.com\/index.php?rest_route=\/wp\/v2\/types\/product"}],"replies":[{"embeddable":true,"href":"https:\/\/www.hediyepazar.com\/index.php?rest_route=%2Fwp%2Fv2%2Fcomments&post=102121"}],"wp:featuredmedia":[{"embeddable":true,"href":"https:\/\/www.hediyepazar.com\/index.php?rest_route=\/wp\/v2\/media\/102120"}],"wp:attachment":[{"href":"https:\/\/www.hediyepazar.com\/index.php?rest_route=%2Fwp%2Fv2%2Fmedia&parent=102121"}],"wp:term":[{"taxonomy":"product_brand","embeddable":true,"href":"https:\/\/www.hediyepazar.com\/index.php?rest_route=%2Fwp%2Fv2%2Fproduct_brand&post=102121"},{"taxonomy":"product_cat","embeddable":true,"href":"https:\/\/www.hediyepazar.com\/index.php?rest_route=%2Fwp%2Fv2%2Fproduct_cat&post=102121"},{"taxonomy":"product_tag","embeddable":true,"href":"https:\/\/www.hediyepazar.com\/index.php?rest_route=%2Fwp%2Fv2%2Fproduct_tag&post=102121"}],"curies":[{"name":"wp","href":"https:\/\/api.w.org\/{rel}","templated":true}]}}