{"id":102122,"date":"2026-05-04T04:57:04","date_gmt":"2026-05-04T07:57:04","guid":{"rendered":"https:\/\/www.hediyepazar.com\/?product=turk-tuvalet-kagidi-tutucu-metal-delmeden-yapiskanli"},"modified":"2026-05-04T04:57:04","modified_gmt":"2026-05-04T07:57:04","slug":"turk-tuvalet-kagidi-tutucu-metal-delmeden-yapiskanli","status":"publish","type":"product","link":"https:\/\/www.hediyepazar.com\/?product=turk-tuvalet-kagidi-tutucu-metal-delmeden-yapiskanli","title":{"rendered":"Turk Tuvalet Ka\u011f\u0131d\u0131 Tutucu Metal Delmeden Yap\u0131\u015fkanl\u0131"},"content":{"rendered":"<p>\n\t<strong>\u00dcr\u00fcn \u00d6zellikleri : <\/strong><\/p>\n<p>\t<strong>HAVLU KA\u011eIT VE AKSESUARLAR \u00dcR\u00dcNE DAH\u0130L DE\u011e\u0130LD\u0130R. <\/strong><\/p>\n<p>\t<strong>Materyal :\u00a0<\/strong><strong>Metal<\/strong><\/p>\n<p>\t<strong>Adet \/ Renk \/ Tasar\u0131m : <\/strong> 1 Adet, HSNET\u00a0 Design olarak tasarlad\u0131\u011f\u0131m\u0131z, resimde yer alan\u00a0<strong>MATS\u0130YAH\u00a0<\/strong>rengi, s\u00fcrpriz ya\u015famaman\u0131z i\u00e7in birebir g\u00f6nderiyoruz<\/p>\n<p>\n\t<br \/>\n\t<strong>\u00d6l\u00e7\u00fcler (bir cep telefonu ortalama 16 cm dir. K\u0131yaslaman\u0131z i\u00e7in kolayl\u0131k de\u011fil mi ? ) :\u00a0<\/strong><strong>24 x 8 x 8 cm<\/strong><\/p>\n<p><\/p>\n<p>\n\t<strong>M\u00dcKEMMEL SATI\u015e SONRASI H\u0130ZMET : <\/strong>Bu \u00fcr\u00fcne daha avantajl\u0131 sahip olabilmeniz i\u00e7in ma\u011fazam\u0131z\u0131 ziyaret ederek, kampanyalar\u0131 inceleyebilirsiniz. HSNET \/ HSNET olarak m\u00fc\u015fterilerimize en iyi hizmeti sunmay\u0131 ama\u00e7l\u0131yor, g\u00fcvenle sat\u0131n alabilmeniz i\u00e7in, ambalaj kalitemize g\u00fcveniyor, her \u00fcr\u00fcn sorunsuz teslimat i\u00e7in \u00f6zenle paketliyor ve resimde belirtilen renk, ebat, \u00f6zelikte \u00fcr\u00fcn g\u00f6ndermeyi taahh\u00fct ediyoruz. Hasarl\u0131 \u00fcr\u00fcn ald\u0131ysan\u0131z veya di\u011fer \u00fcr\u00fcn ve paket teslimat sorunlar\u0131 oldu\u011funda bizimle ileti\u015fime ge\u00e7mekten \u00e7ekinmeyin.<\/p>\n<p>\n\t<strong>GEN\u0130\u015e KULLANIM ALANI : Evde, tuvaletlerde, mutfaklarda, yatakhanelerde, garajlarda, at\u00f6lyelerde vb.<\/strong><\/p>\n<p>\n\t<strong>Basit kurulum: 3 fonksiyonda monte edilebilir. Yap\u0131\u015ft\u0131r\u0131c\u0131 macun, i\u00e7erisinde g\u00f6ndertilen \u00e7ift tarafl\u0131 yap\u0131\u015ft\u0131r\u0131c\u0131 veya sadece 2 \u00e7ivi ile delerek\u00a0\u00a0<\/strong><\/p>\n","protected":false},"excerpt":{"rendered":"<p>\u00dcr\u00fcn \u00d6zellikleri : HAVLU KA\u011eIT VE AKSESUARLAR \u00dcR\u00dcNE DAH\u0130L DE\u011e\u0130LD\u0130R. Materyal :\u00a0Metal Adet \/ Renk \/ Tasar\u0131m : 1 Adet, HSNET\u00a0 Design olarak tasarlad\u0131\u011f\u0131m\u0131z, resimde yer alan\u00a0MATS\u0130YAH\u00a0rengi, s\u00fcrpriz ya\u015famaman\u0131z i\u00e7in birebir g\u00f6nderiyoruz \u00d6l\u00e7\u00fcler (bir cep telefonu ortalama 16 cm dir. K\u0131yaslaman\u0131z i\u00e7in kolayl\u0131k de\u011fil mi ? ) :\u00a024 x 8 x 8 cm M\u00dcKEMMEL SATI\u015e&#8230;<\/p>\n","protected":false},"featured_media":0,"comment_status":"open","ping_status":"closed","template":"","meta":{"_kad_post_transparent":"","_kad_post_title":"","_kad_post_layout":"","_kad_post_sidebar_id":"","_kad_post_content_style":"","_kad_post_vertical_padding":"","_kad_post_feature":"","_kad_post_feature_position":"","_kad_post_header":false,"_kad_post_footer":false,"_kad_post_classname":""},"product_brand":[],"product_cat":[14294],"product_tag":[],"class_list":{"0":"post-102122","1":"product","2":"type-product","3":"status-publish","5":"product_cat-banyo-yapi-malzemeleri-yapi-market-bahce-yapi-market-ev-yasam-banyo-yapi-malzemeleri","7":"first","8":"instock","9":"purchasable","10":"product-type-simple","11":"entry","12":"content-bg","13":"loop-entry"},"_links":{"self":[{"href":"https:\/\/www.hediyepazar.com\/index.php?rest_route=\/wp\/v2\/product\/102122","targetHints":{"allow":["GET"]}}],"collection":[{"href":"https:\/\/www.hediyepazar.com\/index.php?rest_route=\/wp\/v2\/product"}],"about":[{"href":"https:\/\/www.hediyepazar.com\/index.php?rest_route=\/wp\/v2\/types\/product"}],"replies":[{"embeddable":true,"href":"https:\/\/www.hediyepazar.com\/index.php?rest_route=%2Fwp%2Fv2%2Fcomments&post=102122"}],"wp:attachment":[{"href":"https:\/\/www.hediyepazar.com\/index.php?rest_route=%2Fwp%2Fv2%2Fmedia&parent=102122"}],"wp:term":[{"taxonomy":"product_brand","embeddable":true,"href":"https:\/\/www.hediyepazar.com\/index.php?rest_route=%2Fwp%2Fv2%2Fproduct_brand&post=102122"},{"taxonomy":"product_cat","embeddable":true,"href":"https:\/\/www.hediyepazar.com\/index.php?rest_route=%2Fwp%2Fv2%2Fproduct_cat&post=102122"},{"taxonomy":"product_tag","embeddable":true,"href":"https:\/\/www.hediyepazar.com\/index.php?rest_route=%2Fwp%2Fv2%2Fproduct_tag&post=102122"}],"curies":[{"name":"wp","href":"https:\/\/api.w.org\/{rel}","templated":true}]}}