{"id":102124,"date":"2026-05-04T04:57:09","date_gmt":"2026-05-04T07:57:09","guid":{"rendered":"https:\/\/www.hediyepazar.com\/?product=turk-poset-klipsi-3-adet"},"modified":"2026-05-04T04:57:09","modified_gmt":"2026-05-04T07:57:09","slug":"turk-poset-klipsi-3-adet","status":"publish","type":"product","link":"https:\/\/www.hediyepazar.com\/?product=turk-poset-klipsi-3-adet","title":{"rendered":"Turk Po\u015fet Klipsi 3 Adet"},"content":{"rendered":"<p>\n\t<strong>\u00dcr\u00fcn \u00d6zellikleri :<\/strong><\/p>\n<p>\n\t<strong>MATERYAL : Plastik<\/strong><\/p>\n<p>\n\t<strong>ADET : 3<\/strong><\/p>\n<p>\n\t<strong>\u00d6l\u00e7\u00fcler (bir cep telefonu ortalama 16 cm dir. K\u0131yaslaman\u0131z i\u00e7in kolayl\u0131k de\u011fil mi ? ) :\u00a0<\/strong><strong>10 cm x 1.3 cm<\/strong><\/p>\n<p>\n\tY\u00fcksek kaliteli plastikten \u00fcretilmi\u015ftir, mutfakta yemek saklamak i\u00e7in son derece kullan\u0131\u015fl\u0131 ve rahatt\u0131r.<\/p>\n<p>\n\tCips, ekmek, kahve po\u015fetleri ve daha fazlas\u0131 i\u00e7in idealdir, \u00e7ok renkli bu \u00e7ok \u00f6zel ve sevimli hale getirir.<\/p>\n<p>\n\tTorbay\u0131 tamamen kapal\u0131 tutarak yiyeceklerinizi havaya veya suya kar\u015f\u0131 koruyun ve dondurucudan yanmaya kar\u015f\u0131 koruyun ve yiyeceklerin bozulmas\u0131n\u0131 \u00f6nleyin.<\/p>\n<p>\n\t<strong>M\u00dcKEMMEL SATI\u015e SONRASI H\u0130ZMET : <\/strong>Bu \u00fcr\u00fcne daha avantajl\u0131 sahip olabilmeniz i\u00e7in ma\u011fazam\u0131z\u0131 ziyaret ederek, kampanyalar\u0131 inceleyebilirsiniz. HSNET \/ HSNET olarak m\u00fc\u015fterilerimize en iyi hizmeti sunmay\u0131 ama\u00e7l\u0131yor, g\u00fcvenle sat\u0131n alabilmeniz i\u00e7in, ambalaj kalitemize g\u00fcveniyor, her \u00fcr\u00fcn sorunsuz teslimat i\u00e7in \u00f6zenle paketliyor ve resimde belirtilen renk, ebat, \u00f6zelikte \u00fcr\u00fcn g\u00f6ndermeyi taahh\u00fct ediyoruz. Hasarl\u0131 \u00fcr\u00fcn ald\u0131ysan\u0131z veya di\u011fer \u00fcr\u00fcn ve paket teslimat sorunlar\u0131 oldu\u011funda bizimle ileti\u015fime ge\u00e7mekten \u00e7ekinmeyin.\u00a0<\/p>\n","protected":false},"excerpt":{"rendered":"<p>\u00dcr\u00fcn \u00d6zellikleri : MATERYAL : Plastik ADET : 3 \u00d6l\u00e7\u00fcler (bir cep telefonu ortalama 16 cm dir. K\u0131yaslaman\u0131z i\u00e7in kolayl\u0131k de\u011fil mi ? ) :\u00a010 cm x 1.3 cm Y\u00fcksek kaliteli plastikten \u00fcretilmi\u015ftir, mutfakta yemek saklamak i\u00e7in son derece kullan\u0131\u015fl\u0131 ve rahatt\u0131r. Cips, ekmek, kahve po\u015fetleri ve daha fazlas\u0131 i\u00e7in idealdir, \u00e7ok renkli bu \u00e7ok&#8230;<\/p>\n","protected":false},"featured_media":102123,"comment_status":"open","ping_status":"closed","template":"","meta":{"_kad_post_transparent":"","_kad_post_title":"","_kad_post_layout":"","_kad_post_sidebar_id":"","_kad_post_content_style":"","_kad_post_vertical_padding":"","_kad_post_feature":"","_kad_post_feature_position":"","_kad_post_header":false,"_kad_post_footer":false,"_kad_post_classname":""},"product_brand":[],"product_cat":[7826],"product_tag":[],"class_list":{"0":"post-102124","1":"product","2":"type-product","3":"status-publish","4":"has-post-thumbnail","6":"product_cat-endustriyel-mutfak-ekipmanlari-sofra-sofra-mutfak-ev-yasam-endustriyel-mutfak-ekipmanlari","8":"first","9":"instock","10":"purchasable","11":"product-type-simple","12":"entry","13":"content-bg","14":"loop-entry"},"_links":{"self":[{"href":"https:\/\/www.hediyepazar.com\/index.php?rest_route=\/wp\/v2\/product\/102124","targetHints":{"allow":["GET"]}}],"collection":[{"href":"https:\/\/www.hediyepazar.com\/index.php?rest_route=\/wp\/v2\/product"}],"about":[{"href":"https:\/\/www.hediyepazar.com\/index.php?rest_route=\/wp\/v2\/types\/product"}],"replies":[{"embeddable":true,"href":"https:\/\/www.hediyepazar.com\/index.php?rest_route=%2Fwp%2Fv2%2Fcomments&post=102124"}],"wp:featuredmedia":[{"embeddable":true,"href":"https:\/\/www.hediyepazar.com\/index.php?rest_route=\/wp\/v2\/media\/102123"}],"wp:attachment":[{"href":"https:\/\/www.hediyepazar.com\/index.php?rest_route=%2Fwp%2Fv2%2Fmedia&parent=102124"}],"wp:term":[{"taxonomy":"product_brand","embeddable":true,"href":"https:\/\/www.hediyepazar.com\/index.php?rest_route=%2Fwp%2Fv2%2Fproduct_brand&post=102124"},{"taxonomy":"product_cat","embeddable":true,"href":"https:\/\/www.hediyepazar.com\/index.php?rest_route=%2Fwp%2Fv2%2Fproduct_cat&post=102124"},{"taxonomy":"product_tag","embeddable":true,"href":"https:\/\/www.hediyepazar.com\/index.php?rest_route=%2Fwp%2Fv2%2Fproduct_tag&post=102124"}],"curies":[{"name":"wp","href":"https:\/\/api.w.org\/{rel}","templated":true}]}}