{"id":102128,"date":"2026-05-04T04:57:18","date_gmt":"2026-05-04T07:57:18","guid":{"rendered":"https:\/\/www.hediyepazar.com\/?product=turk-pratik-sac-lastik-toka-400-adet-siyah"},"modified":"2026-05-04T04:57:18","modified_gmt":"2026-05-04T07:57:18","slug":"turk-pratik-sac-lastik-toka-400-adet-siyah","status":"publish","type":"product","link":"https:\/\/www.hediyepazar.com\/?product=turk-pratik-sac-lastik-toka-400-adet-siyah","title":{"rendered":"Turk Pratik Sa\u00e7 Lastik Toka 400 ADET S\u0130YAH"},"content":{"rendered":"<p>\n\t<strong>\u00dcr\u00fcn \u00d6zellikleri : <\/strong><\/p>\n<p>\t<strong>Materyal : Silikon\u00a0<\/strong><\/p>\n<p>\t<strong>Adet \/ Renk \/ Tasar\u0131m : <\/strong> 400 Adet (+\/- 10) , HSNET olarak tasarlad\u0131\u011f\u0131m\u0131z, resimde yer alan S\u0130YAH rengi, s\u00fcrpriz ya\u015famaman\u0131z i\u00e7in birebir g\u00f6nderiyoruz<\/p>\n<p>\t<strong>\u00d6l\u00e7\u00fcler :\u00a0<\/strong>1.5 cm\u00a0 olup \u015eeffaf Sa\u00e7 Lastiklerimiz 12 cm&#8217;e kadar esnemektedir.<\/p>\n<p>\n\t\u015eeffaf Elastik Sa\u00e7 Bantlar\u0131m\u0131z G\u00fc\u00e7l\u00fc, Dayan\u0131kl\u0131 ve esnektir. Bu Sa\u00e7 Ba\u011flar\u0131 kolayca kopmaz ve M\u00fckemmel K\u00fc\u00e7\u00fck Sa\u00e7 Bantlar\u0131d\u0131r. Sa\u00e7 Lasti\u011fi di\u011fer sa\u00e7 bantlar\u0131ndan farkl\u0131 olarak sa\u00e7\u0131n\u0131za tak\u0131lmaz ve \u00e7ekmez.<\/p>\n<p>\tBu \u015eeffaf Sa\u00e7 Bantlar\u0131, K\u0131sa Sa\u00e7, Uzun Sa\u00e7, Bukleler, At Kuyru\u011fu gibi bir\u00e7ok Sa\u00e7 stiline uygundur. Bu Sa\u00e7 Lastik Bantlar\u0131 M\u00fckemmel Bir Sa\u00e7 Tokas\u0131 Yapar,<\/p>\n<p>\tSa\u00e7 Lastiklerinin Boyutu 1.5 cm\u00a0 olup \u015eeffaf Sa\u00e7 Lastiklerimiz 12 cm&#8217;e kadar esnemektedir. Bunlar Harika \u00c7ocuk Sa\u00e7 Bantlar\u0131 Yapar. Plastik Sa\u00e7 Bantlar\u0131m\u0131z K\u00fc\u00e7\u00fck Elastik Bantlard\u0131r.<\/p>\n<p>\tElastik sa\u00e7 lastik bantlar\u0131m\u0131z tak\u0131lmaz, yumu\u015fak ve esnektir, bu nedenle sa\u00e7lar\u0131n\u0131z kullan\u0131ld\u0131\u011f\u0131nda veya \u00e7\u0131kar\u0131ld\u0131\u011f\u0131nda k\u0131r\u0131lmaz! K\u0131zlara y\u00f6nelik bu mini elastik sa\u00e7 lasti\u011fi, sa\u00e7 \u015fekillendirmeye zarar vermez. Temass\u0131z mini elastiklerimiz profesyonel kuaf\u00f6rler veya evde \u015fekillendirme i\u00e7in idealdir.<\/p>\n<p>\n\t<strong>M\u00dcKEMMEL SATI\u015e SONRASI H\u0130ZMET : <\/strong>HSNET \/ HSNET olarak m\u00fc\u015fterilerimize en iyi hizmeti sunmay\u0131 ama\u00e7l\u0131yor, g\u00fcvenle sat\u0131n alabilmeniz i\u00e7in, ambalaj kalitemize g\u00fcveniyor, her \u00fcr\u00fcn sorunsuz teslimat i\u00e7in \u00f6zenle paketliyor ve resimde belirtilen renk, ebat, \u00f6zelikte \u00fcr\u00fcn g\u00f6ndermeyi taahh\u00fct ediyoruz. Hasarl\u0131 \u00fcr\u00fcn ald\u0131ysan\u0131z veya di\u011fer \u00fcr\u00fcn ve paket teslimat sorunlar\u0131 oldu\u011funda bizimle ileti\u015fime ge\u00e7mekten \u00e7ekinmeyin.<\/p>\n<p>\n\t<strong>Detayl\u0131 bilgi i\u00e7in ek resimleri inceleyebilirsiniz<\/strong><\/p>\n<p><\/p>\n<p>\n\t<strong><img decoding=\"async\"  src=\"https:\/\/hepsicdn.com.tr\/static\/product_detail\/hbnetf3f89dc4_4767001.jpg\"><\/strong><\/p>\n<p>\n\t\u00a0<\/p>\n","protected":false},"excerpt":{"rendered":"<p>\u00dcr\u00fcn \u00d6zellikleri : Materyal : Silikon\u00a0 Adet \/ Renk \/ Tasar\u0131m : 400 Adet (+\/- 10) , HSNET olarak tasarlad\u0131\u011f\u0131m\u0131z, resimde yer alan S\u0130YAH rengi, s\u00fcrpriz ya\u015famaman\u0131z i\u00e7in birebir g\u00f6nderiyoruz \u00d6l\u00e7\u00fcler :\u00a01.5 cm\u00a0 olup \u015eeffaf Sa\u00e7 Lastiklerimiz 12 cm&#8217;e kadar esnemektedir. \u015eeffaf Elastik Sa\u00e7 Bantlar\u0131m\u0131z G\u00fc\u00e7l\u00fc, Dayan\u0131kl\u0131 ve esnektir. Bu Sa\u00e7 Ba\u011flar\u0131 kolayca kopmaz ve&#8230;<\/p>\n","protected":false},"featured_media":102127,"comment_status":"open","ping_status":"closed","template":"","meta":{"_kad_post_transparent":"","_kad_post_title":"","_kad_post_layout":"","_kad_post_sidebar_id":"","_kad_post_content_style":"","_kad_post_vertical_padding":"","_kad_post_feature":"","_kad_post_feature_position":"","_kad_post_header":false,"_kad_post_footer":false,"_kad_post_classname":""},"product_brand":[],"product_cat":[7813],"product_tag":[],"class_list":{"0":"post-102128","1":"product","2":"type-product","3":"status-publish","4":"has-post-thumbnail","6":"product_cat-toka-tac-sac-bandi-toka-aksesuar-kadin-toka","8":"first","9":"instock","10":"purchasable","11":"product-type-simple","12":"entry","13":"content-bg","14":"loop-entry"},"_links":{"self":[{"href":"https:\/\/www.hediyepazar.com\/index.php?rest_route=\/wp\/v2\/product\/102128","targetHints":{"allow":["GET"]}}],"collection":[{"href":"https:\/\/www.hediyepazar.com\/index.php?rest_route=\/wp\/v2\/product"}],"about":[{"href":"https:\/\/www.hediyepazar.com\/index.php?rest_route=\/wp\/v2\/types\/product"}],"replies":[{"embeddable":true,"href":"https:\/\/www.hediyepazar.com\/index.php?rest_route=%2Fwp%2Fv2%2Fcomments&post=102128"}],"wp:featuredmedia":[{"embeddable":true,"href":"https:\/\/www.hediyepazar.com\/index.php?rest_route=\/wp\/v2\/media\/102127"}],"wp:attachment":[{"href":"https:\/\/www.hediyepazar.com\/index.php?rest_route=%2Fwp%2Fv2%2Fmedia&parent=102128"}],"wp:term":[{"taxonomy":"product_brand","embeddable":true,"href":"https:\/\/www.hediyepazar.com\/index.php?rest_route=%2Fwp%2Fv2%2Fproduct_brand&post=102128"},{"taxonomy":"product_cat","embeddable":true,"href":"https:\/\/www.hediyepazar.com\/index.php?rest_route=%2Fwp%2Fv2%2Fproduct_cat&post=102128"},{"taxonomy":"product_tag","embeddable":true,"href":"https:\/\/www.hediyepazar.com\/index.php?rest_route=%2Fwp%2Fv2%2Fproduct_tag&post=102128"}],"curies":[{"name":"wp","href":"https:\/\/api.w.org\/{rel}","templated":true}]}}