{"id":102130,"date":"2026-05-04T04:57:22","date_gmt":"2026-05-04T07:57:22","guid":{"rendered":"https:\/\/www.hediyepazar.com\/?product=turk-nano-pudra-wax-absolute-professional-sac-sekillendirici"},"modified":"2026-05-04T04:57:22","modified_gmt":"2026-05-04T07:57:22","slug":"turk-nano-pudra-wax-absolute-professional-sac-sekillendirici","status":"publish","type":"product","link":"https:\/\/www.hediyepazar.com\/?product=turk-nano-pudra-wax-absolute-professional-sac-sekillendirici","title":{"rendered":"Turk Nano Pudra Wax Absolute Professional Sa\u00e7 \u015eekillendirici"},"content":{"rendered":"<p>\n\t<strong>\u00dcr\u00fcn \u00d6zellikleri : <\/strong><\/p>\n<p>\t<strong>Adet \/ Renk \/ Tasar\u0131m : <\/strong> 1 Adet, HSNET Nano Absolute Professional Design olarak tasarlad\u0131\u011f\u0131m\u0131z \u00fcr\u00fcn\u00fc s\u00fcrpriz ya\u015famaman\u0131z i\u00e7in birebir g\u00f6nderiyoruz<br \/>\n\t<strong>20 gram- ortalama 100 kullan\u0131m\u00a0<\/strong><\/p>\n<p>\n\tSA\u00c7 \u015eEK\u0130LLEND\u0130RME : Kuaf\u00f6rler ve Berberler Aras\u0131nda \u0130yi Bilinen ve Pop\u00fcler Bir \u00dcr\u00fcnd\u00fcr.<\/p>\n<p>\tSA\u00c7 TOZU &#8211; Tarz\u0131n\u0131z Ne Olursa Olsun An\u0131nda G\u00fcven Artt\u0131r\u0131n. Bu Sa\u00e7 Dolgunla\u015ft\u0131r\u0131c\u0131 \u0130le \u0130stedi\u011finiz Efsanevi Sa\u00e7 Stiline Ula\u015f\u0131n. Kal\u0131nla\u015ft\u0131r\u0131c\u0131 \u015eekillendirici Pudram\u0131z, G\u00fcvenle Kullanabilece\u011finiz Daha Dolgun, Daha Kal\u0131n Sa\u00e7lara Kolayca Sahip Olman\u0131z\u0131 Sa\u011flayan G\u00fc\u00e7l\u00fc Bir Tutu\u015f Sa\u011flar.<\/p>\n<p>\tEkstra Hacim Mat Etkisi &#8211; Sa\u00e7 \u015eekillendirici Pudra, \u0130nce Telli Sa\u00e7lara \u0130deal \u015fekli Vermekle Kalmaz, Ayn\u0131 Zamanda Kuru Bir \u015eampuana Benzer \u015eekilde Sa\u00e7\u0131n\u0131z\u0131 Kurutmadan Ya\u011f \u0130\u00e7eri\u011fini G\u00f6zle G\u00f6r\u00fcl\u00fcr \u015eekilde Azalt\u0131r. Erkekler ve Kad\u0131nlar \u0130\u00e7in Sa\u00e7 \u015eekillendirici Pudra g\u00f6r\u00fcnmez Kal\u0131r.<\/p>\n<p>\tT\u00dcM G\u00dcN &#8211; T\u00fcm G\u00fcn En \u0130yi G\u00f6r\u00fcn\u00fcn ve Hissedin: Dokulu Pudram\u0131z, Zahmetsiz \u015eekillendirme \u0130\u00e7in Tutu\u015fu Kaybetmeden Ellerinizi Kullanarak Yeniden \u0130\u015flenebilir.<\/p>\n<p>\tSa\u00e7\u0131n\u0131z\u0131n G\u00f6r\u00fcn\u00fcm\u00fcn\u00fc Kolayca De\u011fi\u015ftirmesini ve Stilinizi Yeniden Olu\u015fturmas\u0131n\u0131 Sa\u011flayarak Size O Eksiksiz, Do\u011fal Kuru G\u00f6r\u00fcn\u00fcm\u00fc Verir ve Bu \u0130nce \u015eekillendirici Pudra \u0130le Stilinizi Yeni Zirvelere Ta\u015f\u0131r.<\/p>\n<p>\tYap\u0131\u015fma ve Topaklanma Yok &#8211; Standart Hacimli Pudran\u0131n Aksine, Uygulamadan Sonra Sa\u00e7lar\u0131n\u0131z Yap\u0131\u015fmaz ! \u00d6zel Tarifi Sayesinde G\u00fcn Boyu Sa\u00e7lar\u0131n\u0131z\u0131 Topaklanmadan Kolayca \u015eekillendirebilirsiniz.<\/p>\n<p>\n\t<strong>M\u00dcKEMMEL SATI\u015e SONRASI H\u0130ZMET : <\/strong>Bu \u00fcr\u00fcne daha avantajl\u0131 sahip olabilmeniz i\u00e7in ma\u011fazam\u0131z\u0131 ziyaret ederek, kampanyalar\u0131 inceleyebilirsiniz. HSNET \/ HSNET olarak m\u00fc\u015fterilerimize en iyi hizmeti sunmay\u0131 ama\u00e7l\u0131yor, g\u00fcvenle sat\u0131n alabilmeniz i\u00e7in, ambalaj kalitemize g\u00fcveniyor, her \u00fcr\u00fcn sorunsuz teslimat i\u00e7in \u00f6zenle paketliyor ve resimde belirtilen renk, ebat, \u00f6zelikte \u00fcr\u00fcn g\u00f6ndermeyi taahh\u00fct ediyoruz. Hasarl\u0131 \u00fcr\u00fcn ald\u0131ysan\u0131z veya di\u011fer \u00fcr\u00fcn ve paket teslimat sorunlar\u0131 oldu\u011funda bizimle ileti\u015fime ge\u00e7mekten \u00e7ekinmeyin.<\/p>\n","protected":false},"excerpt":{"rendered":"<p>\u00dcr\u00fcn \u00d6zellikleri : Adet \/ Renk \/ Tasar\u0131m : 1 Adet, HSNET Nano Absolute Professional Design olarak tasarlad\u0131\u011f\u0131m\u0131z \u00fcr\u00fcn\u00fc s\u00fcrpriz ya\u015famaman\u0131z i\u00e7in birebir g\u00f6nderiyoruz 20 gram- ortalama 100 kullan\u0131m\u00a0 SA\u00c7 \u015eEK\u0130LLEND\u0130RME : Kuaf\u00f6rler ve Berberler Aras\u0131nda \u0130yi Bilinen ve Pop\u00fcler Bir \u00dcr\u00fcnd\u00fcr. SA\u00c7 TOZU &#8211; Tarz\u0131n\u0131z Ne Olursa Olsun An\u0131nda G\u00fcven Artt\u0131r\u0131n. Bu Sa\u00e7 Dolgunla\u015ft\u0131r\u0131c\u0131&#8230;<\/p>\n","protected":false},"featured_media":102129,"comment_status":"open","ping_status":"closed","template":"","meta":{"_kad_post_transparent":"","_kad_post_title":"","_kad_post_layout":"","_kad_post_sidebar_id":"","_kad_post_content_style":"","_kad_post_vertical_padding":"","_kad_post_feature":"","_kad_post_feature_position":"","_kad_post_header":false,"_kad_post_footer":false,"_kad_post_classname":""},"product_brand":[],"product_cat":[7881],"product_tag":[],"class_list":{"0":"post-102130","1":"product","2":"type-product","3":"status-publish","4":"has-post-thumbnail","6":"product_cat-unisex-sac-ve-sakal-bakimi-erkek-kuafor-unisex-sac-ve-sakal-bakimi","8":"first","9":"instock","10":"purchasable","11":"product-type-simple","12":"entry","13":"content-bg","14":"loop-entry"},"_links":{"self":[{"href":"https:\/\/www.hediyepazar.com\/index.php?rest_route=\/wp\/v2\/product\/102130","targetHints":{"allow":["GET"]}}],"collection":[{"href":"https:\/\/www.hediyepazar.com\/index.php?rest_route=\/wp\/v2\/product"}],"about":[{"href":"https:\/\/www.hediyepazar.com\/index.php?rest_route=\/wp\/v2\/types\/product"}],"replies":[{"embeddable":true,"href":"https:\/\/www.hediyepazar.com\/index.php?rest_route=%2Fwp%2Fv2%2Fcomments&post=102130"}],"wp:featuredmedia":[{"embeddable":true,"href":"https:\/\/www.hediyepazar.com\/index.php?rest_route=\/wp\/v2\/media\/102129"}],"wp:attachment":[{"href":"https:\/\/www.hediyepazar.com\/index.php?rest_route=%2Fwp%2Fv2%2Fmedia&parent=102130"}],"wp:term":[{"taxonomy":"product_brand","embeddable":true,"href":"https:\/\/www.hediyepazar.com\/index.php?rest_route=%2Fwp%2Fv2%2Fproduct_brand&post=102130"},{"taxonomy":"product_cat","embeddable":true,"href":"https:\/\/www.hediyepazar.com\/index.php?rest_route=%2Fwp%2Fv2%2Fproduct_cat&post=102130"},{"taxonomy":"product_tag","embeddable":true,"href":"https:\/\/www.hediyepazar.com\/index.php?rest_route=%2Fwp%2Fv2%2Fproduct_tag&post=102130"}],"curies":[{"name":"wp","href":"https:\/\/api.w.org\/{rel}","templated":true}]}}