{"id":102131,"date":"2026-05-04T04:57:45","date_gmt":"2026-05-04T07:57:45","guid":{"rendered":"https:\/\/www.hediyepazar.com\/?product=turk-fare-yemi-250-gr"},"modified":"2026-05-04T04:57:45","modified_gmt":"2026-05-04T07:57:45","slug":"turk-fare-yemi-250-gr","status":"publish","type":"product","link":"https:\/\/www.hediyepazar.com\/?product=turk-fare-yemi-250-gr","title":{"rendered":"Turk Fare Yemi 250 Gr"},"content":{"rendered":"<p>\n\t<strong>\u00dcr\u00fcn \u00d6zellikleri : <\/strong><\/p>\n<p>\t<strong>Materyal : Tah\u0131l\u00a0<\/strong><\/p>\n<p>\t<strong>Adet \/ Renk \/ Tasar\u0131m : <\/strong> 1 Adet, ASYEM taraf\u0131ndan, HSNET ad\u0131na \u00fcretilen, resimde yer alan yemi , s\u00fcrpriz ya\u015famaman\u0131z i\u00e7in birebir g\u00f6nderiyoruz<\/p>\n<p>\t<strong>1 paket 250 gram\u00a0<\/strong><\/p>\n<p>\n\tAMAT\u00d6R KULLANIM \u0130\u00c7\u0130N MEVCUT EN G\u00dc\u00c7L\u00dc YEM : Her paket, tek bir beslemede \u00f6ld\u00fcr\u00fcc\u00fc bir doz veren yem po\u015fetii\u00e7erir.<\/p>\n<p>\tKemirgenler i\u00e7in olduk\u00e7a \u00e7ekici olan tah\u0131llar i\u00e7erir. \u00d6l\u00fcmc\u00fcl dozlar\u0131na ula\u015fmak i\u00e7in sadece tek bir taneyil yemesi yeterlidir. B\u00fcy\u00fck bir s\u0131\u00e7an veya fare istilas\u0131 birka\u00e7 g\u00fcn i\u00e7inde etkili bir \u015fekilde kontrol alt\u0131na al\u0131nabilir.<\/p>\n<p>\n\tHER PAKET 40 S\u0130\u00c7AN\/FARE \u00d6LD\u00dcRMEYE YETERL\u0130 \u0130\u00c7ER\u0130R : Mmutfaklar, yemek haz\u0131rlama alanlar\u0131, bah\u00e7eler ve y\u00fcksek kemirgen aktivitesinin oldu\u011fu di\u011fer alanlar gibi hassas alanlarda kullan\u0131m i\u00e7in ideal olan son derece lezzetli bir form\u00fcld\u00fcr.<\/p>\n<p>\n\tKULLANIMI KOLAY : Hem i\u00e7 hem de d\u0131\u015f mekanlardaki s\u0131\u00e7anlar\u0131 ve fareleri yok edecektir. \u0130stilan\u0131z ne kadar b\u00fcy\u00fck veya k\u00fc\u00e7\u00fck olursa olsun, zehirli tanemiz fareleri ve fareleri tek bir beslemede yok edecektir. S\u0131\u00e7an yemimiz kullan\u0131ma haz\u0131rd\u0131r ve bir yem istasyonunda kolayca \u00e7al\u0131\u015facak \u015fekilde tasarlanm\u0131\u015ft\u0131r.<\/p>\n<p>\n\t<strong>M\u00dcKEMMEL SATI\u015e SONRASI H\u0130ZMET : <\/strong>Bu \u00fcr\u00fcne daha avantajl\u0131 sahip olabilmeniz i\u00e7in ma\u011fazam\u0131z\u0131 ziyaret ederek, kampanyalar\u0131 inceleyebilirsiniz. HSNET \/ HSNET olarak m\u00fc\u015fterilerimize en iyi hizmeti sunmay\u0131 ama\u00e7l\u0131yor, g\u00fcvenle sat\u0131n alabilmeniz i\u00e7in, ambalaj kalitemize g\u00fcveniyor, her \u00fcr\u00fcn sorunsuz teslimat i\u00e7in \u00f6zenle paketliyor ve resimde belirtilen renk, ebat, \u00f6zelikte \u00fcr\u00fcn g\u00f6ndermeyi taahh\u00fct ediyoruz. Hasarl\u0131 \u00fcr\u00fcn ald\u0131ysan\u0131z veya di\u011fer \u00fcr\u00fcn ve paket teslimat sorunlar\u0131 oldu\u011funda bizimle ileti\u015fime ge\u00e7mekten \u00e7ekinmeyin.<\/p>\n","protected":false},"excerpt":{"rendered":"<p>\u00dcr\u00fcn \u00d6zellikleri : Materyal : Tah\u0131l\u00a0 Adet \/ Renk \/ Tasar\u0131m : 1 Adet, ASYEM taraf\u0131ndan, HSNET ad\u0131na \u00fcretilen, resimde yer alan yemi , s\u00fcrpriz ya\u015famaman\u0131z i\u00e7in birebir g\u00f6nderiyoruz 1 paket 250 gram\u00a0 AMAT\u00d6R KULLANIM \u0130\u00c7\u0130N MEVCUT EN G\u00dc\u00c7L\u00dc YEM : Her paket, tek bir beslemede \u00f6ld\u00fcr\u00fcc\u00fc bir doz veren yem po\u015fetii\u00e7erir. Kemirgenler i\u00e7in olduk\u00e7a&#8230;<\/p>\n","protected":false},"featured_media":0,"comment_status":"open","ping_status":"closed","template":"","meta":{"_kad_post_transparent":"","_kad_post_title":"","_kad_post_layout":"","_kad_post_sidebar_id":"","_kad_post_content_style":"","_kad_post_vertical_padding":"","_kad_post_feature":"","_kad_post_feature_position":"","_kad_post_header":false,"_kad_post_footer":false,"_kad_post_classname":""},"product_brand":[],"product_cat":[14333],"product_tag":[],"class_list":{"0":"post-102131","1":"product","2":"type-product","3":"status-publish","5":"product_cat-hasere-ilaclari-ev-gerecleri-ev-yasam-hasere-ilaclari","7":"first","8":"instock","9":"purchasable","10":"product-type-simple","11":"entry","12":"content-bg","13":"loop-entry"},"_links":{"self":[{"href":"https:\/\/www.hediyepazar.com\/index.php?rest_route=\/wp\/v2\/product\/102131","targetHints":{"allow":["GET"]}}],"collection":[{"href":"https:\/\/www.hediyepazar.com\/index.php?rest_route=\/wp\/v2\/product"}],"about":[{"href":"https:\/\/www.hediyepazar.com\/index.php?rest_route=\/wp\/v2\/types\/product"}],"replies":[{"embeddable":true,"href":"https:\/\/www.hediyepazar.com\/index.php?rest_route=%2Fwp%2Fv2%2Fcomments&post=102131"}],"wp:attachment":[{"href":"https:\/\/www.hediyepazar.com\/index.php?rest_route=%2Fwp%2Fv2%2Fmedia&parent=102131"}],"wp:term":[{"taxonomy":"product_brand","embeddable":true,"href":"https:\/\/www.hediyepazar.com\/index.php?rest_route=%2Fwp%2Fv2%2Fproduct_brand&post=102131"},{"taxonomy":"product_cat","embeddable":true,"href":"https:\/\/www.hediyepazar.com\/index.php?rest_route=%2Fwp%2Fv2%2Fproduct_cat&post=102131"},{"taxonomy":"product_tag","embeddable":true,"href":"https:\/\/www.hediyepazar.com\/index.php?rest_route=%2Fwp%2Fv2%2Fproduct_tag&post=102131"}],"curies":[{"name":"wp","href":"https:\/\/api.w.org\/{rel}","templated":true}]}}