{"id":102152,"date":"2026-05-04T05:00:16","date_gmt":"2026-05-04T08:00:16","guid":{"rendered":"https:\/\/www.hediyepazar.com\/?product=turk-sac-topuz-sungeri-siyah-10-metre-forero-design-2"},"modified":"2026-05-04T05:00:16","modified_gmt":"2026-05-04T08:00:16","slug":"turk-sac-topuz-sungeri-siyah-10-metre-forero-design-2","status":"publish","type":"product","link":"https:\/\/www.hediyepazar.com\/?product=turk-sac-topuz-sungeri-siyah-10-metre-forero-design-2","title":{"rendered":"Turk Sa\u00e7 Topuz S\u00fcngeri S\u0130YAH 10 METRE Forero Design"},"content":{"rendered":"<p>\n\t<strong>\u00dcr\u00fcn \u00d6zellikleri : <\/strong><\/p>\n<p>\t<strong>AKSESUARLAR \u00dcR\u00dcNE DAH\u0130L DE\u011e\u0130LD\u0130R. <\/strong><\/p>\n<p>\t<strong>Materyal : Polyester\u00a0<\/strong><\/p>\n<p>\t<strong>Adet \/ Renk \/ Tasar\u0131m : <\/strong> 1 Top 10 metre , HSNET Forero Design olarak tasarlad\u0131\u011f\u0131m\u0131z, resimde yer alan S\u0130YAH rengi, s\u00fcrpriz ya\u015famaman\u0131z i\u00e7in birebir g\u00f6nderiyoruz<\/p>\n<p>\t<strong>\u00d6l\u00e7\u00fcler (bir cep telefonu ortalama 16 cm dir. K\u0131yaslaman\u0131z i\u00e7in kolayl\u0131k de\u011fil mi ? ) : 7 cm geni\u015fliktedir.\u00a0<\/strong><\/p>\n<p>\n\t\u0130STED\u0130\u011e\u0130N\u0130Z KADAR KES\u0130N, \u0130STED\u0130\u011e\u0130N\u0130Z \u015eEK\u0130LDE KULLANIN!\u00a0<\/p>\n<p>\n\t<strong>PREMIUM KAL\u0130TE :<\/strong> Y\u00fcksek yo\u011funluklu s\u00fcngerden yap\u0131lm\u0131\u015f g\u00fc\u00e7l\u00fc, esnek ve dayan\u0131kl\u0131 malzeme herhangi bir sa\u00e7 topuzu sa\u00e7 stilini tutacakt\u0131r.<\/p>\n<p>\n\t<strong>MODA VE TREND :<\/strong> Farkl\u0131 t\u00fcrde g\u00fczel sa\u00e7 topuz sa\u00e7 modelleri olu\u015fturun: Sa\u00e7 topuzu,sa\u00e7 modeli, \u00e7orap topuz sa\u00e7 modeli, bale topuzu, Frans\u0131z b\u00fck\u00fcml\u00fc sa\u00e7 modelleri, kabar\u0131k sa\u00e7 modelleri ve daha fazlas\u0131!<\/p>\n<p>\n\t<strong>HAF\u0130F VE DAYANIKLI :\u00a0<\/strong>Hafif ve tekrar kullan\u0131labilir, \u00e7antan\u0131za g\u00fczelce s\u0131\u011far, b\u00f6ylece hareket halindeyken yan\u0131n\u0131zda ta\u015f\u0131yabilirsiniz ve kullan\u0131m\u0131 \u00e7ok kolayd\u0131r, takt\u0131\u011f\u0131n\u0131z\u0131 bile fark etmezsiniz.<\/p>\n<p>\n\t<strong>KOLAY VE \u00c7OK Y\u00d6NL\u00dc<\/strong> : H\u0131zl\u0131 sa\u00e7 stilinize hacim ve dolgunluk katarken kullan\u0131m\u0131 h\u0131zl\u0131. Sa\u00e7 stilleri i\u00e7in m\u00fckemmel topuz yap\u0131c\u0131 ve i\u015f, okul, etkinlikler, g\u00fcndelik giyim, d\u00fc\u011f\u00fcnler, partiler, yoga, egzersiz ve daha fazlas\u0131 i\u00e7in harika.<\/p>\n<p>\n\t<strong>M\u00dcKEMMEL SATI\u015e SONRASI H\u0130ZMET : <\/strong>HSNET \/ HSNET olarak m\u00fc\u015fterilerimize en iyi hizmeti sunmay\u0131 ama\u00e7l\u0131yor, g\u00fcvenle sat\u0131n alabilmeniz i\u00e7in, ambalaj kalitemize g\u00fcveniyor, her \u00fcr\u00fcn sorunsuz teslimat i\u00e7in \u00f6zenle paketliyor ve resimde belirtilen renk, ebat, \u00f6zelikte \u00fcr\u00fcn g\u00f6ndermeyi taahh\u00fct ediyoruz. Hasarl\u0131 \u00fcr\u00fcn ald\u0131ysan\u0131z veya di\u011fer \u00fcr\u00fcn ve paket teslimat sorunlar\u0131 oldu\u011funda bizimle ileti\u015fime ge\u00e7mekten \u00e7ekinmeyin.<\/p>\n<p>\n\t<strong>Detayl\u0131 bilgi i\u00e7in ek resimleri inceleyebilirsiniz<\/strong><\/p>\n<p><\/p>\n<p>\n\t<strong><img decoding=\"async\"  src=\"https:\/\/hepsicdn.com.tr\/static\/product_detail\/hbnet0a2343c6_4771201.webp\"><\/strong><\/p>\n<p>\n\t\u00a0<\/p>\n","protected":false},"excerpt":{"rendered":"<p>\u00dcr\u00fcn \u00d6zellikleri : AKSESUARLAR \u00dcR\u00dcNE DAH\u0130L DE\u011e\u0130LD\u0130R. Materyal : Polyester\u00a0 Adet \/ Renk \/ Tasar\u0131m : 1 Top 10 metre , HSNET Forero Design olarak tasarlad\u0131\u011f\u0131m\u0131z, resimde yer alan S\u0130YAH rengi, s\u00fcrpriz ya\u015famaman\u0131z i\u00e7in birebir g\u00f6nderiyoruz \u00d6l\u00e7\u00fcler (bir cep telefonu ortalama 16 cm dir. K\u0131yaslaman\u0131z i\u00e7in kolayl\u0131k de\u011fil mi ? ) : 7 cm geni\u015fliktedir.\u00a0&#8230;<\/p>\n","protected":false},"featured_media":0,"comment_status":"open","ping_status":"closed","template":"","meta":{"_kad_post_transparent":"","_kad_post_title":"","_kad_post_layout":"","_kad_post_sidebar_id":"","_kad_post_content_style":"","_kad_post_vertical_padding":"","_kad_post_feature":"","_kad_post_feature_position":"","_kad_post_header":false,"_kad_post_footer":false,"_kad_post_classname":""},"product_brand":[],"product_cat":[7813],"product_tag":[],"class_list":{"0":"post-102152","1":"product","2":"type-product","3":"status-publish","5":"product_cat-toka-tac-sac-bandi-toka-aksesuar-kadin-toka","7":"first","8":"instock","9":"purchasable","10":"product-type-simple","11":"entry","12":"content-bg","13":"loop-entry"},"_links":{"self":[{"href":"https:\/\/www.hediyepazar.com\/index.php?rest_route=\/wp\/v2\/product\/102152","targetHints":{"allow":["GET"]}}],"collection":[{"href":"https:\/\/www.hediyepazar.com\/index.php?rest_route=\/wp\/v2\/product"}],"about":[{"href":"https:\/\/www.hediyepazar.com\/index.php?rest_route=\/wp\/v2\/types\/product"}],"replies":[{"embeddable":true,"href":"https:\/\/www.hediyepazar.com\/index.php?rest_route=%2Fwp%2Fv2%2Fcomments&post=102152"}],"wp:attachment":[{"href":"https:\/\/www.hediyepazar.com\/index.php?rest_route=%2Fwp%2Fv2%2Fmedia&parent=102152"}],"wp:term":[{"taxonomy":"product_brand","embeddable":true,"href":"https:\/\/www.hediyepazar.com\/index.php?rest_route=%2Fwp%2Fv2%2Fproduct_brand&post=102152"},{"taxonomy":"product_cat","embeddable":true,"href":"https:\/\/www.hediyepazar.com\/index.php?rest_route=%2Fwp%2Fv2%2Fproduct_cat&post=102152"},{"taxonomy":"product_tag","embeddable":true,"href":"https:\/\/www.hediyepazar.com\/index.php?rest_route=%2Fwp%2Fv2%2Fproduct_tag&post=102152"}],"curies":[{"name":"wp","href":"https:\/\/api.w.org\/{rel}","templated":true}]}}