{"id":102165,"date":"2026-05-04T05:02:15","date_gmt":"2026-05-04T08:02:15","guid":{"rendered":"https:\/\/www.hediyepazar.com\/?product=turk-sac-firketesi-0-7-no-150-adet"},"modified":"2026-05-04T05:02:15","modified_gmt":"2026-05-04T08:02:15","slug":"turk-sac-firketesi-0-7-no-150-adet","status":"publish","type":"product","link":"https:\/\/www.hediyepazar.com\/?product=turk-sac-firketesi-0-7-no-150-adet","title":{"rendered":"Turk Sa\u00e7 Firketesi 0.7 NO 150 ADET"},"content":{"rendered":"<p>\n\t<strong>\u00dcr\u00fcn \u00d6zellikleri : <\/strong><br \/>\n\t\u00a0<br \/>\n\t<strong>Materyal : PVC\u00a0<\/strong><br \/>\n\t\u00a0<br \/>\n\t<strong>Adet \/ Renk \/ Tasar\u0131m : <\/strong> 150 Adet,\u00a0 resimde yer alan S\u0130YAH rengi, s\u00fcrpriz ya\u015famaman\u0131z i\u00e7in birebir g\u00f6nderiyoruz<\/p>\n<p>\t<strong>\u00d6l\u00e7\u00fcler (bir cep telefonu ortalama 16 cm dir. K\u0131yaslaman\u0131z i\u00e7in kolayl\u0131k de\u011fil mi ? ) : 5 CM UZUNLUKTA<\/strong><\/p>\n<p>\n\tBu Milanes Firketeler Pin ler, sa\u00e7\u0131n\u0131z\u0131 g\u00fcvenli bir \u015fekilde tutmak ve d\u00fc\u015fmekten ka\u00e7\u0131nmak i\u00e7in sa\u00e7 stilinizi yapmak i\u00e7in uygun olan kullan\u0131\u015fl\u0131 ara\u00e7lard\u0131r. Bir\u00e7ok sa\u00e7 modeli i\u00e7in \u00e7ok uygundur.<\/p>\n<p>\n\t<br \/>\n\tPREMIUM MALZEME : Sa\u00e7 tokas\u0131 y\u00fcksek kaliteli PVC den yap\u0131lm\u0131\u015ft\u0131r, solmas\u0131 ve paslanmas\u0131 kolay de\u011fildir, bunlar\u0131 uzun s\u00fcre uygulayabilirsiniz.<\/p>\n<p>\tG\u00dcVENL\u0130 VE KONFORLU : Firketelerin her iki ucunda k\u00fc\u00e7\u00fck yuvarlak u\u00e7lar vard\u0131r, sa\u00e7\u0131n\u0131z\u0131 \u00e7izilmeye kar\u015f\u0131 koruyabilir, sa\u00e7\u0131n\u0131za zarar vermez, her sa\u00e7 tokas\u0131n\u0131n dalga tasar\u0131m\u0131 ile zarif ve g\u00fczeldir.<\/p>\n<p>\n\t<strong>M\u00dcKEMMEL SATI\u015e SONRASI H\u0130ZMET : <\/strong>Bu \u00fcr\u00fcne daha avantajl\u0131 sahip olabilmeniz i\u00e7in ma\u011fazam\u0131z\u0131 ziyaret ederek, kampanyalar\u0131 inceleyebilirsiniz. HSNET \/ HSNET olarak m\u00fc\u015fterilerimize en iyi hizmeti sunmay\u0131 ama\u00e7l\u0131yor, g\u00fcvenle sat\u0131n alabilmeniz i\u00e7in, ambalaj kalitemize g\u00fcveniyor, her \u00fcr\u00fcn sorunsuz teslimat i\u00e7in \u00f6zenle paketliyor ve resimde belirtilen renk, ebat, \u00f6zelikte \u00fcr\u00fcn g\u00f6ndermeyi taahh\u00fct ediyoruz. Hasarl\u0131 \u00fcr\u00fcn ald\u0131ysan\u0131z veya di\u011fer \u00fcr\u00fcn ve paket teslimat sorunlar\u0131 oldu\u011funda bizimle ileti\u015fime ge\u00e7mekten \u00e7ekinmeyin.<\/p>\n<p>\n\t<strong>Detayl\u0131 bilgi i\u00e7in ek resimleri inceleyebilirsiniz<\/strong><\/p>\n<p><\/p>\n<p>\n\t<strong><img decoding=\"async\"  src=\"https:\/\/hepsicdn.com.tr\/static\/product_detail\/hbnet37b56dac_4772001.jpg\"><\/strong><\/p>\n<p>\n\t\u00a0<\/p>\n","protected":false},"excerpt":{"rendered":"<p>\u00dcr\u00fcn \u00d6zellikleri : \u00a0 Materyal : PVC\u00a0 \u00a0 Adet \/ Renk \/ Tasar\u0131m : 150 Adet,\u00a0 resimde yer alan S\u0130YAH rengi, s\u00fcrpriz ya\u015famaman\u0131z i\u00e7in birebir g\u00f6nderiyoruz \u00d6l\u00e7\u00fcler (bir cep telefonu ortalama 16 cm dir. K\u0131yaslaman\u0131z i\u00e7in kolayl\u0131k de\u011fil mi ? ) : 5 CM UZUNLUKTA Bu Milanes Firketeler Pin ler, sa\u00e7\u0131n\u0131z\u0131 g\u00fcvenli bir \u015fekilde tutmak&#8230;<\/p>\n","protected":false},"featured_media":102164,"comment_status":"open","ping_status":"closed","template":"","meta":{"_kad_post_transparent":"","_kad_post_title":"","_kad_post_layout":"","_kad_post_sidebar_id":"","_kad_post_content_style":"","_kad_post_vertical_padding":"","_kad_post_feature":"","_kad_post_feature_position":"","_kad_post_header":false,"_kad_post_footer":false,"_kad_post_classname":""},"product_brand":[],"product_cat":[7813],"product_tag":[],"class_list":{"0":"post-102165","1":"product","2":"type-product","3":"status-publish","4":"has-post-thumbnail","6":"product_cat-toka-tac-sac-bandi-toka-aksesuar-kadin-toka","8":"first","9":"instock","10":"purchasable","11":"product-type-simple","12":"entry","13":"content-bg","14":"loop-entry"},"_links":{"self":[{"href":"https:\/\/www.hediyepazar.com\/index.php?rest_route=\/wp\/v2\/product\/102165","targetHints":{"allow":["GET"]}}],"collection":[{"href":"https:\/\/www.hediyepazar.com\/index.php?rest_route=\/wp\/v2\/product"}],"about":[{"href":"https:\/\/www.hediyepazar.com\/index.php?rest_route=\/wp\/v2\/types\/product"}],"replies":[{"embeddable":true,"href":"https:\/\/www.hediyepazar.com\/index.php?rest_route=%2Fwp%2Fv2%2Fcomments&post=102165"}],"wp:featuredmedia":[{"embeddable":true,"href":"https:\/\/www.hediyepazar.com\/index.php?rest_route=\/wp\/v2\/media\/102164"}],"wp:attachment":[{"href":"https:\/\/www.hediyepazar.com\/index.php?rest_route=%2Fwp%2Fv2%2Fmedia&parent=102165"}],"wp:term":[{"taxonomy":"product_brand","embeddable":true,"href":"https:\/\/www.hediyepazar.com\/index.php?rest_route=%2Fwp%2Fv2%2Fproduct_brand&post=102165"},{"taxonomy":"product_cat","embeddable":true,"href":"https:\/\/www.hediyepazar.com\/index.php?rest_route=%2Fwp%2Fv2%2Fproduct_cat&post=102165"},{"taxonomy":"product_tag","embeddable":true,"href":"https:\/\/www.hediyepazar.com\/index.php?rest_route=%2Fwp%2Fv2%2Fproduct_tag&post=102165"}],"curies":[{"name":"wp","href":"https:\/\/api.w.org\/{rel}","templated":true}]}}