{"id":102174,"date":"2026-05-04T05:03:20","date_gmt":"2026-05-04T08:03:20","guid":{"rendered":"https:\/\/www.hediyepazar.com\/?product=turk-parafin-agda-isitici-el-ve-ayak-cilt-bakimi-icin"},"modified":"2026-05-04T05:03:20","modified_gmt":"2026-05-04T08:03:20","slug":"turk-parafin-agda-isitici-el-ve-ayak-cilt-bakimi-icin","status":"publish","type":"product","link":"https:\/\/www.hediyepazar.com\/?product=turk-parafin-agda-isitici-el-ve-ayak-cilt-bakimi-icin","title":{"rendered":"Turk Parafin A\u011fda Is\u0131t\u0131c\u0131 El Ve Ayak Cilt Bak\u0131m\u0131 I\u00e7in"},"content":{"rendered":"<p>\n\t<strong>\u00dcr\u00fcn \u00d6zellikleri : <\/strong><\/p>\n<p>\t<strong>AKSESUARLAR \u00dcR\u00dcNE DAH\u0130L DE\u011e\u0130LD\u0130R. <\/strong><\/p>\n<p>\t<strong>Materyal : Karbon Plastik d\u0131\u015f kasa\u00a0<\/strong><\/p>\n<p>\t<strong>Adet \/ Renk \/ Tasar\u0131m : <\/strong> 1 Adet, HSNET\u00a0 Design olarak tasarlad\u0131\u011f\u0131m\u0131z, resimde yer alan tasar\u0131m\u0131 , s\u00fcrpriz ya\u015famaman\u0131z i\u00e7in birebir g\u00f6nderiyoruz<\/p>\n<p>\t<strong>\u00d6l\u00e7\u00fcler (bir cep telefonu ortalama 16 cm dir. K\u0131yaslaman\u0131z i\u00e7in kolayl\u0131k de\u011fil mi ? ) :\u00a0 31 x 24 cm\u00a0<\/strong><\/p>\n<p>\n\tEl ve Ayaklar \u0130\u00e7in Etkili Parafin Banyolar\u0131: El ve ayak derisinin tedavisinde kullan\u0131labilir, \u00f6zellikle ya\u015flanan, kuruyan ve ya\u015flanan ciltle m\u00fccadelede faydal\u0131 bir yard\u0131mc\u0131d\u0131r. El ve ayak banyolar\u0131 artrit, romatizma, \u015fi\u015flik, spor yaralanmalar\u0131n\u0131n tedavisinde ve kan dola\u015f\u0131m\u0131n\u0131n h\u0131zland\u0131r\u0131lmas\u0131nda idealdir.<\/p>\n<p>\tParafin banyosu, cildi nemlendirmek i\u00e7in zengin parafin mumu i\u00e7erir. S\u0131cak parafin mumu \u0131s\u0131y\u0131 da\u011f\u0131tarak ciltteki nemi canland\u0131rarak kuru, \u00e7atlam\u0131\u015f, p\u00fcr\u00fczl\u00fc veya pul pul olmu\u015f cildi yumu\u015fat\u0131r ve p\u00fcr\u00fczs\u00fczle\u015ftirir. Profesyonel Parafin Havuzu, ailenize ve arkada\u015flar\u0131n\u0131za hediye olarak idealdir.<\/p>\n<p>\tV\u00fccut Bak\u0131m\u0131: Evde artriti hafifletmeye yard\u0131mc\u0131 olmak i\u00e7in ellerinize, ayaklar\u0131n\u0131za ve dirseklerinize bak\u0131m yap\u0131n. Parafin mumu elleriniz, dirsekleriniz ve ayaklar\u0131n\u0131zdaki kuru cildi yumu\u015fat\u0131p yumu\u015fatabilir; Is\u0131, sert eller i\u00e7in \u00e7ok etkilidir; bu evde spa sistemi, artrit i\u00e7in \u00e7ok kullan\u0131\u015fl\u0131 ve m\u00fckemmeldir.<\/p>\n<p>\tKullan\u0131m\u0131 kolay: Parafin mumunu makineye d\u00f6k\u00fcn, ard\u0131ndan istedi\u011finiz s\u0131cakl\u0131\u011f\u0131 se\u00e7in; 20 dakika bekleyin, kapal\u0131 bir alan olu\u015fturmak i\u00e7in ellerinizi, dirseklerinizi veya ayaklar\u0131n\u0131z\u0131 a\u011fdaya bat\u0131r\u0131n, 10 dakika dinlendirin ve ipeksi cildi ortaya \u00e7\u0131karmak i\u00e7in y\u0131rt\u0131n. Kullanmadan \u00f6nce balmumunun s\u0131cakl\u0131\u011f\u0131n\u0131 bir termometre ile test edin ve dald\u0131rmadan \u00f6nce yal\u0131t\u0131m \u0131zgaras\u0131n\u0131 erimi\u015f balmumunun i\u00e7ine yerle\u015ftirin.<\/p>\n<p>\tAyarlanabilir Parafin Banyosu S\u0131cakl\u0131\u011f\u0131 Ayarlanabilir s\u0131cakl\u0131k anahtar\u0131na sahip parafin banyosu, -ON\/OFF, LO (d\u00fc\u015f\u00fck s\u0131cakl\u0131k), HI (y\u00fcksek s\u0131cakl\u0131k), kayd\u0131rmas\u0131 kolay, kullan\u0131m\u0131 kolay, g\u00fcnl\u00fck evde bak\u0131m i\u00e7in \u00e7ok uygundur.<\/p>\n<p>\tParafin Mumu Is\u0131tma Eritici: Parafin mumu \u0131s\u0131t\u0131c\u0131m\u0131z, m\u00fckemmel termal iletkenli\u011fe sahip \u00f6zel olarak tasarlanm\u0131\u015f bir ala\u015f\u0131ml\u0131 \u0131s\u0131tma kab\u0131n\u0131 benimser, b\u00f6ylece parafin blo\u011fu yaln\u0131zca 0,5 saat i\u00e7inde h\u0131zl\u0131 ve e\u015fit bir \u015fekilde erir, b\u00f6ylece \u0131s\u0131nabilirsiniz Balmumu tedavilerinin daha kolay tad\u0131n\u0131 \u00e7\u0131karabilirsiniz.<\/p>\n<p>\n\t<strong>M\u00dcKEMMEL SATI\u015e SONRASI H\u0130ZMET : <\/strong>Bu \u00fcr\u00fcne daha avantajl\u0131 sahip olabilmeniz i\u00e7in ma\u011fazam\u0131z\u0131 ziyaret ederek, kampanyalar\u0131 inceleyebilirsiniz. HSNET \/ HSNET olarak m\u00fc\u015fterilerimize en iyi hizmeti sunmay\u0131 ama\u00e7l\u0131yor, g\u00fcvenle sat\u0131n alabilmeniz i\u00e7in, ambalaj kalitemize g\u00fcveniyor, her \u00fcr\u00fcn sorunsuz teslimat i\u00e7in \u00f6zenle paketliyor ve resimde belirtilen renk, ebat, \u00f6zelikte \u00fcr\u00fcn g\u00f6ndermeyi taahh\u00fct ediyoruz. Hasarl\u0131 \u00fcr\u00fcn ald\u0131ysan\u0131z veya di\u011fer \u00fcr\u00fcn ve paket teslimat sorunlar\u0131 oldu\u011funda bizimle ileti\u015fime ge\u00e7mekten \u00e7ekinmeyin.<\/p>\n<p>\n\t<strong>Detayl\u0131 bilgi i\u00e7in ek resimleri inceleyebilirsiniz<\/strong><\/p>\n<p><\/p>\n<p>\n\t<strong><img decoding=\"async\"  src=\"https:\/\/hepsicdn.com.tr\/static\/product_detail\/hbneta2f664eb_4773801.jpg\"><\/strong><\/p>\n<p>\n\t\u00a0<\/p>\n","protected":false},"excerpt":{"rendered":"<p>\u00dcr\u00fcn \u00d6zellikleri : AKSESUARLAR \u00dcR\u00dcNE DAH\u0130L DE\u011e\u0130LD\u0130R. Materyal : Karbon Plastik d\u0131\u015f kasa\u00a0 Adet \/ Renk \/ Tasar\u0131m : 1 Adet, HSNET\u00a0 Design olarak tasarlad\u0131\u011f\u0131m\u0131z, resimde yer alan tasar\u0131m\u0131 , s\u00fcrpriz ya\u015famaman\u0131z i\u00e7in birebir g\u00f6nderiyoruz \u00d6l\u00e7\u00fcler (bir cep telefonu ortalama 16 cm dir. K\u0131yaslaman\u0131z i\u00e7in kolayl\u0131k de\u011fil mi ? ) :\u00a0 31 x 24 cm\u00a0&#8230;<\/p>\n","protected":false},"featured_media":102173,"comment_status":"open","ping_status":"closed","template":"","meta":{"_kad_post_transparent":"","_kad_post_title":"","_kad_post_layout":"","_kad_post_sidebar_id":"","_kad_post_content_style":"","_kad_post_vertical_padding":"","_kad_post_feature":"","_kad_post_feature_position":"","_kad_post_header":false,"_kad_post_footer":false,"_kad_post_classname":""},"product_brand":[],"product_cat":[14176],"product_tag":[],"class_list":{"0":"post-102174","1":"product","2":"type-product","3":"status-publish","4":"has-post-thumbnail","6":"product_cat-agda-agda-ve-tuy-dokucu-epilasyon-tiras-kozmetik-agda","8":"first","9":"instock","10":"purchasable","11":"product-type-simple","12":"entry","13":"content-bg","14":"loop-entry"},"_links":{"self":[{"href":"https:\/\/www.hediyepazar.com\/index.php?rest_route=\/wp\/v2\/product\/102174","targetHints":{"allow":["GET"]}}],"collection":[{"href":"https:\/\/www.hediyepazar.com\/index.php?rest_route=\/wp\/v2\/product"}],"about":[{"href":"https:\/\/www.hediyepazar.com\/index.php?rest_route=\/wp\/v2\/types\/product"}],"replies":[{"embeddable":true,"href":"https:\/\/www.hediyepazar.com\/index.php?rest_route=%2Fwp%2Fv2%2Fcomments&post=102174"}],"wp:featuredmedia":[{"embeddable":true,"href":"https:\/\/www.hediyepazar.com\/index.php?rest_route=\/wp\/v2\/media\/102173"}],"wp:attachment":[{"href":"https:\/\/www.hediyepazar.com\/index.php?rest_route=%2Fwp%2Fv2%2Fmedia&parent=102174"}],"wp:term":[{"taxonomy":"product_brand","embeddable":true,"href":"https:\/\/www.hediyepazar.com\/index.php?rest_route=%2Fwp%2Fv2%2Fproduct_brand&post=102174"},{"taxonomy":"product_cat","embeddable":true,"href":"https:\/\/www.hediyepazar.com\/index.php?rest_route=%2Fwp%2Fv2%2Fproduct_cat&post=102174"},{"taxonomy":"product_tag","embeddable":true,"href":"https:\/\/www.hediyepazar.com\/index.php?rest_route=%2Fwp%2Fv2%2Fproduct_tag&post=102174"}],"curies":[{"name":"wp","href":"https:\/\/api.w.org\/{rel}","templated":true}]}}