{"id":102179,"date":"2026-05-04T05:04:45","date_gmt":"2026-05-04T08:04:45","guid":{"rendered":"https:\/\/www.hediyepazar.com\/?product=turk-sise-konserve-acacagi-blanchette-deisgn"},"modified":"2026-05-04T05:04:45","modified_gmt":"2026-05-04T08:04:45","slug":"turk-sise-konserve-acacagi-blanchette-deisgn","status":"publish","type":"product","link":"https:\/\/www.hediyepazar.com\/?product=turk-sise-konserve-acacagi-blanchette-deisgn","title":{"rendered":"Turk \u015ei\u015fe Konserve A\u00e7aca\u011f\u0131 Blanchette Deisgn"},"content":{"rendered":"<p>\n\t<strong>\u00dcr\u00fcn \u00d6zellikleri : <\/strong><\/p>\n<p>\t<strong>\u0130\u00c7ECEK \u00dcR\u00dcNE DAH\u0130L DE\u011e\u0130LD\u0130R. <\/strong><\/p>\n<p>\t<strong>Materyal : Paslanmaz \u00c7elik\u00a0<\/strong><\/p>\n<p>\t<strong>Adet \/ Renk \/ Tasar\u0131m : <\/strong> 1 Adet, HSNET\u00a0<span style=\"color: rgb(1, 15, 38); font-family: Roboto, sans-serif; font-size: 13px;\">Blanchette\u00a0<\/span>Design olarak tasarlad\u0131\u011f\u0131m\u0131z, resimde yer alan tasar\u0131m\u0131, s\u00fcrpriz ya\u015famaman\u0131z i\u00e7in birebir g\u00f6nderiyoruz.\u00a0\u00a0<\/p>\n<p>\t<strong>\u00d6l\u00e7\u00fcler (bir cep telefonu ortalama 16 cm dir. K\u0131yaslaman\u0131z i\u00e7in kolayl\u0131k de\u011fil mi ? ) : 19 cm<\/strong><\/p>\n<p>\n\tPiknikler, barbek\u00fcler, kamplar, partiler ve daha fazlas\u0131 i\u00e7in yan\u0131n\u0131zda g\u00f6t\u00fcrmek i\u00e7in idealdir.\u00a0<\/p>\n<p>\n\tSap\u0131n kullan\u0131m\u0131 rahatt\u0131r, ka\u00e7 tane \u015farap \u015fi\u015fesinin a\u00e7\u0131lmas\u0131 gerekti\u011fine bak\u0131lmaks\u0131z\u0131n. Cebe kolayca s\u0131\u011far.<\/p>\n<p>\t\u015e\u0131k, i\u015flevsel a\u00e7acak, cam e\u015fyalar ve e\u011flenceli aksesuarlarla e\u011flenceyi sade ve zarif hale getirir. Modern tasar\u0131m\u0131 i\u015flevsel kullan\u0131mla birle\u015ftirilmi\u015ftir.<\/p>\n<p>\t<strong>M\u00dcKEMMEL SATI\u015e SONRASI H\u0130ZMET : <\/strong>Bu \u00fcr\u00fcne daha avantajl\u0131 sahip olabilmeniz i\u00e7in ma\u011fazam\u0131z\u0131 ziyaret ederek, kampanyalar\u0131 inceleyebilirsiniz. HSNET \/ HSNET olarak m\u00fc\u015fterilerimize en iyi hizmeti sunmay\u0131 ama\u00e7l\u0131yor, g\u00fcvenle sat\u0131n alabilmeniz i\u00e7in, ambalaj kalitemize g\u00fcveniyor, her \u00fcr\u00fcn sorunsuz teslimat i\u00e7in \u00f6zenle paketliyor ve resimde belirtilen renk, ebat, \u00f6zelikte \u00fcr\u00fcn g\u00f6ndermeyi taahh\u00fct ediyoruz. Hasarl\u0131 \u00fcr\u00fcn ald\u0131ysan\u0131z veya di\u011fer \u00fcr\u00fcn ve paket teslimat sorunlar\u0131 oldu\u011funda bizimle ileti\u015fime ge\u00e7mekten \u00e7ekinmeyin.<\/p>\n<p>\n\t<strong>Detayl\u0131 bilgi i\u00e7in ek resimleri inceleyebilirsiniz<\/strong><\/p>\n<p><\/p>\n<p>\n\t<strong><img decoding=\"async\"  src=\"https:\/\/hepsicdn.com.tr\/static\/product_detail\/hbnetd42f4093_4774501.webp\"><\/strong><\/p>\n<p>\n\t\u00a0<\/p>\n","protected":false},"excerpt":{"rendered":"<p>\u00dcr\u00fcn \u00d6zellikleri : \u0130\u00c7ECEK \u00dcR\u00dcNE DAH\u0130L DE\u011e\u0130LD\u0130R. Materyal : Paslanmaz \u00c7elik\u00a0 Adet \/ Renk \/ Tasar\u0131m : 1 Adet, HSNET\u00a0Blanchette\u00a0Design olarak tasarlad\u0131\u011f\u0131m\u0131z, resimde yer alan tasar\u0131m\u0131, s\u00fcrpriz ya\u015famaman\u0131z i\u00e7in birebir g\u00f6nderiyoruz.\u00a0\u00a0 \u00d6l\u00e7\u00fcler (bir cep telefonu ortalama 16 cm dir. K\u0131yaslaman\u0131z i\u00e7in kolayl\u0131k de\u011fil mi ? ) : 19 cm Piknikler, barbek\u00fcler, kamplar, partiler ve daha&#8230;<\/p>\n","protected":false},"featured_media":102178,"comment_status":"open","ping_status":"closed","template":"","meta":{"_kad_post_transparent":"","_kad_post_title":"","_kad_post_layout":"","_kad_post_sidebar_id":"","_kad_post_content_style":"","_kad_post_vertical_padding":"","_kad_post_feature":"","_kad_post_feature_position":"","_kad_post_header":false,"_kad_post_footer":false,"_kad_post_classname":""},"product_brand":[],"product_cat":[7887],"product_tag":[],"class_list":{"0":"post-102179","1":"product","2":"type-product","3":"status-publish","4":"has-post-thumbnail","6":"product_cat-sise-acacagi-yemek-hazirlik-sofra-mutfak-ev-yasam-sise-acacagi","8":"first","9":"instock","10":"purchasable","11":"product-type-simple","12":"entry","13":"content-bg","14":"loop-entry"},"_links":{"self":[{"href":"https:\/\/www.hediyepazar.com\/index.php?rest_route=\/wp\/v2\/product\/102179","targetHints":{"allow":["GET"]}}],"collection":[{"href":"https:\/\/www.hediyepazar.com\/index.php?rest_route=\/wp\/v2\/product"}],"about":[{"href":"https:\/\/www.hediyepazar.com\/index.php?rest_route=\/wp\/v2\/types\/product"}],"replies":[{"embeddable":true,"href":"https:\/\/www.hediyepazar.com\/index.php?rest_route=%2Fwp%2Fv2%2Fcomments&post=102179"}],"wp:featuredmedia":[{"embeddable":true,"href":"https:\/\/www.hediyepazar.com\/index.php?rest_route=\/wp\/v2\/media\/102178"}],"wp:attachment":[{"href":"https:\/\/www.hediyepazar.com\/index.php?rest_route=%2Fwp%2Fv2%2Fmedia&parent=102179"}],"wp:term":[{"taxonomy":"product_brand","embeddable":true,"href":"https:\/\/www.hediyepazar.com\/index.php?rest_route=%2Fwp%2Fv2%2Fproduct_brand&post=102179"},{"taxonomy":"product_cat","embeddable":true,"href":"https:\/\/www.hediyepazar.com\/index.php?rest_route=%2Fwp%2Fv2%2Fproduct_cat&post=102179"},{"taxonomy":"product_tag","embeddable":true,"href":"https:\/\/www.hediyepazar.com\/index.php?rest_route=%2Fwp%2Fv2%2Fproduct_tag&post=102179"}],"curies":[{"name":"wp","href":"https:\/\/api.w.org\/{rel}","templated":true}]}}