{"id":102187,"date":"2026-05-04T05:06:15","date_gmt":"2026-05-04T08:06:15","guid":{"rendered":"https:\/\/www.hediyepazar.com\/?product=turk-kilcik-tabancasi-5mm-fine-kilcik-2"},"modified":"2026-05-04T05:06:15","modified_gmt":"2026-05-04T08:06:15","slug":"turk-kilcik-tabancasi-5mm-fine-kilcik-2","status":"publish","type":"product","link":"https:\/\/www.hediyepazar.com\/?product=turk-kilcik-tabancasi-5mm-fine-kilcik-2","title":{"rendered":"Turk K\u0131l\u00e7\u0131k Tabancas\u0131 5MM Fine K\u0131l\u00e7\u0131k"},"content":{"rendered":"<p>\n\tBU \u00dcR\u00dcN\u00dcN YEDEK KIL\u00c7I\u011eINA\u00a0 &#8211;\u00a0<strong>HSNET 5MM \u015eeffaf K\u0131l\u00e7\u0131k Tabanca Yede\u011fi 10.000 adet 720338<\/strong> \u0130S\u0130ML\u0130 \u00dcR\u00dcNDEN BAKAB\u0130L\u0130RS\u0130N\u0130Z.<\/p>\n<p>\n\t<strong>\u00dcr\u00fcn \u00d6zellikleri :<\/strong><\/p>\n<p>\n\t<strong>AKSESUARLAR VE KIL\u00c7IK \u00dcR\u00dcNE DAH\u0130L DE\u011e\u0130LD\u0130R.\u00a0<\/strong><\/p>\n<p>\t<strong>Adet \/ Renk \/ Tasar\u0131m : <\/strong> 1 Adet, 5-25 MM ARASI  kadar micro fine k\u0131l\u00e7\u0131k k\u0131l\u00e7\u0131k atabilen k\u0131l\u00e7\u0131k tabancas\u0131n\u0131 ve 1 adet i\u011fne resimde yer alan tasar\u0131m\u0131 , s\u00fcrpriz ya\u015famaman\u0131z i\u00e7in birebir g\u00f6nderiyoruz<\/p>\n<p>\t<strong>\u00d6l\u00e7\u00fcler (bir cep telefonu ortalama 16 cm dir. K\u0131yaslaman\u0131z i\u00e7in kolayl\u0131k de\u011fil mi ? ) : 12.5 x 12.5 cm\u00a0<\/strong><\/p>\n<p>\n\tKullan\u0131m\u0131 Kolay: K\u0131l\u00e7\u0131k makinesinin kullan\u0131m\u0131 \u00e7ok basit ve \u00e7ok kullan\u0131\u015fl\u0131d\u0131r.<\/p>\n<p>\n\t\u00c7ok Ama\u00e7l\u0131 Uygulama: Bu y\u00fcksek kaliteli etiketleme tabancas;<\/p>\n<p>\tGelinlik\u00e7iler, T\u00fcrban sa\u00e7 tasar\u0131m, sa\u00e7 tasar\u0131m,Gelin ba\u015flar\u0131nda kat kat g\u00f6r\u00fcnt\u00fc olu\u015fturma, kuaf\u00f6rler, hassas etiketleme gerektiren giyim \u00fcr\u00fcnlerinde vb yerlerde kullan\u0131labilir. \u00d6zellikle de y\u00fcn, keten, pamuk, denim, polyester ve sentetik elyaflar vb.<\/p>\n<p>\tEtiket Aksesuar Kitleri, markal\u0131 &#8220;te\u015fekk\u00fcr ederim&#8221; i\u011fnelerinin tak\u0131lmas\u0131 i\u00e7in tasarlanm\u0131\u015ft\u0131r. etiketler, karton, fiyat etiketleri, ka\u011f\u0131t etiketler, isim etiketleri, giyim, oyuncaklar, el yap\u0131m\u0131 sanatlar, el sanatlar\u0131, giyim, \u00e7antalar, bagaj, \u00e7oraplar, parti hediyeleri ve daha fazlas\u0131 i\u00e7in Etiket.<\/p>\n<p>\tSap Tasar\u0131m\u0131: Ergonomik sap tasar\u0131m\u0131, tutmas\u0131 kolay, emek tasarrufu sa\u011flayan \u00e7al\u0131\u015fma, uzun s\u00fcre kullan\u0131labilir ve uzun s\u00fcre kullan\u0131labilir, uzun servis \u00f6mr\u00fc ve iyi performans.<\/p>\n<p>\n\t<strong>M\u00dcKEMMEL SATI\u015e SONRASI H\u0130ZMET : <\/strong>Bu \u00fcr\u00fcne daha avantajl\u0131 sahip olabilmeniz i\u00e7in ma\u011fazam\u0131z\u0131 ziyaret ederek, kampanyalar\u0131 inceleyebilirsiniz. HSNET \/ HSNET olarak m\u00fc\u015fterilerimize en iyi hizmeti sunmay\u0131 ama\u00e7l\u0131yor, g\u00fcvenle sat\u0131n alabilmeniz i\u00e7in, ambalaj kalitemize g\u00fcveniyor, her \u00fcr\u00fcn sorunsuz teslimat i\u00e7in \u00f6zenle paketliyor ve resimde belirtilen renk, ebat, \u00f6zelikte \u00fcr\u00fcn g\u00f6ndermeyi taahh\u00fct ediyoruz. Hasarl\u0131 \u00fcr\u00fcn ald\u0131ysan\u0131z veya di\u011fer \u00fcr\u00fcn ve paket teslimat sorunlar\u0131 oldu\u011funda bizimle ileti\u015fime ge\u00e7mekten \u00e7ekinmeyin.<\/p>\n<p>\n\t\u00a0<\/p>\n<p>\n\t<strong>Detayl\u0131 bilgi i\u00e7in ek resimleri inceleyebilirsiniz<\/strong><\/p>\n<p><\/p>\n<p>\n\t<strong><img decoding=\"async\"  src=\"https:\/\/hepsicdn.com.tr\/static\/product_detail\/hbnet7fa0cf4a_4775601.jpg\"><\/strong><\/p>\n<p>\n\t\u00a0<\/p>\n","protected":false},"excerpt":{"rendered":"<p>BU \u00dcR\u00dcN\u00dcN YEDEK KIL\u00c7I\u011eINA\u00a0 &#8211;\u00a0HSNET 5MM \u015eeffaf K\u0131l\u00e7\u0131k Tabanca Yede\u011fi 10.000 adet 720338 \u0130S\u0130ML\u0130 \u00dcR\u00dcNDEN BAKAB\u0130L\u0130RS\u0130N\u0130Z. \u00dcr\u00fcn \u00d6zellikleri : AKSESUARLAR VE KIL\u00c7IK \u00dcR\u00dcNE DAH\u0130L DE\u011e\u0130LD\u0130R.\u00a0 Adet \/ Renk \/ Tasar\u0131m : 1 Adet, 5-25 MM ARASI kadar micro fine k\u0131l\u00e7\u0131k k\u0131l\u00e7\u0131k atabilen k\u0131l\u00e7\u0131k tabancas\u0131n\u0131 ve 1 adet i\u011fne resimde yer alan tasar\u0131m\u0131 , s\u00fcrpriz ya\u015famaman\u0131z&#8230;<\/p>\n","protected":false},"featured_media":0,"comment_status":"open","ping_status":"closed","template":"","meta":{"_kad_post_transparent":"","_kad_post_title":"","_kad_post_layout":"","_kad_post_sidebar_id":"","_kad_post_content_style":"","_kad_post_vertical_padding":"","_kad_post_feature":"","_kad_post_feature_position":"","_kad_post_header":false,"_kad_post_footer":false,"_kad_post_classname":""},"product_brand":[],"product_cat":[14347],"product_tag":[],"class_list":{"0":"post-102187","1":"product","2":"type-product","3":"status-publish","5":"product_cat-ofis-aksesuarlari-masaustu-gerecleri-kirtasiye-ofis-ofis-aksesuarlari","7":"first","8":"instock","9":"purchasable","10":"product-type-simple","11":"entry","12":"content-bg","13":"loop-entry"},"_links":{"self":[{"href":"https:\/\/www.hediyepazar.com\/index.php?rest_route=\/wp\/v2\/product\/102187","targetHints":{"allow":["GET"]}}],"collection":[{"href":"https:\/\/www.hediyepazar.com\/index.php?rest_route=\/wp\/v2\/product"}],"about":[{"href":"https:\/\/www.hediyepazar.com\/index.php?rest_route=\/wp\/v2\/types\/product"}],"replies":[{"embeddable":true,"href":"https:\/\/www.hediyepazar.com\/index.php?rest_route=%2Fwp%2Fv2%2Fcomments&post=102187"}],"wp:attachment":[{"href":"https:\/\/www.hediyepazar.com\/index.php?rest_route=%2Fwp%2Fv2%2Fmedia&parent=102187"}],"wp:term":[{"taxonomy":"product_brand","embeddable":true,"href":"https:\/\/www.hediyepazar.com\/index.php?rest_route=%2Fwp%2Fv2%2Fproduct_brand&post=102187"},{"taxonomy":"product_cat","embeddable":true,"href":"https:\/\/www.hediyepazar.com\/index.php?rest_route=%2Fwp%2Fv2%2Fproduct_cat&post=102187"},{"taxonomy":"product_tag","embeddable":true,"href":"https:\/\/www.hediyepazar.com\/index.php?rest_route=%2Fwp%2Fv2%2Fproduct_tag&post=102187"}],"curies":[{"name":"wp","href":"https:\/\/api.w.org\/{rel}","templated":true}]}}