{"id":102193,"date":"2026-05-04T05:06:50","date_gmt":"2026-05-04T08:06:50","guid":{"rendered":"https:\/\/www.hediyepazar.com\/?product=turk-nano-sakal-tarama-fircasi-at-kili-absolute-professional"},"modified":"2026-05-04T05:10:59","modified_gmt":"2026-05-04T08:10:59","slug":"turk-nano-sakal-tarama-fircasi-at-kili-absolute-professional","status":"publish","type":"product","link":"https:\/\/www.hediyepazar.com\/?product=turk-nano-sakal-tarama-fircasi-at-kili-absolute-professional","title":{"rendered":"Turk Nano Sakal Tarama F\u0131r\u00e7as\u0131 At K\u0131l\u0131 Absolute Professional"},"content":{"rendered":"<p>\n\t<strong>\u00dcr\u00fcn \u00d6zellikleri : <\/strong><\/p>\n<p>\t<strong>AKSESUARLAR \u00dcR\u00dcNE DAH\u0130L DE\u011e\u0130LD\u0130R. <\/strong><\/p>\n<p>\t<strong>Materyal : <\/strong>El Yap\u0131m\u0131 Ah\u015fap + At k\u0131l\u0131 F\u0131r\u00e7a<\/p>\n<p>\t<strong>Adet \/ Renk \/ Tasar\u0131m : <\/strong> 1 Adet, HSNET Nano\u00a0<span style=\"color: rgb(1, 15, 38); font-family: Roboto, sans-serif; font-size: 13px;\">Absolute Professional\u00a0<\/span>\u00a0Design olarak tasarlad\u0131\u011f\u0131m\u0131z, resimde yer alan modeli , s\u00fcrpriz ya\u015famaman\u0131z i\u00e7in birebir g\u00f6nderiyoruz<\/p>\n<p>\t<strong>\u00d6l\u00e7\u00fcler : <\/strong>toplam 17 x 5,5 cm , f\u0131r\u00e7a b\u00f6l\u00fcm\u00fc 9 x 5,5 cm<\/p>\n<p>\n\t1 CM uzunluktaki sakaldan 30 cm uzunluktaki sakala kadar kullan\u0131ma uygun tasarland\u0131. Sakal\u0131n\u0131z\u0131 tararken m\u00fcthi\u015f keyif alacabilece\u011finiz e\u015fsiz, 120 f\u0131r\u00e7a deli\u011finde, 3 farkl\u0131 k\u0131l kullan\u0131ld\u0131 ve her yuva da 60 adet k\u0131l kullan\u0131ld\u0131 . Tarad\u0131k\u00e7a taramak isteyeceksiniz<\/p>\n<p>\n\t\u00a0<br \/>\n\tKolayca P\u00fcr\u00fczs\u00fczle\u015ftirir ve \u015eekillendirir.<br \/>\n\tKal\u0131nt\u0131lar\u0131 ve Kepe\u011fi Temizler.<br \/>\n\tT\u00fcm Sakal Stilleri i\u00e7in \u00c7al\u0131\u015f\u0131r.<br \/>\n\tHer uzunluktaki sakallar\u0131 taramak, \u015fekillendirmek v i\u00e7in idealdir. Sentetik f\u0131r\u00e7alar\u0131n aksine, sert, do\u011fal k\u0131llar sakala tutunur ve e\u015fit \u015fekilde da\u011f\u0131t\u0131r, en zorlu d\u00fc\u011f\u00fcmleri bile \u00e7\u00f6zer.<\/p>\n<p>\n\t<strong>M\u00dcKEMMEL SATI\u015e SONRASI H\u0130ZMET : <\/strong>Bu \u00fcr\u00fcne daha avantajl\u0131 sahip olabilmeniz i\u00e7in ma\u011fazam\u0131z\u0131 ziyaret ederek, kampanyalar\u0131 inceleyebilirsiniz. HSNET \/ HSNET olarak m\u00fc\u015fterilerimize en iyi hizmeti sunmay\u0131 ama\u00e7l\u0131yor, g\u00fcvenle sat\u0131n alabilmeniz i\u00e7in, ambalaj kalitemize g\u00fcveniyor, her \u00fcr\u00fcn sorunsuz teslimat i\u00e7in \u00f6zenle paketliyor ve resimde belirtilen renk, ebat, \u00f6zelikte \u00fcr\u00fcn g\u00f6ndermeyi taahh\u00fct ediyoruz. Hasarl\u0131 \u00fcr\u00fcn ald\u0131ysan\u0131z veya di\u011fer \u00fcr\u00fcn ve paket teslimat sorunlar\u0131 oldu\u011funda bizimle ileti\u015fime ge\u00e7mekten \u00e7ekinmeyin.<\/p>\n<p>\n\t<strong>Detayl\u0131 bilgi i\u00e7in ek resimleri inceleyebilirsiniz<\/strong><\/p>\n<p><\/p>\n<p>\n\t<strong><img decoding=\"async\"  src=\"https:\/\/hepsicdn.com.tr\/static\/product_detail\/hbnetd5d6572f_4777101.webp\"><\/strong><\/p>\n<p>\n\t\u00a0<\/p>\n","protected":false},"excerpt":{"rendered":"<p>\u00dcr\u00fcn \u00d6zellikleri : AKSESUARLAR \u00dcR\u00dcNE DAH\u0130L DE\u011e\u0130LD\u0130R. Materyal : El Yap\u0131m\u0131 Ah\u015fap + At k\u0131l\u0131 F\u0131r\u00e7a Adet \/ Renk \/ Tasar\u0131m : 1 Adet, HSNET Nano\u00a0Absolute Professional\u00a0\u00a0Design olarak tasarlad\u0131\u011f\u0131m\u0131z, resimde yer alan modeli , s\u00fcrpriz ya\u015famaman\u0131z i\u00e7in birebir g\u00f6nderiyoruz \u00d6l\u00e7\u00fcler : toplam 17 x 5,5 cm , f\u0131r\u00e7a b\u00f6l\u00fcm\u00fc 9 x 5,5 cm 1 CM&#8230;<\/p>\n","protected":false},"featured_media":102192,"comment_status":"open","ping_status":"closed","template":"","meta":{"_kad_post_transparent":"","_kad_post_title":"","_kad_post_layout":"","_kad_post_sidebar_id":"","_kad_post_content_style":"","_kad_post_vertical_padding":"","_kad_post_feature":"","_kad_post_feature_position":"","_kad_post_header":false,"_kad_post_footer":false,"_kad_post_classname":""},"product_brand":[],"product_cat":[14302],"product_tag":[],"class_list":{"0":"post-102193","1":"product","2":"type-product","3":"status-publish","4":"has-post-thumbnail","6":"product_cat-sac-fircasi-ve-tarak-sac-bakimi-kozmetik-sac-fircasi-ve-tarak-sac-bakimi-kozmetik","8":"first","9":"instock","10":"purchasable","11":"product-type-simple","12":"entry","13":"content-bg","14":"loop-entry"},"_links":{"self":[{"href":"https:\/\/www.hediyepazar.com\/index.php?rest_route=\/wp\/v2\/product\/102193","targetHints":{"allow":["GET"]}}],"collection":[{"href":"https:\/\/www.hediyepazar.com\/index.php?rest_route=\/wp\/v2\/product"}],"about":[{"href":"https:\/\/www.hediyepazar.com\/index.php?rest_route=\/wp\/v2\/types\/product"}],"replies":[{"embeddable":true,"href":"https:\/\/www.hediyepazar.com\/index.php?rest_route=%2Fwp%2Fv2%2Fcomments&post=102193"}],"wp:featuredmedia":[{"embeddable":true,"href":"https:\/\/www.hediyepazar.com\/index.php?rest_route=\/wp\/v2\/media\/102192"}],"wp:attachment":[{"href":"https:\/\/www.hediyepazar.com\/index.php?rest_route=%2Fwp%2Fv2%2Fmedia&parent=102193"}],"wp:term":[{"taxonomy":"product_brand","embeddable":true,"href":"https:\/\/www.hediyepazar.com\/index.php?rest_route=%2Fwp%2Fv2%2Fproduct_brand&post=102193"},{"taxonomy":"product_cat","embeddable":true,"href":"https:\/\/www.hediyepazar.com\/index.php?rest_route=%2Fwp%2Fv2%2Fproduct_cat&post=102193"},{"taxonomy":"product_tag","embeddable":true,"href":"https:\/\/www.hediyepazar.com\/index.php?rest_route=%2Fwp%2Fv2%2Fproduct_tag&post=102193"}],"curies":[{"name":"wp","href":"https:\/\/api.w.org\/{rel}","templated":true}]}}