{"id":102196,"date":"2026-05-04T05:12:05","date_gmt":"2026-05-04T08:12:05","guid":{"rendered":"https:\/\/www.hediyepazar.com\/?product=turk-savona-cirpici-2-li-set"},"modified":"2026-05-04T05:12:05","modified_gmt":"2026-05-04T08:12:05","slug":"turk-savona-cirpici-2-li-set","status":"publish","type":"product","link":"https:\/\/www.hediyepazar.com\/?product=turk-savona-cirpici-2-li-set","title":{"rendered":"Turk Savona \u00c7\u0131rp\u0131c\u0131 2 li SET"},"content":{"rendered":"<p>\n\t<strong>\u00dcr\u00fcn \u00d6zellikleri : <\/strong><\/p>\n<p>\t<strong>AKSESUARLAR \u00dcR\u00dcNE DAH\u0130L DE\u011e\u0130LD\u0130R. <\/strong><\/p>\n<p>\t<strong>Materyal : Paslanmaz \u00c7elik\u00a0<\/strong><\/p>\n<p>\t<strong>Adet \/ Renk \/ Tasar\u0131m : <\/strong> 2 Adet, HSNET Professional\u00a0 olarak tasarlad\u0131\u011f\u0131m\u0131z, resimde yer alan modeli (sap renkleri de\u011fi\u015fkenlik g\u00f6sterebilir) , s\u00fcrpriz ya\u015famaman\u0131z i\u00e7in birebir g\u00f6nderiyoruz<br \/>\n\t\u00a0<br \/>\n\t<strong>\u00d6l\u00e7\u00fcler (bir cep telefonu ortalama 16 cm dir. K\u0131yaslaman\u0131z i\u00e7in kolayl\u0131k de\u011fil mi ? ) : toplam 34 cm &#8211; \u00e7\u0131rp\u0131c\u0131 uzunlu\u011fu 20 cm\u00a0<\/strong><\/p>\n<p>\n\tK\u00fc\u00e7\u00fck ve s\u0131\u011f kaplarda, teflon tavalarda, tencerelerde, kaselerde, tabaklarda vb. yiyecekleri ortal\u0131\u011f\u0131 kar\u0131\u015ft\u0131rmadan \u00e7\u0131rpmak i\u00e7in \u00f6zel olarak tasarlanm\u0131\u015ft\u0131r.<\/p>\n<p>\n\tP\u00fcr\u00fczs\u00fcz biti\u015f, yap\u0131\u015fmaz kaplamal\u0131 y\u00fczeylere zarar vermez<br \/>\n\tUzun s\u00fcreli kullan\u0131m i\u00e7in \u00e7elik<br \/>\n\tBula\u015f\u0131k makinesinde y\u0131kanabilir yap\u0131, zahmetsizce temizlemenizi sa\u011flar.<br \/>\n\tG\u00fc\u00e7l\u00fc, dayan\u0131kl\u0131, hafif ve \u00e7ok y\u00f6nl\u00fcd\u00fcr.<br \/>\n\tTabandan tencere duvar aras\u0131ndaki k\u00f6\u015felere kadar tencerenin t\u00fcm alanlar\u0131na ula\u015f\u0131r.<br \/>\n\tBula\u015f\u0131k Makinesinde Y\u0131kanabilir:<br \/>\n\tSon derece cilal\u0131, kolay deforme olmaz ve dayan\u0131kl\u0131.<br \/>\n\tYay \u00e7evrili, da\u011f\u0131l\u0131m homojendir ve s\u0131v\u0131, s\u00fct, krema vb.<\/p>\n<p>\n\t<strong>M\u00dcKEMMEL SATI\u015e SONRASI H\u0130ZMET : <\/strong>Bu \u00fcr\u00fcne daha avantajl\u0131 sahip olabilmeniz i\u00e7in ma\u011fazam\u0131z\u0131 ziyaret ederek, kampanyalar\u0131 inceleyebilirsiniz. HSNET \/ HSNET olarak m\u00fc\u015fterilerimize en iyi hizmeti sunmay\u0131 ama\u00e7l\u0131yor, g\u00fcvenle sat\u0131n alabilmeniz i\u00e7in, ambalaj kalitemize g\u00fcveniyor, her \u00fcr\u00fcn sorunsuz teslimat i\u00e7in \u00f6zenle paketliyor ve resimde belirtilen renk, ebat, \u00f6zelikte \u00fcr\u00fcn g\u00f6ndermeyi taahh\u00fct ediyoruz. Hasarl\u0131 \u00fcr\u00fcn ald\u0131ysan\u0131z veya di\u011fer \u00fcr\u00fcn ve paket teslimat sorunlar\u0131 oldu\u011funda bizimle ileti\u015fime ge\u00e7mekten \u00e7ekinmeyin.<\/p>\n","protected":false},"excerpt":{"rendered":"<p>\u00dcr\u00fcn \u00d6zellikleri : AKSESUARLAR \u00dcR\u00dcNE DAH\u0130L DE\u011e\u0130LD\u0130R. Materyal : Paslanmaz \u00c7elik\u00a0 Adet \/ Renk \/ Tasar\u0131m : 2 Adet, HSNET Professional\u00a0 olarak tasarlad\u0131\u011f\u0131m\u0131z, resimde yer alan modeli (sap renkleri de\u011fi\u015fkenlik g\u00f6sterebilir) , s\u00fcrpriz ya\u015famaman\u0131z i\u00e7in birebir g\u00f6nderiyoruz \u00a0 \u00d6l\u00e7\u00fcler (bir cep telefonu ortalama 16 cm dir. K\u0131yaslaman\u0131z i\u00e7in kolayl\u0131k de\u011fil mi ? ) : toplam&#8230;<\/p>\n","protected":false},"featured_media":102195,"comment_status":"open","ping_status":"closed","template":"","meta":{"_kad_post_transparent":"","_kad_post_title":"","_kad_post_layout":"","_kad_post_sidebar_id":"","_kad_post_content_style":"","_kad_post_vertical_padding":"","_kad_post_feature":"","_kad_post_feature_position":"","_kad_post_header":false,"_kad_post_footer":false,"_kad_post_classname":""},"product_brand":[],"product_cat":[14352],"product_tag":[],"class_list":{"0":"post-102196","1":"product","2":"type-product","3":"status-publish","4":"has-post-thumbnail","6":"product_cat-cirpici-yemek-hazirlik-sofra-mutfak-ev-yasam-cirpici","8":"first","9":"instock","10":"purchasable","11":"product-type-simple","12":"entry","13":"content-bg","14":"loop-entry"},"_links":{"self":[{"href":"https:\/\/www.hediyepazar.com\/index.php?rest_route=\/wp\/v2\/product\/102196","targetHints":{"allow":["GET"]}}],"collection":[{"href":"https:\/\/www.hediyepazar.com\/index.php?rest_route=\/wp\/v2\/product"}],"about":[{"href":"https:\/\/www.hediyepazar.com\/index.php?rest_route=\/wp\/v2\/types\/product"}],"replies":[{"embeddable":true,"href":"https:\/\/www.hediyepazar.com\/index.php?rest_route=%2Fwp%2Fv2%2Fcomments&post=102196"}],"wp:featuredmedia":[{"embeddable":true,"href":"https:\/\/www.hediyepazar.com\/index.php?rest_route=\/wp\/v2\/media\/102195"}],"wp:attachment":[{"href":"https:\/\/www.hediyepazar.com\/index.php?rest_route=%2Fwp%2Fv2%2Fmedia&parent=102196"}],"wp:term":[{"taxonomy":"product_brand","embeddable":true,"href":"https:\/\/www.hediyepazar.com\/index.php?rest_route=%2Fwp%2Fv2%2Fproduct_brand&post=102196"},{"taxonomy":"product_cat","embeddable":true,"href":"https:\/\/www.hediyepazar.com\/index.php?rest_route=%2Fwp%2Fv2%2Fproduct_cat&post=102196"},{"taxonomy":"product_tag","embeddable":true,"href":"https:\/\/www.hediyepazar.com\/index.php?rest_route=%2Fwp%2Fv2%2Fproduct_tag&post=102196"}],"curies":[{"name":"wp","href":"https:\/\/api.w.org\/{rel}","templated":true}]}}