{"id":102198,"date":"2026-05-04T05:12:10","date_gmt":"2026-05-04T08:12:10","guid":{"rendered":"https:\/\/www.hediyepazar.com\/?product=turk-kan-durdurucu-mini-stick-20-adet"},"modified":"2026-05-04T05:12:10","modified_gmt":"2026-05-04T08:12:10","slug":"turk-kan-durdurucu-mini-stick-20-adet","status":"publish","type":"product","link":"https:\/\/www.hediyepazar.com\/?product=turk-kan-durdurucu-mini-stick-20-adet","title":{"rendered":"Turk Kan Durdurucu Mini Stick 20 ADET"},"content":{"rendered":"<p>\n\t<strong>\u00dcr\u00fcn \u00d6zellikleri : <\/strong><\/p>\n<p>\t<strong>AKSESUARLAR \u00dcR\u00dcNE DAH\u0130L DE\u011e\u0130LD\u0130R. <\/strong><\/p>\n<p>\t<strong>Adet \/ Renk \/ Tasar\u0131m : <\/strong> 20 Adet, HSNET ad\u0131na \u0130.H.A taraf\u0131ndan\u00a0 tasarlanan\u00a0 resimde yer alan modeli , s\u00fcrpriz ya\u015famaman\u0131z i\u00e7in birebir g\u00f6nderiyoruz<\/p>\n<p>\tKi\u015fisel kullan\u0131ma uygun ortalama 60 kullan\u0131ml\u0131lk kan durdurucu stick<\/p>\n<p>\n\tCiltte meydana gelen k\u00fc\u00e7\u00fck \u00e7izik ve kesiklerdeki kanamay\u0131 durdurabilir. Hem bayan hem erkek kullanabilir<\/p>\n<p>\t\u00d6zeliikle bayan ve erkekler\u015fn t\u0131ra\u015f esnas\u0131nda meydana gelen k\u00fc\u00e7\u00fck kanamalarda \u00e7ok etkilidir.<\/p>\n<p>\n\tBanyo dolab\u0131n\u0131n bir yerine koyaca\u011f\u0131n\u0131z \u0131slak \u00e7ubuklara gerek yok, sadece her seferinde yeni bir mini \u00e7ubuk, kanamay\u0131 saniyeler i\u00e7inde durdurabilir. Harika bir fikir<\/p>\n<p>\n\t<br \/>\n\tTalimatlar: T\u0131ra\u015f s\u0131ras\u0131nda kendinizi \u00e7izdiyseniz veya kestiyseniz, c\u00fczdan\u0131n\u0131zdan bir kibrit \u00e7\u0131karman\u0131z yeterlidir. Kibritin yuvarlak ucunu birka\u00e7 damla suyla \u0131slat\u0131n ve kesimin \u00fczerinden ge\u00e7irin. Bir veya iki dakika i\u00e7inde kanama duracakt\u0131r<\/p>\n<p>\n\t<strong>M\u00dcKEMMEL SATI\u015e SONRASI H\u0130ZMET : <\/strong>Bu \u00fcr\u00fcne daha avantajl\u0131 sahip olabilmeniz i\u00e7in ma\u011fazam\u0131z\u0131 ziyaret ederek, kampanyalar\u0131 inceleyebilirsiniz. HSNET \/ HSNET olarak m\u00fc\u015fterilerimize en iyi hizmeti sunmay\u0131 ama\u00e7l\u0131yor, g\u00fcvenle sat\u0131n alabilmeniz i\u00e7in, ambalaj kalitemize g\u00fcveniyor, her \u00fcr\u00fcn sorunsuz teslimat i\u00e7in \u00f6zenle paketliyor ve resimde belirtilen renk, ebat, \u00f6zelikte \u00fcr\u00fcn g\u00f6ndermeyi taahh\u00fct ediyoruz. Hasarl\u0131 \u00fcr\u00fcn ald\u0131ysan\u0131z veya di\u011fer \u00fcr\u00fcn ve paket teslimat sorunlar\u0131 oldu\u011funda bizimle ileti\u015fime ge\u00e7mekten \u00e7ekinmeyin.<\/p>\n","protected":false},"excerpt":{"rendered":"<p>\u00dcr\u00fcn \u00d6zellikleri : AKSESUARLAR \u00dcR\u00dcNE DAH\u0130L DE\u011e\u0130LD\u0130R. Adet \/ Renk \/ Tasar\u0131m : 20 Adet, HSNET ad\u0131na \u0130.H.A taraf\u0131ndan\u00a0 tasarlanan\u00a0 resimde yer alan modeli , s\u00fcrpriz ya\u015famaman\u0131z i\u00e7in birebir g\u00f6nderiyoruz Ki\u015fisel kullan\u0131ma uygun ortalama 60 kullan\u0131ml\u0131lk kan durdurucu stick Ciltte meydana gelen k\u00fc\u00e7\u00fck \u00e7izik ve kesiklerdeki kanamay\u0131 durdurabilir. Hem bayan hem erkek kullanabilir \u00d6zeliikle bayan&#8230;<\/p>\n","protected":false},"featured_media":102197,"comment_status":"open","ping_status":"closed","template":"","meta":{"_kad_post_transparent":"","_kad_post_title":"","_kad_post_layout":"","_kad_post_sidebar_id":"","_kad_post_content_style":"","_kad_post_vertical_padding":"","_kad_post_feature":"","_kad_post_feature_position":"","_kad_post_header":false,"_kad_post_footer":false,"_kad_post_classname":""},"product_brand":[],"product_cat":[14289],"product_tag":[],"class_list":{"0":"post-102198","1":"product","2":"type-product","3":"status-publish","4":"has-post-thumbnail","6":"product_cat-diger-saglik-urunleri-genel-saglik-saglik-supermarket-diger-saglik-urunleri","8":"first","9":"instock","10":"purchasable","11":"product-type-simple","12":"entry","13":"content-bg","14":"loop-entry"},"_links":{"self":[{"href":"https:\/\/www.hediyepazar.com\/index.php?rest_route=\/wp\/v2\/product\/102198","targetHints":{"allow":["GET"]}}],"collection":[{"href":"https:\/\/www.hediyepazar.com\/index.php?rest_route=\/wp\/v2\/product"}],"about":[{"href":"https:\/\/www.hediyepazar.com\/index.php?rest_route=\/wp\/v2\/types\/product"}],"replies":[{"embeddable":true,"href":"https:\/\/www.hediyepazar.com\/index.php?rest_route=%2Fwp%2Fv2%2Fcomments&post=102198"}],"wp:featuredmedia":[{"embeddable":true,"href":"https:\/\/www.hediyepazar.com\/index.php?rest_route=\/wp\/v2\/media\/102197"}],"wp:attachment":[{"href":"https:\/\/www.hediyepazar.com\/index.php?rest_route=%2Fwp%2Fv2%2Fmedia&parent=102198"}],"wp:term":[{"taxonomy":"product_brand","embeddable":true,"href":"https:\/\/www.hediyepazar.com\/index.php?rest_route=%2Fwp%2Fv2%2Fproduct_brand&post=102198"},{"taxonomy":"product_cat","embeddable":true,"href":"https:\/\/www.hediyepazar.com\/index.php?rest_route=%2Fwp%2Fv2%2Fproduct_cat&post=102198"},{"taxonomy":"product_tag","embeddable":true,"href":"https:\/\/www.hediyepazar.com\/index.php?rest_route=%2Fwp%2Fv2%2Fproduct_tag&post=102198"}],"curies":[{"name":"wp","href":"https:\/\/api.w.org\/{rel}","templated":true}]}}