{"id":102203,"date":"2026-05-04T05:12:41","date_gmt":"2026-05-04T08:12:41","guid":{"rendered":"https:\/\/www.hediyepazar.com\/?product=turk-sari-sac-filesi-gorunmez-12-adet"},"modified":"2026-05-04T05:12:41","modified_gmt":"2026-05-04T08:12:41","slug":"turk-sari-sac-filesi-gorunmez-12-adet","status":"publish","type":"product","link":"https:\/\/www.hediyepazar.com\/?product=turk-sari-sac-filesi-gorunmez-12-adet","title":{"rendered":"Turk SARI Sa\u00e7 Filesi G\u00f6r\u00fcnmez 12 ADET"},"content":{"rendered":"<p>\t<strong>\u00dcr\u00fcn \u00d6zellikleri : <\/strong><\/p>\n<p>\t<strong>Materyal : Polyester file\u00a0<\/strong><\/p>\n<p>\t<strong>Adet \/ Renk \/ Tasar\u0131m : <\/strong> 12 Adet, HSNETDesign olarak tasarlad\u0131\u011f\u0131m\u0131z, resimde yer alan SARI rengi, s\u00fcrpriz ya\u015famaman\u0131z i\u00e7in birebir g\u00f6nderiyoruz<\/p>\n<p>\tSa\u00e7 a\u011f\u0131m\u0131z, STANDART ve esnek oldu\u011fundan t\u00fcm sa\u00e7\/kafa yap\u0131s\u0131na uyum sa\u011flar. \u00c7o\u011fu insan i\u00e7in tam kapsama sa\u011flayacak \u015fekilde tasarlanm\u0131\u015ft\u0131r. \u0130ster uzun sa\u00e7lar\u0131n\u0131z, ister k\u0131sa sa\u00e7lar\u0131n\u0131z, \u00f6rg\u00fcleriniz ya da peru\u011funuz olsun, bu sa\u00e7 filesi t\u00fcm sa\u00e7 tiplerine uygundur. Hafif ve nefes alabilen yap\u0131s\u0131yla \u00e7al\u0131\u015f\u0131rken sa\u00e7lar\u0131n\u0131z\u0131 g\u00fcvende tutar.<\/p>\n<p>\tSa\u00e7 a\u011f\u0131m\u0131z, titizlikle test edilmi\u015f ve y\u0131rt\u0131lmadan dayanabilen dayan\u0131kl\u0131 ve esnek naylon dantel malzemeden yap\u0131lm\u0131\u015ft\u0131r. Elastik, g\u00fc\u00e7l\u00fc ve esnektir, bu da takmay\u0131 ve \u00e7\u0131karmay\u0131 kolay ve sorunsuz hale getirir. Kaymadan g\u00fcvenli bir \u015fekilde yerinde kalaca\u011f\u0131na g\u00fcvenebilirsiniz, bu da onu g\u00f6revleri i\u00e7in ideal k\u0131lar.<\/p>\n<p>\tT\u00fcm Durumlar \u0130\u00e7in Sa\u00e7 Filesi\u3011: Sa\u00e7 filelerimiz, bale dans\u00e7\u0131lar\u0131, akt\u00f6rler, kuaf\u00f6rler, otel ve restoran \u00e7al\u0131\u015fanlar\u0131, \u015fefler, u\u00e7u\u015f g\u00f6revlileri, banka \u00e7al\u0131\u015fanlar\u0131, hem\u015fireler ve hatta Patenci dahil olmak \u00fczere \u00e7ok \u00e7e\u015fitli insanlar i\u00e7in olmazsa olmazd\u0131r! Performans s\u0131ras\u0131nda peru\u011funuzu sabitlemeniz veya i\u015fyerinde profesyonel bir g\u00f6r\u00fcn\u00fcm koruman\u0131z gerekiyorsa, peruk a\u011f\u0131m\u0131z t\u00fcm ihtiya\u00e7lar\u0131n\u0131z\u0131 kar\u015f\u0131layabilir. Rahat duru\u015fu ve dayan\u0131kl\u0131 yap\u0131s\u0131yla g\u00fcn boyu kullan\u0131m kolayl\u0131\u011f\u0131 sa\u011flar.<\/p>\n<p>\tHafif ve rahat tasar\u0131m\u0131 ho\u015f bir kullan\u0131m deneyimi sa\u011flar. Sa\u00e7 a\u011f\u0131m\u0131z\u0131n nefes alabilen ve yumu\u015fak dokusu sa\u00e7\u0131n\u0131z\u0131 her t\u00fcrl\u00fc potansiyel hasara kar\u015f\u0131 korur. Ayr\u0131ca dayan\u0131kl\u0131 yap\u0131s\u0131, diren\u00e7 g\u00f6stermesini sa\u011flar. Deformasyon, uzun \u00f6m\u00fcrl\u00fc performans sa\u011flar.<\/p>\n<p>\t<strong>M\u00dcKEMMEL SATI\u015e SONRASI H\u0130ZMET : <\/strong>Bu \u00fcr\u00fcne daha avantajl\u0131 sahip olabilmeniz i\u00e7in ma\u011fazam\u0131z\u0131 ziyaret ederek, kampanyalar\u0131 inceleyebilirsiniz. HSNET \/ HSNET olarak m\u00fc\u015fterilerimize en iyi hizmeti sunmay\u0131 ama\u00e7l\u0131yor, g\u00fcvenle sat\u0131n alabilmeniz i\u00e7in, ambalaj kalitemize g\u00fcveniyor, her \u00fcr\u00fcn sorunsuz teslimat i\u00e7in \u00f6zenle paketliyor ve resimde belirtilen renk, ebat, \u00f6zelikte \u00fcr\u00fcn g\u00f6ndermeyi taahh\u00fct ediyoruz. Hasarl\u0131 \u00fcr\u00fcn ald\u0131ysan\u0131z veya di\u011fer \u00fcr\u00fcn ve paket teslimat sorunlar\u0131 oldu\u011funda bizimle ileti\u015fime ge\u00e7mekten \u00e7ekinmeyin.<\/p>\n<p>\t<strong>Detayl\u0131 bilgi i\u00e7in ek resimleri inceleyebilirsiniz<\/strong><\/p>\n<p><\/p>\n<p>\t<strong><img decoding=\"async\"  src=\"https:\/\/hepsicdn.com.tr\/static\/product_detail\/hbnet67c86703_4778501.jpg\"><\/strong><\/p>\n<p>\t\u00a0<\/p>\n","protected":false},"excerpt":{"rendered":"<p>\u00dcr\u00fcn \u00d6zellikleri : Materyal : Polyester file\u00a0 Adet \/ Renk \/ Tasar\u0131m : 12 Adet, HSNETDesign olarak tasarlad\u0131\u011f\u0131m\u0131z, resimde yer alan SARI rengi, s\u00fcrpriz ya\u015famaman\u0131z i\u00e7in birebir g\u00f6nderiyoruz Sa\u00e7 a\u011f\u0131m\u0131z, STANDART ve esnek oldu\u011fundan t\u00fcm sa\u00e7\/kafa yap\u0131s\u0131na uyum sa\u011flar. \u00c7o\u011fu insan i\u00e7in tam kapsama sa\u011flayacak \u015fekilde tasarlanm\u0131\u015ft\u0131r. \u0130ster uzun sa\u00e7lar\u0131n\u0131z, ister k\u0131sa sa\u00e7lar\u0131n\u0131z, \u00f6rg\u00fcleriniz ya&#8230;<\/p>\n","protected":false},"featured_media":0,"comment_status":"open","ping_status":"closed","template":"","meta":{"_kad_post_transparent":"","_kad_post_title":"","_kad_post_layout":"","_kad_post_sidebar_id":"","_kad_post_content_style":"","_kad_post_vertical_padding":"","_kad_post_feature":"","_kad_post_feature_position":"","_kad_post_header":false,"_kad_post_footer":false,"_kad_post_classname":""},"product_brand":[],"product_cat":[7813],"product_tag":[],"class_list":{"0":"post-102203","1":"product","2":"type-product","3":"status-publish","5":"product_cat-toka-tac-sac-bandi-toka-aksesuar-kadin-toka","7":"first","8":"instock","9":"purchasable","10":"product-type-simple","11":"entry","12":"content-bg","13":"loop-entry"},"_links":{"self":[{"href":"https:\/\/www.hediyepazar.com\/index.php?rest_route=\/wp\/v2\/product\/102203","targetHints":{"allow":["GET"]}}],"collection":[{"href":"https:\/\/www.hediyepazar.com\/index.php?rest_route=\/wp\/v2\/product"}],"about":[{"href":"https:\/\/www.hediyepazar.com\/index.php?rest_route=\/wp\/v2\/types\/product"}],"replies":[{"embeddable":true,"href":"https:\/\/www.hediyepazar.com\/index.php?rest_route=%2Fwp%2Fv2%2Fcomments&post=102203"}],"wp:attachment":[{"href":"https:\/\/www.hediyepazar.com\/index.php?rest_route=%2Fwp%2Fv2%2Fmedia&parent=102203"}],"wp:term":[{"taxonomy":"product_brand","embeddable":true,"href":"https:\/\/www.hediyepazar.com\/index.php?rest_route=%2Fwp%2Fv2%2Fproduct_brand&post=102203"},{"taxonomy":"product_cat","embeddable":true,"href":"https:\/\/www.hediyepazar.com\/index.php?rest_route=%2Fwp%2Fv2%2Fproduct_cat&post=102203"},{"taxonomy":"product_tag","embeddable":true,"href":"https:\/\/www.hediyepazar.com\/index.php?rest_route=%2Fwp%2Fv2%2Fproduct_tag&post=102203"}],"curies":[{"name":"wp","href":"https:\/\/api.w.org\/{rel}","templated":true}]}}