{"id":102206,"date":"2026-05-04T05:15:17","date_gmt":"2026-05-04T08:15:17","guid":{"rendered":"https:\/\/www.hediyepazar.com\/?product=turk-far-aplikator-goz-makyaj-cubuklari-12-adet"},"modified":"2026-05-04T05:15:17","modified_gmt":"2026-05-04T08:15:17","slug":"turk-far-aplikator-goz-makyaj-cubuklari-12-adet","status":"publish","type":"product","link":"https:\/\/www.hediyepazar.com\/?product=turk-far-aplikator-goz-makyaj-cubuklari-12-adet","title":{"rendered":"Turk Far Aplikat\u00f6r G\u00f6z Makyaj \u00c7ubuklar\u0131 12 ADET"},"content":{"rendered":"<p>\n\t<strong>\u00dcr\u00fcn \u00d6zellikleri : <\/strong><\/p>\n<p>\t<strong>AKSESUARLAR \u00dcR\u00dcNE DAH\u0130L DE\u011e\u0130LD\u0130R. <\/strong><\/p>\n<p>\t<strong>Materyal :\u00a0<\/strong><\/p>\n<p>\t<strong>Adet \/ Renk \/ Tasar\u0131m : <\/strong> 12 Adet, HSNET\u00a0 \u00a0Design olarak tasarlad\u0131\u011f\u0131m\u0131z, resimde yer alan rengi, s\u00fcrpriz ya\u015famaman\u0131z i\u00e7in birebir g\u00f6nderiyoruz<\/p>\n<p>\t<strong>\u00d6l\u00e7\u00fcler (bir cep telefonu ortalama 16 cm dir. K\u0131yaslaman\u0131z i\u00e7in kolayl\u0131k de\u011fil mi ? ) :\u00a0\u00a0<\/strong><strong>6,2 cm<\/strong><\/p>\n<p>\tCilt Tipi T\u00fcm cilt tipleri i\u00e7in uygundur.<\/p>\n<p>\n\tG\u00f6z far\u0131 uygulamas\u0131n\u0131 rahat ve pratik hale getirir.<\/p>\n<p>\n\tG\u00f6z far\u0131n\u0131n homojen da\u011f\u0131lmas\u0131na yard\u0131mc\u0131 olan bu \u00fcr\u00fcn g\u00f6z makyaj\u0131n\u0131n kusursuz g\u00f6r\u00fcnmesini sa\u011flar.<br \/>\n\tAplikat\u00f6r, yan tutulup kenar\u0131 ile kullan\u0131ld\u0131\u011f\u0131nda eyeliner gibi g\u00f6zleri belirginle\u015ftirir.<br \/>\n\tIslak olarak kullan\u0131labilen g\u00f6z farlar\u0131 i\u00e7in de ideadir.<\/p>\n<p>\n\t<strong>M\u00dcKEMMEL SATI\u015e SONRASI H\u0130ZMET : <\/strong>HSNET \/ HSNET olarak m\u00fc\u015fterilerimize en iyi hizmeti sunmay\u0131 ama\u00e7l\u0131yor, g\u00fcvenle sat\u0131n alabilmeniz i\u00e7in, ambalaj kalitemize g\u00fcveniyor, her \u00fcr\u00fcn sorunsuz teslimat i\u00e7in \u00f6zenle paketliyor ve resimde belirtilen renk, ebat, \u00f6zelikte \u00fcr\u00fcn g\u00f6ndermeyi taahh\u00fct ediyoruz. Hasarl\u0131 \u00fcr\u00fcn ald\u0131ysan\u0131z veya di\u011fer \u00fcr\u00fcn ve paket teslimat sorunlar\u0131 oldu\u011funda bizimle ileti\u015fime ge\u00e7mekten \u00e7ekinmeyin.<\/p>\n<p>\n\t<strong>Detayl\u0131 bilgi i\u00e7in ek resimleri inceleyebilirsiniz<\/strong><\/p>\n<p><\/p>\n<p>\n\t<strong><img decoding=\"async\"  src=\"https:\/\/hepsicdn.com.tr\/static\/product_detail\/hbnet59184ebf_4778801.jpg\"><\/strong><\/p>\n<p>\n\t\u00a0<\/p>\n","protected":false},"excerpt":{"rendered":"<p>\u00dcr\u00fcn \u00d6zellikleri : AKSESUARLAR \u00dcR\u00dcNE DAH\u0130L DE\u011e\u0130LD\u0130R. Materyal :\u00a0 Adet \/ Renk \/ Tasar\u0131m : 12 Adet, HSNET\u00a0 \u00a0Design olarak tasarlad\u0131\u011f\u0131m\u0131z, resimde yer alan rengi, s\u00fcrpriz ya\u015famaman\u0131z i\u00e7in birebir g\u00f6nderiyoruz \u00d6l\u00e7\u00fcler (bir cep telefonu ortalama 16 cm dir. K\u0131yaslaman\u0131z i\u00e7in kolayl\u0131k de\u011fil mi ? ) :\u00a0\u00a06,2 cm Cilt Tipi T\u00fcm cilt tipleri i\u00e7in uygundur. G\u00f6z&#8230;<\/p>\n","protected":false},"featured_media":0,"comment_status":"open","ping_status":"closed","template":"","meta":{"_kad_post_transparent":"","_kad_post_title":"","_kad_post_layout":"","_kad_post_sidebar_id":"","_kad_post_content_style":"","_kad_post_vertical_padding":"","_kad_post_feature":"","_kad_post_feature_position":"","_kad_post_header":false,"_kad_post_footer":false,"_kad_post_classname":""},"product_brand":[],"product_cat":[14357],"product_tag":[],"class_list":{"0":"post-102206","1":"product","2":"type-product","3":"status-publish","5":"product_cat-makyaj-organizeri-makyaj-kozmetik-makyaj-organizeri-makyaj-kozmetik","7":"first","8":"instock","9":"purchasable","10":"product-type-simple","11":"entry","12":"content-bg","13":"loop-entry"},"_links":{"self":[{"href":"https:\/\/www.hediyepazar.com\/index.php?rest_route=\/wp\/v2\/product\/102206","targetHints":{"allow":["GET"]}}],"collection":[{"href":"https:\/\/www.hediyepazar.com\/index.php?rest_route=\/wp\/v2\/product"}],"about":[{"href":"https:\/\/www.hediyepazar.com\/index.php?rest_route=\/wp\/v2\/types\/product"}],"replies":[{"embeddable":true,"href":"https:\/\/www.hediyepazar.com\/index.php?rest_route=%2Fwp%2Fv2%2Fcomments&post=102206"}],"wp:attachment":[{"href":"https:\/\/www.hediyepazar.com\/index.php?rest_route=%2Fwp%2Fv2%2Fmedia&parent=102206"}],"wp:term":[{"taxonomy":"product_brand","embeddable":true,"href":"https:\/\/www.hediyepazar.com\/index.php?rest_route=%2Fwp%2Fv2%2Fproduct_brand&post=102206"},{"taxonomy":"product_cat","embeddable":true,"href":"https:\/\/www.hediyepazar.com\/index.php?rest_route=%2Fwp%2Fv2%2Fproduct_cat&post=102206"},{"taxonomy":"product_tag","embeddable":true,"href":"https:\/\/www.hediyepazar.com\/index.php?rest_route=%2Fwp%2Fv2%2Fproduct_tag&post=102206"}],"curies":[{"name":"wp","href":"https:\/\/api.w.org\/{rel}","templated":true}]}}