{"id":102211,"date":"2026-05-04T05:16:56","date_gmt":"2026-05-04T08:16:56","guid":{"rendered":"https:\/\/www.hediyepazar.com\/?product=turk-cam-tirnak-torpusu-nanoglass"},"modified":"2026-05-04T05:16:56","modified_gmt":"2026-05-04T08:16:56","slug":"turk-cam-tirnak-torpusu-nanoglass","status":"publish","type":"product","link":"https:\/\/www.hediyepazar.com\/?product=turk-cam-tirnak-torpusu-nanoglass","title":{"rendered":"Turk Cam T\u0131rnak T\u00f6rp\u00fcs\u00fc NanoGlass"},"content":{"rendered":"<p>\n\t<strong>\u00dcr\u00fcn \u00d6zellikleri : <\/strong><\/p>\n<p>\t<strong>AKSESUARLAR \u00dcR\u00dcNE DAH\u0130L DE\u011e\u0130LD\u0130R. <\/strong><\/p>\n<p>\t<strong>Materyal : Nano cam\u00a0<\/strong><\/p>\n<p>\t<strong>Adet \/ Renk \/ Tasar\u0131m : <\/strong> 1 Adet, HSNET\u00a0 Design olarak tasarlad\u0131\u011f\u0131m\u0131z, resimde yer alan rengi, s\u00fcrpriz ya\u015famaman\u0131z i\u00e7in birebir g\u00f6nderiyoruz<\/p>\n<p>\t<strong>\u00d6l\u00e7\u00fcler (bir cep telefonu ortalama 16 cm dir. K\u0131yaslaman\u0131z i\u00e7in kolayl\u0131k de\u011fil mi ? ) : <\/strong> 9 x 1,3 x 0,3 cm \u00f6l\u00e7\u00fclerinde, cam t\u00f6rp\u00fc daha k\u00fc\u00e7\u00fck ve daha incedir;<\/p>\n<p>\n\tT\u0131rnak parlat\u0131c\u0131m\u0131z, en sa\u011fl\u0131kl\u0131 cilal\u0131 t\u0131rnaklara ula\u015fmak i\u00e7in fiziksel prensipleri kullan\u0131r, S\u0131radan t\u0131rnak t\u00f6rp\u00fcs\u00fc ve sa\u011fl\u0131ks\u0131z kimyasal oje nedeniyle olu\u015fan t\u0131rnak hasar\u0131ndan kurtulun, Ultra ince boyut, \u00e7evrenin esnek bir \u015fekilde parlat\u0131lmas\u0131na olanak tan\u0131r ve t\u0131rnak kenarlar\u0131<br \/>\n\t\u00c7oklu kullan\u0131m: Cam t\u0131rnak parlat\u0131c\u0131, t\u0131rnaklar\u0131n\u0131zdaki b\u00fcy\u00fck \u00e7\u0131k\u0131nt\u0131lar\u0131 z\u0131mparalayabilen, t\u0131rnak u\u00e7lar\u0131n\u0131z\u0131 d\u00fczle\u015ftirebilen kaba taneciklere sahiptir ve cam t\u0131rnak tamponu, t\u0131rnaklar\u0131n y\u00fczeyini, hatta t\u0131rnak kenarlar\u0131n\u0131 bile kolayca parlatabilir.<\/p>\n<p>\tKaliteli malzeme: T\u0131rnaklara ve cilde kar\u015f\u0131 daha nazik olacak \u015fekilde tasarlanm\u0131\u015f hassas nano cam par\u00e7ac\u0131klar\u0131ndan yap\u0131lm\u0131\u015f nano t\u0131rnak t\u00f6rp\u00fcs\u00fc, cam t\u0131rnak cilalay\u0131c\u0131lar olduk\u00e7a uzun \u00f6m\u00fcrl\u00fcd\u00fcr ve k\u0131r\u0131lmas\u0131 kolay de\u011fildir, di\u011fer t\u0131rnak t\u00f6rp\u00fcleri gibi s\u0131k s\u0131k de\u011fi\u015ftirilmesine gerek yoktur.<\/p>\n<p>\tDayan\u0131kl\u0131 ve y\u0131kanabilir: Kristal, a\u015f\u0131nmaya dayan\u0131kl\u0131 ve y\u0131kanabilir, her kullan\u0131mdan sonra do\u011frudan akan su ile durulay\u0131n, kurumas\u0131n\u0131 bekleyin ve do\u011frudan kutuya koyun.<\/p>\n<p>\tKoruyucu k\u0131l\u0131f, kristal t\u0131rnak dosyan\u0131z\u0131 \u00e7antan\u0131zda veya el \u00e7antan\u0131zda saklamak i\u00e7in idealdir<\/p>\n<p>\tKapsaml\u0131 kullan\u0131mlar: nano cam t\u0131rnak parlat\u0131c\u0131, \u00e7e\u015fitli t\u0131rnak veya ayak t\u0131rnaklar\u0131na (kaba\/yapay\/akrilik t\u0131rnaklar vb.) iyi bir \u015fekilde uygulanabilir; T\u0131rnak yumu\u015fatma ve cilalaman\u0131n yan\u0131 s\u0131ra t\u0131rnak etlerinin \u00e7\u0131kar\u0131lmas\u0131 i\u00e7in de m\u00fckemmeldir; Kad\u0131nlar, erkekler, k\u0131zlar ve erkekler i\u00e7in uygundur<\/p>\n<p>\n\t<strong>M\u00dcKEMMEL SATI\u015e SONRASI H\u0130ZMET : <\/strong>Bu \u00fcr\u00fcne daha avantajl\u0131 sahip olabilmeniz i\u00e7in ma\u011fazam\u0131z\u0131 ziyaret ederek, kampanyalar\u0131 inceleyebilirsiniz. HSNET \/ HSNET olarak m\u00fc\u015fterilerimize en iyi hizmeti sunmay\u0131 ama\u00e7l\u0131yor, g\u00fcvenle sat\u0131n alabilmeniz i\u00e7in, ambalaj kalitemize g\u00fcveniyor, her \u00fcr\u00fcn sorunsuz teslimat i\u00e7in \u00f6zenle paketliyor ve resimde belirtilen renk, ebat, \u00f6zelikte \u00fcr\u00fcn g\u00f6ndermeyi taahh\u00fct ediyoruz. Hasarl\u0131 \u00fcr\u00fcn ald\u0131ysan\u0131z veya di\u011fer \u00fcr\u00fcn ve paket teslimat sorunlar\u0131 oldu\u011funda bizimle ileti\u015fime ge\u00e7mekten \u00e7ekinmeyin.<\/p>\n<p>\n\t<strong>Detayl\u0131 bilgi i\u00e7in ek resimleri inceleyebilirsiniz<\/strong><\/p>\n<p><\/p>\n<p>\n\t<strong><img decoding=\"async\"  src=\"https:\/\/hepsicdn.com.tr\/static\/product_detail\/hbnet13c844b0_4779501.jpg\"><\/strong><\/p>\n<p>\n\t\u00a0<\/p>\n","protected":false},"excerpt":{"rendered":"<p>\u00dcr\u00fcn \u00d6zellikleri : AKSESUARLAR \u00dcR\u00dcNE DAH\u0130L DE\u011e\u0130LD\u0130R. Materyal : Nano cam\u00a0 Adet \/ Renk \/ Tasar\u0131m : 1 Adet, HSNET\u00a0 Design olarak tasarlad\u0131\u011f\u0131m\u0131z, resimde yer alan rengi, s\u00fcrpriz ya\u015famaman\u0131z i\u00e7in birebir g\u00f6nderiyoruz \u00d6l\u00e7\u00fcler (bir cep telefonu ortalama 16 cm dir. K\u0131yaslaman\u0131z i\u00e7in kolayl\u0131k de\u011fil mi ? ) : 9 x 1,3 x 0,3 cm \u00f6l\u00e7\u00fclerinde,&#8230;<\/p>\n","protected":false},"featured_media":102210,"comment_status":"open","ping_status":"closed","template":"","meta":{"_kad_post_transparent":"","_kad_post_title":"","_kad_post_layout":"","_kad_post_sidebar_id":"","_kad_post_content_style":"","_kad_post_vertical_padding":"","_kad_post_feature":"","_kad_post_feature_position":"","_kad_post_header":false,"_kad_post_footer":false,"_kad_post_classname":""},"product_brand":[],"product_cat":[14207],"product_tag":[],"class_list":{"0":"post-102211","1":"product","2":"type-product","3":"status-publish","4":"has-post-thumbnail","6":"product_cat-el-tirnak-bakim-ve-aksesuarlar-kisisel-bakim-aletleri-elektronik-el-tirnak-bakim-ve-aksesuarlar","8":"first","9":"instock","10":"purchasable","11":"product-type-simple","12":"entry","13":"content-bg","14":"loop-entry"},"_links":{"self":[{"href":"https:\/\/www.hediyepazar.com\/index.php?rest_route=\/wp\/v2\/product\/102211","targetHints":{"allow":["GET"]}}],"collection":[{"href":"https:\/\/www.hediyepazar.com\/index.php?rest_route=\/wp\/v2\/product"}],"about":[{"href":"https:\/\/www.hediyepazar.com\/index.php?rest_route=\/wp\/v2\/types\/product"}],"replies":[{"embeddable":true,"href":"https:\/\/www.hediyepazar.com\/index.php?rest_route=%2Fwp%2Fv2%2Fcomments&post=102211"}],"wp:featuredmedia":[{"embeddable":true,"href":"https:\/\/www.hediyepazar.com\/index.php?rest_route=\/wp\/v2\/media\/102210"}],"wp:attachment":[{"href":"https:\/\/www.hediyepazar.com\/index.php?rest_route=%2Fwp%2Fv2%2Fmedia&parent=102211"}],"wp:term":[{"taxonomy":"product_brand","embeddable":true,"href":"https:\/\/www.hediyepazar.com\/index.php?rest_route=%2Fwp%2Fv2%2Fproduct_brand&post=102211"},{"taxonomy":"product_cat","embeddable":true,"href":"https:\/\/www.hediyepazar.com\/index.php?rest_route=%2Fwp%2Fv2%2Fproduct_cat&post=102211"},{"taxonomy":"product_tag","embeddable":true,"href":"https:\/\/www.hediyepazar.com\/index.php?rest_route=%2Fwp%2Fv2%2Fproduct_tag&post=102211"}],"curies":[{"name":"wp","href":"https:\/\/api.w.org\/{rel}","templated":true}]}}